{"id":9231,"date":"2025-04-01T17:31:48","date_gmt":"2025-04-01T09:31:48","guid":{"rendered":"https:\/\/zojopackaging.com\/?post_type=product&#038;p=9231"},"modified":"2025-04-01T17:48:14","modified_gmt":"2025-04-01T09:48:14","slug":"custom-printed-scented-hair-growth-oil-packaging-box-factory","status":"publish","type":"product","link":"https:\/\/zojopackaging.com\/es\/product\/custom-printed-scented-hair-growth-oil-packaging-box-factory\/","title":{"rendered":"F\u00e1brica de cajas de embalaje de aceite perfumado para el crecimiento del cabello con impresi\u00f3n personalizada"},"content":{"rendered":"<h2 id=\"-1-humanized-magnetic-box-design-taking-into-account-convenience-and-display-\"><strong>1. Dise\u00f1o de caja de cierre magn\u00e9tico humanizado, teniendo en cuenta la comodidad y la visualizaci\u00f3n.<\/strong><\/h2>\n<p>Adopta una innovadora estructura magn\u00e9tica de apertura y cierre, puede abrirse con un ligero toque y el funcionamiento es suave. Molde de revestimiento de EVA de alta densidad incorporado, posicionamiento y fijaci\u00f3n precisos del cuerpo de la botella, a prueba de golpes y resistente a la presi\u00f3n, lo que garantiza la seguridad del transporte y la exposici\u00f3n.<\/p>\n<h2 id=\"-2-high-strength-composite-material-double-protection-guarantee-\"><strong>2. Material compuesto de alta resistencia, doble garant\u00eda de protecci\u00f3n.<\/strong><\/h2>\n<p>El material de base se selecciona como\u00a0<strong>Papel estucado C2S de 157 g + cart\u00f3n duro de 1200 g<\/strong>\u00a0combinaci\u00f3n, la superficie es delicada y lisa, la capa inferior tiene una fuerte resistencia al impacto, y no se deforma tras superar la prueba de presi\u00f3n est\u00e1tica de 10 kg. El proceso compuesto confiere al cuerpo de la caja una excelente rigidez, resiste eficazmente la extrusi\u00f3n de fuerzas externas y proporciona una protecci\u00f3n integral a los productos l\u00edquidos de alto valor.<\/p>\n<h2 id=\"-3-double-sided-high-precision-printing-technology-to-enhance-brand-penetration-\"><strong>3. Tecnolog\u00eda de impresi\u00f3n de alta precisi\u00f3n a doble cara para mejorar la penetraci\u00f3n de la marca.<\/strong><\/h2>\n<p>Impresi\u00f3n UV a todo color por las dos caras, compatible con 4 colores + tintas planas + gama de colores Pantone, con una resoluci\u00f3n de 300 ppp y patrones n\u00edtidos sin manchas. Puede organizar de forma flexible informaci\u00f3n multidimensional, como la eficacia del producto, la descripci\u00f3n de los ingredientes, la historia de la marca, etc., aumentar el valor de los puntos de contacto con el consumidor y reducir los costes de marketing secundario.<\/p>\n<h2 id=\"-4-customization-of-brand-visual-system-optimization-of-blue-tone-aesthetics-\"><strong>4. Personalizaci\u00f3n del sistema visual de la marca, optimizaci\u00f3n de la est\u00e9tica del tono azul<\/strong><\/h2>\n<p>El color principal adopta el azul est\u00e1ndar Pantone 2945C, y la diferencia de color entre lotes es \u22640,5\u0394E tras 6 procesos de calibraci\u00f3n del color. Con el proceso parcial de plateado\/gofrado en caliente, el brillo met\u00e1lico resalta en la textura mate, transmitiendo una sensaci\u00f3n de tecnolog\u00eda y tonalidad de gama alta, y el reconocimiento en el estante aumenta en 40%.<\/p>\n<h2 id=\"-5-modular-compatible-structure-cross-category-adaptation-solution-\"><strong>5. Estructura modular compatible, soluci\u00f3n de adaptaci\u00f3n entre categor\u00edas<\/strong><\/h2>\n<p>El espacio interno admite la personalizaci\u00f3n de botellas de 30 ml a 150 ml, lo que resulta adecuado para cosm\u00e9ticos como aceite para el crecimiento del cabello, esencias y cremas. Los accesorios, como hebillas y cintas para perfumes, pueden ampliarse para satisfacer las necesidades de m\u00faltiples escenarios, como productos para el cuidado de la piel y cajas de regalo ligeras de lujo, y reducir los costes de desarrollo de SKU del cliente.<\/p>\n<h2 id=\"-6-precision-die-cutting-process-details-create-high-end-experience-\"><strong>6. Proceso de troquelado de precisi\u00f3n, los detalles crean una experiencia de alta gama<\/strong><\/h2>\n<p>Sistema de troquelado l\u00e1ser alem\u00e1n Heidelberg, tolerancia de corte \u00b10,15 mm, las esquinas del borde R son redondeadas y sin rebabas. Con tecnolog\u00eda de hendidura sin cola, la vida \u00fatil de apertura de la caja supera las 500 veces, la suavidad al tacto cumple la norma europea EN13432, y el espacio premium se incrementa en 25%.<\/p>\n<h2 id=\"-7-16-years-of-smart-manufacturing-experience-full-link-service-guarantee-\"><strong>7. 16 a\u00f1os de experiencia en fabricaci\u00f3n inteligente, garant\u00eda de servicio de enlace completo.<\/strong><\/h2>\n<p>Como empresa con doble certificaci\u00f3n ISO9001\/14001 en la industria del embalaje de China, integramos todo el proceso de dise\u00f1o-prueba-producci\u00f3n-inspecci\u00f3n de calidad-log\u00edstica, 7 d\u00edas de prueba r\u00e1pida, 15 d\u00edas de entrega por lotes, y una cantidad m\u00ednima de pedido de 500pcs. Proporcionamos servicios de optimizaci\u00f3n de la cadena de suministro 1 a 1, y el coste global es 18% inferior al del mercado.<\/p>\n<h2 id=\"-technical-parameters-\"><strong>Par\u00e1metros t\u00e9cnicos<\/strong><\/h2>\n<table>\n<thead>\n<tr>\n<th>Proyecto<\/th>\n<th>Especificaci\u00f3n<\/th>\n<\/tr>\n<\/thead>\n<tbody>\n<tr>\n<td>Material<\/td>\n<td>Papel estucado de 157 g + cart\u00f3n de 1200 g<\/td>\n<\/tr>\n<tr>\n<td>Proceso de impresi\u00f3n<\/td>\n<td>Impresi\u00f3n a doble cara<\/td>\n<\/tr>\n<tr>\n<td>Ciclo de entrega<\/td>\n<td>7-14 d\u00edas laborables (dependiendo del volumen del pedido)<\/td>\n<\/tr>\n<tr>\n<td>Normas medioambientales<\/td>\n<td>Tinta biodegradable con certificaci\u00f3n FSC<\/td>\n<\/tr>\n<\/tbody>\n<\/table>","protected":false},"excerpt":{"rendered":"<ul>\n<li><strong>Coste controlable<\/strong>: base de papel de fabricaci\u00f3n propia + l\u00ednea de producci\u00f3n totalmente autom\u00e1tica, transparencia de precios industria TOP3<\/li>\n<li><strong>Compromiso de calidad<\/strong>Inspecci\u00f3n completa de la primera pieza + muestreo por lotes, \u00edndice de rendimiento 99,2%<\/li>\n<li><strong>Personalizaci\u00f3n flexible<\/strong>Soporte de c\u00f3digo AR QR, microc\u00e1psula de fragancia y otras tecnolog\u00edas de envasado inteligente.<\/li>\n<\/ul>","protected":false},"featured_media":9232,"template":"","meta":[],"product_brand":[],"product_cat":[30,390,424,31],"product_tag":[1112,1114,1113],"class_list":{"0":"post-9231","1":"product","2":"type-product","3":"status-publish","4":"has-post-thumbnail","6":"product_cat-by-industry","7":"product_cat-custom-cosmetics-boxes","8":"product_cat-magnetic-closure-boxes","9":"product_cat-paper-box-style","10":"product_tag-custom-scented-packaging","11":"product_tag-growth-oil-packaging-box","12":"product_tag-hair-oil-packaging","14":"first","15":"instock","16":"shipping-taxable","17":"product-type-simple"},"_links":{"self":[{"href":"https:\/\/zojopackaging.com\/es\/wp-json\/wp\/v2\/product\/9231","targetHints":{"allow":["GET"]}}],"collection":[{"href":"https:\/\/zojopackaging.com\/es\/wp-json\/wp\/v2\/product"}],"about":[{"href":"https:\/\/zojopackaging.com\/es\/wp-json\/wp\/v2\/types\/product"}],"version-history":[{"count":1,"href":"https:\/\/zojopackaging.com\/es\/wp-json\/wp\/v2\/product\/9231\/revisions"}],"predecessor-version":[{"id":9238,"href":"https:\/\/zojopackaging.com\/es\/wp-json\/wp\/v2\/product\/9231\/revisions\/9238"}],"wp:featuredmedia":[{"embeddable":true,"href":"https:\/\/zojopackaging.com\/es\/wp-json\/wp\/v2\/media\/9232"}],"wp:attachment":[{"href":"https:\/\/zojopackaging.com\/es\/wp-json\/wp\/v2\/media?parent=9231"}],"wp:term":[{"taxonomy":"product_brand","embeddable":true,"href":"https:\/\/zojopackaging.com\/es\/wp-json\/wp\/v2\/product_brand?post=9231"},{"taxonomy":"product_cat","embeddable":true,"href":"https:\/\/zojopackaging.com\/es\/wp-json\/wp\/v2\/product_cat?post=9231"},{"taxonomy":"product_tag","embeddable":true,"href":"https:\/\/zojopackaging.com\/es\/wp-json\/wp\/v2\/product_tag?post=9231"}],"curies":[{"name":"wp","href":"https:\/\/api.w.org\/{rel}","templated":true}]}}