{"id":9246,"date":"2025-04-01T18:03:26","date_gmt":"2025-04-01T10:03:26","guid":{"rendered":"https:\/\/zojopackaging.com\/?post_type=product&#038;p=9246"},"modified":"2025-04-01T18:17:59","modified_gmt":"2025-04-01T10:17:59","slug":"manufacture-black-perfume-folding-cardboard-box-fast-delievery","status":"publish","type":"product","link":"https:\/\/zojopackaging.com\/es\/product\/manufacture-black-perfume-folding-cardboard-box-fast-delievery\/","title":{"rendered":"Fabricaci\u00f3n Perfume Negro Plegable Caja de Cart\u00f3n Entrega R\u00e1pida"},"content":{"rendered":"<h3 id=\"1-350g-400g-white-card-material-smooth-touch-and-long-term-preservation-\">1.\u00a0<strong>Material de cartulina blanca de 350 g-400 g: tacto suave y conservaci\u00f3n a largo plazo<\/strong><\/h3>\n<p>Se selecciona papel de cartulina blanco importado (versi\u00f3n b\u00e1sica de 350 g\/versi\u00f3n mejorada de 400 g), con una suavidad superficial de 85\u00b0 y un tacto sedoso. Superada la certificaci\u00f3n ISO 9001, el contenido de humedad del papel se controla estrictamente a 5%\u00b11% para garantizar una conservaci\u00f3n a largo plazo sin deformaciones. En comparaci\u00f3n con el papel de cart\u00f3n gris ordinario, la adherencia de la tinta del papel de cart\u00f3n blanco aumenta en 40%, y el color impreso es m\u00e1s duradero.<\/p>\n<h3 id=\"2-minimalist-double-insert-card-box-shape-classic-design-and-multi-functional-adaptation-\">2.\u00a0<strong>Caja de cart\u00f3n minimalista de doble inserci\u00f3n: dise\u00f1o cl\u00e1sico y adaptaci\u00f3n multifuncional<\/strong><\/h3>\n<p>Adopta una estructura de caja de discos (fondo autoblocante en la parte inferior), la tapa de la caja est\u00e1 conectada a la placa trasera de acuerdo con la ergonom\u00eda, y el \u00e1ngulo de apertura a la derecha est\u00e1 optimizado a 115\u00b0. Mediante el dise\u00f1o de l\u00ednea de plegado modular, es adecuado para toda la gama de frascos de perfume de 30 ml a 100 ml, y el cuerpo del frasco est\u00e1 suspendido en el centro para reducir el riesgo de colisi\u00f3n durante el transporte. La resistencia a la compresi\u00f3n medida es de 1500N\/m\u00b2, y puede soportar una prueba de ca\u00edda desde una altura de 1,2 metros.<\/p>\n<h3 id=\"3-black-and-gold-contrasting-technology-visual-impact-and-light-luxury-aesthetics-\">3.\u00a0<strong>Tecnolog\u00eda de contraste en negro y dorado: impacto visual y est\u00e9tica de lujo ligero<\/strong><\/h3>\n<p>La impresi\u00f3n UV parcial combinada con la tecnolog\u00eda de relieve tridimensional forma una textura de 0,1 mm de diferencia de altura en el sustrato negro, y la textura met\u00e1lica presenta luces y sombras din\u00e1micas como el cielo estrellado. La combinaci\u00f3n de colores negro y dorado ha superado la prueba de psicolog\u00eda del color de la FPA, transmitiendo una sensaci\u00f3n de lujo misterioso y aumentando el \u00edndice de prima del producto en 32%.<\/p>\n<h3 id=\"4-heidelberg-four-color-printing-accurate-color-reproduction-\">4.\u00a0<strong>Impresi\u00f3n en cuatricrom\u00eda Heidelberg: reproducci\u00f3n precisa del color<\/strong><\/h3>\n<p>Adopta la tecnolog\u00eda de impresi\u00f3n en cuatricrom\u00eda CMYK, la gesti\u00f3n del color ICC se utiliza para garantizar que la diferencia de color \u0394E&lt;0,5, y la tasa de cobertura de tinta se optimiza especialmente para sustratos negros para evitar problemas de penetraci\u00f3n de la tinta. Admite la correspondencia de la carta de colores Pantone para lograr una restauraci\u00f3n precisa del color de la marca VI.<\/p>\n<h3 id=\"5-customized-brand-logo-strengthen-user-memory-points-\">5.\u00a0<strong>Logotipo de marca personalizado: Refuerza los puntos de memoria del usuario<\/strong><\/h3>\n<p>Ofrece opciones de doble proceso de estampaci\u00f3n en caliente\/plateado en caliente, y la posici\u00f3n del LOGO admite el dise\u00f1o de doble posici\u00f3n de visualizaci\u00f3n en el panel frontal\/posterior. Gracias a esta soluci\u00f3n, una marca de lujo ha aumentado su reconocimiento en 45% y su tasa de recompra en 28%.<\/p>\n<h3 id=\"6-replaceable-lining-system-smart-packaging-upgrade-\">6.\u00a0<strong>Sistema de revestimiento sustituible: mejora inteligente del envasado<\/strong><\/h3>\n<p>El revestimiento utiliza papel ondulado ecol\u00f3gico como tarjeta interior de papel, lo que permite desmontarlo y sustituirlo r\u00e1pidamente. Se proporcionan 5 soluciones de adaptaci\u00f3n: -\u00a0<strong>Modelo b\u00e1sico a prueba de golpes<\/strong>: superado el examen ISTA 2A -\u00a0<strong>Modelo de pantalla<\/strong>: dise\u00f1o de ventana acr\u00edlica transparente -\u00a0<strong>Modelo ecol\u00f3gico y reciclable<\/strong>: forro de algod\u00f3n de fibras vegetales -\u00a0<strong>Modelo LOGO personalizado<\/strong>: historia de la marca de grabado l\u00e1ser<\/p>\n<h3 id=\"7-fast-delivery-system-full-link-production-guarantee-\">7.\u00a0<strong>Sistema de entrega r\u00e1pida: garant\u00eda de producci\u00f3n de enlace completo<\/strong><\/h3>\n<p>Basarse en procesos de producci\u00f3n estandarizados para conseguir:<\/p>\n<ol>\n<li>Modelado 3D y simulaci\u00f3n estructural (error &lt;0,1 mm)<\/li>\n<li>8 pruebas por semana (apoyo a la optimizaci\u00f3n de pruebas ciegas)<\/li>\n<li>Heidelberg m\u00e1quina de impresi\u00f3n dedicada l\u00ednea de producci\u00f3n<\/li>\n<li>Sistema de control de calidad ISO 9001 Todo el proceso, desde el renderizado hasta la producci\u00f3n en masa, puede completarse en tan solo 7 d\u00edas, con una capacidad de producci\u00f3n media diaria de 120.000+, compatible con los est\u00e1ndares log\u00edsticos de Amazon FBA\/EURAMID.<\/li>\n<\/ol>","protected":false},"excerpt":{"rendered":"<p>ZOJO Print ofrece a las marcas de perfumes una soluci\u00f3n completa, desde el concepto hasta el terminal, mediante mejoras tridimensionales en innovaci\u00f3n de materiales (tecnolog\u00eda de tacto de tarjeta blanca + oro negro), ingenier\u00eda estructural (resistencia a la compresi\u00f3n de doble tarjeta) y producci\u00f3n inteligente (pruebas r\u00e1pidas). Su capacidad de producci\u00f3n diaria de m\u00e1s de 120.000 y su sistema de certificaci\u00f3n medioambiental ISO 14001 pueden satisfacer las necesidades de personalizaci\u00f3n de marcas de nueva creaci\u00f3n a marcas internacionales, ayudando a los clientes a establecer una competitividad diferenciada en el mercado de terminales.<\/p>","protected":false},"featured_media":9260,"template":"","meta":[],"product_brand":[],"product_cat":[30,417,430,31],"product_tag":[1117,1118,1119],"class_list":{"0":"post-9246","1":"product","2":"type-product","3":"status-publish","4":"has-post-thumbnail","6":"product_cat-by-industry","7":"product_cat-custom-perfume-boxes-by-industry","8":"product_cat-folding-cartons","9":"product_cat-paper-box-style","10":"product_tag-black-perfume-folding-cardboard-box","11":"product_tag-folding-cardboard-box-fast-delievery","12":"product_tag-manufacture-box","14":"first","15":"instock","16":"shipping-taxable","17":"product-type-grouped"},"_links":{"self":[{"href":"https:\/\/zojopackaging.com\/es\/wp-json\/wp\/v2\/product\/9246","targetHints":{"allow":["GET"]}}],"collection":[{"href":"https:\/\/zojopackaging.com\/es\/wp-json\/wp\/v2\/product"}],"about":[{"href":"https:\/\/zojopackaging.com\/es\/wp-json\/wp\/v2\/types\/product"}],"version-history":[{"count":1,"href":"https:\/\/zojopackaging.com\/es\/wp-json\/wp\/v2\/product\/9246\/revisions"}],"predecessor-version":[{"id":9261,"href":"https:\/\/zojopackaging.com\/es\/wp-json\/wp\/v2\/product\/9246\/revisions\/9261"}],"wp:featuredmedia":[{"embeddable":true,"href":"https:\/\/zojopackaging.com\/es\/wp-json\/wp\/v2\/media\/9260"}],"wp:attachment":[{"href":"https:\/\/zojopackaging.com\/es\/wp-json\/wp\/v2\/media?parent=9246"}],"wp:term":[{"taxonomy":"product_brand","embeddable":true,"href":"https:\/\/zojopackaging.com\/es\/wp-json\/wp\/v2\/product_brand?post=9246"},{"taxonomy":"product_cat","embeddable":true,"href":"https:\/\/zojopackaging.com\/es\/wp-json\/wp\/v2\/product_cat?post=9246"},{"taxonomy":"product_tag","embeddable":true,"href":"https:\/\/zojopackaging.com\/es\/wp-json\/wp\/v2\/product_tag?post=9246"}],"curies":[{"name":"wp","href":"https:\/\/api.w.org\/{rel}","templated":true}]}}