{"id":9262,"date":"2025-04-01T18:18:10","date_gmt":"2025-04-01T10:18:10","guid":{"rendered":"https:\/\/zojopackaging.com\/?post_type=product&#038;p=9262"},"modified":"2025-04-01T18:35:59","modified_gmt":"2025-04-01T10:35:59","slug":"custom-logo-cardboard-box-50ml-perfume-packaging-boxes-manufacturer","status":"publish","type":"product","link":"https:\/\/zojopackaging.com\/es\/product\/custom-logo-cardboard-box-50ml-perfume-packaging-boxes-manufacturer\/","title":{"rendered":"Logotipo personalizado Caja de cart\u00f3n 50ML Perfume Cajas de embalaje Fabricante"},"content":{"rendered":"<h3 id=\"1-350g-400g-high-quality-white-card-material-high-end-and-easy-to-store-\">1.\u00a0<strong>350 g-400 g de material de tarjeta blanca de alta calidad: de gama alta y f\u00e1cil de almacenar<\/strong><\/h3>\n<p>La caja de tarjeta de perfume utiliza papel de tarjeta de alta calidad. A trav\u00e9s de la m\u00e1quina de impresi\u00f3n Heidelberg, el color general de la caja de tarjeta es deslumbrante y deslumbrante, que puede resaltar mejor el encanto de lujo y el estilo de los productos del cliente.<\/p>\n<h3 id=\"2-minimalist-double-insert-card-box-shape-convenient-operation-and-protection-function-coexist-\">2.\u00a0<strong>Forma minimalista de caja de tarjetas de doble inserci\u00f3n: c\u00f3modo manejo y funci\u00f3n de protecci\u00f3n coexisten<\/strong><\/h3>\n<p>Adopta un c\u00f3modo dise\u00f1o de caja de tarjetas de doble inserci\u00f3n, el funcionamiento es f\u00e1cil y gratuito, y la exquisita disposici\u00f3n del perfume interno se muestra al instante.<\/p>\n<h3 id=\"3-customizable-size-design-exclusivity-and-light-luxury-aesthetics-\">3.\u00a0<strong>Tama\u00f1o personalizable: exclusividad de dise\u00f1o y est\u00e9tica de lujo ligero<\/strong><\/h3>\n<p>Admite una gran variedad de tama\u00f1os y procesos de personalizaci\u00f3n, integrando perfectamente las caracter\u00edsticas de la marca de su producto y sus conceptos de dise\u00f1o.<\/p>\n<h3 id=\"4-perfect-structure-protect-perfume-\">4.\u00a0<strong>Estructura perfecta: protege el perfume<\/strong><\/h3>\n<p>La caja para tarjetas de perfume tiene una estructura de hebilla para garantizar la estabilidad y seguridad del frasco de perfume y evitar el deslizamiento accidental durante el proceso de cogerlo.<\/p>\n<h3 id=\"5-customized-brand-logo-strengthen-user-memory-points-\">5.\u00a0<strong>Logotipo de marca personalizado: Refuerza los puntos de memoria del usuario<\/strong><\/h3>\n<p>Proporciona opciones de doble proceso de estampaci\u00f3n en caliente\/plateado en caliente, y la posici\u00f3n del LOGO admite el dise\u00f1o de doble posici\u00f3n de visualizaci\u00f3n en el tablero delantero\/trasero. Una marca de lujo ha aumentado su reconocimiento de marca en 45% y la tasa de recompra en 28% gracias a esta soluci\u00f3n.<\/p>\n<h3 id=\"6-replaceable-lining-system-smart-packaging-upgrade-\">6.\u00a0<strong>Sistema de revestimiento sustituible: mejora inteligente del envasado<\/strong><\/h3>\n<p>El forro puede personalizarse en funci\u00f3n de sus necesidades individuales, y puede elegir el material que mejor se adapte al estilo de su perfume.<\/p>\n<h3 id=\"7-professional-self-owned-factory-double-guarantee-of-quality-and-service-\">7.\u00a0<strong>F\u00e1brica propia profesional: doble garant\u00eda de calidad y servicio<\/strong><\/h3>\n<p>La f\u00e1brica de impresi\u00f3n y envasado, con 16 a\u00f1os de antig\u00fcedad, ocupa una superficie de 5.320 metros cuadrados. Con una excelente calidad y precios asequibles, se ha ganado una amplia confianza y elogios en el mercado de envases de ultramar.<\/p>","protected":false},"excerpt":{"rendered":"<p>ZOJO Print proporciona a las marcas de perfumes una soluci\u00f3n completa, desde el concepto hasta el terminal, gracias a la mejora tridimensional de la innovaci\u00f3n de materiales (tacto de tarjeta blanca + proceso de oro negro), la ingenier\u00eda estructural (resistencia a la compresi\u00f3n de la tarjeta doble) y la producci\u00f3n inteligente (pruebas r\u00e1pidas).<\/p>","protected":false},"featured_media":9273,"template":"","meta":[],"product_brand":[],"product_cat":[30,417,430,31],"product_tag":[1124,1123],"class_list":{"0":"post-9262","1":"product","2":"type-product","3":"status-publish","4":"has-post-thumbnail","6":"product_cat-by-industry","7":"product_cat-custom-perfume-boxes-by-industry","8":"product_cat-folding-cartons","9":"product_cat-paper-box-style","10":"product_tag-box-50ml-perfume","11":"product_tag-custom-logo-cardboard-box","13":"first","14":"instock","15":"shipping-taxable","16":"product-type-grouped"},"_links":{"self":[{"href":"https:\/\/zojopackaging.com\/es\/wp-json\/wp\/v2\/product\/9262","targetHints":{"allow":["GET"]}}],"collection":[{"href":"https:\/\/zojopackaging.com\/es\/wp-json\/wp\/v2\/product"}],"about":[{"href":"https:\/\/zojopackaging.com\/es\/wp-json\/wp\/v2\/types\/product"}],"version-history":[{"count":1,"href":"https:\/\/zojopackaging.com\/es\/wp-json\/wp\/v2\/product\/9262\/revisions"}],"predecessor-version":[{"id":9277,"href":"https:\/\/zojopackaging.com\/es\/wp-json\/wp\/v2\/product\/9262\/revisions\/9277"}],"wp:featuredmedia":[{"embeddable":true,"href":"https:\/\/zojopackaging.com\/es\/wp-json\/wp\/v2\/media\/9273"}],"wp:attachment":[{"href":"https:\/\/zojopackaging.com\/es\/wp-json\/wp\/v2\/media?parent=9262"}],"wp:term":[{"taxonomy":"product_brand","embeddable":true,"href":"https:\/\/zojopackaging.com\/es\/wp-json\/wp\/v2\/product_brand?post=9262"},{"taxonomy":"product_cat","embeddable":true,"href":"https:\/\/zojopackaging.com\/es\/wp-json\/wp\/v2\/product_cat?post=9262"},{"taxonomy":"product_tag","embeddable":true,"href":"https:\/\/zojopackaging.com\/es\/wp-json\/wp\/v2\/product_tag?post=9262"}],"curies":[{"name":"wp","href":"https:\/\/api.w.org\/{rel}","templated":true}]}}