{"id":9264,"date":"2025-04-01T18:19:44","date_gmt":"2025-04-01T10:19:44","guid":{"rendered":"https:\/\/zojopackaging.com\/?post_type=product&#038;p=9264"},"modified":"2025-04-01T19:45:19","modified_gmt":"2025-04-01T11:45:19","slug":"get-quality-custom-cosmetic-skincare-beauty-boxes-wholesale","status":"publish","type":"product","link":"https:\/\/zojopackaging.com\/es\/product\/get-quality-custom-cosmetic-skincare-beauty-boxes-wholesale\/","title":{"rendered":"Obtenga calidad personalizada cosm\u00e9ticos cuidado de la piel Beauty Boxes al por mayor"},"content":{"rendered":"<h2 id=\"-i-ingenious-design-dual-interpretation-of-aesthetics-and-function-\"><strong>1. Dise\u00f1o ingenioso: doble interpretaci\u00f3n de est\u00e9tica y funci\u00f3n<\/strong><\/h2>\n<ol>\n<li><strong>Actualizaci\u00f3n del estilo visual<\/strong><\/li>\n<li>El logotipo de la marca ha sido creado por\u00a0<strong>tiras decorativas blancas y tecnolog\u00eda de estampaci\u00f3n en caliente dorada<\/strong>, y las l\u00edneas minimalistas y la textura met\u00e1lica chocan para transmitir el concepto de est\u00e9tica ligera y lujosa. La superficie de la caja est\u00e1 fabricada con materiales ecol\u00f3gicos a base de papel, con tecnolog\u00eda de laminaci\u00f3n mate, que es delicada y resistente al desgaste, y encaja con el tono \"puro y natural\" de los productos de cuidado de la piel de gama alta.<\/li>\n<li><strong>Motivos y textos estampados en oro<\/strong>\u00a0puede personalizarse seg\u00fan las necesidades de la marca, admitiendo estampado en relieve, UV local y otros procesos para mejorar la estratificaci\u00f3n visual. Por ejemplo, la estampaci\u00f3n en caliente floral es adecuada para marcas de productos naturales para el cuidado de la piel, mientras que las l\u00edneas geom\u00e9tricas son adecuadas para l\u00edneas de productos tecnol\u00f3gicos.<\/li>\n<li><strong>Innovador tipo de caja con tapa superior e inferior<\/strong><\/li>\n<li>En\u00a0<strong>estructura de tapa superior e inferior que cubre el suelo<\/strong>\u00a0se adopta, y la tapa y el cuerpo de la caja se separan con precisi\u00f3n, y la apertura y el cierre son suaves y la pantalla es fuerte. El borde del cuerpo de la caja reserva un dise\u00f1o de 3 mm de cintura expuesta, que es conveniente para la apertura y a\u00f1ade una belleza tridimensional, adecuado para la exhibici\u00f3n de exposiciones y escenas de venta al por menor terminales.<\/li>\n<li>Ayuda\u00a0<strong>personalizaci\u00f3n circular, poligonal y de formas especiales<\/strong>Por ejemplo, las cajas de regalo hexagonales son adecuadas para los estuches de perfumes, y el dise\u00f1o circular se adapta a los productos est\u00e9ticos chinos para el cuidado de la piel.<\/li>\n<\/ol>\n<h2 id=\"-second-lining-process-safety-protection-and-display-aesthetics-\"><strong>2. Proceso de revestimiento: protecci\u00f3n de la seguridad y est\u00e9tica de la exposici\u00f3n<\/strong><\/h2>\n<ol>\n<li><strong>Personalizaci\u00f3n del forro EVA negro<\/strong><\/li>\n<li>El forro es de\u00a0<strong>Material EVA negro de alta densidad de 1,5 mm<\/strong>que se forma mediante un troquelado preciso para fijar perfectamente esencias embotelladas, cremas, perfumes y otros productos de forma especial para evitar los da\u00f1os causados por las vibraciones del transporte.<\/li>\n<li>La superficie del forro puede recubrirse de terciopelo o seda para realzar la sensaci\u00f3n t\u00e1ctil de lujo; apoyar el dise\u00f1o por capas, como colocar productos para el cuidado de la piel en la capa superior e incrustar muestras o tarjetas de instrucciones en la inferior.<\/li>\n<li><strong>Ampliaci\u00f3n modular de funciones<\/strong><\/li>\n<li>Opcional\u00a0<strong>capa transparente acr\u00edlica desmontable<\/strong>\u00a0para mostrar la textura del producto;<\/li>\n<li>Hebilla magn\u00e9tica incorporada o dispositivo de fijaci\u00f3n de cinta para realzar el sentido ritual de la caja de regalo, adecuado para cajas de edici\u00f3n limitada de vacaciones.<\/li>\n<\/ol>\n<h2 id=\"-three-supply-chain-advantages-one-stop-foreign-trade-service-guarantee-\"><strong>3. Ventajas de la cadena de suministro: garant\u00eda de un servicio integral de comercio exterior<\/strong><\/h2>\n<ol>\n<li><strong>16 a\u00f1os de suministro directo desde la f\u00e1brica de origen<\/strong><\/li>\n<li>Gracias a la capacidad de producci\u00f3n a gran escala, un pedido de un solo lote puede ser tan bajo como\u00a0<strong>500 juegos<\/strong>y el precio es 30%-50% inferior al de productos similares del mercado. Adoptamos una m\u00e1quina de estampaci\u00f3n en caliente y un equipo de troquelado totalmente autom\u00e1ticos para garantizar la precisi\u00f3n del proceso y la puntualidad de la entrega (los pedidos convencionales se entregan en un plazo de 15 d\u00edas).<\/li>\n<li><strong>Servicio completo de apoyo al proceso<\/strong><\/li>\n<li><strong>Fin de dise\u00f1o<\/strong>: Proporcionar soluciones de adaptaci\u00f3n de marca VI, desde el dise\u00f1o estructural hasta la implantaci\u00f3n de c\u00f3digos QR interactivos AR;<\/li>\n<li><strong>Fin de producci\u00f3n<\/strong>: Pasar el sistema de certificaci\u00f3n de calidad ISO, controlar estrictamente los detalles como el peso del papel y la diferencia de oro estampado en caliente;<\/li>\n<li><strong>Fin de la log\u00edstica<\/strong>: Se ha creado un equipo dedicado al embalaje para el comercio exterior que se encarga del embalaje al vac\u00edo a prueba de humedad y de la personalizaci\u00f3n de las cajas de transporte est\u00e1ndar internacionales para reducir el \u00edndice de p\u00e9rdidas transfronterizas.<\/li>\n<\/ol>","protected":false},"excerpt":{"rendered":"<ul>\n<li><strong>Estuche de sal\u00f3n de belleza<\/strong>: Adecuado para el juego de esencias liofilizadas \"light medical beauty\", el forro de EVA puede fijar las ampollas y las herramientas de aplicaci\u00f3n;<\/li>\n<li><strong>Comercio electr\u00f3nico transfronterizo<\/strong>: Dise\u00f1ado cajas de embalaje reciclables para clientes europeos y americanos, el cuerpo de la caja se transforma en un estante de almacenamiento, en l\u00ednea con la tendencia de consumo respetuoso con el medio ambiente.<\/li>\n<\/ul>","protected":false},"featured_media":9288,"template":"","meta":[],"product_brand":[],"product_cat":[30,390,425,31],"product_tag":[1130,1129,1128],"class_list":{"0":"post-9264","1":"product","2":"type-product","3":"status-publish","4":"has-post-thumbnail","6":"product_cat-by-industry","7":"product_cat-custom-cosmetics-boxes","8":"product_cat-lid-and-base-gift-box","9":"product_cat-paper-box-style","10":"product_tag-cosmetics-packaging","11":"product_tag-paper-cosmetic-packaging-boxes","12":"product_tag-paper-gift-box-for-cosmetics","14":"first","15":"instock","16":"shipping-taxable","17":"product-type-simple"},"_links":{"self":[{"href":"https:\/\/zojopackaging.com\/es\/wp-json\/wp\/v2\/product\/9264","targetHints":{"allow":["GET"]}}],"collection":[{"href":"https:\/\/zojopackaging.com\/es\/wp-json\/wp\/v2\/product"}],"about":[{"href":"https:\/\/zojopackaging.com\/es\/wp-json\/wp\/v2\/types\/product"}],"version-history":[{"count":1,"href":"https:\/\/zojopackaging.com\/es\/wp-json\/wp\/v2\/product\/9264\/revisions"}],"predecessor-version":[{"id":9291,"href":"https:\/\/zojopackaging.com\/es\/wp-json\/wp\/v2\/product\/9264\/revisions\/9291"}],"wp:featuredmedia":[{"embeddable":true,"href":"https:\/\/zojopackaging.com\/es\/wp-json\/wp\/v2\/media\/9288"}],"wp:attachment":[{"href":"https:\/\/zojopackaging.com\/es\/wp-json\/wp\/v2\/media?parent=9264"}],"wp:term":[{"taxonomy":"product_brand","embeddable":true,"href":"https:\/\/zojopackaging.com\/es\/wp-json\/wp\/v2\/product_brand?post=9264"},{"taxonomy":"product_cat","embeddable":true,"href":"https:\/\/zojopackaging.com\/es\/wp-json\/wp\/v2\/product_cat?post=9264"},{"taxonomy":"product_tag","embeddable":true,"href":"https:\/\/zojopackaging.com\/es\/wp-json\/wp\/v2\/product_tag?post=9264"}],"curies":[{"name":"wp","href":"https:\/\/api.w.org\/{rel}","templated":true}]}}