{"id":9278,"date":"2025-04-01T18:37:17","date_gmt":"2025-04-01T10:37:17","guid":{"rendered":"https:\/\/zojopackaging.com\/?post_type=product&#038;p=9278"},"modified":"2025-04-01T18:54:47","modified_gmt":"2025-04-01T10:54:47","slug":"branded-custom-gift-perfume-packaging-cardboard-box-wholesale","status":"publish","type":"product","link":"https:\/\/zojopackaging.com\/es\/product\/branded-custom-gift-perfume-packaging-cardboard-box-wholesale\/","title":{"rendered":"Regalo personalizado de marca Perfume Embalaje Caja de cart\u00f3n al por mayor"},"content":{"rendered":"<h3 id=\"1-matte-paper-easy-to-print-excellent-performance-\">1.\u00a0<strong>Papel mate, f\u00e1cil de imprimir, excelente rendimiento<\/strong><\/h3>\n<p>Utiliza papel mate de 400 g como material de la caja de tarjetas para perfumes, tranquilo y elegante, estable para transportar perfumes y resistente a los golpes.<\/p>\n<h3 id=\"2-multiple-processes-superimposed-to-highlight-brand-design-\">2.\u00a0<strong>M\u00faltiples procesos superpuestos para resaltar el dise\u00f1o de la marca<\/strong><\/h3>\n<p>La caja de tarjetas de perfume utiliza tecnolog\u00eda de impresi\u00f3n en cuatricrom\u00eda y estampaci\u00f3n en caliente, el dibujo es \u00fanico y texturizado, resaltando el encanto de las marcas de lujo.<\/p>\n<h3 id=\"3-double-insert-card-structure-innovation-convenience-and-stability-coexist-\">3.\u00a0<strong>Innovaci\u00f3n en la estructura de la tarjeta de doble inserci\u00f3n: comodidad y estabilidad coexisten<\/strong><\/h3>\n<p>La caja de tarjetas para perfumes tiene varios tama\u00f1os y puede personalizarse seg\u00fan los requisitos del cliente para satisfacer necesidades personalizadas.<\/p>\n<h3 id=\"4-flat-packaging-design-efficient-logistics-and-cost-optimization-\">4.\u00a0<strong>Dise\u00f1o de envases planos: log\u00edstica eficiente y optimizaci\u00f3n de costes<\/strong><\/h3>\n<p>El tipo de caja adopta un m\u00e9todo de doble inserci\u00f3n, que resulta c\u00f3modo para los consumidores.<\/p>\n<h3 id=\"5-modular-size-and-process-customization-\">5.\u00a0<strong>Tama\u00f1o modular y personalizaci\u00f3n del proceso<\/strong><\/h3>\n<p>Proporcionar una personalizaci\u00f3n diversificada del dise\u00f1o del embalaje exterior, adaptarse a las distintas especificaciones de los productos, garantizar la estabilidad y un aspecto atractivo.<\/p>\n<h3 id=\"6-professional-design-team-professional-packaging-solution-\">6.\u00a0<strong>Equipo de dise\u00f1o profesional, soluci\u00f3n de envasado profesional<\/strong><\/h3>\n<p>Con un innovador equipo de dise\u00f1o de envases, cree una soluci\u00f3n \u00fanica de impresi\u00f3n y envasado.<\/p>\n<h3 id=\"7-strength-of-the-source-factory-\">7.\u00a0<strong>Fuerza de la f\u00e1brica de origen<\/strong><\/h3>\n<p>La f\u00e1brica ocupa una superficie de 5.320 metros cuadrados, est\u00e1 equipada con una l\u00ednea dedicada de m\u00e1quinas de impresi\u00f3n Heidelberg y un sistema de certificaci\u00f3n ISO 9001, con una capacidad media de producci\u00f3n diaria de m\u00e1s de 120.000. 16 a\u00f1os de experiencia en exportaci\u00f3n para construir tres sistemas log\u00edsticos principales: l\u00ednea de carga a\u00e9rea (bolsa de columna de aire amortiguadora EPE), contenedor completo de carga mar\u00edtima (caja de cart\u00f3n ondulado impermeable), correo directo transfronterizo (embalaje certificado CE\/FDA), tasa de da\u00f1os de transporte &lt;0,03%.<\/p>","protected":false},"excerpt":{"rendered":"<p>\u00a1Marca personalizada regalo perfume embalaje caja de cart\u00f3n al por mayor, ZOJO Imprimir han ayudar a 1200 marcas obtener las soluciones adecuadas caja!<\/p>\n<p>Personalizaci\u00f3n: Puede personalizar tama\u00f1o\/impresi\u00f3n\/material\/acabado\/forma etc.<br \/>\nTipo de material: Respetuoso con el medio ambiente, con certificaci\u00f3n FSC\/ISO\/BSCI<br \/>\nTiempo de producci\u00f3n: Muestra 1-3 d\u00edas; A granel 7-9 d\u00edas<br \/>\nTiempo de env\u00edo: Express 3-7 d\u00edas; Aire 12-16 d\u00edas; Barco 25-30 d\u00edas\uff08Diferentes pa\u00edses tienen diferentes tiempos)<\/p>\n<p>Precio:\u00a1P\u00f3ngase en contacto con nosotros!<\/p>","protected":false},"featured_media":9285,"template":"","meta":[],"product_brand":[],"product_cat":[30,417,430,31],"product_tag":[1127,1126,1125],"class_list":{"0":"post-9278","1":"product","2":"type-product","3":"status-publish","4":"has-post-thumbnail","6":"product_cat-by-industry","7":"product_cat-custom-perfume-boxes-by-industry","8":"product_cat-folding-cartons","9":"product_cat-paper-box-style","10":"product_tag-branded-box","11":"product_tag-cardboard-box-wholesale","12":"product_tag-gift-perfume-packaging","14":"first","15":"instock","16":"shipping-taxable","17":"product-type-grouped"},"_links":{"self":[{"href":"https:\/\/zojopackaging.com\/es\/wp-json\/wp\/v2\/product\/9278","targetHints":{"allow":["GET"]}}],"collection":[{"href":"https:\/\/zojopackaging.com\/es\/wp-json\/wp\/v2\/product"}],"about":[{"href":"https:\/\/zojopackaging.com\/es\/wp-json\/wp\/v2\/types\/product"}],"version-history":[{"count":1,"href":"https:\/\/zojopackaging.com\/es\/wp-json\/wp\/v2\/product\/9278\/revisions"}],"predecessor-version":[{"id":9279,"href":"https:\/\/zojopackaging.com\/es\/wp-json\/wp\/v2\/product\/9278\/revisions\/9279"}],"wp:featuredmedia":[{"embeddable":true,"href":"https:\/\/zojopackaging.com\/es\/wp-json\/wp\/v2\/media\/9285"}],"wp:attachment":[{"href":"https:\/\/zojopackaging.com\/es\/wp-json\/wp\/v2\/media?parent=9278"}],"wp:term":[{"taxonomy":"product_brand","embeddable":true,"href":"https:\/\/zojopackaging.com\/es\/wp-json\/wp\/v2\/product_brand?post=9278"},{"taxonomy":"product_cat","embeddable":true,"href":"https:\/\/zojopackaging.com\/es\/wp-json\/wp\/v2\/product_cat?post=9278"},{"taxonomy":"product_tag","embeddable":true,"href":"https:\/\/zojopackaging.com\/es\/wp-json\/wp\/v2\/product_tag?post=9278"}],"curies":[{"name":"wp","href":"https:\/\/api.w.org\/{rel}","templated":true}]}}