{"id":9300,"date":"2025-04-01T20:03:57","date_gmt":"2025-04-01T12:03:57","guid":{"rendered":"https:\/\/zojopackaging.com\/?post_type=product&#038;p=9300"},"modified":"2025-04-01T20:15:53","modified_gmt":"2025-04-01T12:15:53","slug":"wholesale-tea-coffee-paper-tube-packaging-manufacturer","status":"publish","type":"product","link":"https:\/\/zojopackaging.com\/es\/product\/wholesale-tea-coffee-paper-tube-packaging-manufacturer\/","title":{"rendered":"Fabricante al por mayor de envases de papel para t\u00e9 y caf\u00e9"},"content":{"rendered":"<p>Como fabricante de envases con 16 a\u00f1os de experiencia profesional, nos centramos en ofrecer soluciones de envasado de tubos cil\u00edndricos de papel de alta calidad a clientes de todo el mundo, cubriendo una gran variedad de \u00e1reas de productos como t\u00e9, caf\u00e9, especias, etc. A continuaci\u00f3n se describen las principales ventajas y servicios del producto:<\/p>\n<h2 id=\"-core-design-features-of-the-product-\"><strong>Caracter\u00edsticas principales del dise\u00f1o del producto<\/strong><\/h2>\n<ol>\n<li><strong>Estructura de la caja de embalaje de tubo de papel y dise\u00f1o a juego multicolor<\/strong>\u00a0Adoptando la cl\u00e1sica forma de caja cil\u00edndrica, combinada con un esquema multicolor a juego, a trav\u00e9s de\u00a0<strong>impresi\u00f3n en cuatricrom\u00eda + proceso de pel\u00edcula mate<\/strong>La superficie se puede personalizar con estampaci\u00f3n en caliente, UV, gofrado y otros procesos para mejorar la estratificaci\u00f3n visual y la textura de gama alta del envase. La superficie se puede personalizar con estampaci\u00f3n en caliente, UV, relieve y otros procesos para mejorar la estratificaci\u00f3n visual y la textura de gama alta del envase.<\/li>\n<li><strong>Estructura dividida superior e inferior, c\u00f3moda y pr\u00e1ctica<\/strong>\u00a0El envase consta de\u00a0<strong>tapa de la caja independiente y cuerpo de la caja<\/strong>. El dise\u00f1o dividido es f\u00e1cil de abrir y cerrar y de reutilizar, al tiempo que garantiza el sellado. Por ejemplo, la tapa de la caja puede adoptar una estructura de hebilla magn\u00e9tica o de hebilla de tap\u00f3n, que es estable y a prueba de humedad; el espacio interno del cuerpo de la caja es regular, adecuado para diferentes formas de productos, como latas de t\u00e9, bolsas de caf\u00e9 en polvo y botellas de especias.<\/li>\n<li><strong>Escenarios de aplicaci\u00f3n multifuncionales<\/strong>\u00a0El producto es adecuado para t\u00e9, caf\u00e9 en grano, especias, frutos secos, cosm\u00e9ticos y otras categor\u00edas, teniendo en cuenta tanto la belleza como la practicidad. El interior puede configurarse con\u00a0<strong>Bandeja interior de EVA, ventana de PVC o tabique estratificado<\/strong>, que puede fijar eficazmente el contenido y evitar golpes y presiones.<\/li>\n<li><strong>Servicio altamente personalizado<\/strong>\u00a0Ayuda\u00a0<strong>personalizaci\u00f3n total del proceso<\/strong>\u00a0desde el tama\u00f1o y el color hasta el proceso de impresi\u00f3n:<\/li>\n<li><strong>Tama\u00f1o flexible<\/strong>: Personalizaci\u00f3n libre dentro de la gama de 2-32 mm de di\u00e1metro y 2-50 mm de altura para satisfacer diferentes requisitos de capacidad.<\/li>\n<li><strong>Diversos estilos de dise\u00f1o<\/strong>: Retro, minimalista, estilo chino y otras plantillas de estilo se proporcionan, y el dise\u00f1o exclusivo tambi\u00e9n se puede hacer de acuerdo a la marca VI.<\/li>\n<li><strong>Materiales respetuosos con el medio ambiente<\/strong>: El papel kraft de calidad alimentaria, el cart\u00f3n de fibra de bamb\u00fa y la pel\u00edcula compuesta de papel de aluminio se utilizan para mejorar la resistencia a la humedad y cumplir las normas de protecci\u00f3n del medio ambiente.<\/li>\n<\/ol>\n<h2 id=\"-production-process-and-quality-assurance-\"><strong>Proceso de producci\u00f3n y garant\u00eda de calidad<\/strong><\/h2>\n<ul>\n<li><strong>Tecnolog\u00eda de impresi\u00f3n<\/strong>: Se utiliza una imprenta Heidelberg para lograr una impresi\u00f3n en cuatricrom\u00eda de alta precisi\u00f3n, y se superpone el proceso de pel\u00edcula mate para mejorar la saturaci\u00f3n del color y la durabilidad.<\/li>\n<li><strong>Optimizaci\u00f3n estructural<\/strong>: El espacio interior se divide regularmente mediante el proceso de troquelado, admitiendo el dise\u00f1o en capas, tipo caj\u00f3n o escaparate, teniendo en cuenta la funcionalidad y el efecto expositivo.<\/li>\n<li><strong>Normas de inspecci\u00f3n de calidad<\/strong>: La producci\u00f3n automatizada de proceso completo combinada con el sistema de detecci\u00f3n por infrarrojos garantiza que la tasa de rendimiento del producto alcance m\u00e1s de 99%.<\/li>\n<\/ul>","protected":false},"excerpt":{"rendered":"<ul>\n<li><strong>Servicio completo, desde el dise\u00f1o hasta la entrega<\/strong>: dise\u00f1o de envases, pruebas, producci\u00f3n por lotes, control de calidad y log\u00edstica internacional.<\/li>\n<li><strong>Capacidad de respuesta r\u00e1pida<\/strong>: El ciclo de personalizaci\u00f3n de muestras es de 3-5 d\u00edas, y el ciclo de producci\u00f3n a gran escala es de 7-14 d\u00edas. Admite la entrega directa desde las principales regiones del mundo (Europa, Norteam\u00e9rica, Sudeste Asi\u00e1tico, etc.).<\/li>\n<li><strong>Ventaja de costes<\/strong>: Bas\u00e1ndose en la producci\u00f3n a gran escala y la integraci\u00f3n de la cadena de suministro, ofrece un precio de salida competitivo (500 unidades) y apoya la exportaci\u00f3n transfronteriza.<\/li>\n<\/ul>","protected":false},"featured_media":9301,"template":"","meta":[],"product_brand":[],"product_cat":[30,422,31,429],"product_tag":[1135,1136,1134],"class_list":{"0":"post-9300","1":"product","2":"type-product","3":"status-publish","4":"has-post-thumbnail","6":"product_cat-by-industry","7":"product_cat-custom-gourmet-boxes-by-industry","8":"product_cat-paper-box-style","9":"product_cat-paper-tube-boxes","10":"product_tag-coffee-paper-tube-packaging","11":"product_tag-custom-tea-coffee-manufacturer","12":"product_tag-tea-packaging","14":"first","15":"instock","16":"shipping-taxable","17":"product-type-simple"},"_links":{"self":[{"href":"https:\/\/zojopackaging.com\/es\/wp-json\/wp\/v2\/product\/9300","targetHints":{"allow":["GET"]}}],"collection":[{"href":"https:\/\/zojopackaging.com\/es\/wp-json\/wp\/v2\/product"}],"about":[{"href":"https:\/\/zojopackaging.com\/es\/wp-json\/wp\/v2\/types\/product"}],"version-history":[{"count":1,"href":"https:\/\/zojopackaging.com\/es\/wp-json\/wp\/v2\/product\/9300\/revisions"}],"predecessor-version":[{"id":9307,"href":"https:\/\/zojopackaging.com\/es\/wp-json\/wp\/v2\/product\/9300\/revisions\/9307"}],"wp:featuredmedia":[{"embeddable":true,"href":"https:\/\/zojopackaging.com\/es\/wp-json\/wp\/v2\/media\/9301"}],"wp:attachment":[{"href":"https:\/\/zojopackaging.com\/es\/wp-json\/wp\/v2\/media?parent=9300"}],"wp:term":[{"taxonomy":"product_brand","embeddable":true,"href":"https:\/\/zojopackaging.com\/es\/wp-json\/wp\/v2\/product_brand?post=9300"},{"taxonomy":"product_cat","embeddable":true,"href":"https:\/\/zojopackaging.com\/es\/wp-json\/wp\/v2\/product_cat?post=9300"},{"taxonomy":"product_tag","embeddable":true,"href":"https:\/\/zojopackaging.com\/es\/wp-json\/wp\/v2\/product_tag?post=9300"}],"curies":[{"name":"wp","href":"https:\/\/api.w.org\/{rel}","templated":true}]}}