{"id":9315,"date":"2025-04-01T20:20:26","date_gmt":"2025-04-01T12:20:26","guid":{"rendered":"https:\/\/zojopackaging.com\/?post_type=product&#038;p=9315"},"modified":"2025-04-01T20:39:53","modified_gmt":"2025-04-01T12:39:53","slug":"custom-logo-luxury-perfume-packaging-paper-cardboard-boxes-wholesale","status":"publish","type":"product","link":"https:\/\/zojopackaging.com\/es\/product\/custom-logo-luxury-perfume-packaging-paper-cardboard-boxes-wholesale\/","title":{"rendered":"Logotipo personalizado de lujo Perfume Embalaje Cajas de cart\u00f3n de papel al por mayor"},"content":{"rendered":"<h3 id=\"1-exclusive-customized-design-dual-expression-of-personality-and-quality-\">1.\u00a0<strong>Exclusivo dise\u00f1o personalizado: doble expresi\u00f3n de personalidad y calidad<\/strong><\/h3>\n<p>Admite la personalizaci\u00f3n de enlaces completos, desde la estructura de la caja de tarjetas hasta el revestimiento: -\u00a0<strong>Adaptaci\u00f3n de la caja de cart\u00f3n<\/strong>: El uso de 350g-400g de cart\u00f3n blanco importado, la tecnolog\u00eda de modelado 3D para lograr \u00b1 0,3 mm de precisi\u00f3n de adaptaci\u00f3n para garantizar un ajuste perfecto con la botella de perfume (como la botella est\u00e1ndar de 50 ml); -\u00a0<strong>Mejora del revestimiento<\/strong>: Proporcionan 5 opciones de material (espuma de poliuretano\/algod\u00f3n compuesto de l\u00e1mina de aluminio\/papel de nido de abeja degradable\/silicona magn\u00e9tica\/tablero de grabado por l\u00e1ser), superan la norma de ensayo ISTA 3A y mejoran la resistencia a los golpes y a la presi\u00f3n mediante 60%; -\u00a0<strong>Estudio de caso<\/strong>: Una caja forrada con motivos de cristal personalizada por una marca de lujo de primera categor\u00eda aument\u00f3 la tasa de recompra del producto en 28%.<\/p>\n<h3 id=\"2-touch-film-series-velvet-touch-and-matte-premium-experience-\">2.\u00a0<strong>Serie de pel\u00edculas t\u00e1ctiles: tacto aterciopelado y experiencia premium mate<\/strong><\/h3>\n<p>La serie de pel\u00edculas t\u00e1ctiles para cajas de papel le ofrece una experiencia \u00fanica sin precedentes. La pel\u00edcula t\u00e1ctil de terciopelo es como si las yemas de los dedos acariciaran suavemente el delicado terciopelo, y el maravilloso tacto se reproduce en la caja de papel. Cada toque parece hablar de refinamiento y elegancia, lo que confiere a la caja de papel una incomparable sensaci\u00f3n de lujo y mejora enormemente la calidad del producto.<\/p>\n<h3 id=\"3-high-weight-white-card-material-balance-of-luxurious-texture-and-durability-\">3.\u00a0<strong>Cartulina blanca de alto gramaje: equilibrio entre textura lujosa y durabilidad<\/strong><\/h3>\n<p>Papel de cartulina blanco importado seleccionado de 350 g-400 g\/m\u00b2 (como Nordic White de Suecia), con una suavidad superficial de 85\u00b0 y un tacto sedoso: -\u00a0<strong>Datos de resistencia<\/strong>: Resistencia a la compresi\u00f3n del anillo \u22651200N\/m, 50% mayor resistencia a la compresi\u00f3n que el papel de cart\u00f3n ordinario.\u00a0<strong>Certificaci\u00f3n medioambiental<\/strong>: Ha superado la certificaci\u00f3n forestal FSC y las normas de seguridad alimentaria ISO 22000, el contenido de humedad del papel es estable a 5%\u00b11%.\u00a0<strong>Actualizaci\u00f3n t\u00e1ctil<\/strong>: Cubierto con pel\u00edcula mate de 0,1 mm, reduciendo la reflectividad por 60%, creando una textura mate de alto grado.<\/p>\n<h3 id=\"4-international-printing-technology-the-ultimate-presentation-of-color-and-details-\">4.\u00a0<strong>Tecnolog\u00eda de impresi\u00f3n internacional: la presentaci\u00f3n definitiva del color y los detalles<\/strong><\/h3>\n<p>Presentamos la m\u00e1quina de impresi\u00f3n en cuatricrom\u00eda Heidelberg CD102 y sus cinco tecnolog\u00edas principales: -\u00a0<strong>Gesti\u00f3n del color<\/strong>: Utilizando la base de datos de color Pantone, diferencia de color \u0394E\uff1c0.5, apoyando la personalizaci\u00f3n de color popular anual Pantone; -.\u00a0<strong>Mejora de los detalles<\/strong>: Superponiendo el acristalamiento local UV (grosor de 0,05 mm) y la tecnolog\u00eda de relieve (profundidad de 0,1 mm), el sentido tridimensional del dibujo se multiplica por 3.\u00a0<strong>Tecnolog\u00eda antifalsificaci\u00f3n<\/strong>: Incrustaci\u00f3n de c\u00f3digo QR variable + logotipo l\u00e1ser hologr\u00e1fico para lograr una trazabilidad uno a uno.<\/p>\n<h3 id=\"5-source-factory-strength-large-scale-production-and-quality-assurance-\">5.\u00a0<strong>Puntos fuertes de la f\u00e1brica de origen: producci\u00f3n a gran escala y garant\u00eda de calidad<\/strong><\/h3>\n<p>La base de producci\u00f3n inteligente de 5.320\u33a1 est\u00e1 dotada de tres ventajas fundamentales: -\u00a0<strong>Garant\u00eda de capacidad<\/strong>: 16 l\u00edneas de producci\u00f3n totalmente autom\u00e1ticas, con una capacidad media diaria de m\u00e1s de 150.000 unidades, que admiten pruebas r\u00e1pidas en 7 d\u00edas.\u00a0<strong>Sistema de control de calidad<\/strong>: Certificaci\u00f3n ISO 9001 superada, la tasa de muestreo de cada lote de productos es \u226520%, y la tasa de defectuosos es &lt;0,1%.\u00a0<strong>Equipo t\u00e9cnico<\/strong>: Un equipo de I+D de 20 personas dirige el dise\u00f1o estructural y gan\u00f3 el premio Red Dot 2023 al dise\u00f1o de envases.<\/p>\n<h3 id=\"6-direct-supply-mode-from-the-source-ultra-high-cost-effective-competitive-advantage-\">6.\u00a0<strong>Modo de suministro directo desde la fuente: ventaja competitiva ultra rentable<\/strong><\/h3>\n<p>Reducir costes gracias al modo de funcionamiento aut\u00f3nomo de toda la cadena industrial: -\u00a0<strong>Optimizaci\u00f3n de la cadena de suministro<\/strong>: Elimina el eslab\u00f3n intermediario, y el precio franco f\u00e1brica es 15%-20% inferior al de productos similares en el mercado.\u00a0<strong>Coste controlable<\/strong>: Admite la personalizaci\u00f3n de peque\u00f1os lotes (pedido m\u00ednimo de 500 unidades), y el precio disminuye de forma escalonada.\u00a0<strong>Pruebas del cliente<\/strong>: Una nueva marca de fragancias redujo sus costes de envasado en 35% gracias a esta soluci\u00f3n, y sus ventas en el primer a\u00f1o superaron los 20 millones.<\/p>\n<h3 id=\"7-green-packaging-solution-environmental-responsibility-and-commercial-value-win-win-\">7.\u00a0<strong>Soluci\u00f3n de envasado ecol\u00f3gico: la responsabilidad medioambiental y el valor comercial salen ganando<\/strong><\/h3>\n<p>Practicar el concepto de desarrollo sostenible: -\u00a0<strong>Innovaci\u00f3n de materiales<\/strong>: Utilizando pulpa certificada FSC + impresi\u00f3n con tinta de soja, las emisiones de COV se reducen en 70%; -\u00a0<strong>Dise\u00f1o circular<\/strong>: Proporcionar una estructura de succi\u00f3n magn\u00e9tica desmontable, y la tasa de reciclaje de revestimiento se incrementa a 85%; -\u00a0<strong>Seguimiento de la huella de carbono<\/strong>: Cada lote de productos va acompa\u00f1ado de un certificado de huella de carbono, y las emisiones de carbono son 40% inferiores a la norma del sector.<\/p>","protected":false},"excerpt":{"rendered":"<p>ZOJO Print se basa en el lema \"el dise\u00f1o potencia las marcas, la tecnolog\u00eda impulsa el crecimiento\", y crea una soluci\u00f3n de envasado completa para las marcas de perfumes, desde la investigaci\u00f3n y el desarrollo en laboratorio hasta el consumo final, mediante una estructura de caja de cart\u00f3n personalizada, tecnolog\u00eda de impresi\u00f3n internacional y un modelo de suministro directo de f\u00e1brica. Sus 5.320 metros cuadrados de base de producci\u00f3n inteligente y el sistema de certificaci\u00f3n medioambiental ISO 9001 pueden satisfacer las necesidades de personalizaci\u00f3n de marcas de nueva creaci\u00f3n a marcas internacionales, ayudando a los clientes a establecer barreras de marca diferenciadas en el mercado de gama alta.<\/p>","protected":false},"featured_media":9319,"template":"","meta":[],"product_brand":[],"product_cat":[30,417,430,31],"product_tag":[1140,1040,1139],"class_list":{"0":"post-9315","1":"product","2":"type-product","3":"status-publish","4":"has-post-thumbnail","6":"product_cat-by-industry","7":"product_cat-custom-perfume-boxes-by-industry","8":"product_cat-folding-cartons","9":"product_cat-paper-box-style","10":"product_tag-cardboard-boxes-wholesale","11":"product_tag-custom-logo-paper-box","12":"product_tag-paper-cardboard-boxes","14":"first","15":"instock","16":"shipping-taxable","17":"product-type-grouped"},"_links":{"self":[{"href":"https:\/\/zojopackaging.com\/es\/wp-json\/wp\/v2\/product\/9315","targetHints":{"allow":["GET"]}}],"collection":[{"href":"https:\/\/zojopackaging.com\/es\/wp-json\/wp\/v2\/product"}],"about":[{"href":"https:\/\/zojopackaging.com\/es\/wp-json\/wp\/v2\/types\/product"}],"version-history":[{"count":1,"href":"https:\/\/zojopackaging.com\/es\/wp-json\/wp\/v2\/product\/9315\/revisions"}],"predecessor-version":[{"id":9324,"href":"https:\/\/zojopackaging.com\/es\/wp-json\/wp\/v2\/product\/9315\/revisions\/9324"}],"wp:featuredmedia":[{"embeddable":true,"href":"https:\/\/zojopackaging.com\/es\/wp-json\/wp\/v2\/media\/9319"}],"wp:attachment":[{"href":"https:\/\/zojopackaging.com\/es\/wp-json\/wp\/v2\/media?parent=9315"}],"wp:term":[{"taxonomy":"product_brand","embeddable":true,"href":"https:\/\/zojopackaging.com\/es\/wp-json\/wp\/v2\/product_brand?post=9315"},{"taxonomy":"product_cat","embeddable":true,"href":"https:\/\/zojopackaging.com\/es\/wp-json\/wp\/v2\/product_cat?post=9315"},{"taxonomy":"product_tag","embeddable":true,"href":"https:\/\/zojopackaging.com\/es\/wp-json\/wp\/v2\/product_tag?post=9315"}],"curies":[{"name":"wp","href":"https:\/\/api.w.org\/{rel}","templated":true}]}}