{"id":9322,"date":"2025-04-01T20:29:07","date_gmt":"2025-04-01T12:29:07","guid":{"rendered":"https:\/\/zojopackaging.com\/?post_type=product&#038;p=9322"},"modified":"2025-04-01T20:52:21","modified_gmt":"2025-04-01T12:52:21","slug":"custom-cosmetic-skincare-makeup-remover-sliding-drawer-box","status":"publish","type":"product","link":"https:\/\/zojopackaging.com\/es\/product\/custom-cosmetic-skincare-makeup-remover-sliding-drawer-box\/","title":{"rendered":"Caj\u00f3n Desmaquillador Cosm\u00e9tico Personalizado"},"content":{"rendered":"<h2 id=\"-customized-makeup-removal-sliding-drawer-box-\"><strong>Caj\u00f3n deslizante desmaquillador a medida<\/strong><\/h2>\n<h2 id=\"-1-convenient-pull-out-opening-and-closing-design-\"><strong>1. C\u00f3modo dise\u00f1o de apertura y cierre de las cajas de papel del caj\u00f3n<\/strong><\/h2>\n<ul>\n<li>Con una estructura de gu\u00edas deslizantes de precisi\u00f3n, la caja de cajones se abre y cierra con suavidad y se puede empujar y tirar f\u00e1cilmente con una sola mano.<\/li>\n<li>Dise\u00f1o de montaje sin herramientas, los usuarios pueden utilizarlo nada m\u00e1s sacarlo de la caja, lo que mejora la experiencia de uso y la favorabilidad de la marca.<\/li>\n<\/ul>\n<h2 id=\"-2-hot-stamping-technology-enhances-visual-texture-\"><strong>2. La tecnolog\u00eda de l\u00e1mina dorada estampada en caliente realza la textura visual<\/strong><\/h2>\n<ul>\n<li>La tecnolog\u00eda de estampaci\u00f3n en caliente (oro, plata, oro de color o efecto l\u00e1ser opcionales) se utiliza en la superficie para formar un brillo met\u00e1lico en el LOGOTIPO o el patr\u00f3n de la superficie de la caja, lo que mejora significativamente el reconocimiento de la marca y el lujo.<\/li>\n<li>La capa de estampaci\u00f3n en caliente tiene una fuerte adherencia, resistencia al desgaste y a los ara\u00f1azos, y permanece brillante y nueva tras un uso prolongado.<\/li>\n<\/ul>\n<h2 id=\"-3-creative-ribbon-decoration-details-\"><strong>3. Detalles creativos de decoraci\u00f3n con cintas<\/strong><\/h2>\n<ul>\n<li>La parte superior o lateral se combina con una cinta de raso\/textura, que proporciona una elegante ceremonia de apertura y puede utilizarse como correa de mano para mejorar la portabilidad.<\/li>\n<li>El color de la cinta permite la personalizaci\u00f3n, contrastando o coordinando con el color principal del cuerpo de la caja, realzando la estratificaci\u00f3n general del dise\u00f1o.<\/li>\n<\/ul>\n<h2 id=\"-4-eva-lining-for-all-round-protection-\"><strong>4. Forro de EVA para una protecci\u00f3n total<\/strong><\/h2>\n<ul>\n<li>El forro es de espuma EVA de alta densidad (puede ser flocado), con apertura de molde precisa para adaptarse a la forma del producto, excelente amortiguaci\u00f3n y resistencia a los golpes, y resistencia eficaz a los golpes del transporte y la presi\u00f3n del almacenamiento.<\/li>\n<li>Materiales no t\u00f3xicos y respetuosos con el medio ambiente, acordes con las normas de seguridad de los envases cosm\u00e9ticos, reciclables y degradables.<\/li>\n<\/ul>\n<h2 id=\"-5-high-stability-material-combination-\"><strong>5. Combinaci\u00f3n de materiales de alta estabilidad<\/strong><\/h2>\n<ul>\n<li><strong>Capa estructural<\/strong>: Base de cart\u00f3n gris 1200 GSM, la dureza alcanza el est\u00e1ndar superior de la industria, fuerte capacidad de carga, asegurando que el cuerpo de la caja no se deforme.<\/li>\n<li><strong>Capa superficial<\/strong>: Papel estucado de 157 GSM, alta reproducci\u00f3n del color, admite la impresi\u00f3n de alta definici\u00f3n de motivos de marca o efectos de degradado.<\/li>\n<\/ul>\n<h2 id=\"-6-highly-flexible-customization-service-\"><strong>6. Servicio de personalizaci\u00f3n muy flexible<\/strong><\/h2>\n<ul>\n<li><strong>Talla<\/strong>: Soporta personalizaci\u00f3n ilimitada, adecuado para m\u00faltiples categor\u00edas, tales como botellas de aceite removedor de maquillaje, m\u00e1scaras faciales, cepillos, etc.<\/li>\n<li><strong>Color<\/strong>: Ofrece una gama completa de cartas de colores Pantone, compatibles con efectos especiales como colores nacarados y metalizados.<\/li>\n<li><strong>Proceso de impresi\u00f3n<\/strong>: Superficie brillante parcial UV opcional, gofrado, relieve y otros procesos combinados para crear un toque visual diferenciado.<\/li>\n<\/ul>\n<h2 id=\"-application-scenarios-\"><strong>Escenarios de aplicaci\u00f3n<\/strong><\/h2>\n<ul>\n<li><strong>Productos de alta gama para el cuidado de la piel<\/strong>: Exquisitos productos embotellados, como esencias y cremas.<\/li>\n<li><strong>Sets de maquillaje<\/strong>: Sets de varias piezas, como paletas de sombras de ojos y sets de pinceles.<\/li>\n<li><strong>Comercio electr\u00f3nico: entrega directa<\/strong>: El dise\u00f1o antis\u00edsmico es adecuado para la log\u00edstica de larga distancia para reducir la tasa de rotura.<\/li>\n<\/ul>\n<h3 id=\"-customization-process-\"><strong>Proceso de personalizaci\u00f3n<\/strong><\/h3>\n<ol>\n<li><strong>Comunicaci\u00f3n de la demanda<\/strong>: Proporcione el tama\u00f1o del producto, el proyecto de dise\u00f1o y los requisitos del proceso.<\/li>\n<li><strong>Prueba 3D<\/strong>: Proporcione la confirmaci\u00f3n de la caja de muestras f\u00edsicas en un plazo de 48 horas.<\/li>\n<li><strong>Producci\u00f3n en serie<\/strong>: La cantidad m\u00ednima de pedido es de 500 juegos, con distribuci\u00f3n log\u00edstica mundial.<\/li>\n<\/ol>","protected":false},"excerpt":{"rendered":"<ul>\n<li><strong>16 a\u00f1os de experiencia profesional<\/strong>: La f\u00e1brica cuenta con la certificaci\u00f3n de gesti\u00f3n de calidad ISO y est\u00e1 equipada con troqueladoras totalmente autom\u00e1ticas, m\u00e1quinas de estampaci\u00f3n en caliente y equipos de corte de precisi\u00f3n de EVA para garantizar la precisi\u00f3n y la eficacia de la producci\u00f3n.<\/li>\n<li><strong>Servicio de enlace completo<\/strong>: Desde la prueba de dise\u00f1o de la estructura 3D \u2192 selecci\u00f3n del proceso de material \u2192 producci\u00f3n en masa \u2192 inspecci\u00f3n de calidad y embalaje, proporcionando una soluci\u00f3n integral, la primera muestra se puede entregar en tan solo 7 d\u00edas.<\/li>\n<\/ul>","protected":false},"featured_media":9265,"template":"","meta":[],"product_brand":[],"product_cat":[30,390,31,426],"product_tag":[1141,1143,1142],"class_list":{"0":"post-9322","1":"product","2":"type-product","3":"status-publish","4":"has-post-thumbnail","6":"product_cat-by-industry","7":"product_cat-custom-cosmetics-boxes","8":"product_cat-paper-box-style","9":"product_cat-paper-drawer-boxes","10":"product_tag-custom-cosmetic-box","11":"product_tag-makeup-remover-boxes","12":"product_tag-skincare-sliding-drawer-box","14":"first","15":"instock","16":"shipping-taxable","17":"product-type-simple"},"_links":{"self":[{"href":"https:\/\/zojopackaging.com\/es\/wp-json\/wp\/v2\/product\/9322","targetHints":{"allow":["GET"]}}],"collection":[{"href":"https:\/\/zojopackaging.com\/es\/wp-json\/wp\/v2\/product"}],"about":[{"href":"https:\/\/zojopackaging.com\/es\/wp-json\/wp\/v2\/types\/product"}],"version-history":[{"count":1,"href":"https:\/\/zojopackaging.com\/es\/wp-json\/wp\/v2\/product\/9322\/revisions"}],"predecessor-version":[{"id":9326,"href":"https:\/\/zojopackaging.com\/es\/wp-json\/wp\/v2\/product\/9322\/revisions\/9326"}],"wp:featuredmedia":[{"embeddable":true,"href":"https:\/\/zojopackaging.com\/es\/wp-json\/wp\/v2\/media\/9265"}],"wp:attachment":[{"href":"https:\/\/zojopackaging.com\/es\/wp-json\/wp\/v2\/media?parent=9322"}],"wp:term":[{"taxonomy":"product_brand","embeddable":true,"href":"https:\/\/zojopackaging.com\/es\/wp-json\/wp\/v2\/product_brand?post=9322"},{"taxonomy":"product_cat","embeddable":true,"href":"https:\/\/zojopackaging.com\/es\/wp-json\/wp\/v2\/product_cat?post=9322"},{"taxonomy":"product_tag","embeddable":true,"href":"https:\/\/zojopackaging.com\/es\/wp-json\/wp\/v2\/product_tag?post=9322"}],"curies":[{"name":"wp","href":"https:\/\/api.w.org\/{rel}","templated":true}]}}