{"id":9325,"date":"2025-04-01T20:40:17","date_gmt":"2025-04-01T12:40:17","guid":{"rendered":"https:\/\/zojopackaging.com\/?post_type=product&#038;p=9325"},"modified":"2025-04-01T21:52:15","modified_gmt":"2025-04-01T13:52:15","slug":"high-quality-custom-cardboard-boxes-for-perfume-box-manufacturer","status":"publish","type":"product","link":"https:\/\/zojopackaging.com\/es\/product\/high-quality-custom-cardboard-boxes-for-perfume-box-manufacturer\/","title":{"rendered":"Cajas de cart\u00f3n personalizadas de alta calidad para el fabricante de cajas de perfume"},"content":{"rendered":"<h3 id=\"1-four-color-printing-hot-stamping-process-visual-expression-of-high-end-image-\">1.\u00a0<strong>Impresi\u00f3n en cuatricrom\u00eda + proceso de estampaci\u00f3n en caliente: expresi\u00f3n visual de imagen de alta gama<\/strong><\/h3>\n<p>La m\u00e1quina de impresi\u00f3n en cuatricrom\u00eda Heidelberg CD102 se utiliza para lograr una reproducci\u00f3n precisa del color CMYK, superponer el proceso parcial de estampaci\u00f3n en caliente\/plateado, a\u00f1adir logotipos de marca, patrones y otros elementos al cuerpo o forro de la caja, y la textura met\u00e1lica brilla a la luz. La suavidad de la superficie del cart\u00f3n blanco alcanza los 85\u00b0, y la adherencia de la tinta es fuerte, lo que garantiza que el patr\u00f3n sea delicado y sin rebabas. Una marca internacional de fragancias aument\u00f3 el \u00edndice de calidad de sus productos en 28% gracias a este proceso y gan\u00f3 el Red Dot Design Award 2023.<\/p>\n<h3 id=\"2-application-of-color-psychology-emotional-visual-experience-\">2.\u00a0<strong>Aplicaci\u00f3n de la psicolog\u00eda del color: experiencia visual emocional<\/strong><\/h3>\n<p>Crear una atm\u00f3sfera c\u00e1lida mediante tonos c\u00e1lidos de baja saturaci\u00f3n (como el dorado \u00e1mbar o el rosa flor de cerezo) y un dise\u00f1o de transici\u00f3n en degradado. La jerarqu\u00eda de colores sigue el principio de la psicolog\u00eda del color FPA, que no s\u00f3lo transmite el tono de la marca, sino que tambi\u00e9n satisface las preferencias est\u00e9ticas de las consumidoras. Los datos experimentales muestran que los envases de tonos suaves aumentan el tiempo de permanencia de los consumidores en 37%, y la satisfacci\u00f3n de la prueba a ciegas alcanza los 92%.<\/p>\n<h3 id=\"3-card-box-structure-innovation-greatly-saves-freight-\">3.\u00a0<strong>Innovaci\u00f3n en la estructura de la caja de cart\u00f3n: gran ahorro de flete<\/strong><\/h3>\n<p>El dise\u00f1o de la estructura de caja de cart\u00f3n de la caja de papel puede aplanarse para el env\u00edo, lo que aporta importantes ventajas de reducci\u00f3n de espacio para la log\u00edstica y el transporte transfronterizos.<\/p>\n<h3 id=\"4-350g-white-card-material-the-golden-balance-of-strength-and-cost-\">4.\u00a0<strong>Cart\u00f3n blanco de 350 g: el equilibrio perfecto entre resistencia y coste<\/strong><\/h3>\n<p>Se selecciona papel de cart\u00f3n blanco importado de 350 g\/m\u00b2, con una resistencia a la compresi\u00f3n anular de 1.000 N\/m, que ha superado la certificaci\u00f3n FSC y cumple las normas medioambientales de la UE. En comparaci\u00f3n con las cajas met\u00e1licas, reduce el peso en 60%, reduce los costes log\u00edsticos en 35% y mejora la adherencia de la tinta en 40%, y el color impreso es m\u00e1s duradero. La resistencia a la compresi\u00f3n medida es 50% superior a la del papel cart\u00f3n gris ordinario, y el \u00edndice de da\u00f1os durante el transporte es &lt;0,03%.<\/p>\n<h3 id=\"5-modular-size-customization-precise-adaptation-to-product-features-\">5.\u00a0<strong>Personalizaci\u00f3n modular del tama\u00f1o: adaptaci\u00f3n precisa a las caracter\u00edsticas del producto<\/strong><\/h3>\n<p>Admite la personalizaci\u00f3n de la tolerancia de tama\u00f1o de \u00b10,5 mm y genera r\u00e1pidamente diagramas estructurales mediante el sistema de modelado digital. Por ejemplo, la caja de la mini botella de 15ml personalizada para una marca de fragancia nicho adopta un tama\u00f1o compacto de 175\u00d780\u00d745mm, lo que aumenta la utilizaci\u00f3n del espacio por 40%. Proporciona 5 bibliotecas de tipos de cajas estandarizadas (tapa abatible\/caj\u00f3n\/doble tap\u00f3n\/suspensi\u00f3n\/succi\u00f3n magn\u00e9tica) y genera diagramas estructurales en 3D en tan solo 24 horas.<\/p>\n<h3 id=\"6-box-design-language-visual-carrier-of-brand-assets-\">6.\u00a0<strong>Lenguaje de dise\u00f1o de cajas: soporte visual de los activos de la marca<\/strong><\/h3>\n<p>Adopta de forma innovadora el tipo de caja \"cuerpo de botella suspendido\": el soporte interior est\u00e1 suspendido para reducir las colisiones, y la caja exterior presenta un efecto de luces y sombras degradadas gracias al revestimiento UV. Una marca de lujo gan\u00f3 el Red Dot Award por este dise\u00f1o, y la tasa de recompra de los usuarios aument\u00f3 un 22%. La estructura de la caja se optimiza mediante an\u00e1lisis de elementos finitos, y se mejoran simult\u00e1neamente la resistencia a la compresi\u00f3n y la suavidad de apertura y cierre.<\/p>\n<h3 id=\"7-multi-function-inner-support-system-double-guarantee-of-safety-and-aesthetics-\">7.\u00a0<strong>Sistema de soporte interior multifunci\u00f3n: doble garant\u00eda de seguridad y est\u00e9tica<\/strong><\/h3>\n<p>Proporcionar 4 soluciones de apoyo interno: -\u00a0<strong>Modelo b\u00e1sico a prueba de golpes<\/strong>: Espuma de poliuretano de 3 mm + almohadilla compuesta de papel de aluminio de 1 mm (ha superado la prueba ISTA 2A) -\u00a0<strong>Modelo de pantalla<\/strong>: dise\u00f1o de ventana acr\u00edlica transparente (visualizaci\u00f3n al abrir la caja) -\u00a0<strong>Modelo de protecci\u00f3n del medio ambiente<\/strong>: papel de nido de abeja degradable + algod\u00f3n de fibra vegetal (certificado FSC) -\u00a0<strong>Modelo LOGO personalizado<\/strong>: Historia de una marca de grabado l\u00e1ser.<\/p>","protected":false},"excerpt":{"rendered":"<p>ZOJO Print ofrece a las marcas de perfumes una soluci\u00f3n completa, desde el concepto hasta la producci\u00f3n en serie, gracias a la mejora tridimensional de la innovaci\u00f3n de materiales (tarjeta blanca de 350 g + proceso de oro negro), la ingenier\u00eda estructural (resistencia a la compresi\u00f3n de la tarjeta doble) y la producci\u00f3n inteligente (pruebas r\u00e1pidas). Su capacidad de producci\u00f3n diaria de m\u00e1s de 120.000 y su sistema de certificaci\u00f3n ISO 9001 pueden satisfacer las necesidades de personalizaci\u00f3n de marcas de nueva creaci\u00f3n a marcas internacionales, ayudando a los clientes a establecer una competitividad diferenciada en el mercado de terminales.<\/p>","protected":false},"featured_media":9342,"template":"","meta":[],"product_brand":[],"product_cat":[30,417,430,31],"product_tag":[1148,1147,702],"class_list":{"0":"post-9325","1":"product","2":"type-product","3":"status-publish","4":"has-post-thumbnail","6":"product_cat-by-industry","7":"product_cat-custom-perfume-boxes-by-industry","8":"product_cat-folding-cartons","9":"product_cat-paper-box-style","10":"product_tag-cardboard-boxes-for-perfume","11":"product_tag-high-quality-custom-box","12":"product_tag-perfume-box-manufacturer","14":"first","15":"instock","16":"shipping-taxable","17":"product-type-grouped"},"_links":{"self":[{"href":"https:\/\/zojopackaging.com\/es\/wp-json\/wp\/v2\/product\/9325","targetHints":{"allow":["GET"]}}],"collection":[{"href":"https:\/\/zojopackaging.com\/es\/wp-json\/wp\/v2\/product"}],"about":[{"href":"https:\/\/zojopackaging.com\/es\/wp-json\/wp\/v2\/types\/product"}],"version-history":[{"count":1,"href":"https:\/\/zojopackaging.com\/es\/wp-json\/wp\/v2\/product\/9325\/revisions"}],"predecessor-version":[{"id":9347,"href":"https:\/\/zojopackaging.com\/es\/wp-json\/wp\/v2\/product\/9325\/revisions\/9347"}],"wp:featuredmedia":[{"embeddable":true,"href":"https:\/\/zojopackaging.com\/es\/wp-json\/wp\/v2\/media\/9342"}],"wp:attachment":[{"href":"https:\/\/zojopackaging.com\/es\/wp-json\/wp\/v2\/media?parent=9325"}],"wp:term":[{"taxonomy":"product_brand","embeddable":true,"href":"https:\/\/zojopackaging.com\/es\/wp-json\/wp\/v2\/product_brand?post=9325"},{"taxonomy":"product_cat","embeddable":true,"href":"https:\/\/zojopackaging.com\/es\/wp-json\/wp\/v2\/product_cat?post=9325"},{"taxonomy":"product_tag","embeddable":true,"href":"https:\/\/zojopackaging.com\/es\/wp-json\/wp\/v2\/product_tag?post=9325"}],"curies":[{"name":"wp","href":"https:\/\/api.w.org\/{rel}","templated":true}]}}