{"id":9327,"date":"2025-04-01T20:52:50","date_gmt":"2025-04-01T12:52:50","guid":{"rendered":"https:\/\/zojopackaging.com\/?post_type=product&#038;p=9327"},"modified":"2025-04-01T21:09:19","modified_gmt":"2025-04-01T13:09:19","slug":"custom-electronic-parts-accessories-packaging-box-wholesale","status":"publish","type":"product","link":"https:\/\/zojopackaging.com\/es\/product\/custom-electronic-parts-accessories-packaging-box-wholesale\/","title":{"rendered":"Piezas Electr\u00f3nicas Personalizadas Accesorios Caja de Embalaje al por mayor"},"content":{"rendered":"<h2 id=\"-core-advantages-and-product-features-\"><strong>Principales ventajas y caracter\u00edsticas del producto<\/strong><\/h2>\n<ol>\n<li><strong>Estructura separada de la cubierta superior e inferior<\/strong>\u00a0La tapa superior y la tapa inferior est\u00e1n separadas, lo que facilita el manejo y ofrece un sellado resistente, facilitando la r\u00e1pida extracci\u00f3n de piezas y accesorios electr\u00f3nicos. El cuerpo de la caja tiene una estructura estable, teniendo en cuenta tanto la protecci\u00f3n como la apertura y el cierre suaves, lo que resulta adecuado para las necesidades de almacenamiento y recuperaci\u00f3n de alta frecuencia de accesorios electr\u00f3nicos de precisi\u00f3n, y admite el almacenamiento apilado para optimizar la utilizaci\u00f3n del espacio de almacenamiento.<\/li>\n<li><strong>Proceso de estampaci\u00f3n en caliente y combinaci\u00f3n de colores<\/strong>\u00a0El color principal es el negro cl\u00e1sico, con el rojo como color auxiliar. El proceso de estampaci\u00f3n en caliente realza la expresi\u00f3n visual y pone de relieve el posicionamiento de gama alta del producto. El patr\u00f3n de estampaci\u00f3n en caliente es claro y tridimensional, lo que mejora el reconocimiento de la marca. Es adecuado para envases expositores o escenas de regalos de empresa, aumentando eficazmente el valor a\u00f1adido de los productos de los clientes.<\/li>\n<li><strong>Sistema de protecci\u00f3n del forro de EVA<\/strong>\u00a0El forro de EVA de alta densidad incorporado puede ajustarse con precisi\u00f3n a la forma de las piezas mediante el proceso de troquelado, absorber eficazmente el impacto y la vibraci\u00f3n durante el transporte y evitar da\u00f1os f\u00edsicos como ara\u00f1azos y extrusi\u00f3n. El forro se puede personalizar seg\u00fan el tama\u00f1o y la forma de los accesorios, lo que satisface las necesidades de carga mixta de m\u00faltiples categor\u00edas para garantizar la protecci\u00f3n independiente de los componentes electr\u00f3nicos de precisi\u00f3n.<\/li>\n<li><strong>Servicio personalizado de dimensiones completas<\/strong><\/li>\n<li><strong>Tipo y tama\u00f1o de caja<\/strong>: Admite diversas estructuras, como cubiertas superior e inferior, cajas en forma de libro, cajas de ventana, etc., personalizadas seg\u00fan los tama\u00f1os de los accesorios y los requisitos de transporte, con una relaci\u00f3n de volumen de &gt;90%, lo que reduce el espacio redundante.<\/li>\n<li><strong>Material y proceso<\/strong>: Proporcionamos montaje en cart\u00f3n gris, cart\u00f3n duro, papel especial y otras opciones de sustrato, pel\u00edcula mate en la superficie para realzar la textura, e impresi\u00f3n en cuatricrom\u00eda (m\u00e1quina de impresi\u00f3n Heidelberg) para garantizar que el motivo est\u00e9 lleno de color y la transici\u00f3n sea natural.<\/li>\n<li><strong>Ampliaci\u00f3n de funciones<\/strong>: Puede integrar revestimiento antiest\u00e1tico, bandas de sellado a prueba de humedad y otros procesos para adaptarse a las necesidades especiales de almacenamiento de componentes electr\u00f3nicos sensibles.<\/li>\n<li><strong>Producci\u00f3n profesional y apoyo al comercio exterior<\/strong>\u00a016 a\u00f1os de env\u00edo directo desde la f\u00e1brica de origen, certificaci\u00f3n del sistema de gesti\u00f3n de calidad ISO aprobada, y control estricto de todo el proceso, desde el cribado del material hasta la inspecci\u00f3n del producto acabado. Centr\u00e1ndose en el mercado de comercio exterior, familiarizado con las normas internacionales de log\u00edstica (como las pruebas de transporte ISTA), proporcionando etiquetas multiling\u00fces, certificaci\u00f3n medioambiental (como FSC, ISO) y otros servicios de apoyo, para ayudar a los productos a entrar en Europa, Am\u00e9rica, el Sudeste Asi\u00e1tico y otros mercados en conformidad.<\/li>\n<\/ol>\n<h2 id=\"-technical-parameters-and-delivery-guarantee-\"><strong>Par\u00e1metros t\u00e9cnicos y garant\u00eda de entrega<\/strong><\/h2>\n<table>\n<thead>\n<tr>\n<th><strong>Proyecto<\/strong><\/th>\n<th><strong>Especificaciones<\/strong><\/th>\n<\/tr>\n<\/thead>\n<tbody>\n<tr>\n<td>Proceso de impresi\u00f3n<\/td>\n<td>Impresi\u00f3n en cuatricrom\u00eda + film mate\/film brillante, resoluci\u00f3n \u2265300dpi, admite colores planos, efecto local UV.<\/td>\n<\/tr>\n<tr>\n<td>Ciclo de producci\u00f3n<\/td>\n<td>3-5 d\u00edas laborables para las pruebas, 7-15 d\u00edas para los pedidos por lotes (ajustado en funci\u00f3n de la complejidad de la personalizaci\u00f3n)<\/td>\n<\/tr>\n<tr>\n<td>Cantidad m\u00ednima de pedido<\/td>\n<td>500 lotes, admite lotes peque\u00f1os y personalizaci\u00f3n flexible<\/td>\n<\/tr>\n<tr>\n<td>Embalaje log\u00edstico<\/td>\n<td>Caja exterior de cart\u00f3n ondulado de calidad de exportaci\u00f3n + pel\u00edcula de envoltura fija, carga de caja individual \u226515kg, capa de apilamiento \u22655 capas.<\/td>\n<\/tr>\n<\/tbody>\n<\/table>\n<p>&nbsp;<\/p>","protected":false},"excerpt":{"rendered":"<ul>\n<li><strong>\u00c1mbitos de aplicaci\u00f3n<\/strong>tel\u00e9fonos m\u00f3viles, componentes el\u00e9ctricos, instrumentos de precisi\u00f3n, materiales de parcheo SMT, accesorios de equipos industriales, etc.<\/li>\n<li><strong>Valor fundamental<\/strong>: Reducir la tasa de p\u00e9rdida de transporte por \uff1e30% a trav\u00e9s de embalaje profesional, mejorar la experiencia de desembalaje terminal; dise\u00f1o personalizado fortalece la imagen de marca, y ayuda a los proveedores de piezas electr\u00f3nicas, comerciantes y fabricantes de OEM aprovechar el mercado de gama alta.<\/li>\n<\/ul>","protected":false},"featured_media":9328,"template":"","meta":[],"product_brand":[],"product_cat":[30,413,425,31],"product_tag":[1146,1144,1145],"class_list":{"0":"post-9327","1":"product","2":"type-product","3":"status-publish","4":"has-post-thumbnail","6":"product_cat-by-industry","7":"product_cat-consumer-electronics-boxes","8":"product_cat-lid-and-base-gift-box","9":"product_cat-paper-box-style","10":"product_tag-custom-electronic-packaging","11":"product_tag-custom-electronic-parts-packaging","12":"product_tag-electronic-accessories-packaging","14":"first","15":"instock","16":"shipping-taxable","17":"product-type-simple"},"_links":{"self":[{"href":"https:\/\/zojopackaging.com\/es\/wp-json\/wp\/v2\/product\/9327","targetHints":{"allow":["GET"]}}],"collection":[{"href":"https:\/\/zojopackaging.com\/es\/wp-json\/wp\/v2\/product"}],"about":[{"href":"https:\/\/zojopackaging.com\/es\/wp-json\/wp\/v2\/types\/product"}],"version-history":[{"count":1,"href":"https:\/\/zojopackaging.com\/es\/wp-json\/wp\/v2\/product\/9327\/revisions"}],"predecessor-version":[{"id":9334,"href":"https:\/\/zojopackaging.com\/es\/wp-json\/wp\/v2\/product\/9327\/revisions\/9334"}],"wp:featuredmedia":[{"embeddable":true,"href":"https:\/\/zojopackaging.com\/es\/wp-json\/wp\/v2\/media\/9328"}],"wp:attachment":[{"href":"https:\/\/zojopackaging.com\/es\/wp-json\/wp\/v2\/media?parent=9327"}],"wp:term":[{"taxonomy":"product_brand","embeddable":true,"href":"https:\/\/zojopackaging.com\/es\/wp-json\/wp\/v2\/product_brand?post=9327"},{"taxonomy":"product_cat","embeddable":true,"href":"https:\/\/zojopackaging.com\/es\/wp-json\/wp\/v2\/product_cat?post=9327"},{"taxonomy":"product_tag","embeddable":true,"href":"https:\/\/zojopackaging.com\/es\/wp-json\/wp\/v2\/product_tag?post=9327"}],"curies":[{"name":"wp","href":"https:\/\/api.w.org\/{rel}","templated":true}]}}