{"id":9335,"date":"2025-04-01T21:13:56","date_gmt":"2025-04-01T13:13:56","guid":{"rendered":"https:\/\/zojopackaging.com\/?post_type=product&#038;p=9335"},"modified":"2025-04-01T21:56:12","modified_gmt":"2025-04-01T13:56:12","slug":"custom-consumer-electronic-packaging-gift-boxes-wholesale","status":"publish","type":"product","link":"https:\/\/zojopackaging.com\/es\/product\/custom-consumer-electronic-packaging-gift-boxes-wholesale\/","title":{"rendered":"Cajas de regalo personalizadas para embalajes de electr\u00f3nica de consumo al por mayor"},"content":{"rendered":"<h2 id=\"-core-functions-and-design-highlights-\"><strong>Funciones principales y aspectos destacados del dise\u00f1o<\/strong><\/h2>\n<ol>\n<li><strong>Motivos abstractos vibrantes y personalizaci\u00f3n de la marca<\/strong>\u00a0El proceso de superficie utiliza papel estucado C2S de 157 g combinado con la tecnolog\u00eda de impresi\u00f3n RISO para favorecer el efecto de arte abstracto de superposici\u00f3n aleatoria multicolor. El proceso de barnizado local UV ajusta la dureza de la superficie de colisi\u00f3n mediante una frecuencia de 2000-3000Hz para lograr una mejora sin\u00e9rgica de la respuesta t\u00e1ctil y el brillo visual; el proceso de estampaci\u00f3n en caliente utiliza materiales de contacto de aleaci\u00f3n de plata, lo que aumenta la resistencia a la corrosi\u00f3n en 50%, garantizando la integridad del patr\u00f3n tras la apertura y cierre de alta frecuencia. Admite serigraf\u00eda de precisi\u00f3n de 300 ppp, puede restaurar m\u00e1s de 95% de la gama de colores de la biblioteca de colores especiales de Pantone y se adapta a la personalizaci\u00f3n del sistema de marca VI.<\/li>\n<li><strong>Servicio de personalizaci\u00f3n completa<\/strong><\/li>\n<li><strong>Innovaci\u00f3n tipo caja<\/strong>: Admite el desarrollo de cajas con formas especiales, como esquinas redondeadas o en forma de coraz\u00f3n, utiliza el modelado param\u00e9trico CAD para lograr una simulaci\u00f3n estructural 1:1 y acorta el ciclo de pruebas a 72 horas.<\/li>\n<li><strong>Materiales respetuosos con el medio ambiente<\/strong>: El material de base utiliza cart\u00f3n certificado FSC + impresi\u00f3n con tinta de soja,<\/li>\n<li><strong>Combinaci\u00f3n de procesos<\/strong>: Admite los procesos de vinculaci\u00f3n de relieve 3D y gofrado l\u00e1ser para lograr efectos din\u00e1micos de luces y sombras.<\/li>\n<\/ol>\n<h2 id=\"-service-advantages-\"><strong>Ventajas del servicio<\/strong><\/h2>\n<ul>\n<li><strong>Cumplimiento transfronterizo<\/strong>: Proporcione un conjunto completo de documentos de certificaci\u00f3n RoHS CE FSC, y apoye el pre-c\u00e1lculo inteligente de aranceles en China, Estados Unidos y Europa bajo t\u00e9rminos DDP.<\/li>\n<li><strong>Control de costes<\/strong>: Obtenga amplias ventajas de costes mediante la optimizaci\u00f3n de la disposici\u00f3n de la matriz de anillos magn\u00e9ticos y el dise\u00f1o de anidado de troquelado de cart\u00f3n.<\/li>\n<\/ul>\n<h2 id=\"-customization-process-\"><strong>Proceso de personalizaci\u00f3n<\/strong><\/h2>\n<ol>\n<li><strong>Digitalizaci\u00f3n de la demanda<\/strong>: Env\u00ede en l\u00ednea modelos 3D de productos y los algoritmos de IA generar\u00e1n autom\u00e1ticamente soluciones de optimizaci\u00f3n topol\u00f3gica de estructuras amortiguadoras.<\/li>\n<li><strong>Prototipos virtuales<\/strong>: Proporcione renderizaciones 3D interactivas WebGL en 48 horas y apoye la experiencia de unboxing virtual AR.<\/li>\n<li><strong>Producci\u00f3n \u00e1gil<\/strong>: El sistema MES est\u00e1 conectado al ERP, y los lotes de pedidos de 500 piezas pueden entregarse globalmente en 7 d\u00edas.<\/li>\n<\/ol>","protected":false},"excerpt":{"rendered":"<p>1. La caja de cierre magn\u00e9tico se abre en segundos mediante adsorci\u00f3n magn\u00e9tica, sin herramientas complicadas ni pasos fijos, ahorrando tiempo de operaci\u00f3n<br \/>\n2. Este vibrante patr\u00f3n abstracto caja de embalaje puede mejorar la experiencia de unboxing de su marca<br \/>\n3. Dise\u00f1ado espec\u00edficamente para la electr\u00f3nica de consumo, combina una belleza audaz con una potente protecci\u00f3n.<br \/>\n4. La forma de la caja, el tama\u00f1o, el color, el material y el efecto de impresi\u00f3n de la superficie pueden personalizarse para adaptarse a sus envases de electr\u00f3nica de consumo.<\/p>","protected":false},"featured_media":9336,"template":"","meta":[],"product_brand":[],"product_cat":[30,413,424,31],"product_tag":[1151,1149,1150],"class_list":{"0":"post-9335","1":"product","2":"type-product","3":"status-publish","4":"has-post-thumbnail","6":"product_cat-by-industry","7":"product_cat-consumer-electronics-boxes","8":"product_cat-magnetic-closure-boxes","9":"product_cat-paper-box-style","10":"product_tag-consumer-electronic-boxes-wholesale","11":"product_tag-consumer-electronic-packaging","12":"product_tag-electronic-packaging-gift-boxes","14":"first","15":"instock","16":"shipping-taxable","17":"product-type-simple"},"_links":{"self":[{"href":"https:\/\/zojopackaging.com\/es\/wp-json\/wp\/v2\/product\/9335","targetHints":{"allow":["GET"]}}],"collection":[{"href":"https:\/\/zojopackaging.com\/es\/wp-json\/wp\/v2\/product"}],"about":[{"href":"https:\/\/zojopackaging.com\/es\/wp-json\/wp\/v2\/types\/product"}],"version-history":[{"count":1,"href":"https:\/\/zojopackaging.com\/es\/wp-json\/wp\/v2\/product\/9335\/revisions"}],"predecessor-version":[{"id":9348,"href":"https:\/\/zojopackaging.com\/es\/wp-json\/wp\/v2\/product\/9335\/revisions\/9348"}],"wp:featuredmedia":[{"embeddable":true,"href":"https:\/\/zojopackaging.com\/es\/wp-json\/wp\/v2\/media\/9336"}],"wp:attachment":[{"href":"https:\/\/zojopackaging.com\/es\/wp-json\/wp\/v2\/media?parent=9335"}],"wp:term":[{"taxonomy":"product_brand","embeddable":true,"href":"https:\/\/zojopackaging.com\/es\/wp-json\/wp\/v2\/product_brand?post=9335"},{"taxonomy":"product_cat","embeddable":true,"href":"https:\/\/zojopackaging.com\/es\/wp-json\/wp\/v2\/product_cat?post=9335"},{"taxonomy":"product_tag","embeddable":true,"href":"https:\/\/zojopackaging.com\/es\/wp-json\/wp\/v2\/product_tag?post=9335"}],"curies":[{"name":"wp","href":"https:\/\/api.w.org\/{rel}","templated":true}]}}