{"id":9349,"date":"2025-04-01T21:56:20","date_gmt":"2025-04-01T13:56:20","guid":{"rendered":"https:\/\/zojopackaging.com\/?post_type=product&#038;p=9349"},"modified":"2025-04-01T22:27:11","modified_gmt":"2025-04-01T14:27:11","slug":"custom-pet-dog-leash-collar-product-packaging-box-wholesale","status":"publish","type":"product","link":"https:\/\/zojopackaging.com\/es\/product\/custom-pet-dog-leash-collar-product-packaging-box-wholesale\/","title":{"rendered":"Collar de perro personalizado para mascotas Caja de embalaje de productos al por mayor"},"content":{"rendered":"<h2 id=\"-i-core-product-advantages-\"><strong>1. Principales ventajas del producto<\/strong><\/h2>\n<h3 id=\"1-high-quality-environmentally-friendly-materials-\">1.\u00a0<strong>Materiales ecol\u00f3gicos de alta calidad<\/strong><\/h3>\n<ul>\n<li><strong>Material<\/strong>: Fabricado con cart\u00f3n ecol\u00f3gico de alta densidad (certificado FSC), con un grosor opcional de 1,5-3 mm y una resistencia a la compresi\u00f3n de 10-15 kg, lo que garantiza la resistencia a la ca\u00edda y la deformaci\u00f3n durante el transporte.<\/li>\n<li><strong>Protecci\u00f3n del medio ambiente<\/strong>: Cumple las normas REACH de la UE, 100% reciclable, adecuado para el comercio electr\u00f3nico transfronterizo y los mercados de marcas de mascotas de gama alta.<\/li>\n<\/ul>\n<h3 id=\"2-waterproof-matte-coating-technology-\">2.\u00a0<strong>Tecnolog\u00eda de revestimiento mate impermeable<\/strong><\/h3>\n<ul>\n<li><strong>Tratamiento de superficies<\/strong>: La capa exterior est\u00e1 cubierta con un revestimiento mate impermeable, que es a prueba de humedad y antiincrustante, y puede soportar temperaturas y humedad extremas de -20\u00b0C a 60\u00b0C, protegiendo los productos internos (como los cuellos de poli\u00e9ster y las cuerdas de tracci\u00f3n de nailon) de da\u00f1os durante el almacenamiento y el transporte.<\/li>\n<li><strong>Textura mate<\/strong>: Toque delicado que realza la imagen de gama alta de la marca.<\/li>\n<\/ul>\n<h3 id=\"3-customized-design-solutions-\">3.\u00a0<strong>Soluciones de dise\u00f1o personalizadas<\/strong><\/h3>\n<ul>\n<li><strong>Dise\u00f1o de patrones<\/strong>: Admite impresi\u00f3n UV a todo color, estampaci\u00f3n en caliente\/plateado y tecnolog\u00eda de gofrado. Puede incorporar elementos de mascotas (como huellas de patas, huesos, perros de dibujos animados) o IP de marca, y se adapta a las preferencias del mercado, como el estilo minimalista europeo y americano, y el estilo mono japon\u00e9s y coreano.<\/li>\n<li><strong>Combinaci\u00f3n de colores<\/strong>: Proporciona un ajuste preciso del color con las cartas de colores Pantone, admite colores degradados y efectos de barniz local.<\/li>\n<\/ul>\n<h3 id=\"4-multifunctional-internal-structure-\">4.\u00a0<strong>Estructura interna multifuncional<\/strong><\/h3>\n<ul>\n<li><strong>Versi\u00f3n ampliada<\/strong>: Admite el dise\u00f1o de separaci\u00f3n en capas, compatible con accesorios peque\u00f1os (como bolsas para cacas, bolsas para aperitivos).<\/li>\n<li><strong>Dise\u00f1o del b\u00fafer<\/strong>: Forro opcional de EVA o bandeja de papel de nido de abeja, a prueba de golpes e impactos.<\/li>\n<\/ul>\n<h3 id=\"5-highly-flexible-customized-service-\">5.\u00a0<strong>Servicio personalizado de gran flexibilidad<\/strong><\/h3>\n<ul>\n<li><strong>Selecci\u00f3n del tipo de caja<\/strong>: Tapa superior e inferior, tipo caj\u00f3n, plegable Mailer Box, adecuada para diferentes l\u00edneas de productos (como cajas de regalo de un solo producto, combinaciones de juegos).<\/li>\n<li><strong>Tecnolog\u00eda de superficie<\/strong>: Estampaci\u00f3n en caliente\/plateado, gofrado, ahuecado por l\u00e1ser, admite serigraf\u00eda del LOGO de la marca o impresi\u00f3n 3D estereosc\u00f3pica.<\/li>\n<li><strong>Funciones adicionales<\/strong>: Pueden integrarse etiquetas con c\u00f3digos QR, adhesivos antifalsificaci\u00f3n y ranuras para tarjetas regalo para mejorar la interacci\u00f3n con el cliente.<\/li>\n<\/ul>\n<h2 id=\"-ii-cooperation-process-and-support-policy-\"><strong>2. Proceso de cooperaci\u00f3n y pol\u00edtica de apoyo<\/strong><\/h2>\n<p id=\"1-free-design-service-provide-ai-design-template-library-and-professional-art-team-and-complete-the-first-draft-confirmation-within-3-working-days-\">1.\u00a0<strong>Servicio de dise\u00f1o gratuito<\/strong>: Proporcionamos una biblioteca de plantillas de dise\u00f1o AI y un equipo art\u00edstico profesional, y completamos el primer borrador de confirmaci\u00f3n en un plazo de 3 d\u00edas laborables.<\/p>\n<p id=\"2-logistics-guarantee-provide-fba-labels-neutral-packaging-or-branded-color-boxes-support-global-direct-mail-and-consignment-\">2.\u00a0<strong>Garant\u00eda log\u00edstica<\/strong>: Proporcione etiquetas FBA, embalaje neutro o cajas de color de marca, apoye el correo directo global y la consignaci\u00f3n.<\/p>\n<p id=\"3-after-sales-commitment-free-reprinting-for-quality-problems-provide-1-year-warranty-and-warehousing-and-custody-services-\">3.\u00a0<strong>Compromiso posventa<\/strong>: Reimpresi\u00f3n gratuita en caso de problemas de calidad, garant\u00eda de 1 a\u00f1o y servicios de almacenamiento y custodia.<\/p>","protected":false},"excerpt":{"rendered":"<ul>\n<li>Plataforma de comercio electr\u00f3nico: Adaptarse al \"unboxing experience marketing\" de las principales plataformas de comercio electr\u00f3nico y atraer a los j\u00f3venes propietarios de mascotas mediante cajas con formas especiales.<\/li>\n<li>Venta al por menor fuera de l\u00ednea : Para satisfacer las necesidades de exposici\u00f3n de las tiendas de mascotas, se puede utilizar un dise\u00f1o de ventana transparente opcional para exponer los productos de forma intuitiva.<\/li>\n<\/ul>","protected":false},"featured_media":9350,"template":"","meta":[],"product_brand":[],"product_cat":[30,423,31,433],"product_tag":[1154,1153,1152],"class_list":{"0":"post-9349","1":"product","2":"type-product","3":"status-publish","4":"has-post-thumbnail","6":"product_cat-by-industry","7":"product_cat-custom-presentation-boxes-by-industry","8":"product_cat-paper-box-style","9":"product_cat-shipping-mailer-boxes","10":"product_tag-custom-pet-dog-leash-box-wholesale","11":"product_tag-dog-collar-packaging","12":"product_tag-pet-leash-packaging-box","14":"first","15":"instock","16":"shipping-taxable","17":"product-type-simple"},"_links":{"self":[{"href":"https:\/\/zojopackaging.com\/es\/wp-json\/wp\/v2\/product\/9349","targetHints":{"allow":["GET"]}}],"collection":[{"href":"https:\/\/zojopackaging.com\/es\/wp-json\/wp\/v2\/product"}],"about":[{"href":"https:\/\/zojopackaging.com\/es\/wp-json\/wp\/v2\/types\/product"}],"version-history":[{"count":1,"href":"https:\/\/zojopackaging.com\/es\/wp-json\/wp\/v2\/product\/9349\/revisions"}],"predecessor-version":[{"id":9357,"href":"https:\/\/zojopackaging.com\/es\/wp-json\/wp\/v2\/product\/9349\/revisions\/9357"}],"wp:featuredmedia":[{"embeddable":true,"href":"https:\/\/zojopackaging.com\/es\/wp-json\/wp\/v2\/media\/9350"}],"wp:attachment":[{"href":"https:\/\/zojopackaging.com\/es\/wp-json\/wp\/v2\/media?parent=9349"}],"wp:term":[{"taxonomy":"product_brand","embeddable":true,"href":"https:\/\/zojopackaging.com\/es\/wp-json\/wp\/v2\/product_brand?post=9349"},{"taxonomy":"product_cat","embeddable":true,"href":"https:\/\/zojopackaging.com\/es\/wp-json\/wp\/v2\/product_cat?post=9349"},{"taxonomy":"product_tag","embeddable":true,"href":"https:\/\/zojopackaging.com\/es\/wp-json\/wp\/v2\/product_tag?post=9349"}],"curies":[{"name":"wp","href":"https:\/\/api.w.org\/{rel}","templated":true}]}}