{"id":9358,"date":"2025-04-01T22:27:43","date_gmt":"2025-04-01T14:27:43","guid":{"rendered":"https:\/\/zojopackaging.com\/?post_type=product&#038;p=9358"},"modified":"2025-04-02T10:05:52","modified_gmt":"2025-04-02T02:05:52","slug":"luxury-premium-hair-wig-extension-gift-boxes-manufacturer","status":"publish","type":"product","link":"https:\/\/zojopackaging.com\/es\/product\/luxury-premium-hair-wig-extension-gift-boxes-manufacturer\/","title":{"rendered":"Lujo Premium Extensi\u00f3n de peluca de pelo Cajas de regalo Fabricante"},"content":{"rendered":"<h2>Lujo Premium Extensi\u00f3n de peluca de pelo Cajas de regalo Fabricante<\/h2>\n<h3 id=\"1-selected-materials-\">1.\u00a0<strong>Materiales seleccionados<\/strong><\/h3>\n<ul>\n<li><strong>Combinaci\u00f3n de materiales base<\/strong>: Se utiliza papel art\u00edstico estucado C2S de 157 g + cart\u00f3n r\u00edgido de 1200 g, con una superficie suave y delicada y una alta reproducci\u00f3n del color, lo que garantiza que el motivo impreso sea claro y brillante, y el tacto de alta gama.<\/li>\n<li><strong>Propiedades medioambientales<\/strong>: El material del papel se ajusta al concepto de sostenibilidad, es reciclable y degradable, y est\u00e1 en consonancia con la propuesta de protecci\u00f3n del medio ambiente de la marca.<\/li>\n<\/ul>\n<h3 id=\"2-hot-stamping-process-\">2.\u00a0<strong>Proceso de estampaci\u00f3n en caliente<\/strong><\/h3>\n<ul>\n<li>Gracias a la tecnolog\u00eda de estampaci\u00f3n en caliente tridimensional, la superficie de la caja adquiere una textura en relieve y un brillo met\u00e1lico, lo que mejora significativamente la estratificaci\u00f3n visual y atrae la atenci\u00f3n de los consumidores. Es adecuado para LOGOTIPO de marca, patrones o patrones personalizados.<\/li>\n<\/ul>\n<h2 id=\"-appearance-and-structural-design-\"><strong>Aspecto y dise\u00f1o estructural<\/strong><\/h2>\n<h3 id=\"1-color-and-emotional-expression-\">1.\u00a0<strong>Color y expresi\u00f3n emocional<\/strong><\/h3>\n<ul>\n<li><strong>Marr\u00f3n cl\u00e1sico<\/strong>: El cuerpo de la caja adopta un c\u00e1lido color marr\u00f3n para transmitir sentimientos c\u00e1lidos y nost\u00e1lgicos. Es adecuado para im\u00e1genes de marca que enfaticen conceptos naturales, artesanales o de protecci\u00f3n del medio ambiente, y mejora la resonancia emocional de los consumidores.<\/li>\n<\/ul>\n<h3 id=\"2-foldable-function-\">2.\u00a0<strong>Funci\u00f3n plegable<\/strong><\/h3>\n<ul>\n<li>Despu\u00e9s del plegado, el volumen se reduce en 50%, reduciendo los costes de almacenamiento y transporte, especialmente adecuado para las necesidades de exportaci\u00f3n a granel de comercio electr\u00f3nico transfronterizo.<\/li>\n<li>La estructura es estable y sin costuras despu\u00e9s del despliegue para garantizar la seguridad del transporte del producto.<\/li>\n<\/ul>\n<h3 id=\"3-functional-size-optimization-\">3.\u00a0<strong>Optimizaci\u00f3n del tama\u00f1o funcional<\/strong><\/h3>\n<ul>\n<li>El espacio interior est\u00e1 dise\u00f1ado de acuerdo con las caracter\u00edsticas de los productos de extensi\u00f3n de pelucas, que puede acomodar pelucas, juegos de pelo y accesorios (tales como redes de pelo, productos de cuidado), y es compatible con una variedad de especificaciones (tales como 8-30 pulgadas de longitud de la peluca).<\/li>\n<\/ul>\n<h2 id=\"-customized-service-\"><strong>Servicio personalizado<\/strong><\/h2>\n<h3 id=\"1-flexible-customization-options-\">1.\u00a0<strong>Opciones de personalizaci\u00f3n flexibles<\/strong><\/h3>\n<ul>\n<li><strong>Tipo y tama\u00f1o de caja<\/strong>: Admite una gran variedad de estructuras, como cajas cuadradas, de caj\u00f3n, en forma de libro, etc., y el tama\u00f1o se ajusta con precisi\u00f3n seg\u00fan las necesidades del cliente.<\/li>\n<li><strong>Efecto de impresi\u00f3n<\/strong>: Mate, brillante, UV parcial, gofrado y otros tratamientos superficiales pueden proporcionarse para adaptarse al sistema visual de la marca.<\/li>\n<\/ul>\n<h3 id=\"2-one-stop-support-\">2.\u00a0<strong>Asistencia integral<\/strong><\/h3>\n<ul>\n<li><strong>Dise\u00f1o libre<\/strong>: Un equipo profesional ofrece servicios de dise\u00f1o de proceso completo, desde el concepto hasta el boceto, y formula soluciones basadas en las tendencias de la industria de la peluca (como el estilo minimalista europeo y americano, la est\u00e9tica del color africano).<\/li>\n<li><strong>Muestras gratuitas<\/strong>: El ciclo de muestreo es de 3-5 d\u00edas, lo que garantiza que los clientes confirmen el efecto real antes de la producci\u00f3n en serie.<\/li>\n<\/ul>\n<h2 id=\"-production-and-quality-assurance-\"><strong>Producci\u00f3n y control de calidad<\/strong><\/h2>\n<h3 id=\"1-source-factory-advantages-\">1.\u00a0<strong>Ventajas de la f\u00e1brica de origen<\/strong><\/h3>\n<ul>\n<li><strong>16 a\u00f1os de experiencia<\/strong>: Suministro directo desde la f\u00e1brica de envasado de origen de China, con una cadena de suministro madura y capacidad de producci\u00f3n a gran escala, costes controlables y cantidad m\u00ednima de pedido flexible (admite pedidos de prueba de lotes peque\u00f1os).<\/li>\n<li><strong>Estricto control de calidad<\/strong>: Con certificaci\u00f3n ISO, cada lote de productos se somete a pruebas de compresi\u00f3n, resistencia al desgaste y humedad para garantizar la tolerancia en el transporte y la estabilidad en el almacenamiento a largo plazo.<\/li>\n<\/ul>\n<h3 id=\"2-price-and-service-\">2.\u00a0<strong>Precio y servicio<\/strong><\/h3>\n<ul>\n<li><strong>Bajo precio industrial<\/strong>: Operaci\u00f3n directa de f\u00e1brica sin intermediarios, el precio es 20% m\u00e1s bajo que el mercado con la misma calidad.<\/li>\n<li><strong>Posventa sin preocupaciones<\/strong>: Proporcionar asistencia, como sustituci\u00f3n de da\u00f1os y adici\u00f3n de pedidos urgentes, para satisfacer las necesidades din\u00e1micas del comercio electr\u00f3nico transfronterizo y los mayoristas.<\/li>\n<\/ul>\n<h2 id=\"-applicable-scenarios-\"><strong>Escenarios aplicables<\/strong><\/h2>\n<ul>\n<li><strong>Marcas de pelucas de gama alta<\/strong>: Tales como productos de extensi\u00f3n de cabello humano real, destacando la textura natural.<\/li>\n<li><strong>Cajas regalo para festivales<\/strong>: Emparejado con pelucas tem\u00e1ticas de Halloween y Navidad para realzar el atractivo del marketing navide\u00f1o.<\/li>\n<li><strong>Exclusiva transfronteriza<\/strong>: Adaptarse a plataformas como Amazon y emisoras independientes, y conquistar los mercados europeo, americano y africano a trav\u00e9s de envases diferenciados.<\/li>\n<\/ul>","protected":false},"excerpt":{"rendered":"<p>Este producto est\u00e1 especialmente dise\u00f1ado para el mercado de extensiones de peluca de gama alta. Con la protecci\u00f3n del medio ambiente y una textura lujosa como n\u00facleo, combinado con 16 a\u00f1os de experiencia en embalaje e impresi\u00f3n, proporciona soluciones personalizadas que son a la vez funcionales y art\u00edsticas. El dise\u00f1o de la caja de regalo combina sensaciones retro con artesan\u00eda moderna, y es adecuado para marcas de pelucas, salones de belleza, comercio electr\u00f3nico transfronterizo y otros escenarios, ayudando a las marcas a aumentar su valor a\u00f1adido.<\/p>","protected":false},"featured_media":9377,"template":"","meta":[],"product_brand":[],"product_cat":[30,421,424,31],"product_tag":[879,1160,1161],"class_list":{"0":"post-9358","1":"product","2":"type-product","3":"status-publish","4":"has-post-thumbnail","6":"product_cat-by-industry","7":"product_cat-custom-hair-extension-boxes","8":"product_cat-magnetic-closure-boxes","9":"product_cat-paper-box-style","10":"product_tag-hair-extension-boxes-wholesale","11":"product_tag-hair-wig-gift-boxes","12":"product_tag-luxury-hair-wig-extension-gift-boxes","14":"first","15":"instock","16":"shipping-taxable","17":"product-type-simple"},"_links":{"self":[{"href":"https:\/\/zojopackaging.com\/es\/wp-json\/wp\/v2\/product\/9358","targetHints":{"allow":["GET"]}}],"collection":[{"href":"https:\/\/zojopackaging.com\/es\/wp-json\/wp\/v2\/product"}],"about":[{"href":"https:\/\/zojopackaging.com\/es\/wp-json\/wp\/v2\/types\/product"}],"version-history":[{"count":2,"href":"https:\/\/zojopackaging.com\/es\/wp-json\/wp\/v2\/product\/9358\/revisions"}],"predecessor-version":[{"id":9384,"href":"https:\/\/zojopackaging.com\/es\/wp-json\/wp\/v2\/product\/9358\/revisions\/9384"}],"wp:featuredmedia":[{"embeddable":true,"href":"https:\/\/zojopackaging.com\/es\/wp-json\/wp\/v2\/media\/9377"}],"wp:attachment":[{"href":"https:\/\/zojopackaging.com\/es\/wp-json\/wp\/v2\/media?parent=9358"}],"wp:term":[{"taxonomy":"product_brand","embeddable":true,"href":"https:\/\/zojopackaging.com\/es\/wp-json\/wp\/v2\/product_brand?post=9358"},{"taxonomy":"product_cat","embeddable":true,"href":"https:\/\/zojopackaging.com\/es\/wp-json\/wp\/v2\/product_cat?post=9358"},{"taxonomy":"product_tag","embeddable":true,"href":"https:\/\/zojopackaging.com\/es\/wp-json\/wp\/v2\/product_tag?post=9358"}],"curies":[{"name":"wp","href":"https:\/\/api.w.org\/{rel}","templated":true}]}}