{"id":9359,"date":"2025-04-02T01:24:34","date_gmt":"2025-04-01T17:24:34","guid":{"rendered":"https:\/\/zojopackaging.com\/?post_type=product&#038;p=9359"},"modified":"2025-04-02T01:49:14","modified_gmt":"2025-04-01T17:49:14","slug":"customized-luxury-recyclable-packaging-box-for-perfume-supplier","status":"publish","type":"product","link":"https:\/\/zojopackaging.com\/es\/product\/customized-luxury-recyclable-packaging-box-for-perfume-supplier\/","title":{"rendered":"Caja de empaquetado reciclable de lujo modificada para requisitos particulares para el proveedor del perfume"},"content":{"rendered":"<p>&nbsp;<\/p>\n<ol>\n<li><strong>Material de cart\u00f3n de alta calidad, gran durabilidad<\/strong>\u00a0Fabricada con cart\u00f3n de alta calidad, mediante procesos de corte y plegado de precisi\u00f3n, garantiza que la estructura de la caja sea estable y tenga una fuerte resistencia a la presi\u00f3n. El cart\u00f3n en s\u00ed es ligero y flexible, y tiene un buen rendimiento de amortiguaci\u00f3n, que puede proteger eficazmente la botella de perfume.<\/li>\n<li><strong>Proceso de impresi\u00f3n ultrafino, excelente efecto visual<\/strong>\u00a0Utilizando tecnolog\u00eda de impresi\u00f3n digital para conseguir l\u00edneas ultrafinas y una reproducci\u00f3n del color de alta precisi\u00f3n de los motivos, combinada con tecnolog\u00eda de laminaci\u00f3n de pel\u00edcula mate, el tacto es delicado y el brillo suave, presentando una textura mate de alta gama. En algunos casos, por ejemplo, se utiliza la tecnolog\u00eda de estampaci\u00f3n en caliente para delinear l\u00edneas doradas que realzan el lujo visual.<\/li>\n<li><strong>Dise\u00f1o respetuoso con el medio ambiente y reciclable, conforme a las normas internacionales<\/strong>\u00a0El material de la caja de embalaje es de madera con certificaci\u00f3n FSC o material PET reciclable, y el uso de cola se reduce mediante un proceso de montaje mec\u00e1nico para mejorar la reciclabilidad. El revestimiento interior amortiguador utiliza materiales degradables a base de almid\u00f3n de ma\u00edz para lograr la protecci\u00f3n del medio ambiente en todo el proceso.<\/li>\n<li><strong>Equipamiento superior y estricto sistema de inspecci\u00f3n de calidad<\/strong>\u00a0La f\u00e1brica est\u00e1 equipada con una base de producci\u00f3n estandarizada de 5.320 metros cuadrados, que supera m\u00faltiples enlaces de inspecci\u00f3n de calidad, como la prueba de ca\u00edda de 1 metro y la prueba de resistencia al envejecimiento, para garantizar que los productos cumplen los elevados est\u00e1ndares de la industria de la perfumer\u00eda. El equipo de profesionales realiza un seguimiento en tiempo real del progreso de la producci\u00f3n para garantizar la estabilidad de la entrega.<\/li>\n<li><strong>Equipo de dise\u00f1o moderno, servicio personalizado<\/strong>\u00a0El equipo de dise\u00f1o ofrece servicios de proceso completo, desde la extracci\u00f3n del concepto de marca hasta las representaciones en 3D, admite el gofrado de LOGO, el lacado UV y otros procesos, y puede responder r\u00e1pidamente a las tendencias del mercado. Por ejemplo, se han personalizado para marcas de belleza estructuras innovadoras como cubiertas de serpentinas de cristal de dos componentes.<\/li>\n<li><strong>Producci\u00f3n a escala y entrega r\u00e1pida<\/strong>\u00a0La capacidad media de producci\u00f3n diaria alcanza las decenas de miles, admite el ajuste flexible de 500 cantidades m\u00ednimas de pedido y realiza pruebas en 24 horas y entrega de lotes en 13 d\u00edas mediante procesos estandarizados para satisfacer las necesidades de respuesta r\u00e1pida de la industria de la perfumer\u00eda.<\/li>\n<\/ol>","protected":false},"excerpt":{"rendered":"<p>La lujosa caja reciclable para perfumes personalizada para la tienda de cajas de papel ZOJO Print combina conceptos de protecci\u00f3n medioambiental con artesan\u00eda de alta gama para ofrecer a las marcas soluciones que combinan textura de lujo y sostenibilidad.<\/p>","protected":false},"featured_media":9364,"template":"","meta":[],"product_brand":[],"product_cat":[30,417,430,31],"product_tag":[1157,1155,1156],"class_list":{"0":"post-9359","1":"product","2":"type-product","3":"status-publish","4":"has-post-thumbnail","6":"product_cat-by-industry","7":"product_cat-custom-perfume-boxes-by-industry","8":"product_cat-folding-cartons","9":"product_cat-paper-box-style","10":"product_tag-box-for-perfume-supplier","11":"product_tag-customized-packaging-box","12":"product_tag-packaging-box-for-perfume","14":"first","15":"instock","16":"shipping-taxable","17":"product-type-grouped"},"_links":{"self":[{"href":"https:\/\/zojopackaging.com\/es\/wp-json\/wp\/v2\/product\/9359","targetHints":{"allow":["GET"]}}],"collection":[{"href":"https:\/\/zojopackaging.com\/es\/wp-json\/wp\/v2\/product"}],"about":[{"href":"https:\/\/zojopackaging.com\/es\/wp-json\/wp\/v2\/types\/product"}],"version-history":[{"count":1,"href":"https:\/\/zojopackaging.com\/es\/wp-json\/wp\/v2\/product\/9359\/revisions"}],"predecessor-version":[{"id":9367,"href":"https:\/\/zojopackaging.com\/es\/wp-json\/wp\/v2\/product\/9359\/revisions\/9367"}],"wp:featuredmedia":[{"embeddable":true,"href":"https:\/\/zojopackaging.com\/es\/wp-json\/wp\/v2\/media\/9364"}],"wp:attachment":[{"href":"https:\/\/zojopackaging.com\/es\/wp-json\/wp\/v2\/media?parent=9359"}],"wp:term":[{"taxonomy":"product_brand","embeddable":true,"href":"https:\/\/zojopackaging.com\/es\/wp-json\/wp\/v2\/product_brand?post=9359"},{"taxonomy":"product_cat","embeddable":true,"href":"https:\/\/zojopackaging.com\/es\/wp-json\/wp\/v2\/product_cat?post=9359"},{"taxonomy":"product_tag","embeddable":true,"href":"https:\/\/zojopackaging.com\/es\/wp-json\/wp\/v2\/product_tag?post=9359"}],"curies":[{"name":"wp","href":"https:\/\/api.w.org\/{rel}","templated":true}]}}