{"id":9368,"date":"2025-04-02T01:49:24","date_gmt":"2025-04-01T17:49:24","guid":{"rendered":"https:\/\/zojopackaging.com\/?post_type=product&#038;p=9368"},"modified":"2025-04-02T02:02:50","modified_gmt":"2025-04-01T18:02:50","slug":"vintage-design-folding-carton-box-for-perfume-packaging-box-wholesale","status":"publish","type":"product","link":"https:\/\/zojopackaging.com\/es\/product\/vintage-design-folding-carton-box-for-perfume-packaging-box-wholesale\/","title":{"rendered":"Caja De Carton Plegable De Dise\u00f1o Vintage Para Perfume Caja De Embalaje Al Por Mayor"},"content":{"rendered":"<h3 id=\"-1-high-quality-white-cardboard-substrate-environmentally-friendly-and-durable-\"><strong>1. Sustrato de cart\u00f3n blanco de alta calidad, respetuoso con el medio ambiente y duradero.<\/strong><\/h3>\n<p>Seleccionamos cart\u00f3n blanco con certificaci\u00f3n FSC y un gramaje superior a 300 g\/m\u00b2, y mejoramos la resistencia a la compresi\u00f3n mediante la tecnolog\u00eda de refuerzo de fibras, que puede soportar una prueba de ca\u00edda de 3 metros durante el transporte. La superficie del cart\u00f3n est\u00e1 tratada con un revestimiento a prueba de humedad para garantizar que se mantenga recto en un entorno con humedad cambiante, de acuerdo con las normas de protecci\u00f3n medioambiental REACH de la UE.<\/p>\n<h3 id=\"-2-high-precision-printing-technology-to-restore-retro-aesthetic-details-\"><strong>2. Tecnolog\u00eda de impresi\u00f3n de alta precisi\u00f3n para restaurar los detalles est\u00e9ticos retro.<\/strong><\/h3>\n<p>Utiliza la m\u00e1quina de impresi\u00f3n de seis colores Heidelberg CD102, con tinta plana Pantone, para lograr una precisi\u00f3n de impresi\u00f3n de l\u00edneas finas de 0,1 mm. En vista de las necesidades del estilo retro, la transparencia de la tinta est\u00e1 especialmente optimizada para que la textura antigua, el estampado en caliente en relieve y otros procesos se estratifiquen claramente, y el grado de restauraci\u00f3n del color alcanza m\u00e1s de 98%.<\/p>\n<h3 id=\"-3-multi-layer-lamination-process-upgraded-touch-and-protection-\"><strong>3. Proceso de laminaci\u00f3n multicapa, tacto y protecci\u00f3n mejorados<\/strong><\/h3>\n<p>La superficie est\u00e1 recubierta con una pel\u00edcula PET mate de 0,15 mm de grosor, y la capa de pel\u00edcula y el cart\u00f3n est\u00e1n perfectamente unidos mediante un proceso compuesto de prensado en caliente. Este proceso no solo mejora la resistencia al rayado en 30%, sino que tambi\u00e9n proporciona un tacto delicado y sedoso, al tiempo que conserva la textura natural del papel, logrando un equilibrio entre el mate visual y el tacto suave.<\/p>\n<h3 id=\"-4-uv-local-three-dimensional-process-to-strengthen-the-brand-logo-\"><strong>4. Proceso tridimensional local UV para reforzar el logotipo de la marca<\/strong><\/h3>\n<p>El \u00e1rea LOGO utiliza un proceso de pegado por goteo UV 3D, que forma un efecto tridimensional elevado de 1,2 mm tras el curado. Con un revestimiento UV de metal de espejo, los tonos retro como el oro y el oro rosa presentan una textura fluida. En comparaci\u00f3n con el proceso de gofrado tradicional, la resistencia al desgaste aumenta con 50%, y admite efectos de contraste local de realce\/mate.<\/p>\n<h3 id=\"-5-intelligent-production-system-quality-control-throughout-the-process-\"><strong>5. Sistema de producci\u00f3n inteligente, control de calidad en todo el proceso<\/strong><\/h3>\n<p>Equipada con el sistema de inspecci\u00f3n visual alem\u00e1n Sick, puede detectar autom\u00e1ticamente 12 par\u00e1metros como la desviaci\u00f3n de la sobreimpresi\u00f3n y la densidad del color cada 0,8 segundos. Establece 13 procesos de inspecci\u00f3n de calidad desde las materias primas que entran en la f\u00e1brica hasta los productos acabados que salen del almac\u00e9n. Los algoritmos de inspecci\u00f3n de calidad AI se utilizan en procesos clave, y la tasa de precisi\u00f3n de reconocimiento de defectos alcanza el 99,7%.<\/p>\n<h3 id=\"-6-retro-design-institute-customized-solutions-\"><strong>6. Retro Design Institute, soluciones a medida<\/strong><\/h3>\n<p>Dirigido por un equipo de dise\u00f1adores con m\u00e1s de 10 a\u00f1os de experiencia, se han establecido 8 bases de datos de estilo retro que incluyen Art Dec\u00f3, manuscritos medievales y carteles de pel\u00edculas antiguas. Apoyan la personalizaci\u00f3n completa, desde el dise\u00f1o estructural (como tapas superiores e inferiores\/cajones), la tecnolog\u00eda de superficie hasta el revestimiento del embalaje, y ofrecen soluciones de renderizado 3D en tan solo 72 horas.<\/p>\n<h3 id=\"-7-flexible-production-base-fast-response-to-market-demand-\"><strong>7. Base de producci\u00f3n flexible, respuesta r\u00e1pida a la demanda del mercado<\/strong><\/h3>\n<p>La f\u00e1brica inteligente de 5.320\u33a1 est\u00e1 equipada con 8 l\u00edneas de troquelado totalmente autom\u00e1ticas, con una capacidad de producci\u00f3n diaria de 200.000 piezas. El sistema ERP realiza un seguimiento completo de los pedidos, admite una cantidad m\u00ednima de pedido de 5.000 piezas, entrega en 7 d\u00edas de los pedidos normales, entrega en 48 horas de los pedidos urgentes y un \u00edndice de rotaci\u00f3n de inventario l\u00edder en el sector.<\/p>","protected":false},"excerpt":{"rendered":"<p>ZOJO Print crea soluciones de envasado para marcas de perfumes que combinan la pesadez hist\u00f3rica con la est\u00e9tica contempor\u00e1nea a trav\u00e9s de la innovaci\u00f3n de materiales, los avances en los procesos y la potenciaci\u00f3n del dise\u00f1o. Desde el arte de encuadernaci\u00f3n del Renacimiento hasta el moderno estilo retro minimalista, utilizamos nuestras capacidades profesionales para solidificar historias de marca en un espacio reducido y ayudar a los productos a establecer un reconocimiento diferenciado en el mercado del lujo.<\/p>","protected":false},"featured_media":9372,"template":"","meta":[],"product_brand":[],"product_cat":[30,417,430,31],"product_tag":[820,1159,1158],"class_list":{"0":"post-9368","1":"product","2":"type-product","3":"status-publish","4":"has-post-thumbnail","6":"product_cat-by-industry","7":"product_cat-custom-perfume-boxes-by-industry","8":"product_cat-folding-cartons","9":"product_cat-paper-box-style","10":"product_tag-folding-carton-box","11":"product_tag-perfume-packaging-box-wholesale","12":"product_tag-vintage-design-box","14":"first","15":"instock","16":"shipping-taxable","17":"product-type-grouped"},"_links":{"self":[{"href":"https:\/\/zojopackaging.com\/es\/wp-json\/wp\/v2\/product\/9368","targetHints":{"allow":["GET"]}}],"collection":[{"href":"https:\/\/zojopackaging.com\/es\/wp-json\/wp\/v2\/product"}],"about":[{"href":"https:\/\/zojopackaging.com\/es\/wp-json\/wp\/v2\/types\/product"}],"version-history":[{"count":1,"href":"https:\/\/zojopackaging.com\/es\/wp-json\/wp\/v2\/product\/9368\/revisions"}],"predecessor-version":[{"id":9375,"href":"https:\/\/zojopackaging.com\/es\/wp-json\/wp\/v2\/product\/9368\/revisions\/9375"}],"wp:featuredmedia":[{"embeddable":true,"href":"https:\/\/zojopackaging.com\/es\/wp-json\/wp\/v2\/media\/9372"}],"wp:attachment":[{"href":"https:\/\/zojopackaging.com\/es\/wp-json\/wp\/v2\/media?parent=9368"}],"wp:term":[{"taxonomy":"product_brand","embeddable":true,"href":"https:\/\/zojopackaging.com\/es\/wp-json\/wp\/v2\/product_brand?post=9368"},{"taxonomy":"product_cat","embeddable":true,"href":"https:\/\/zojopackaging.com\/es\/wp-json\/wp\/v2\/product_cat?post=9368"},{"taxonomy":"product_tag","embeddable":true,"href":"https:\/\/zojopackaging.com\/es\/wp-json\/wp\/v2\/product_tag?post=9368"}],"curies":[{"name":"wp","href":"https:\/\/api.w.org\/{rel}","templated":true}]}}