{"id":9395,"date":"2025-04-02T10:30:55","date_gmt":"2025-04-02T02:30:55","guid":{"rendered":"https:\/\/zojopackaging.com\/?post_type=product&#038;p=9395"},"modified":"2025-04-02T10:55:43","modified_gmt":"2025-04-02T02:55:43","slug":"custom-printed-beverage-baking-soda-packaging-box-wholesale","status":"publish","type":"product","link":"https:\/\/zojopackaging.com\/es\/product\/custom-printed-beverage-baking-soda-packaging-box-wholesale\/","title":{"rendered":"Caja de embalaje de bicarbonato de sodio con impresi\u00f3n personalizada al por mayor"},"content":{"rendered":"<h2 id=\"-1-flexible-customization-of-box-types-to-meet-diverse-needs-\"><strong>1. Personalizaci\u00f3n flexible de los tipos de cajas para satisfacer diversas necesidades<\/strong><\/h2>\n<p>Ofrecemos\u00a0<strong>servicios de personalizaci\u00f3n de cajas de categor\u00eda completa<\/strong>La gama de productos de la empresa, que abarca m\u00e1s de diez estilos principales, como cajas con tapa superior e inferior, cajas de cajones, cajas abatibles y cajas de formas especiales, y ayuda a los clientes a dise\u00f1ar\u00a0<strong>tipos de cajas exclusivas<\/strong>\u00a0seg\u00fan el posicionamiento del producto o el tono de la marca. Por ejemplo:<\/p>\n<ul>\n<li><strong>Tipo caj\u00f3n tipo caja<\/strong>: Adecuado para envasar productos que requieren una separaci\u00f3n de varias capas, f\u00e1cil de exponer y almacenar.<\/li>\n<li><strong>Caja abatible magn\u00e9tica<\/strong>: Con tecnolog\u00eda de estampaci\u00f3n en caliente, refuerza la sensaci\u00f3n de ceremonia de apertura de la caja y mejora la experiencia de alta gama.<\/li>\n<li><strong>Caja de corte de forma especial<\/strong>: Mediante el grabado por l\u00e1ser o la tecnolog\u00eda de troquelado, se consiguen formas art\u00edsticas como ahuecados y ondas para realzar el atractivo visual.<\/li>\n<\/ul>\n<h2 id=\"-2-black-box-body-design-to-create-a-calm-and-high-end-texture-\"><strong>2. Dise\u00f1o de cuerpo de caja negra para crear una textura tranquila y de gama alta.<\/strong><\/h2>\n<h3 id=\"1-material-selection-use-high-weight-black-cardboard-or-matte-art-paper-as-the-base-material-to-present-a-deep-matte-or-delicate-texture-effect-to-avoid-cheap-reflective-feeling-\">1.\u00a0<strong>Selecci\u00f3n de materiales<\/strong>: Utilice\u00a0<strong>cart\u00f3n negro de alto gramaje<\/strong>\u00a0o\u00a0<strong>papel art\u00edstico mate<\/strong>\u00a0como material de base para presentar un efecto mate profundo o de textura delicada que evite la sensaci\u00f3n de reflejo barato.<\/h3>\n<h3 id=\"2-technology-details-\">2.\u00a0<strong>Detalles tecnol\u00f3gicos<\/strong>:<\/h3>\n<ul>\n<li><strong>Estampaci\u00f3n en caliente\/plata caliente<\/strong>: Aplique brillo met\u00e1lico localmente sobre el LOGO de la marca o el motivo para contrastar con el negro y resaltar la exquisitez.<\/li>\n<li><strong>Estampado en relieve<\/strong>: Mediante el proceso de gofrado tridimensional, a\u00f1ada t\u00f3tems de la marca o texturas geom\u00e9tricas en la superficie de la caja para realzar el nivel t\u00e1ctil.<br \/>\n<h3 id=\"3-environmental-certification-the-black-ink-uses-food-grade-environmentally-friendly-water-based-paint-which-complies-with-the-eu-rohs-standard-to-ensure-safety-and-sustainability-\">3.\u00a0<strong>Certificaci\u00f3n medioambiental<\/strong>: La tinta negra utiliza\u00a0<strong>pintura al agua respetuosa con el medio ambiente y apta para uso alimentario<\/strong>que cumple la norma RoHS de la UE para garantizar la seguridad y la sostenibilidad.<\/h3>\n<\/li>\n<\/ul>\n<h2 id=\"-third-surface-printing-effect-convey-brand-humanistic-care-\"><strong>3. Efecto de impresi\u00f3n en superficie: transmite el cuidado humanista de la marca<\/strong><\/h2>\n<h3 id=\"1-high-definition-printing-technology-use-6-color-fully-automatic-offset-printing-machine-to-accurately-restore-brand-colors-and-illustration-details-for-example-\">1.\u00a0<strong>Tecnolog\u00eda de impresi\u00f3n de alta definici\u00f3n<\/strong>: Utilice\u00a0<strong>M\u00e1quina de impresi\u00f3n offset autom\u00e1tica de 6 colores<\/strong>\u00a0para restaurar con precisi\u00f3n los colores de la marca y los detalles de las ilustraciones. Por ejemplo:<\/h3>\n<ul>\n<li><strong>Degradado de colores c\u00e1lidos<\/strong>: Imprima un patr\u00f3n degradado naranja-amarillo en el lateral de la caja de envasado para hacerse eco de las propiedades de los ingredientes naturales de la bebida bicarbonato s\u00f3dico.<\/li>\n<li><strong>Ilustraci\u00f3n pintada a mano<\/strong>: Incorpore escenas familiares o elementos naturales para transmitir un concepto de vida c\u00e1lido y saludable.<br \/>\n<h3 id=\"2-text-design-use-rounded-or-serif-fonts-to-present-brand-stories-or-product-descriptions-and-match-them-with-hot-stamping-technology-to-enhance-affinity-and-recognition-\">2.\u00a0<strong>Dise\u00f1o de texto<\/strong>: Utilice\u00a0<strong>fuentes redondeadas o con gracias<\/strong>\u00a0para presentar historias de marca o descripciones de productos, y combinarlas con tecnolog\u00eda de estampaci\u00f3n en caliente para aumentar la afinidad y el reconocimiento.<\/h3>\n<\/li>\n<\/ul>\n<h2 id=\"-iv-eva-lining-customization-precise-adaptation-and-transportation-protection-\"><strong>4. Personalizaci\u00f3n del forro de EVA: adaptaci\u00f3n precisa y protecci\u00f3n en el transporte.<\/strong><\/h2>\n<h3 id=\"1-material-characteristics-use-high-density-eva-foam-which-has-both-soft-cushioning-and-compressive-strength-and-can-bear-1-10kg-\">1.\u00a0<strong>Caracter\u00edsticas de los materiales<\/strong>: Utiliza espuma EVA de alta densidad, que tiene tanto amortiguaci\u00f3n suave como resistencia a la compresi\u00f3n, y puede soportar de 1 a 10 kg.<\/h3>\n<h3 id=\"2-structural-design-\">2.\u00a0<strong>Dise\u00f1o estructural<\/strong>:<\/h3>\n<ul>\n<li><strong>Forro de rejilla<\/strong>: Personalizar la ranura de acuerdo con el tama\u00f1o de la botella, y una sola rejilla puede acomodar 30-500ml botellas de bicarbonato de sodio de bebidas, con un control de error dentro de \u00b1 0,5 mm.<\/li>\n<li><strong>M\u00f3dulo extra\u00edble<\/strong>: Admite el dise\u00f1o de revestimiento combinado, se adapta a las necesidades de carga mixta de m\u00faltiples especificaciones de productos y mejora la utilizaci\u00f3n del espacio en m\u00e1s de 20%.<br \/>\n<h3 id=\"3-function-extension-the-surface-of-the-lining-is-covered-with-food-grade-pe-film-which-can-directly-contact-the-product-and-supports-printing-of-brand-logo-or-usage-tips-\">3.\u00a0<strong>Ampliaci\u00f3n de funciones<\/strong>: La superficie del forro est\u00e1 cubierta con\u00a0<strong>L\u00e1mina de PE de calidad alimentaria<\/strong>que puede entrar en contacto directo con el producto y admite la impresi\u00f3n del logotipo de la marca o consejos de uso.<\/h3>\n<\/li>\n<\/ul>\n<h2 id=\"-v-highly-customized-service-all-round-adaptation-from-size-to-material-\"><strong>5. Servicio altamente personalizado: adaptaci\u00f3n integral desde el tama\u00f1o hasta el material.<\/strong><\/h2>\n<ul>\n<li><strong>Tama\u00f1os<\/strong>: La caja de embalaje admite el ajuste flexible de *tama\u00f1o, y es adecuada para diferentes especificaciones, como embalaje familiar y embalaje de caja de regalo.<\/li>\n<li><strong>Ampliaci\u00f3n del color<\/strong>: Adem\u00e1s del color negro principal,\u00a0<strong>Personalizaci\u00f3n de la carta de colores Pantone<\/strong>\u00a0que admite efectos de contraste parcial o degradado.<\/li>\n<li><strong>Mejora del material<\/strong>:\u00a0<strong>Papel de imitaci\u00f3n de cuero<\/strong>,\u00a0<strong>Papel con vetas de madera<\/strong>\u00a0o\u00a0<strong>Material compuesto de metal<\/strong>\u00a0son opcionales para satisfacer las necesidades de los envases de lujo.<\/li>\n<\/ul>\n<h2 id=\"-vi-recycling-design-extend-the-life-cycle-of-packaging-\"><strong>6. Dise\u00f1o de reciclaje: Ampliar el ciclo de vida de los envases<\/strong><\/h2>\n<h3 id=\"1-structural-reinforcement-the-box-body-adopts-double-layer-corrugated-cardboard-eva-reinforced-corners-which-increases-the-load-bearing-performance-by-30-and-can-be-reused-more-than-5-times-\">1.\u00a0<strong>Refuerzo estructural<\/strong>: El cuerpo de la caja adopta\u00a0<strong>cart\u00f3n ondulado de doble capa + esquinas reforzadas con EVA<\/strong>que aumenta el rendimiento de carga en 30% y puede reutilizarse m\u00e1s de 5 veces.<\/h3>\n<h3 id=\"2-function-transformation-\">2.\u00a0<strong>Transformaci\u00f3n de funciones<\/strong>:<\/h3>\n<ul>\n<li><strong>Caja de almacenamiento<\/strong>: El forro es extra\u00edble, adecuado para guardar peque\u00f1os objetos como art\u00edculos de papeler\u00eda y joyas.<\/li>\n<li><strong>Caja de plantaci\u00f3n DIY<\/strong>: El cuerpo de la caja est\u00e1 dise\u00f1ado con orificios de ventilaci\u00f3n reservados para guiar a los consumidores a utilizarla para el cultivo de plantas ecol\u00f3gicas y transmitir el concepto de protecci\u00f3n del medio ambiente.<\/li>\n<\/ul>\n<h2 id=\"-vii-production-and-service-advantages-the-source-factory-guarantees-quality-and-cost-\"><strong>7. Ventajas de producci\u00f3n y servicio: La f\u00e1brica de origen garantiza la calidad y el coste<\/strong><\/h2>\n<h3 id=\"1-16-years-of-printing-experience-with-iso9001-quality-management-system-certification-\">1.\u00a0<strong>16 a\u00f1os de experiencia en impresi\u00f3n<\/strong>: Con\u00a0<strong>Certificaci\u00f3n del sistema de gesti\u00f3n de la calidad ISO9001<\/strong>,<\/h3>\n<h3 id=\"2-zero-cost-support-\">2.\u00a0<strong>Asistencia a coste cero<\/strong>:<\/h3>\n<ul>\n<li><strong>Dise\u00f1o libre<\/strong>: Un equipo profesional ofrece 3 conjuntos de soluciones de dise\u00f1o y entrega el primer borrador en 72 horas.<\/li>\n<li><strong>Muestras gratuitas<\/strong>: El ciclo de pruebas es de 3-5 d\u00edas, y se admite SF Express para el env\u00edo gratuito.<br \/>\n<h3 id=\"3-price-advantage-through-large-scale-raw-material-procurement-and-automated-production-lines-the-price-is-15-20-lower-than-the-market-with-the-same-quality-and-the-minimum-order-is-500-pieces-\">3.\u00a0<strong>Precio ventajoso<\/strong>: A trav\u00e9s de\u00a0<strong>adquisici\u00f3n de materias primas a gran escala<\/strong>\u00a0y\u00a0<strong>l\u00edneas de producci\u00f3n automatizadas<\/strong>El precio es 15%-20% inferior al del mercado con la misma calidad, y el pedido m\u00ednimo es de 500 piezas.<\/h3>\n<\/li>\n<\/ul>","protected":false},"excerpt":{"rendered":"<ul>\n<li id=\"1-demand-communication-provide-product-size-design-intention-or-competitive-product-reference-pictures-\">1.\u00a0<strong>Comunicaci\u00f3n de la demanda<\/strong>: Proporcione im\u00e1genes de referencia de tama\u00f1o del producto, intenci\u00f3n de dise\u00f1o o producto de la competencia.<\/li>\n<li id=\"2-scheme-design-output-3d-renderings-and-material-samples-within-3-working-days-\">2.\u00a0<strong>Dise\u00f1o del sistema<\/strong>: Salida de renderizados 3D y muestras de material en un plazo de 3 d\u00edas laborables.<\/li>\n<li id=\"3-sample-confirmation-sign-a-mass-production-contract-after-modification-to-satisfaction-\">3.\u00a0<strong>Confirmaci\u00f3n de la muestra<\/strong>: Firmar un contrato de producci\u00f3n en serie tras la modificaci\u00f3n a satisfacci\u00f3n.<\/li>\n<li>4.\u00a0<strong>Producci\u00f3n en serie<\/strong>7-15 d\u00edas para la entrega (dependiendo de la cantidad del pedido).<\/li>\n<\/ul>","protected":false},"featured_media":9396,"template":"","meta":[],"product_brand":[],"product_cat":[30,419,424,31,433],"product_tag":[1165,1164,1166],"class_list":{"0":"post-9395","1":"product","2":"type-product","3":"status-publish","4":"has-post-thumbnail","6":"product_cat-by-industry","7":"product_cat-custom-wines-spirits-boxes","8":"product_cat-magnetic-closure-boxes","9":"product_cat-paper-box-style","10":"product_cat-shipping-mailer-boxes","11":"product_tag-baking-soda-packaging","12":"product_tag-custom-beverage-packaging","13":"product_tag-custom-beverage-soda-packaging-box","15":"first","16":"instock","17":"shipping-taxable","18":"product-type-simple"},"_links":{"self":[{"href":"https:\/\/zojopackaging.com\/es\/wp-json\/wp\/v2\/product\/9395","targetHints":{"allow":["GET"]}}],"collection":[{"href":"https:\/\/zojopackaging.com\/es\/wp-json\/wp\/v2\/product"}],"about":[{"href":"https:\/\/zojopackaging.com\/es\/wp-json\/wp\/v2\/types\/product"}],"version-history":[{"count":1,"href":"https:\/\/zojopackaging.com\/es\/wp-json\/wp\/v2\/product\/9395\/revisions"}],"predecessor-version":[{"id":9402,"href":"https:\/\/zojopackaging.com\/es\/wp-json\/wp\/v2\/product\/9395\/revisions\/9402"}],"wp:featuredmedia":[{"embeddable":true,"href":"https:\/\/zojopackaging.com\/es\/wp-json\/wp\/v2\/media\/9396"}],"wp:attachment":[{"href":"https:\/\/zojopackaging.com\/es\/wp-json\/wp\/v2\/media?parent=9395"}],"wp:term":[{"taxonomy":"product_brand","embeddable":true,"href":"https:\/\/zojopackaging.com\/es\/wp-json\/wp\/v2\/product_brand?post=9395"},{"taxonomy":"product_cat","embeddable":true,"href":"https:\/\/zojopackaging.com\/es\/wp-json\/wp\/v2\/product_cat?post=9395"},{"taxonomy":"product_tag","embeddable":true,"href":"https:\/\/zojopackaging.com\/es\/wp-json\/wp\/v2\/product_tag?post=9395"}],"curies":[{"name":"wp","href":"https:\/\/api.w.org\/{rel}","templated":true}]}}