{"id":9403,"date":"2025-04-02T10:56:05","date_gmt":"2025-04-02T02:56:05","guid":{"rendered":"https:\/\/zojopackaging.com\/?post_type=product&#038;p=9403"},"modified":"2025-04-02T14:35:01","modified_gmt":"2025-04-02T06:35:01","slug":"custom-printed-press-on-nail-polish-oil-packaging-wholesale","status":"publish","type":"product","link":"https:\/\/zojopackaging.com\/es\/product\/custom-printed-press-on-nail-polish-oil-packaging-wholesale\/","title":{"rendered":"Personalizado impreso Press On esmalte de u\u00f1as de aceite de envasado al por mayor"},"content":{"rendered":"<h2 id=\"-i-embedded-magnetic-design-simple-aesthetics-and-practical-innovation-\"><strong>1. Dise\u00f1o magn\u00e9tico integrado: est\u00e9tica sencilla e innovaci\u00f3n pr\u00e1ctica<\/strong><\/h2>\n<ul>\n<li><strong>Estructura magn\u00e9tica oculta<\/strong>: Se utiliza tecnolog\u00eda magn\u00e9tica embebida, y el im\u00e1n est\u00e1 completamente encapsulado dentro del cuerpo de la caja, lo que evita el problema del f\u00e1cil desgaste y oxidaci\u00f3n de las l\u00e1minas magn\u00e9ticas expuestas tradicionales, y mejora la vida \u00fatil. La fuerza de succi\u00f3n es uniforme cuando la tapa est\u00e1 cerrada, y la sensaci\u00f3n de apertura y cierre es suave, lo que hace que el aspecto visual sea m\u00e1s sencillo y avanzado.<\/li>\n<li><strong>Garant\u00eda de proceso de precisi\u00f3n<\/strong>: El m\u00f3dulo magn\u00e9tico est\u00e1 incrustado con precisi\u00f3n mediante inyecci\u00f3n en molde para garantizar un ajuste perfecto con el cuerpo de la caja, de acuerdo con las normas de protecci\u00f3n medioambiental RoHS de la UE, y no hay riesgo de contaminaci\u00f3n por metales pesados.<\/li>\n<\/ul>\n<h2 id=\"-ii-all-black-box-body-customized-logo-to-enhance-brand-recognition-\"><strong>2. Cuerpo de la caja totalmente negro + LOGO personalizado para mejorar el reconocimiento de la marca.<\/strong><\/h2>\n<ul>\n<li><strong>Presentaci\u00f3n visual minimalista<\/strong>: El cuerpo de la caja adopta un sustrato totalmente negro, y el LOGO de la marca se destaca a trav\u00e9s de\u00a0<strong>Proceso de huecograbado UV\/estampaci\u00f3n en caliente<\/strong>y el contraste se incrementa en 300%. Admite efectos especiales como relieve, l\u00e1ser y barniz local para lograr un impacto visual de \"brillo en la noche oscura\".<\/li>\n<li><strong>Adaptaci\u00f3n multiescena<\/strong>: El sustrato negro puede combinarse con soluciones de LOGOTIPO como colores met\u00e1licos y fluorescentes, lo que resulta adecuado para l\u00edneas de lujo, l\u00edneas de lujo ligero y l\u00edneas masivas. Todas las categor\u00edas de posicionamiento.<\/li>\n<\/ul>\n<h2 id=\"-iii-intelligent-window-design-intuitive-display-and-upgraded-consumer-experience-\"><strong>3. Dise\u00f1o inteligente del escaparate: visualizaci\u00f3n intuitiva y experiencia de consumo mejorada<\/strong><\/h2>\n<ul>\n<li><strong>Ventana acr\u00edlica de alta transparencia<\/strong>: El \u00e1rea de la ventana utiliza acr\u00edlico de grado alimentario de 3 mm de espesor, con una transmitancia de luz de \u226592% y un aumento de 50% en la resistencia al impacto. Es compatible con el corte de forma especial (circular, arco, diamante), mostrando con precisi\u00f3n la curva de la botella de esmalte de u\u00f1as o el color de la muestra de arte de u\u00f1as.<\/li>\n<li><strong>Tecnolog\u00eda de sellado a prueba de polvo<\/strong>: El borde de la ventana est\u00e1 envuelto con pegamento suave TPU, combinado con el tratamiento anti-huella digital nano-revestimiento para asegurar el uso a largo plazo sin ara\u00f1azos y la acumulaci\u00f3n de niebla.<\/li>\n<\/ul>\n<h2 id=\"-iv-functional-internal-grid-system-safety-protection-and-space-management-\"><strong>4. Sistema de red interna funcional: protecci\u00f3n de la seguridad y gesti\u00f3n del espacio<\/strong><\/h2>\n<ul>\n<li><strong>Forro de rejilla EVA<\/strong>: Esponja de EVA de alta densidad personalizada (densidad 25-90g\/cm\u00b3) seg\u00fan el tipo de botella, con una precisi\u00f3n de rejilla de \u00b10,5 mm, para lograr el posicionamiento independiente de una sola botella. La prueba de resistencia a terremotos demuestra que puede soportar una presi\u00f3n vertical de 10 kg y un impacto de ca\u00edda de 1,5 m.<\/li>\n<li><strong>Combinaci\u00f3n modular<\/strong>Admite la disposici\u00f3n en capas de \"botella principal + accesorios\" (como botella de esmalte de u\u00f1as, pincel, partici\u00f3n de pegatina decorativa), el forro se puede desmontar y reorganizar, adecuado para conjuntos multiproducto de edici\u00f3n limitada de vacaciones.<\/li>\n<\/ul>\n<h2 id=\"-v-full-dimensional-customization-service-a-one-stop-solution-from-design-to-mass-production-\"><strong>5. Servicio de personalizaci\u00f3n en todas las dimensiones: una soluci\u00f3n integral desde el dise\u00f1o hasta la producci\u00f3n en serie.<\/strong><\/h2>\n<h3 id=\"1-flexible-matching-of-size-and-material-\">1.\u00a0<strong>Adaptaci\u00f3n flexible de tama\u00f1o y material<\/strong><\/h3>\n<ul>\n<li>El tama\u00f1o de la caja abarca desde la minibotella de 5 ml hasta el envase familiar de 50 ml, y admite personalizaciones no est\u00e1ndar (error \u22640,2 mm).<\/li>\n<\/ul>\n<h3 id=\"2-surface-treatment-process-library-\">2.\u00a0<strong>Biblioteca de procesos de tratamiento de superficies<\/strong><\/h3>\n<table>\n<thead>\n<tr>\n<th>Tipo de proceso<\/th>\n<th>Ejemplo de efecto<\/th>\n<th>Escenarios aplicables<\/th>\n<\/tr>\n<\/thead>\n<tbody>\n<tr>\n<td>Serigraf\u00eda + gofrado parcial UV<\/td>\n<td>LOGO t\u00e1ctil tridimensional<\/td>\n<td>Logotipo de marca de gama alta<\/td>\n<\/tr>\n<tr>\n<td>Proceso plata caliente\/negro caliente<\/td>\n<td>Serpentina con degradado oscuro<\/td>\n<td>Envases limitados para vacaciones<\/td>\n<\/tr>\n<tr>\n<td>Impresi\u00f3n digital de inyecci\u00f3n de tinta<\/td>\n<td>Restauraci\u00f3n de alta definici\u00f3n de patrones complejos<\/td>\n<td>Modelos conjuntos, serie de cooperaci\u00f3n entre artistas<\/td>\n<\/tr>\n<\/tbody>\n<\/table>\n<h3 id=\"3-intelligent-production-system-\">3.\u00a0<strong>Sistema de producci\u00f3n inteligente<\/strong><\/h3>\n<ul>\n<li><strong>Prueba de 48 horas<\/strong>: Gracias a la l\u00ednea de impresi\u00f3n UV de 7 colores de Heidelberg, la troqueladora totalmente autom\u00e1tica y otros equipos, la cantidad m\u00ednima de pedido es de 100 unidades.<\/li>\n<li><strong>Triple control de calidad<\/strong>: Inspecci\u00f3n de entrada de materias primas (certificaci\u00f3n SGS) + inspecci\u00f3n AI del proceso de producci\u00f3n (tasa de reconocimiento de defectos 99,9%) + prueba de temperatura y humedad constantes durante 48 horas antes del env\u00edo.<\/li>\n<\/ul>","protected":false},"excerpt":{"rendered":"<ul>\n<li><strong>Cero diferencia de precios entre intermediarios<\/strong>: Base de producci\u00f3n propia de 50.000\u33a1, capacidad de producci\u00f3n diaria de 2 millones de piezas, el precio de la misma calidad es 30% inferior al del mercado.<\/li>\n<li><strong>Servicio gratuito de valor a\u00f1adido<\/strong>:<\/li>\n<li><strong>Pre-presentaci\u00f3n de modelado 3D<\/strong>: Proporcionar renders de embalaje, diagramas de explosi\u00f3n estructural y muestrarios de materiales.<\/li>\n<li><strong>Apoyo log\u00edstico global<\/strong>: Log\u00edstica de l\u00ednea dedicada Europa\/Norteam\u00e9rica, integraci\u00f3n de despacho de aduanas DDP.<\/li>\n<\/ul>","protected":false},"featured_media":9415,"template":"","meta":[],"product_brand":[],"product_cat":[30,390,424,31],"product_tag":[1168,1167,639],"class_list":{"0":"post-9403","1":"product","2":"type-product","3":"status-publish","4":"has-post-thumbnail","6":"product_cat-by-industry","7":"product_cat-custom-cosmetics-boxes","8":"product_cat-magnetic-closure-boxes","9":"product_cat-paper-box-style","10":"product_tag-custom-press-on-nail-packaging-wholesale","11":"product_tag-nail-polish-oil-packaging","12":"product_tag-press-on-nail-packaging","14":"first","15":"instock","16":"shipping-taxable","17":"product-type-simple"},"_links":{"self":[{"href":"https:\/\/zojopackaging.com\/es\/wp-json\/wp\/v2\/product\/9403","targetHints":{"allow":["GET"]}}],"collection":[{"href":"https:\/\/zojopackaging.com\/es\/wp-json\/wp\/v2\/product"}],"about":[{"href":"https:\/\/zojopackaging.com\/es\/wp-json\/wp\/v2\/types\/product"}],"version-history":[{"count":1,"href":"https:\/\/zojopackaging.com\/es\/wp-json\/wp\/v2\/product\/9403\/revisions"}],"predecessor-version":[{"id":9418,"href":"https:\/\/zojopackaging.com\/es\/wp-json\/wp\/v2\/product\/9403\/revisions\/9418"}],"wp:featuredmedia":[{"embeddable":true,"href":"https:\/\/zojopackaging.com\/es\/wp-json\/wp\/v2\/media\/9415"}],"wp:attachment":[{"href":"https:\/\/zojopackaging.com\/es\/wp-json\/wp\/v2\/media?parent=9403"}],"wp:term":[{"taxonomy":"product_brand","embeddable":true,"href":"https:\/\/zojopackaging.com\/es\/wp-json\/wp\/v2\/product_brand?post=9403"},{"taxonomy":"product_cat","embeddable":true,"href":"https:\/\/zojopackaging.com\/es\/wp-json\/wp\/v2\/product_cat?post=9403"},{"taxonomy":"product_tag","embeddable":true,"href":"https:\/\/zojopackaging.com\/es\/wp-json\/wp\/v2\/product_tag?post=9403"}],"curies":[{"name":"wp","href":"https:\/\/api.w.org\/{rel}","templated":true}]}}