{"id":9419,"date":"2025-04-02T14:35:15","date_gmt":"2025-04-02T06:35:15","guid":{"rendered":"https:\/\/zojopackaging.com\/?post_type=product&#038;p=9419"},"modified":"2025-04-02T15:05:38","modified_gmt":"2025-04-02T07:05:38","slug":"luxury-gourmet-chocolate-cookie-macaron-packaging-gift-boxes","status":"publish","type":"product","link":"https:\/\/zojopackaging.com\/es\/product\/luxury-gourmet-chocolate-cookie-macaron-packaging-gift-boxes\/","title":{"rendered":"Cajas de regalo de lujo para envasar macarons de galleta de chocolate gourmet"},"content":{"rendered":"<h2 id=\"-1-pink-flip-box-design-a-soft-and-luxurious-visual-presentation-\"><strong>1. Dise\u00f1o de caja de regalo tipo almeja de color rosa: una presentaci\u00f3n visual suave y lujosa.<\/strong><\/h2>\n<p>El rosa de alta saturaci\u00f3n se utiliza como color principal, y la estructura flip va a juego para dar a la caja de embalaje una experiencia visual suave y c\u00e1lida, al tiempo que resalta la exquisitez y la tonalidad de moda del producto. La superficie de la caja puede ser de materiales mates o nacarados para realzar el tacto y los sutiles cambios de nivel bajo la luz, asegurando que destaque en la estanter\u00eda cuando se exponga. El dise\u00f1o de apertura y cierre abatible no s\u00f3lo es c\u00f3modo de usar, sino que tambi\u00e9n realza la sensaci\u00f3n de ceremonia gracias a la hebilla magn\u00e9tica oculta en el interior de la tapa de la caja, que se ajusta al posicionamiento de regalo de gama alta.<\/p>\n<h2 id=\"-2-ribbon-accessories-the-finishing-touch-of-artistic-beauty-\"><strong>2. Accesorios de cintas: el toque final de la belleza art\u00edstica<\/strong><\/h2>\n<p>La parte superior de la caja de embalaje va a juego con una cinta de raso del mismo color, y la forma de lazo o borla realza el nivel y el arte. La cinta puede estar hecha de materiales reciclados respetuosos con el medio ambiente, y admite estampaci\u00f3n en caliente, texto en relieve y otros procesos, integrando logotipos de marca o bendiciones, y transmitiendo elegancia y cuidado. El dise\u00f1o de la cinta tambi\u00e9n puede utilizarse como asa para cajas de regalo, que es a la vez funcional y decorativa, y satisface las necesidades de los regalos navide\u00f1os o los escenarios de consumo diario.<\/p>\n<h2 id=\"-3-impact-resistant-plastic-inner-tray-practical-and-environmentally-friendly-\"><strong>3. Bandeja interior de pl\u00e1stico resistente a los impactos: pr\u00e1ctica y respetuosa con el medio ambiente<\/strong><\/h2>\n<p>La bandeja interior est\u00e1 fabricada con material bl\u00edster de PET de calidad alimentaria, que tiene una excelente resistencia a los impactos y transparencia. Puede fijar firmemente cada macaron o galleta de chocolate para evitar da\u00f1os por colisi\u00f3n durante el transporte. La bandeja interior es reutilizable, y los usuarios pueden transformarla en caja de almacenaje o joyero para ampliar el ciclo de vida del envase y hacerse eco del concepto de sostenibilidad. La forma del forro admite una gran personalizaci\u00f3n, como la estructura en forma de coraz\u00f3n, circular o en capas, que se adapta perfectamente a productos de distintos tama\u00f1os y formas.<\/p>\n<h2 id=\"-4-double-sided-printing-two-way-interaction-between-brand-and-user-\"><strong>4. Impresi\u00f3n a doble cara: interacci\u00f3n bidireccional entre marca y usuario<\/strong><\/h2>\n<p>La caja del envase est\u00e1 dise\u00f1ada con impresi\u00f3n a doble cara. La cara frontal muestra el producto con una ilustraci\u00f3n o un estilo minimalista, como un patr\u00f3n de colores de macaron pintado a mano o una escena de la historia de la marca; la cara posterior lleva impresa una lista de ingredientes, sugerencias de comidas e informaci\u00f3n sobre la cultura de la marca para aumentar la confianza de los usuarios en la calidad. El proceso de impresi\u00f3n se realiza en offset. El proceso de impresi\u00f3n admite impresi\u00f3n offset, glaseado local UV, estampado en caliente y otros efectos para garantizar que los gr\u00e1ficos sean claros y resistentes al desgaste.<\/p>\n<h2 id=\"-5-highly-customized-meet-diverse-needs-\"><strong>5. Altamente personalizados: responden a necesidades diversas<\/strong><\/h2>\n<ul>\n<li><strong>Tama\u00f1o y estructura<\/strong>Ofrecemos una gran variedad de tipos de cajas, como las de caj\u00f3n, tapa, ventana, etc., con especificaciones de 5 a 12 piezas, adecuadas para la venta al por menor y para cajas de regalo.<\/li>\n<li><strong>Selecci\u00f3n de materiales<\/strong>: Adem\u00e1s del cart\u00f3n blanco b\u00e1sico, se puede elegir papel kraft ecol\u00f3gico, papel especial mate o material compuesto de textura met\u00e1lica para mejorar el grado del envase.<\/li>\n<li><strong>Tecnolog\u00eda de superficie<\/strong>admiten gofrado, relieve, laminado nacarado y otros efectos, como la superficie rosa de la caja superpuesta con LOGO estampado en caliente para mejorar el reconocimiento de la marca.<\/li>\n<li><strong>Combinaci\u00f3n de colores<\/strong>Impresi\u00f3n de colores planos Pantone: utiliza la impresi\u00f3n de colores planos Pantone para restablecer con precisi\u00f3n el sistema de colores de la marca, y admite la combinaci\u00f3n de colores degradados o macaron.<\/li>\n<\/ul>","protected":false},"excerpt":{"rendered":"<ul>\n<li><strong>Muestras gratuitas<\/strong>: Obtenga muestras f\u00edsicas antes de realizar un pedido para experimentar intuitivamente el material y la artesan\u00eda.<\/li>\n<li><strong>Dise\u00f1o libre<\/strong>: El equipo de dise\u00f1adores personaliza las ilustraciones, los dise\u00f1os y las estructuras en funci\u00f3n de las caracter\u00edsticas del producto para garantizar el equilibrio entre est\u00e9tica y funcionalidad.<\/li>\n<li><strong>Alto rendimiento econ\u00f3mico<\/strong>: La producci\u00f3n a gran escala reduce los precios unitarios, con un pedido m\u00ednimo de 500 piezas y soporte para un servicio acelerado.<\/li>\n<li><strong>Garant\u00eda de calidad<\/strong>: El certificado de seguridad alimentaria garantiza que la caja de embalaje no es t\u00f3xica, no tiene olor y cumple las normas internacionales de transporte.<\/li>\n<\/ul>","protected":false},"featured_media":9425,"template":"","meta":[],"product_brand":[],"product_cat":[30,422,424,31],"product_tag":[1170,1169,1171],"class_list":{"0":"post-9419","1":"product","2":"type-product","3":"status-publish","4":"has-post-thumbnail","6":"product_cat-by-industry","7":"product_cat-custom-gourmet-boxes-by-industry","8":"product_cat-magnetic-closure-boxes","9":"product_cat-paper-box-style","10":"product_tag-chocolate-cookie-gift-boxes","11":"product_tag-gourmet-packaging-boxes","12":"product_tag-macaron-packaging-gift-boxes","14":"first","15":"instock","16":"shipping-taxable","17":"product-type-simple"},"_links":{"self":[{"href":"https:\/\/zojopackaging.com\/es\/wp-json\/wp\/v2\/product\/9419","targetHints":{"allow":["GET"]}}],"collection":[{"href":"https:\/\/zojopackaging.com\/es\/wp-json\/wp\/v2\/product"}],"about":[{"href":"https:\/\/zojopackaging.com\/es\/wp-json\/wp\/v2\/types\/product"}],"version-history":[{"count":2,"href":"https:\/\/zojopackaging.com\/es\/wp-json\/wp\/v2\/product\/9419\/revisions"}],"predecessor-version":[{"id":9427,"href":"https:\/\/zojopackaging.com\/es\/wp-json\/wp\/v2\/product\/9419\/revisions\/9427"}],"wp:featuredmedia":[{"embeddable":true,"href":"https:\/\/zojopackaging.com\/es\/wp-json\/wp\/v2\/media\/9425"}],"wp:attachment":[{"href":"https:\/\/zojopackaging.com\/es\/wp-json\/wp\/v2\/media?parent=9419"}],"wp:term":[{"taxonomy":"product_brand","embeddable":true,"href":"https:\/\/zojopackaging.com\/es\/wp-json\/wp\/v2\/product_brand?post=9419"},{"taxonomy":"product_cat","embeddable":true,"href":"https:\/\/zojopackaging.com\/es\/wp-json\/wp\/v2\/product_cat?post=9419"},{"taxonomy":"product_tag","embeddable":true,"href":"https:\/\/zojopackaging.com\/es\/wp-json\/wp\/v2\/product_tag?post=9419"}],"curies":[{"name":"wp","href":"https:\/\/api.w.org\/{rel}","templated":true}]}}