{"id":9428,"date":"2025-04-02T15:05:47","date_gmt":"2025-04-02T07:05:47","guid":{"rendered":"https:\/\/zojopackaging.com\/?post_type=product&#038;p=9428"},"modified":"2025-04-02T15:30:57","modified_gmt":"2025-04-02T07:30:57","slug":"custom-apparel-t-shirt-clothing-paper-tube-packaging-factory","status":"publish","type":"product","link":"https:\/\/zojopackaging.com\/es\/product\/custom-apparel-t-shirt-clothing-paper-tube-packaging-factory\/","title":{"rendered":"F\u00e1brica de envases de tubo de papel para camisetas de ropa a medida"},"content":{"rendered":"<h2 id=\"-1-innovative-structural-design-upper-and-lower-split-cylindrical-box-one-handed-opening-and-closing-is-more-convenient-\"><strong>1. Dise\u00f1o estructural innovador: caja cil\u00edndrica dividida superior e inferior, apertura y cierre con una sola mano es m\u00e1s conveniente.<\/strong><\/h2>\n<ol>\n<li><strong>Estructura dividida patentada<\/strong>: El dise\u00f1o cil\u00edndrico dividido superior e inferior, combinado con ranuras gu\u00eda de precisi\u00f3n y mecanismos de fijaci\u00f3n, puede abrirse y cerrarse f\u00e1cilmente con una sola mano, lo que evita la engorrosa operaci\u00f3n de las cajas de embalaje tradicionales y mejora la experiencia de desembalaje de los consumidores.<\/li>\n<li><strong>Gran adaptabilidad<\/strong>: El espacio interior se puede ajustar de forma flexible para adaptarse a una gran variedad de tipos de ropa, como mangas cortas, chaquetas, jers\u00e9is, faldas, etc., y el dise\u00f1o de almacenamiento en capas o plegado garantiza que la ropa quede plana y sin arrugas.<\/li>\n<li><strong>Optimizaci\u00f3n de detalles<\/strong>: El borde del cuerpo de la caja adopta la tecnolog\u00eda de corte de alta precisi\u00f3n, que es suave y sin rebabas, combinado con el recubrimiento de pel\u00edcula mate, el tacto es delicado, transmitiendo la textura de gama alta de la marca.<\/li>\n<\/ol>\n<h2 id=\"-2-printing-and-technology-professional-equipment-customized-technology-double-improvement-of-quality-and-visual-\"><strong>2. Impresi\u00f3n y tecnolog\u00eda: equipos profesionales + tecnolog\u00eda personalizada, doble mejora de calidad y visual.<\/strong><\/h2>\n<ol>\n<li><strong>Impresi\u00f3n en cuatricrom\u00eda + tecnolog\u00eda de pel\u00edcula mate<\/strong>: Adopta la m\u00e1quina de impresi\u00f3n de cuatro colores Heidelberg, restauraci\u00f3n precisa del color CMYK, tratamiento de pel\u00edcula mate superpuesta, saturaci\u00f3n de color aumentada por 30%, y propiedades antiara\u00f1azos y antihuellas.<\/li>\n<li><strong>Opciones avanzadas de proceso<\/strong>:<\/li>\n<li><strong>Estampaci\u00f3n en caliente\/estampaci\u00f3n en plata<\/strong>Adecuado para el logotipo o motivo de la marca, mejora el impacto visual (como el efecto brillante de lujo).<\/li>\n<li><strong>En relieve\/gofrado<\/strong>: resaltan los detalles del dise\u00f1o mediante la tecnolog\u00eda de relieve tridimensional, con distintos niveles t\u00e1ctiles, id\u00f3neos para el posicionamiento de marcas de gama alta.<\/li>\n<li><strong>Certificaci\u00f3n medioambiental<\/strong>: El papel utiliza papel doble cobre de 230 g o papel kraft reciclado, ha pasado certificaciones medioambientales internacionales como SGS y BV, y tiene en cuenta tanto la textura como la sostenibilidad.<\/li>\n<\/ol>\n<h2 id=\"-iii-design-service-diverse-styles-precise-matching-of-brand-tone-\"><strong>3. Servicio de dise\u00f1o: diversos estilos, adaptaci\u00f3n precisa al tono de la marca<\/strong><\/h2>\n<ol>\n<li><strong>Soporte completo para el dise\u00f1o de cajas<\/strong>: Proporcionar CDR, AI y otros servicios de dise\u00f1o de archivos de origen, cubriendo una variedad de estilos como la simplicidad, la tendencia nacional, el minimalismo, los negocios, etc., y personalizar visuales exclusivos en combinaci\u00f3n con las caracter\u00edsticas de los productos de ropa (como colores vibrantes para camisetas, texturas elegantes para su\u00e9teres).<\/li>\n<li><strong>Potenciaci\u00f3n cultural<\/strong>: Puede integrar historias de marca, elementos regionales o dise\u00f1os conjuntos de PI, como patrones de bordado de estilo nacional, ilustraciones de moda, etc., para potenciar la resonancia emocional.<\/li>\n<li><strong>Pruebas inteligentes<\/strong>: Proporcione renderizados en 3D y muestras f\u00edsicas en un plazo de 48 horas para garantizar que el grado de restauraci\u00f3n del dise\u00f1o alcanza m\u00e1s de 98%.<\/li>\n<\/ol>\n<h2 id=\"-iv-production-and-delivery-16-years-of-foreign-trade-experience-one-stop-worry-free-service-\"><strong>4. Producci\u00f3n y entrega: 16 a\u00f1os de experiencia en comercio exterior, servicio integral sin preocupaciones.<\/strong><\/h2>\n<ol>\n<li><strong>Control total del proceso<\/strong>: Desde el dise\u00f1o, la selecci\u00f3n de materiales y la producci\u00f3n hasta la log\u00edstica, todo el proceso est\u00e1 supervisado por el sistema de gesti\u00f3n de calidad ISO, con una cantidad m\u00ednima de pedido de tan s\u00f3lo 3.000 unidades, y se admite la personalizaci\u00f3n de lotes peque\u00f1os.<\/li>\n<li><strong>Experiencia en comercio exterior<\/strong>: Familiarizados con las normas del mercado en Europa, Am\u00e9rica, Sudeste Asi\u00e1tico, etc., proporcionando soluciones de embalaje de calidad para la exportaci\u00f3n, como la certificaci\u00f3n FSC y el tratamiento antihumedad, con una capacidad de producci\u00f3n anual de m\u00e1s de 5 millones de piezas.<\/li>\n<li><strong>Entrega eficaz<\/strong>: Los pedidos regulares se pueden completar en 7-10 d\u00edas, los pedidos urgentes se pueden acelerar a 5 d\u00edas, y admiten el env\u00edo directo global\/transporte a\u00e9reo.<\/li>\n<\/ol>\n<h2 id=\"-v-case-and-value-core-partner-to-enhance-brand-added-value-\"><strong>5. Caso y valor: Socio principal para potenciar el valor a\u00f1adido de la marca<\/strong><\/h2>\n<ul>\n<li><strong>Caso de referencia<\/strong>: Embalaje de tubo de papel plegable y ecol\u00f3gico personalizado para una marca internacional de moda r\u00e1pida, que redujo los costes log\u00edsticos en 20% y aument\u00f3 la tasa de recompra en 15% gracias a la tecnolog\u00eda de estampaci\u00f3n en caliente.<\/li>\n<li><strong>Ampliaci\u00f3n del valor<\/strong>: Las cajas de embalaje pueden reutilizarse como accesorios de almacenamiento y exposici\u00f3n en el hogar para ampliar el ciclo de exposici\u00f3n de la marca.<\/li>\n<\/ul>","protected":false},"excerpt":{"rendered":"<p>1. Yuantong caja de embalaje adopta una estructura dividida, que se puede abrir y cerrar con una mano, que es conveniente para tomar y mejorar la experiencia de unboxing<br \/>\n2. Adecuado para varios tipos de productos de confecci\u00f3n, como camisas de manga corta, chaquetas, jers\u00e9is, faldas, etc.<br \/>\n3. Impresi\u00f3n en cuatricrom\u00eda + pel\u00edcula mate, impresi\u00f3n con m\u00e1quina de impresi\u00f3n Heidelberg, colores vivos y brillantes.<br \/>\n4. Varios estilos de dise\u00f1o se puede personalizar de acuerdo a los requisitos para que coincida perfectamente con sus productos de ropa<\/p>","protected":false},"featured_media":9429,"template":"","meta":[],"product_brand":[],"product_cat":[30,414,31,429],"product_tag":[1174,1172,1173],"class_list":{"0":"post-9428","1":"product","2":"type-product","3":"status-publish","4":"has-post-thumbnail","6":"product_cat-by-industry","7":"product_cat-custom-apparel-boxes","8":"product_cat-paper-box-style","9":"product_cat-paper-tube-boxes","10":"product_tag-clothing-packaging-boxes-factory","11":"product_tag-custom-apparel-packaging","12":"product_tag-t-shirt-paper-tube-packaging","14":"first","15":"instock","16":"shipping-taxable","17":"product-type-simple"},"_links":{"self":[{"href":"https:\/\/zojopackaging.com\/es\/wp-json\/wp\/v2\/product\/9428","targetHints":{"allow":["GET"]}}],"collection":[{"href":"https:\/\/zojopackaging.com\/es\/wp-json\/wp\/v2\/product"}],"about":[{"href":"https:\/\/zojopackaging.com\/es\/wp-json\/wp\/v2\/types\/product"}],"version-history":[{"count":1,"href":"https:\/\/zojopackaging.com\/es\/wp-json\/wp\/v2\/product\/9428\/revisions"}],"predecessor-version":[{"id":9435,"href":"https:\/\/zojopackaging.com\/es\/wp-json\/wp\/v2\/product\/9428\/revisions\/9435"}],"wp:featuredmedia":[{"embeddable":true,"href":"https:\/\/zojopackaging.com\/es\/wp-json\/wp\/v2\/media\/9429"}],"wp:attachment":[{"href":"https:\/\/zojopackaging.com\/es\/wp-json\/wp\/v2\/media?parent=9428"}],"wp:term":[{"taxonomy":"product_brand","embeddable":true,"href":"https:\/\/zojopackaging.com\/es\/wp-json\/wp\/v2\/product_brand?post=9428"},{"taxonomy":"product_cat","embeddable":true,"href":"https:\/\/zojopackaging.com\/es\/wp-json\/wp\/v2\/product_cat?post=9428"},{"taxonomy":"product_tag","embeddable":true,"href":"https:\/\/zojopackaging.com\/es\/wp-json\/wp\/v2\/product_tag?post=9428"}],"curies":[{"name":"wp","href":"https:\/\/api.w.org\/{rel}","templated":true}]}}