{"id":9436,"date":"2025-04-02T15:31:14","date_gmt":"2025-04-02T07:31:14","guid":{"rendered":"https:\/\/zojopackaging.com\/?post_type=product&#038;p=9436"},"modified":"2025-04-02T15:56:36","modified_gmt":"2025-04-02T07:56:36","slug":"luxury-pink-cosmetic-makeup-kit-rigid-gift-box-manufacturer","status":"publish","type":"product","link":"https:\/\/zojopackaging.com\/es\/product\/luxury-pink-cosmetic-makeup-kit-rigid-gift-box-manufacturer\/","title":{"rendered":"Kit de maquillaje cosm\u00e9tico rosa de lujo Caja de regalo r\u00edgida Fabricante"},"content":{"rendered":"<h2 id=\"-i-magnetic-box-design-a-fusion-of-sophistication-and-convenience-\"><strong>1. Dise\u00f1o de caja con cierre magn\u00e9tico: una fusi\u00f3n de sofisticaci\u00f3n y comodidad.<\/strong><\/h2>\n<ul>\n<li><strong>Tecnolog\u00eda de adsorci\u00f3n autom\u00e1tica magn\u00e9tica<\/strong>: La estructura magn\u00e9tica patentada permite cerrar la tapa con un ligero toque y abrirla y cerrarla con una sola mano, al tiempo que evita la apertura accidental.<\/li>\n<li><strong>Optimizaci\u00f3n ergon\u00f3mica<\/strong>: El innovador dise\u00f1o estructural de la tapa en forma de L y el cuerpo triangular de la caja est\u00e1 lleno de capas, y el proceso de apertura est\u00e1 lleno de ritual.<\/li>\n<li><strong>Selecci\u00f3n de materiales<\/strong>: Cajas de piel personalizables o materiales duros respetuosos con el medio ambiente, con un delicado revestimiento aterciopelado o mate en la superficie, de tacto de alta calidad y resistentes al desgaste.<\/li>\n<\/ul>\n<h2 id=\"-ii-abstract-art-printing-conveying-the-deep-concept-of-the-brand-\"><strong>2. Impresi\u00f3n de arte abstracto: transmite el concepto profundo de la marca.<\/strong><\/h2>\n<ul>\n<li><strong>Dise\u00f1o de patrones simb\u00f3licos<\/strong>: A trav\u00e9s de la met\u00e1fora de l\u00edneas abstractas, texturas geom\u00e9tricas o elementos naturales (como auroras, ondulaciones), se interpreta el concepto central de la marca (como la est\u00e9tica natural, tecnol\u00f3gica u oriental).<\/li>\n<li><strong>Proceso de impresi\u00f3n multicolor<\/strong>: La tecnolog\u00eda de impresi\u00f3n UV de alta precisi\u00f3n se utiliza para asegurar que el color del patr\u00f3n est\u00e1 saturado y en capas, y la base de color rosa degradado se empareja para crear una experiencia visual curativa.<\/li>\n<li><strong>Funci\u00f3n de impresi\u00f3n a doble cara<\/strong>: El LOGOTIPO de la marca y los elementos abstractos se imprimen en la parte delantera, y las instrucciones de uso o los logotipos de protecci\u00f3n medioambiental se presentan claramente en la parte trasera con tecnolog\u00eda de estampaci\u00f3n en caliente\/plata caliente, teniendo en cuenta tanto la belleza como la practicidad.<\/li>\n<\/ul>\n<h2 id=\"-three-color-and-craftsmanship-high-end-texture-details-presentation-\"><strong>3. Color y artesan\u00eda: presentaci\u00f3n de detalles de textura de alta gama<\/strong><\/h2>\n<ul>\n<li><strong>Esquema rosa de baja saturaci\u00f3n<\/strong>: Bas\u00e1ndose en la psicolog\u00eda del color, se seleccionan tonos de baja fatiga visual, como el polvo de niebla suave y el rosa coral, combinados con una textura mate, para transmitir una tonalidad de marca suave y lujosa.<\/li>\n<li><strong>Tecnolog\u00eda de estampaci\u00f3n en caliente\/plata caliente<\/strong>: La estampaci\u00f3n en caliente tridimensional se aplica al borde de la tapa de la caja, al LOGO o a la parte de texto para mostrar claramente las fuentes peque\u00f1as y reforzar el posicionamiento de alta gama.<\/li>\n<li><strong>Tratamiento de superficies<\/strong>: Efectos perlados, esmerilados, en relieve 3D y otros opcionales para realzar el sentido tridimensional del tacto y la vista.<\/li>\n<\/ul>\n<h2 id=\"-four-highly-customized-services-full-link-support-from-design-to-production-\"><strong>4. Servicios altamente personalizados: asistencia completa desde el dise\u00f1o hasta la producci\u00f3n.<\/strong><\/h2>\n<ul>\n<li><strong>Dimensiones de personalizaci\u00f3n flexibles<\/strong>: Admite el ajuste bajo demanda del tama\u00f1o, el material, el color (ajuste preciso de las cartas de colores Pantone) y la tecnolog\u00eda de superficie (como l\u00e1ser, UV local).<\/li>\n<li><strong>Soluci\u00f3n integral<\/strong>: Env\u00edo directo desde la f\u00e1brica de Shenzhen, eliminando intermediarios, reduciendo costes de comunicaci\u00f3n y tiempo; proporcionando muestras gratuitas y confirmaci\u00f3n de borrador de dise\u00f1o en 3D para garantizar un error cero entre el producto acabado y el producto esperado.<\/li>\n<li><strong>Protecci\u00f3n del medio ambiente y econom\u00eda<\/strong>: Adopci\u00f3n de materiales reciclables y tecnolog\u00eda de impresi\u00f3n a doble cara para reducir el derroche de recursos y cumplir las normas medioambientales internacionales.<\/li>\n<\/ul>\n<h2 id=\"-v-brand-cooperation-cases-and-added-value-\"><strong>5. Casos de cooperaci\u00f3n entre marcas y valor a\u00f1adido<\/strong><\/h2>\n<ul>\n<li><strong>Casos de \u00e9xito<\/strong>: Dise\u00f1ado cajas de regalo para muchas marcas internacionales de belleza, tales como caja de joyer\u00eda magn\u00e9tica caja de regalo crema anti-envejecimiento (caja exterior de terciopelo + LOGO estampaci\u00f3n en caliente), la esencia de tinta abstracta conjunto (impresi\u00f3n a doble cara + bandeja interior de madera), etc.<\/li>\n<li><strong>Servicios de valor a\u00f1adido<\/strong>: Puede integrar elementos sensoriales como tarjetas de fragancias y efectos sonoros de apertura de cajas magn\u00e9ticas para potenciar el ritual de desembalaje y los puntos de recuerdo de la marca.<\/li>\n<\/ul>","protected":false},"excerpt":{"rendered":"<p>1. Caja de cierre magn\u00e9tico Adsorci\u00f3n magn\u00e9tica de alineaci\u00f3n autom\u00e1tica Apertura y cierre sencillos, f\u00e1cil de manejar con una sola mano, realzando la exquisitez y el sentido de la moda del producto.<br \/>\n2. Los elementos de impresi\u00f3n abstractos son altamente simb\u00f3licos y pueden transmitir ideas profundas a trav\u00e9s de met\u00e1foras para atraer la atenci\u00f3n de los consumidores.<br \/>\n3. El rosa reduce la fatiga visual y crea una atm\u00f3sfera relajante y curativa, que responde a la fantas\u00eda de las cajas de envases de cosm\u00e9ticos<br \/>\n4. el proceso de estampaci\u00f3n en caliente en oro puede mostrar claramente textos peque\u00f1os, adecuado para marcas de gama alta<\/p>","protected":false},"featured_media":9437,"template":"","meta":[],"product_brand":[],"product_cat":[30,390,424,31],"product_tag":[1175,1177,1176],"class_list":{"0":"post-9436","1":"product","2":"type-product","3":"status-publish","4":"has-post-thumbnail","6":"product_cat-by-industry","7":"product_cat-custom-cosmetics-boxes","8":"product_cat-magnetic-closure-boxes","9":"product_cat-paper-box-style","10":"product_tag-cosmetic-gift-box","11":"product_tag-luxury-cosmetic-box-manufacturer","12":"product_tag-makeup-kit-rigid-box","14":"first","15":"instock","16":"shipping-taxable","17":"product-type-simple"},"_links":{"self":[{"href":"https:\/\/zojopackaging.com\/es\/wp-json\/wp\/v2\/product\/9436","targetHints":{"allow":["GET"]}}],"collection":[{"href":"https:\/\/zojopackaging.com\/es\/wp-json\/wp\/v2\/product"}],"about":[{"href":"https:\/\/zojopackaging.com\/es\/wp-json\/wp\/v2\/types\/product"}],"version-history":[{"count":2,"href":"https:\/\/zojopackaging.com\/es\/wp-json\/wp\/v2\/product\/9436\/revisions"}],"predecessor-version":[{"id":9446,"href":"https:\/\/zojopackaging.com\/es\/wp-json\/wp\/v2\/product\/9436\/revisions\/9446"}],"wp:featuredmedia":[{"embeddable":true,"href":"https:\/\/zojopackaging.com\/es\/wp-json\/wp\/v2\/media\/9437"}],"wp:attachment":[{"href":"https:\/\/zojopackaging.com\/es\/wp-json\/wp\/v2\/media?parent=9436"}],"wp:term":[{"taxonomy":"product_brand","embeddable":true,"href":"https:\/\/zojopackaging.com\/es\/wp-json\/wp\/v2\/product_brand?post=9436"},{"taxonomy":"product_cat","embeddable":true,"href":"https:\/\/zojopackaging.com\/es\/wp-json\/wp\/v2\/product_cat?post=9436"},{"taxonomy":"product_tag","embeddable":true,"href":"https:\/\/zojopackaging.com\/es\/wp-json\/wp\/v2\/product_tag?post=9436"}],"curies":[{"name":"wp","href":"https:\/\/api.w.org\/{rel}","templated":true}]}}