{"id":9447,"date":"2025-04-02T15:56:50","date_gmt":"2025-04-02T07:56:50","guid":{"rendered":"https:\/\/zojopackaging.com\/?post_type=product&#038;p=9447"},"modified":"2025-04-02T16:20:38","modified_gmt":"2025-04-02T08:20:38","slug":"luxury-wedding-garment-clothing-dress-gown-packaging-box","status":"publish","type":"product","link":"https:\/\/zojopackaging.com\/es\/product\/luxury-wedding-garment-clothing-dress-gown-packaging-box\/","title":{"rendered":"Lujoso Vestido de Novia Vestido de Novia Caja de Embalaje"},"content":{"rendered":"<h2 id=\"-1-pull-out-box-design-sliding-opening-and-closing-to-enhance-the-sense-of-unboxing-ceremony-\"><strong>1. Dise\u00f1o de la caja de cajones: apertura y cierre deslizantes para realzar la sensaci\u00f3n de ceremonia unboxing.<\/strong><\/h2>\n<p>La estructura de apertura y cierre extra\u00edble deslizante es f\u00e1cil y suave de manejar. Los usuarios pueden abrir f\u00e1cilmente la caja y ver directamente la delicada estructura del vestido de novia en su interior (como la ventana transparente o el dise\u00f1o de exposici\u00f3n en capas). Este dise\u00f1o no s\u00f3lo protege la ropa de ser estrujada, sino que tambi\u00e9n aumenta la sorpresa de la experiencia de unboxing a trav\u00e9s de la visualizaci\u00f3n progresiva, que se ajusta a la atm\u00f3sfera rom\u00e1ntica de la escena de la boda.<\/p>\n<h2 id=\"-3-soft-pink-box-body-and-brand-logo-\"><strong>2. Cuerpo de caja rosa suave y logotipo de la marca<\/strong><\/h2>\n<p>El cuerpo de la caja adopta un dise\u00f1o rosa degradado, y presenta una suave capa de color mediante el proceso de impresi\u00f3n superpuesta de papel estucado C2S de 157 g, con efecto mate o parcial de estampaci\u00f3n en caliente, creando una experiencia visual c\u00e1lida y rom\u00e1ntica. El logotipo de la marca se imprime en un lugar destacado de la superficie de la caja, combinado con la tecnolog\u00eda de gofrado o UV para reforzar el punto de recuerdo de la marca y transmitir el concepto de personalizaci\u00f3n de alta gama de la marca.<\/p>\n<h2 id=\"-5-highly-customized-service-\"><strong>3. Servicio altamente personalizado<\/strong><\/h2>\n<p>Desde el tipo de caja y el tama\u00f1o hasta la tecnolog\u00eda de la superficie (como la estampaci\u00f3n en caliente con l\u00e1mina de oro o la textura en relieve), puede personalizarse seg\u00fan las necesidades. Por ejemplo: caja en forma de coraz\u00f3n con talla hueca, o caja abatible en forma de libro con dise\u00f1o de ventana transparente, adaptada con precisi\u00f3n a diferentes estilos, como vestidos de novia de cola larga y vestidos entallados. Admite la impresi\u00f3n de colores planos Pantone para garantizar la uniformidad del color de la marca.<\/p>\n<h2 id=\"-6-international-level-printing-technology-perfect-details-\"><strong>4. Tecnolog\u00eda de impresi\u00f3n de nivel internacional, detalles perfectos<\/strong><\/h2>\n<p>Gracias al uso de equipos de impresi\u00f3n alemanes Heidelberg, combinados con la tecnolog\u00eda digital de inyecci\u00f3n de tinta UV, el estampado tiene una gran saturaci\u00f3n de color y l\u00edneas claras. Los procesos especiales, como el l\u00e1ser parcial y el estampado en 3D, pueden resaltar el lujoso posicionamiento de la marca de vestidos de novia. Por ejemplo, la serigraf\u00eda se superpone a la parte del logotipo para realzar el tacto y el sentido tridimensional.<\/p>\n<h2 id=\"-7-16-year-source-factory-full-process-escort-\"><strong>5. F\u00e1brica de origen de 16 a\u00f1os, escolta de proceso completo<\/strong><\/h2>\n<p>Como fabricante de envases con 16 a\u00f1os de experiencia, ofrece un servicio integral que abarca desde el dise\u00f1o en 3D, la selecci\u00f3n de materiales y la confirmaci\u00f3n de pruebas hasta la producci\u00f3n en serie. El equipo profesional controla estrictamente el ciclo de producci\u00f3n, admite muestras en 1 d\u00eda y producci\u00f3n en masa en 7 d\u00edas para garantizar la entrega a tiempo. El servicio posventa ofrece sugerencias de almacenamiento de embalajes para prolongar la vida \u00fatil de la caja de regalo.<\/p>","protected":false},"excerpt":{"rendered":"<ul>\n<li><strong>Capacidad de personalizaci\u00f3n l\u00edder en el sector<\/strong>: Con 16 a\u00f1os de experiencia en el campo del empaquetado de vestidos de novia, hemos proporcionado soluciones personalizadas a m\u00e1s de 500 marcas, adapt\u00e1ndonos con flexibilidad a diversas tallas y estilos de vestidos de novia.<\/li>\n<li><strong>Respetuoso con el medio ambiente y de alta calidad<\/strong>: Utilizamos papel con certificaci\u00f3n FSC y tinta al agua, que cumplen las normas medioambientales europeas y estadounidenses, y superan las pruebas de compresi\u00f3n para garantizar la seguridad del transporte.<\/li>\n<li><strong>Servicio de bucle cerrado<\/strong>: Desde el dise\u00f1o hasta el servicio posventa, contamos con personal dedicado a conectar con usted durante todo el proceso, apoyar la cooperaci\u00f3n OEM\/ODM y ayudar a las marcas a crear una competitividad diferenciada.<\/li>\n<\/ul>","protected":false},"featured_media":9449,"template":"","meta":[],"product_brand":[],"product_cat":[30,414,31,426],"product_tag":[1180,1179,1178],"class_list":{"0":"post-9447","1":"product","2":"type-product","3":"status-publish","4":"has-post-thumbnail","6":"product_cat-by-industry","7":"product_cat-custom-apparel-boxes","8":"product_cat-paper-box-style","9":"product_cat-paper-drawer-boxes","10":"product_tag-clothing-dress-gown-packaging","11":"product_tag-garment-packaging-box","12":"product_tag-luxury-wedding-packaging","14":"first","15":"instock","16":"shipping-taxable","17":"product-type-simple"},"_links":{"self":[{"href":"https:\/\/zojopackaging.com\/es\/wp-json\/wp\/v2\/product\/9447","targetHints":{"allow":["GET"]}}],"collection":[{"href":"https:\/\/zojopackaging.com\/es\/wp-json\/wp\/v2\/product"}],"about":[{"href":"https:\/\/zojopackaging.com\/es\/wp-json\/wp\/v2\/types\/product"}],"version-history":[{"count":1,"href":"https:\/\/zojopackaging.com\/es\/wp-json\/wp\/v2\/product\/9447\/revisions"}],"predecessor-version":[{"id":9461,"href":"https:\/\/zojopackaging.com\/es\/wp-json\/wp\/v2\/product\/9447\/revisions\/9461"}],"wp:featuredmedia":[{"embeddable":true,"href":"https:\/\/zojopackaging.com\/es\/wp-json\/wp\/v2\/media\/9449"}],"wp:attachment":[{"href":"https:\/\/zojopackaging.com\/es\/wp-json\/wp\/v2\/media?parent=9447"}],"wp:term":[{"taxonomy":"product_brand","embeddable":true,"href":"https:\/\/zojopackaging.com\/es\/wp-json\/wp\/v2\/product_brand?post=9447"},{"taxonomy":"product_cat","embeddable":true,"href":"https:\/\/zojopackaging.com\/es\/wp-json\/wp\/v2\/product_cat?post=9447"},{"taxonomy":"product_tag","embeddable":true,"href":"https:\/\/zojopackaging.com\/es\/wp-json\/wp\/v2\/product_tag?post=9447"}],"curies":[{"name":"wp","href":"https:\/\/api.w.org\/{rel}","templated":true}]}}