{"id":9454,"date":"2025-04-02T15:59:16","date_gmt":"2025-04-02T07:59:16","guid":{"rendered":"https:\/\/zojopackaging.com\/?post_type=product&#038;p=9454"},"modified":"2025-04-02T16:20:50","modified_gmt":"2025-04-02T08:20:50","slug":"custom-soft-touch-cardboard-folding-carton-perfume-box-supplier","status":"publish","type":"product","link":"https:\/\/zojopackaging.com\/es\/product\/custom-soft-touch-cardboard-folding-carton-perfume-box-supplier\/","title":{"rendered":"Personalizado suave al tacto de cart\u00f3n plegable caja de perfume Proveedor"},"content":{"rendered":"<h3 id=\"-1-black-card-box-lamination-process-and-touch-upgrade-\"><strong>1. Caja de tarjeta negra: Proceso de laminaci\u00f3n y actualizaci\u00f3n t\u00e1ctil<\/strong><\/h3>\n<p>La caja de la tarjeta negra utiliza\u00a0<strong>Papel art\u00edstico de alto gramaje de 400 g<\/strong>\u00a0como material de base, y mediante el\u00a0<strong>Proceso de laminaci\u00f3n de PVC respetuoso con el medio ambiente<\/strong>\u00a0(refi\u00e9rase a la tecnolog\u00eda de laminaci\u00f3n de cart\u00f3n espejo), confiere a la caja de papel un tacto mate delicado y sedoso, al tiempo que mejora la resistencia a la humedad y al desgaste. El grosor de la capa de laminaci\u00f3n se controla entre 15 y 25 micras, lo que no s\u00f3lo conserva la textura natural del papel, sino que tambi\u00e9n mejora la estratificaci\u00f3n visual. La c\u00e1lida textura transmite al instante el posicionamiento de gama alta de la marca.<\/p>\n<h3 id=\"-2-hot-stamping-technology-luxurious-expression-of-light-and-shadow-interweaving-\"><strong>2. Tecnolog\u00eda de estampaci\u00f3n en caliente: lujosa expresi\u00f3n de entrelazamiento de luces y sombras.<\/strong><\/h3>\n<p>La combinaci\u00f3n de las tecnolog\u00edas de estampaci\u00f3n en fr\u00edo y en caliente<strong>\u00a0presenta l\u00edneas doradas extremadamente finas con una anchura de 0,1 mm en la superficie de la caja de cart\u00f3n negro. Gracias a la precisa colocaci\u00f3n de la m\u00e1quina de impresi\u00f3n alemana Heidelberg de seis colores<\/strong>, las l\u00edneas doradas forman un fuerte contraste con el fondo negro, y el LOGOTIPO de la marca est\u00e1 grabado en relieve tridimensional, lo que aumenta el impacto visual en m\u00e1s de 60% (consulte la aplicaci\u00f3n de la tecnolog\u00eda de estampaci\u00f3n en caliente en envases de lujo). El tratamiento especial del proceso garantiza que el tacto del oro sea suave y sin rebabas, y que no se decolore tras un uso prolongado.<\/p>\n<h3 id=\"-3-printing-accuracy-digital-management-and-color-reproduction-\"><strong>3. Precisi\u00f3n de impresi\u00f3n: gesti\u00f3n digital y reproducci\u00f3n del color<\/strong><\/h3>\n<p>Introducci\u00f3n del sistema de gesti\u00f3n del color GMG<strong>\u00a0y la tinta certificada Pantone<\/strong>\u00a0consigue una reproducci\u00f3n del color de alta precisi\u00f3n de \u0394E\u22641,5. Para los patrones complejos como degradado y flores de cajas de perfume,\u00a0<strong>Impresi\u00f3n de alta resoluci\u00f3n de 1200 ppp<\/strong>\u00a0combinado con el\u00a0<strong>acristalamiento UV local<\/strong>\u00a0(consulte la soluci\u00f3n de mejora del brillo), de modo que el patr\u00f3n se estratifique claramente y la saturaci\u00f3n del color aumente en 30%. Cada lote se prueba mediante\u00a0<strong>espectrofot\u00f3metro<\/strong>\u00a0antes de imprimir para garantizar la uniformidad del color.<\/p>\n<h3 id=\"-4-smart-factory-full-link-quality-control-system-\"><strong>4. F\u00e1brica inteligente: Sistema de control de calidad de enlace completo<\/strong><\/h3>\n<p>-\u00a0<strong>Equipo t\u00e9cnico<\/strong>: Ingenieros con m\u00e1s de 10 a\u00f1os de experiencia lideran la optimizaci\u00f3n de procesos, y utilizan\u00a0<strong>Sistema de inspecci\u00f3n visual AI<\/strong>\u00a0para supervisar los par\u00e1metros de producci\u00f3n en tiempo real (consulte los casos de inspecci\u00f3n de calidad inteligente) y controlar la tasa de defectos por debajo de 0,3%. -\u00a0<strong>Especificaci\u00f3n del proceso<\/strong>: Gesti\u00f3n digital desde el borrador del dise\u00f1o hasta el producto acabado, pruebas completas en 36 horas y reducci\u00f3n del ciclo de entrega de la producci\u00f3n en serie a 7-9 d\u00edas.<\/p>\n<h3 id=\"-5-creative-design-trend-insight-and-customization-service-\"><strong>5. Dise\u00f1o creativo: Perspectiva de tendencias y servicio de personalizaci\u00f3n<\/strong><\/h3>\n<p>El equipo de dise\u00f1o est\u00e1 formado por\u00a0<strong>3 dise\u00f1adores senior de envases<\/strong>y estudia en profundidad las tendencias de los envases de belleza en 2025: -\u00a0<strong>Dise\u00f1o sostenible<\/strong>: Utiliza papel reciclable con certificaci\u00f3n FSC, y el dise\u00f1o estructural reduce el uso de cola en 30%. -\u00a0<strong>Iteraci\u00f3n r\u00e1pida<\/strong>: Proporcionar\u00a0<strong>Vista previa del modelado 3D<\/strong>\u00a0los clientes pueden ajustar los detalles en tiempo real, y admite la personalizaci\u00f3n de peque\u00f1os lotes (pedido m\u00ednimo de 500 piezas).<\/p>\n<h3 id=\"-6-scale-advantage-flexible-production-and-agile-response-\"><strong>6. Ventaja de escala: producci\u00f3n flexible y respuesta \u00e1gil<\/strong><\/h3>\n<p>-\u00a0<strong>Base de producci\u00f3n<\/strong>: Una moderna f\u00e1brica con una superficie de 5.320 metros cuadrados, dividida en tres talleres independientes de impresi\u00f3n, troquelado y envasado, equipada con 4 l\u00edneas de producci\u00f3n totalmente autom\u00e1ticas. -\u00a0<strong>Configuraci\u00f3n de la capacidad<\/strong>: La capacidad de producci\u00f3n diaria alcanza las 100.000 piezas, apoyando\u00a0<strong>Pruebas aceleradas en 8 horas<\/strong>\u00a0(refi\u00e9rase a los casos de producci\u00f3n de lotes peque\u00f1os y medianos). -\u00a0<strong>Gesti\u00f3n de existencias<\/strong>: 200 pesos de cart\u00f3n y soluciones de tratamiento de superficies est\u00e1n siempre disponibles, y los pedidos urgentes se entregan en 48 horas.<\/p>\n<h3 id=\"-7-quality-commitment-exceeding-industry-standards-\"><strong>7. Compromiso de calidad: Superar las normas del sector<\/strong><\/h3>\n<p>-\u00a0<strong>Triple sistema de pruebas<\/strong>: \u2460\u00a0<strong>Pruebas de materias primas<\/strong>: Cada lote de papel se env\u00eda a SGS para su inspecci\u00f3n con el fin de garantizar una blancura \u226592% y una resistencia a la tracci\u00f3n \u226515kN\/m. \u2461\u00a0<strong>Supervisi\u00f3n de procesos<\/strong>: Muestreo cada hora para comprobar la precisi\u00f3n de registro (error \u22640,3 mm) y la adherencia de la tinta (sin ca\u00eddas en la prueba de cinta 3M). \u2462\u00a0<strong>Inspecci\u00f3n completa del producto acabado<\/strong>: Utilice\u00a0<strong>clasificadora visual autom\u00e1tica<\/strong>\u00a0para examinar los defectos de aspecto, y la tasa de reinspecci\u00f3n manual es de 100%. -\u00a0<strong>Garant\u00eda de certificaci\u00f3n<\/strong>: Sistema de gesti\u00f3n de calidad ISO 9001 aprobado, certificaci\u00f3n FDA de material de contacto apto para uso alimentario, resistencia a la rotura del envase superior a 300N.<\/p>","protected":false},"excerpt":{"rendered":"<p>En la industria del lujo y la belleza de alta gama, el envase no es s\u00f3lo la \"segunda cara\" del producto, sino tambi\u00e9n un transmisor silencioso del valor de la marca. ZOJO Print se ha implicado a fondo en el campo de la personalizaci\u00f3n de cajas de perfume, con\u00a0<strong>cajas plegables de cart\u00f3n blando<\/strong> que combina tecnolog\u00eda punta con un estricto control de calidad para crear soluciones de envasado art\u00edsticas y funcionales para las marcas.<\/p>","protected":false},"featured_media":9456,"template":"","meta":[],"product_brand":[],"product_cat":[30,417,430,31],"product_tag":[1181,329,913],"class_list":{"0":"post-9454","1":"product","2":"type-product","3":"status-publish","4":"has-post-thumbnail","6":"product_cat-by-industry","7":"product_cat-custom-perfume-boxes-by-industry","8":"product_cat-folding-cartons","9":"product_cat-paper-box-style","10":"product_tag-cardboard-folding-carton-perfume","11":"product_tag-custom-perfume-box","12":"product_tag-perfume-box-supplier","14":"first","15":"instock","16":"shipping-taxable","17":"product-type-grouped"},"_links":{"self":[{"href":"https:\/\/zojopackaging.com\/es\/wp-json\/wp\/v2\/product\/9454","targetHints":{"allow":["GET"]}}],"collection":[{"href":"https:\/\/zojopackaging.com\/es\/wp-json\/wp\/v2\/product"}],"about":[{"href":"https:\/\/zojopackaging.com\/es\/wp-json\/wp\/v2\/types\/product"}],"version-history":[{"count":1,"href":"https:\/\/zojopackaging.com\/es\/wp-json\/wp\/v2\/product\/9454\/revisions"}],"predecessor-version":[{"id":9462,"href":"https:\/\/zojopackaging.com\/es\/wp-json\/wp\/v2\/product\/9454\/revisions\/9462"}],"wp:featuredmedia":[{"embeddable":true,"href":"https:\/\/zojopackaging.com\/es\/wp-json\/wp\/v2\/media\/9456"}],"wp:attachment":[{"href":"https:\/\/zojopackaging.com\/es\/wp-json\/wp\/v2\/media?parent=9454"}],"wp:term":[{"taxonomy":"product_brand","embeddable":true,"href":"https:\/\/zojopackaging.com\/es\/wp-json\/wp\/v2\/product_brand?post=9454"},{"taxonomy":"product_cat","embeddable":true,"href":"https:\/\/zojopackaging.com\/es\/wp-json\/wp\/v2\/product_cat?post=9454"},{"taxonomy":"product_tag","embeddable":true,"href":"https:\/\/zojopackaging.com\/es\/wp-json\/wp\/v2\/product_tag?post=9454"}],"curies":[{"name":"wp","href":"https:\/\/api.w.org\/{rel}","templated":true}]}}