{"id":9463,"date":"2025-04-02T16:20:54","date_gmt":"2025-04-02T08:20:54","guid":{"rendered":"https:\/\/zojopackaging.com\/?post_type=product&#038;p=9463"},"modified":"2025-04-02T16:55:28","modified_gmt":"2025-04-02T08:55:28","slug":"custom-necklace-earring-ring-jewelry-gift-boxes-manufacturer","status":"publish","type":"product","link":"https:\/\/zojopackaging.com\/es\/product\/custom-necklace-earring-ring-jewelry-gift-boxes-manufacturer\/","title":{"rendered":"Collar personalizado Pendiente Anillo Joyer\u00eda Cajas de regalo Fabricante"},"content":{"rendered":"<h2 id=\"-1-box-type-structure-of-top-and-bottom-lid-precise-closure-to-protect-jewelry-safety-\"><strong>1. Estructura tipo caja superior e inferior: cierre preciso para proteger la seguridad de las joyas.<\/strong><\/h2>\n<ul>\n<li><strong>Dise\u00f1o de precisi\u00f3n<\/strong>: Gracias a la tecnolog\u00eda de corte de moldes de alta precisi\u00f3n, la tapa superior y la inferior encajan perfectamente cuando est\u00e1n cerradas, lo que evita eficazmente los golpes externos y la extrusi\u00f3n. La exclusiva estructura patentada \"cuadrada por fuera y de forma especial por dentro\" (como que la caja exterior es cuadrada para facilitar el apilamiento, y la cavidad interior tiene forma de coraz\u00f3n para ajustarse al contorno de la joya) reduce el riesgo de sacudidas durante el transporte y da una sensaci\u00f3n de ritual al abrir la caja.<\/li>\n<\/ul>\n<h2 id=\"-2-1200g-rigid-cardboard-high-load-bearing-and-anti-deformation-guarantee-\"><strong>2. Cart\u00f3n r\u00edgido de 1200 g: gran capacidad de carga y garant\u00eda antideformaci\u00f3n.<\/strong><\/h2>\n<ul>\n<li><strong>Ventaja material<\/strong>:\u00a0<strong>Cart\u00f3n r\u00edgido de alta densidad de 1200 g<\/strong>\u00a0que puede soportar\u00a0<strong>m\u00e1s de 5 kg<\/strong>\u00a0peso de la joya tras la prueba de compresi\u00f3n, garantizando\u00a0<strong>deformaci\u00f3n cero<\/strong>\u00a0durante el transporte o almacenamiento a larga distancia.<\/li>\n<li><strong>Certificaci\u00f3n medioambiental<\/strong>: El material cumple la certificaci\u00f3n forestal FSC y las normas medioambientales REACH de la UE, teniendo en cuenta los conceptos de durabilidad y desarrollo sostenible.<\/li>\n<\/ul>\n<h2 id=\"-three-romantic-pink-design-visual-impact-and-brand-premium-\"><strong>3. Dise\u00f1o rosa rom\u00e1ntico: impacto visual y prima de marca<\/strong><\/h2>\n<ul>\n<li><strong>Aplicaci\u00f3n de la psicolog\u00eda del color<\/strong>: Utilice tonos de alta saturaci\u00f3n como\u00a0<strong>Morandi rosa<\/strong>\u00a0o\u00a0<strong>oro rosa<\/strong>combinada con la tecnolog\u00eda de estampaci\u00f3n en caliente y gofrado, para transmitir una sensaci\u00f3n de romanticismo y lujo. Por ejemplo, el joyero de piel de vaca plena flor rosa de la marca francesa le tanneur aumenta la prima del producto en m\u00e1s de 30% mediante la combinaci\u00f3n de color y material.<\/li>\n<li><strong>Combinaci\u00f3n de colores personalizada<\/strong>: Admite la restauraci\u00f3n precisa de los n\u00fameros de color Pantone para satisfacer las necesidades de uniformidad del sistema de marcas.<\/li>\n<\/ul>\n<h2 id=\"-four-heart-shaped-box-type-dual-innovation-in-shape-and-function-\"><strong>4. Tipo caja en forma de coraz\u00f3n: doble innovaci\u00f3n en forma y funci\u00f3n<\/strong><\/h2>\n<ul>\n<li><strong>Estructura patentada<\/strong>: Por ejemplo, la tecnolog\u00eda de \"caja de regalo de vacaciones personalizada en forma de coraz\u00f3n\", la caja exterior es cuadrada para facilitar el apilamiento, y la cavidad interior tiene forma de coraz\u00f3n para adaptarse a collares, pendientes y otras joyas con formas especiales, lo que resulta a la vez bonito y pr\u00e1ctico.<\/li>\n<li><strong>Partici\u00f3n funcional<\/strong>: El dise\u00f1o interno cuenta con compartimentos y ganchos desmontables para adaptarse a diferentes tama\u00f1os de joyas y mejorar el aprovechamiento del espacio.<\/li>\n<\/ul>\n<h2 id=\"-v-replaceable-lining-system-flexible-protection-solution-\"><strong>5. Sistema de revestimiento sustituible: soluci\u00f3n de protecci\u00f3n flexible<\/strong><\/h2>\n<ul>\n<li><strong>Dise\u00f1o modular<\/strong>terciopelo, esponja, ranuras de EVA y otros materiales de revestimiento, y\u00a0<strong>sustituci\u00f3n a la carta<\/strong>\u00a0es compatible. Por ejemplo, la zona del collar utiliza ranuras de terciopelo antideslizantes, y la zona de los pendientes est\u00e1 equipada con posiciones de pasador independientes.<\/li>\n<\/ul>\n<h2 id=\"-vi-box-type-development-capabilities-full-process-support-from-concept-to-mass-production-\"><strong>6. Capacidades de desarrollo tipo caja: apoyo completo al proceso desde el concepto hasta la producci\u00f3n en serie.<\/strong><\/h2>\n<ul>\n<li><strong>Servicio de dise\u00f1o<\/strong>: El equipo profesional proporciona modelado 3D y pruebas de muestras, y apoya\u00a0<strong>personalizaci\u00f3n de muestras de dibujos<\/strong>\u00a0o desarrollo original. Por ejemplo, la \"caja magn\u00e9tica con ventosa en forma de libro\" dise\u00f1ada para una marca de joyer\u00eda combina el LOGO de la marca y motivos en relieve para convertirse en un envase popular.<\/li>\n<li><strong>Iteraci\u00f3n r\u00e1pida<\/strong>: S\u00f3lo se necesitan 7<strong>-14 d\u00edas<\/strong>\u00a0desde la confirmaci\u00f3n del dise\u00f1o hasta la entrega de la producci\u00f3n en serie, adapt\u00e1ndose a los r\u00e1pidos cambios del mercado.<\/li>\n<\/ul>\n<h2 id=\"-vii-china-s-source-factory-efficient-delivery-and-cost-advantages-\"><strong>7. F\u00e1brica de origen chino: entrega eficaz y ventajas de coste<\/strong><\/h2>\n<ul>\n<li><strong>Integraci\u00f3n de la cadena de suministro<\/strong>: Situada en los cinturones industriales del delta del r\u00edo Perla y del delta del r\u00edo Yangts\u00e9, con su propia f\u00e1brica + modelo de cadena de suministro colaborativa, apoya a\u00a0<strong>500 juegos de pedidos<\/strong>y el precio unitario es 40% inferior al de los fabricantes extranjeros.<\/li>\n<li><strong>Respuesta r\u00e1pida<\/strong>: 7<em>El servicio de atenci\u00f3n al cliente 24 horas y el almacenamiento local garantizan la entrega de muestras en 3 d\u00edas<\/em> y producci\u00f3n en serie en un plazo de 7 a 14 d\u00edas, ayudando a las marcas a aprovechar las oportunidades del mercado.<\/li>\n<\/ul>","protected":false},"excerpt":{"rendered":"<p>No s\u00f3lo somos fabricantes de envases, sino tambi\u00e9n\u00a0<strong>creador de valor de marca<\/strong>. A trav\u00e9s de\u00a0<strong>estructura de la tapa y la base<\/strong>,\u00a0<strong>material pesado<\/strong>,\u00a0<strong>dise\u00f1o est\u00e9tico en forma de coraz\u00f3n<\/strong>\u00a0y\u00a0<strong>sistema de revestimiento flexible<\/strong>ayudamos a nuestros clientes a destacar en un mercado tan competitivo como el de la joyer\u00eda. Hemos prestado servicio a m\u00e1s de 500 empresas, y nuestros productos se exportan a m\u00e1s de 30 pa\u00edses, entre ellos Europa, Am\u00e9rica y el Sudeste Asi\u00e1tico.<\/p>","protected":false},"featured_media":9466,"template":"","meta":[],"product_brand":[],"product_cat":[30,415,425,31],"product_tag":[1185,1186,1187],"class_list":{"0":"post-9463","1":"product","2":"type-product","3":"status-publish","4":"has-post-thumbnail","6":"product_cat-by-industry","7":"product_cat-custom-jewelry-boxes-by-industry","8":"product_cat-lid-and-base-gift-box","9":"product_cat-paper-box-style","10":"product_tag-custom-necklace-gift-boxes","11":"product_tag-earring-ring-gift-boxes","12":"product_tag-jewelry-gift-boxes-manufacturer","14":"first","15":"instock","16":"shipping-taxable","17":"product-type-simple"},"_links":{"self":[{"href":"https:\/\/zojopackaging.com\/es\/wp-json\/wp\/v2\/product\/9463","targetHints":{"allow":["GET"]}}],"collection":[{"href":"https:\/\/zojopackaging.com\/es\/wp-json\/wp\/v2\/product"}],"about":[{"href":"https:\/\/zojopackaging.com\/es\/wp-json\/wp\/v2\/types\/product"}],"version-history":[{"count":2,"href":"https:\/\/zojopackaging.com\/es\/wp-json\/wp\/v2\/product\/9463\/revisions"}],"predecessor-version":[{"id":9479,"href":"https:\/\/zojopackaging.com\/es\/wp-json\/wp\/v2\/product\/9463\/revisions\/9479"}],"wp:featuredmedia":[{"embeddable":true,"href":"https:\/\/zojopackaging.com\/es\/wp-json\/wp\/v2\/media\/9466"}],"wp:attachment":[{"href":"https:\/\/zojopackaging.com\/es\/wp-json\/wp\/v2\/media?parent=9463"}],"wp:term":[{"taxonomy":"product_brand","embeddable":true,"href":"https:\/\/zojopackaging.com\/es\/wp-json\/wp\/v2\/product_brand?post=9463"},{"taxonomy":"product_cat","embeddable":true,"href":"https:\/\/zojopackaging.com\/es\/wp-json\/wp\/v2\/product_cat?post=9463"},{"taxonomy":"product_tag","embeddable":true,"href":"https:\/\/zojopackaging.com\/es\/wp-json\/wp\/v2\/product_tag?post=9463"}],"curies":[{"name":"wp","href":"https:\/\/api.w.org\/{rel}","templated":true}]}}