{"id":9464,"date":"2025-04-02T16:20:58","date_gmt":"2025-04-02T08:20:58","guid":{"rendered":"https:\/\/zojopackaging.com\/?post_type=product&#038;p=9464"},"modified":"2025-04-02T16:49:06","modified_gmt":"2025-04-02T08:49:06","slug":"custom-print-parfum-box-folding-carton-boxes-supplier-from-china","status":"publish","type":"product","link":"https:\/\/zojopackaging.com\/es\/product\/custom-print-parfum-box-folding-carton-boxes-supplier-from-china\/","title":{"rendered":"Impresi\u00f3n personalizada Parfum Box Cajas de cart\u00f3n plegable Proveedor de China"},"content":{"rendered":"<h3 id=\"-1-environmentally-friendly-materials-sustainable-choice-of-brand-white-card-and-kraft-paper-\"><strong>1. Materiales respetuosos con el medio ambiente: elecci\u00f3n sostenible de cartulina blanca de marca y papel kraft.<\/strong><\/h3>\n<p>Damos prioridad a\u00a0<strong>Papel blanco certificado FSC<\/strong>\u00a0(como las series \"Xiangsi\" y \"Bowang\" de Asia Pacific Senbo) y\u00a0<strong>papel kraft reciclado<\/strong>que son a la vez resistentes y respetuosos con el medio ambiente. El peso del papel de cartulina blanca es de 200-400g, y el proceso de entrelazado de fibras se utiliza para conseguir resistencia a la compresi\u00f3n y a la deformaci\u00f3n, y la capacidad de carga es de m\u00e1s de 5kg; el papel kraft utiliza tecnolog\u00eda de encolado al agua, y el rendimiento a prueba de humedad se mejora en 40%, y es 100% degradable (consulte las caracter\u00edsticas de protecci\u00f3n medioambiental del papel de cartulina blanca). El tipo de caja adopta\u00a0<strong>estructura de mortaja y espiga<\/strong>\u00a0o\u00a0<strong>dise\u00f1o plegable<\/strong>\u00a0para reducir la cantidad de cola y cumplir las normas REACH de la UE.<\/p>\n<h3 id=\"-2-gradient-printing-and-matte-film-technology-dual-upgrade-of-vision-and-touch-\"><strong>2. Impresi\u00f3n degradada y tecnolog\u00eda de pel\u00edcula mate: doble mejora de la visi\u00f3n y el tacto.<\/strong><\/h3>\n<p>Presentaci\u00f3n de\u00a0<strong>Sistema de gesti\u00f3n del color Pantone<\/strong>\u00a0y\u00a0<strong>M\u00e1quina de impresi\u00f3n Heidelberg de seis colores<\/strong>El tratamiento de la superficie adopta la t\u00e9cnica de la transici\u00f3n de gradiente con una precisi\u00f3n de 0,1 mm (como el efecto de gradiente de oro champ\u00e1n a negro mate). El tratamiento de la superficie adopta\u00a0<strong>pel\u00edcula mate respetuosa con el medio ambiente<\/strong>\u00a0(espesor 12-18\u03bcm), reduciendo la reflectividad por 60% y creando una textura mate de alto grado; la combinaci\u00f3n parcial de\u00a0<strong>Tecnolog\u00eda de gofrado UV<\/strong>\u00a0hace que el LOGO sea tan delicado como la seda (v\u00e9ase la aplicaci\u00f3n de la tecnolog\u00eda UV en envases de lujo). Tras las pruebas, esta combinaci\u00f3n puede aumentar el atractivo visual del estante en 50%.<\/p>\n<h3 id=\"-3-flexible-customization-full-size-coverage-from-micro-perfume-to-limited-gift-box-\"><strong>3. Personalizaci\u00f3n flexible: cobertura de tama\u00f1o completo, desde microperfumes hasta cajas de regalo limitadas.<\/strong><\/h3>\n<p>-\u00a0<strong>Flexibilidad de tama\u00f1o<\/strong>: admite un m\u00ednimo de 5cm\u00d75cm (mini perfume) a un m\u00e1ximo de 30cm\u00d720cm (caja de lujo), y el grosor puede personalizarse en 0,5-3cm. -\u00a0<strong>Adaptaci\u00f3n estructural<\/strong>: Proporciona m\u00e1s de 20 tipos de cajas, como tapa superior e inferior, tipo caj\u00f3n, caja de succi\u00f3n magn\u00e9tica, etc., compatible con bandejas interiores de formas especiales (como forma de p\u00e9talo, corte geom\u00e9trico). -\u00a0<strong>Respuesta r\u00e1pida<\/strong>: Complete el modelado 3D y las pruebas en 8 horas, y acorte el ciclo de producci\u00f3n en serie a 7-9 d\u00edas.<\/p>\n<h3 id=\"-4-double-insert-card-box-design-balance-between-ritual-sense-and-practicality-\"><strong>4. Dise\u00f1o de caja de tarjetas de doble inserci\u00f3n: equilibrio entre sentido ritual y practicidad.<\/strong><\/h3>\n<p>Haciendo referencia a la estructura de caja de perfume de doble capa patentada internacionalmente, hemos optimizado y lanzado el\u00a0<strong>caja de cart\u00f3n de doble inserci\u00f3n<\/strong>: -\u00a0<strong>Innovador m\u00e9todo de apertura<\/strong>: Apertura deslizante sincronizada en ambos lados, con tarjeta interior de papel corrugado en el interior, y el rendimiento a prueba de golpes se mejora en 2 veces. -\u00a0<strong>Utilizaci\u00f3n del espacio<\/strong>: Ahorre 30% de volumen de embalaje gracias al mecanismo de plegado, y reduzca los costes de transporte en 25%. -\u00a0<strong>Experiencia del usuario<\/strong>: Incorporado\u00a0<strong>Chip NFC<\/strong>\u00a0(opcional), toque para reproducir el audio de la historia de marca (consulte la tendencia de envases inteligentes).<\/p>\n<h3 id=\"-5-unique-design-empowerment-creative-escort-from-concept-to-mass-production-\"><strong>5. Potenciaci\u00f3n del dise\u00f1o \u00fanico: escolta creativa desde el concepto hasta la producci\u00f3n en serie<\/strong><\/h3>\n<p>-\u00a0<strong>Equipo de dise\u00f1o transfronterizo<\/strong>: compuesto por 5 dise\u00f1adores de envases senior, integrando\u00a0<strong>elementos de tendencia nacional<\/strong>\u00a0(como mancha de tinta, esmalte de color artesanal) y\u00a0<strong>minimalista<\/strong>\u00a0estilo. -\u00a0<strong>Sistema de previsualizaci\u00f3n 3D<\/strong>Los clientes pueden utilizar la tecnolog\u00eda de realidad aumentada para ver en tiempo real el efecto de despliegue del cuerpo de la caja.\u00a0<strong>Ajuste de detalles en 360<\/strong>\u00a0(como posici\u00f3n de estampaci\u00f3n en caliente, densidad de textura). -\u00a0<strong>Protecci\u00f3n de patentes<\/strong>: Proporcionamos servicios de solicitud de patentes de apariencia para garantizar la exclusividad del dise\u00f1o (consulte el caso de la patente del estuche para perfumes).<\/p>\n<h3 id=\"-6-flat-shipping-design-logistics-innovation-to-reduce-costs-and-increase-efficiency-\"><strong>6. Dise\u00f1o de env\u00edos planos: innovaci\u00f3n log\u00edstica para reducir costes y aumentar la eficiencia<\/strong><\/h3>\n<p>-\u00a0<strong>Proceso de plegado<\/strong>: Utilizaci\u00f3n de\u00a0<strong>pre-crease + air column buffer<\/strong>\u00a0tecnolog\u00eda, el volumen despu\u00e9s del plegado es s\u00f3lo 1\/5 del estado desplegado, ahorrando 40% de flete. -\u00a0<strong>Estructura port\u00e1til<\/strong>: incorporado\u00a0<strong>asa desmontable<\/strong>\u00a0(2 kg de carga) y\u00a0<strong>hebilla de bloqueo antirrobo<\/strong>, adecuado para escenarios de entrega directa de comercio electr\u00f3nico y viajes. -\u00a0<strong>Protecci\u00f3n del medio ambiente<\/strong>: La tapa y el cuerpo de la caja est\u00e1n unidos por un\u00a0<strong>conexi\u00f3n de leng\u00fceta<\/strong>Adem\u00e1s, no necesitan pegamento y pueden reciclarse por completo una vez desembalados (consulte las normas sobre envases sostenibles).<\/p>\n<h3 id=\"-7-one-stop-smart-manufacturing-vertical-integration-capabilities-of-the-5320-super-factory-\"><strong>7. Fabricaci\u00f3n inteligente integral: capacidades de integraci\u00f3n vertical de la superf\u00e1brica 5320\u33a1.<\/strong><\/h3>\n<p>-\u00a0<strong>Control total del proceso<\/strong>: Desde la selecci\u00f3n del papel y la impresi\u00f3n hasta el troquelado del embalaje,\u00a0<strong>trazabilidad digital<\/strong>\u00a0(el c\u00f3digo QR se asocia a cada lote de productos). -\u00a0<strong>Cobertura del servicio<\/strong>: Admite desde la personalizaci\u00f3n de lotes peque\u00f1os (pedido m\u00ednimo de 500 piezas) hasta la producci\u00f3n en serie a nivel de mill\u00f3n, y la entrega urgente en 48 horas de los pedidos urgentes.<\/p>","protected":false},"excerpt":{"rendered":"<p>En la ola de b\u00fasqueda de la individualidad y el desarrollo sostenible en el mercado mundial de la belleza, la industria china de fabricaci\u00f3n de envases se est\u00e1 convirtiendo en el socio preferido de las marcas internacionales gracias a su tecnolog\u00eda innovadora y a las ventajas de toda la cadena industrial. Como proveedor chino profundamente comprometido en el campo de la personalizaci\u00f3n de cajas de perfume, ZOJO Print toma\u00a0<strong>materiales respetuosos con el medio ambiente, procesos inteligentes y producci\u00f3n flexible<\/strong>\u00a0como su principal competitividad para ofrecer a los clientes de todo el mundo soluciones de estuches para perfumes de alta gama con valor est\u00e9tico y funcionalidad.<\/p>","protected":false},"featured_media":9472,"template":"","meta":[],"product_brand":[],"product_cat":[30,417,430,31],"product_tag":[1184,1182,1183],"class_list":{"0":"post-9464","1":"product","2":"type-product","3":"status-publish","4":"has-post-thumbnail","6":"product_cat-by-industry","7":"product_cat-custom-perfume-boxes-by-industry","8":"product_cat-folding-cartons","9":"product_cat-paper-box-style","10":"product_tag-carton-boxes-supplier","11":"product_tag-custom-print-parfum-box","12":"product_tag-folding-carton-boxes","14":"first","15":"instock","16":"shipping-taxable","17":"product-type-grouped"},"_links":{"self":[{"href":"https:\/\/zojopackaging.com\/es\/wp-json\/wp\/v2\/product\/9464","targetHints":{"allow":["GET"]}}],"collection":[{"href":"https:\/\/zojopackaging.com\/es\/wp-json\/wp\/v2\/product"}],"about":[{"href":"https:\/\/zojopackaging.com\/es\/wp-json\/wp\/v2\/types\/product"}],"version-history":[{"count":1,"href":"https:\/\/zojopackaging.com\/es\/wp-json\/wp\/v2\/product\/9464\/revisions"}],"predecessor-version":[{"id":9477,"href":"https:\/\/zojopackaging.com\/es\/wp-json\/wp\/v2\/product\/9464\/revisions\/9477"}],"wp:featuredmedia":[{"embeddable":true,"href":"https:\/\/zojopackaging.com\/es\/wp-json\/wp\/v2\/media\/9472"}],"wp:attachment":[{"href":"https:\/\/zojopackaging.com\/es\/wp-json\/wp\/v2\/media?parent=9464"}],"wp:term":[{"taxonomy":"product_brand","embeddable":true,"href":"https:\/\/zojopackaging.com\/es\/wp-json\/wp\/v2\/product_brand?post=9464"},{"taxonomy":"product_cat","embeddable":true,"href":"https:\/\/zojopackaging.com\/es\/wp-json\/wp\/v2\/product_cat?post=9464"},{"taxonomy":"product_tag","embeddable":true,"href":"https:\/\/zojopackaging.com\/es\/wp-json\/wp\/v2\/product_tag?post=9464"}],"curies":[{"name":"wp","href":"https:\/\/api.w.org\/{rel}","templated":true}]}}