{"id":9480,"date":"2025-04-02T16:57:45","date_gmt":"2025-04-02T08:57:45","guid":{"rendered":"https:\/\/zojopackaging.com\/?post_type=product&#038;p=9480"},"modified":"2025-04-02T18:20:12","modified_gmt":"2025-04-02T10:20:12","slug":"new-style-double-open-door-bracelet-necklace-ring-gift-boxes","status":"publish","type":"product","link":"https:\/\/zojopackaging.com\/es\/product\/new-style-double-open-door-bracelet-necklace-ring-gift-boxes\/","title":{"rendered":"Nuevo Estilo Doble Puerta Abierta Pulsera Collar Anillo Cajas de Regalo"},"content":{"rendered":"<h2 id=\"1-innovative-structure-and-design-highlights-\">1.\u00a0<strong>Estructura y dise\u00f1o innovadores<\/strong><\/h2>\n<ol>\n<li><strong>Tipo caja elevadora de doble puerta<\/strong>\u00a0Adoptando una estructura de elevaci\u00f3n patentada, la bandeja incorporada se eleva lentamente con la hoja de la puerta al abrir la caja, formando un efecto de exposici\u00f3n de \"estilo escenogr\u00e1fico\". El dise\u00f1o de doble puerta con un amplio \u00e1ngulo de apertura y cierre (hasta 180\u00b0) no s\u00f3lo mejora el impacto visual, sino que tambi\u00e9n facilita que los clientes aprecien los detalles de las joyas en todas direcciones. El borde de la hoja de la puerta lleva incrustados cierres magn\u00e9ticos para garantizar un cierre estable y una apertura y cierre suaves.<\/li>\n<\/ol>\n<h2 id=\"2-high-strength-material-and-load-bearing-performance-\">2.\u00a0<strong>Material de alta resistencia y capacidad de carga<\/strong><\/h2>\n<ol>\n<li><strong>Estructura de papel compuesto<\/strong>\u00a0La capa exterior utiliza papel estucado art\u00edstico C2S de 157 g (textura mate antihuellas), y la interior se combina con cart\u00f3n duro de 1200 g para formar una estructura resistente a la compresi\u00f3n tipo \"s\u00e1ndwich\". Seg\u00fan las pruebas de laboratorio, la caja vac\u00eda puede soportar hasta 15 kg y resistir m\u00e1s de 30 ca\u00eddas de 1,5 metros cuando est\u00e1 totalmente cargada, lo que satisface las necesidades del transporte transfronterizo.<\/li>\n<li><strong>Garant\u00eda de certificaci\u00f3n medioambiental<\/strong>\u00a0El material ha superado la certificaci\u00f3n forestal FSC, y la capa de cart\u00f3n utiliza adhesivos de base acuosa, que cumplen las normas de protecci\u00f3n medioambiental REACH de la UE y pueden 100% reciclarse y degradarse.<\/li>\n<\/ol>\n<h2 id=\"3-precision-protection-system-\">3.\u00a0<strong>Sistema de protecci\u00f3n de precisi\u00f3n<\/strong><\/h2>\n<ol>\n<li><strong>Forro de EVA a medida<\/strong>\u00a0Gracias a la tecnolog\u00eda de grabado l\u00e1ser 3D, el forro de EVA a prueba de golpes se corta con precisi\u00f3n seg\u00fan el tama\u00f1o de la joya. La densidad del forro es de 45\u00b15 Shore C, que tiene tanto amortiguaci\u00f3n suave como soporte, y puede fijar joyas de cadena fina de 0,5 mm para evitar que se enreden. La superficie interior est\u00e1 cubierta con una capa de flocado de 0,2 mm para evitar ara\u00f1azos met\u00e1licos.<\/li>\n<li><strong>Dise\u00f1o de particiones multinivel<\/strong>\u00a0Admite combinaci\u00f3n modular:<\/li>\n<li><strong>Zona del anillo<\/strong>: Ranura para tarjetas de silicona ajustable de 12-25 mm de di\u00e1metro<\/li>\n<li><strong>Zona del collar<\/strong>: Ranura antideslizante en forma de U + hebilla de fijaci\u00f3n magn\u00e9tica<\/li>\n<li><strong>Zona de pulseras<\/strong>: tabique telesc\u00f3pico, adecuado para una circunferencia de mu\u00f1eca de 14-22 cm<\/li>\n<\/ol>\n<h2 id=\"iv-visual-aesthetics-and-customization-scheme-\">4. <strong>Est\u00e9tica visual y esquema de personalizaci\u00f3n<\/strong><\/h2>\n<ol>\n<li><strong>Dise\u00f1o de colores y texturas<\/strong>\u00a0El color principal es el marr\u00f3n #8B4513, con tecnolog\u00eda de gofrado de imitaci\u00f3n de grano de madera, que transmite una sensaci\u00f3n natural y sencilla. Tecnolog\u00eda opcional de estampado en caliente\/plateado en caliente (como textura de vetas de hojas, l\u00edneas geom\u00e9tricas), o abrillantado local con barniz UV.<\/li>\n<li><strong>Servicio de personalizaci\u00f3n en profundidad<\/strong><\/li>\n<li><strong>Tama\u00f1o flexible<\/strong>: Modelo b\u00e1sico 18\u00d712\u00d78cm, admite ajuste de rango de \u00b15cm<\/li>\n<li><strong>Proceso de impresi\u00f3n<\/strong>: Proporciona 12 efectos como estampaci\u00f3n en fr\u00edo, serigraf\u00eda, relieve y gofrado<\/li>\n<li><strong>Ampliaci\u00f3n de funciones<\/strong>: Se puede equipar con tira de luz LED de atm\u00f3sfera (72 horas de duraci\u00f3n de la bater\u00eda), etiqueta de trazabilidad con chip NFC<\/li>\n<\/ol>\n<h2 id=\"v-production-strength-and-quality-assurance-\">5. <strong>Fuerza de producci\u00f3n y garant\u00eda de calidad<\/strong><\/h2>\n<ol>\n<li><strong>Sistema de fabricaci\u00f3n inteligente a escala<\/strong>\u00a0Contando con una f\u00e1brica automatizada de 5320\u33a1, equipada con una m\u00e1quina de impresi\u00f3n offset Heidelberg CD102-8+L y una l\u00ednea de producci\u00f3n de troquelado totalmente autom\u00e1tica, la capacidad de producci\u00f3n diaria alcanza las 30.000 cajas. Con la certificaci\u00f3n del sistema de gesti\u00f3n de calidad ISO9001, la tasa de defectos se controla por debajo de 0,3%.<\/li>\n<li><strong>Experiencia en servicios transfronterizos<\/strong>\u00a0Ofrece soluciones de enlace completo \"dise\u00f1o-producci\u00f3n-log\u00edstica\" para canales como Amazon y cadenas independientes, admite condiciones comerciales DDP\/DDU y ha prestado servicio a m\u00e1s de 200 marcas de joyer\u00eda europeas y estadounidenses.<\/li>\n<\/ol>\n<h2 id=\"-technical-parameters-\"><strong>Par\u00e1metros t\u00e9cnicos<\/strong><\/h2>\n<table>\n<thead>\n<tr>\n<th>Proyecto<\/th>\n<th>Especificaciones<\/th>\n<\/tr>\n<\/thead>\n<tbody>\n<tr>\n<td>Tama\u00f1o b\u00e1sico<\/td>\n<td>Personalizable<\/td>\n<\/tr>\n<tr>\n<td>Capacidad de carga<\/td>\n<td>\u226415kg (est\u00e1tico)<\/td>\n<\/tr>\n<tr>\n<td>Horarios de apertura y cierre<\/td>\n<td>\u22655000 ciclos probados sin fallos<\/td>\n<\/tr>\n<tr>\n<td>Cantidad m\u00ednima de pedido<\/td>\n<td>500 unidades (admite colores y estilos mezclados)<\/td>\n<\/tr>\n<tr>\n<td>Ciclo de entrega<\/td>\n<td>7-10 d\u00edas laborables (dentro de 3000pcs)<\/td>\n<\/tr>\n<\/tbody>\n<\/table>","protected":false},"excerpt":{"rendered":"<p>1. Caja elevadora de doble puerta, dise\u00f1o de caja especial, novedoso y \u00fanico, puede atraer la atenci\u00f3n de los clientes.<br \/>\n2. El papel estucado C2S de 157 g + el cart\u00f3n r\u00edgido de 1200 g confieren a la caja elevadora de doble puerta capacidad de carga, puede transportar pulseras, collares y anillos, puede garantizar el transporte a largo plazo sin deformaci\u00f3n.<br \/>\n3. Forro de EVA se puede cortar de acuerdo con el tama\u00f1o de sus pulseras, collares y anillos para adaptarse plenamente al tama\u00f1o, garantizar el movimiento cero, y proteger sus pulseras, collares y anillos de ser rayado durante el transporte.<\/p>","protected":false},"featured_media":9481,"template":"","meta":[],"product_brand":[],"product_cat":[30,415,428,31],"product_tag":[1193,1191,1192],"class_list":{"0":"post-9480","1":"product","2":"type-product","3":"status-publish","4":"has-post-thumbnail","6":"product_cat-by-industry","7":"product_cat-custom-jewelry-boxes-by-industry","8":"product_cat-irregular-shaped-gift-boxes","9":"product_cat-paper-box-style","10":"product_tag-bracelet-gift-boxes","11":"product_tag-double-open-door-bracelet-gift-boxes","12":"product_tag-necklace-ring-gift-boxes","14":"first","15":"instock","16":"shipping-taxable","17":"product-type-grouped"},"_links":{"self":[{"href":"https:\/\/zojopackaging.com\/es\/wp-json\/wp\/v2\/product\/9480","targetHints":{"allow":["GET"]}}],"collection":[{"href":"https:\/\/zojopackaging.com\/es\/wp-json\/wp\/v2\/product"}],"about":[{"href":"https:\/\/zojopackaging.com\/es\/wp-json\/wp\/v2\/types\/product"}],"version-history":[{"count":1,"href":"https:\/\/zojopackaging.com\/es\/wp-json\/wp\/v2\/product\/9480\/revisions"}],"predecessor-version":[{"id":9487,"href":"https:\/\/zojopackaging.com\/es\/wp-json\/wp\/v2\/product\/9480\/revisions\/9487"}],"wp:featuredmedia":[{"embeddable":true,"href":"https:\/\/zojopackaging.com\/es\/wp-json\/wp\/v2\/media\/9481"}],"wp:attachment":[{"href":"https:\/\/zojopackaging.com\/es\/wp-json\/wp\/v2\/media?parent=9480"}],"wp:term":[{"taxonomy":"product_brand","embeddable":true,"href":"https:\/\/zojopackaging.com\/es\/wp-json\/wp\/v2\/product_brand?post=9480"},{"taxonomy":"product_cat","embeddable":true,"href":"https:\/\/zojopackaging.com\/es\/wp-json\/wp\/v2\/product_cat?post=9480"},{"taxonomy":"product_tag","embeddable":true,"href":"https:\/\/zojopackaging.com\/es\/wp-json\/wp\/v2\/product_tag?post=9480"}],"curies":[{"name":"wp","href":"https:\/\/api.w.org\/{rel}","templated":true}]}}