{"id":9488,"date":"2025-04-02T17:39:29","date_gmt":"2025-04-02T09:39:29","guid":{"rendered":"https:\/\/zojopackaging.com\/?post_type=product&#038;p=9488"},"modified":"2025-04-02T18:18:37","modified_gmt":"2025-04-02T10:18:37","slug":"luxury-velvet-jewelry-necklace-box-wholesale-with-logo","status":"publish","type":"product","link":"https:\/\/zojopackaging.com\/es\/product\/luxury-velvet-jewelry-necklace-box-wholesale-with-logo\/","title":{"rendered":"Joyer\u00eda de lujo de terciopelo collar de la caja al por mayor con el logotipo"},"content":{"rendered":"<h2 id=\"1-magnetic-opening-and-closing-system-\">1.\u00a0<strong>Sistema magn\u00e9tico de apertura y cierre<\/strong><\/h2>\n<p>La succi\u00f3n magn\u00e9tica de alta precisi\u00f3n se utiliza para la alineaci\u00f3n y adsorci\u00f3n autom\u00e1ticas. La carrera magn\u00e9tica se controla a 0,3-0,5 mm, y la apertura y el cierre pueden completarse con un solo toque. El funcionamiento es suave y la respuesta t\u00e1ctil es clara, lo que confiere al producto una sensaci\u00f3n de tecnolog\u00eda y ritual de alta gama.<\/p>\n<h2 id=\"2-zero-color-difference-printing-process-\">2.\u00a0<strong>Proceso de impresi\u00f3n sin diferencia de color<\/strong><\/h2>\n<p>Gracias a los equipos de impresi\u00f3n offset de alta precisi\u00f3n y a los procesos estandarizados de gesti\u00f3n del color, se utiliza tinta al agua respetuosa con el medio ambiente para garantizar que el patr\u00f3n impreso sea claro y no presente diferencias de color. La desviaci\u00f3n del color se calibra mediante un sistema de supervisi\u00f3n en l\u00ednea en tiempo real, y el error se controla dentro de \u00b11%, presentando perfectamente el logotipo de la marca y los detalles del dise\u00f1o, mejorando el reconocimiento visual y la confianza del usuario.<\/p>\n<h2 id=\"3-calming-pink-tone-design-\">3.\u00a0<strong>Dise\u00f1o en tono rosa calmante<\/strong><\/h2>\n<p>Se utiliza el forro de terciopelo rosa Morandi, que se ha comprobado experimentalmente que reduce el ritmo card\u00edaco en 8%-12% y alivia la ansiedad. La superficie adopta la tecnolog\u00eda de flocado mate, que es suave y delicada al tacto, combina el valor est\u00e9tico y la funci\u00f3n curativa emocional, y se ajusta al tono elegante de la joyer\u00eda de alta gama.<\/p>\n<h2 id=\"-customized-production-system-\"><strong>Sistema de producci\u00f3n personalizado<\/strong><\/h2>\n<ul>\n<li><strong>Tipo y tama\u00f1o de caja<\/strong>: Admite la personalizaci\u00f3n de cajas cuadradas, redondas, en forma de coraz\u00f3n y otras formas especiales, con un rango de tama\u00f1o de 5\u00d75cm a 30\u00d730cm, adecuadas para collares, colgantes, pulseras y otros tipos de joyas.<\/li>\n<li><strong>Material y superficie<\/strong>: Terciopelo opcional, terciopelo o cuero reciclado respetuoso con el medio ambiente, la superficie admite estampaci\u00f3n en caliente, gofrado, gofrado UV y otras manualidades para realzar el sentido del tacto y la jerarqu\u00eda visual.<\/li>\n<li><strong>Estructura del revestimiento interior<\/strong>: Forro de compartimento personalizado seg\u00fan el tama\u00f1o de las joyas, con almohadillas de espuma viscoel\u00e1stica o flocado, con hebillas ajustables para garantizar la estabilidad durante el transporte y la exposici\u00f3n.<\/li>\n<\/ul>","protected":false},"excerpt":{"rendered":"<p>1. La caja de cierre magn\u00e9tico se alinea y adsorbe autom\u00e1ticamente. Es f\u00e1cil de abrir y cerrar, y f\u00e1cil de manejar con una sola mano, lo que realza la exquisitez y el sentido de la moda del producto.<br \/>\n2. El rosa tiene un importante efecto calmante, que puede reducir el ritmo card\u00edaco y la presi\u00f3n arterial, aliviar la ansiedad y las emociones agresivas.<br \/>\n3. El tipo de caja, el tama\u00f1o, el color, el material y el efecto de impresi\u00f3n de la superficie se pueden personalizar para adaptarlos al embalaje de su collar de joyas.<\/p>","protected":false},"featured_media":9489,"template":"","meta":[],"product_brand":[],"product_cat":[30,415,424,31],"product_tag":[1188,1189,1190],"class_list":{"0":"post-9488","1":"product","2":"type-product","3":"status-publish","4":"has-post-thumbnail","6":"product_cat-by-industry","7":"product_cat-custom-jewelry-boxes-by-industry","8":"product_cat-magnetic-closure-boxes","9":"product_cat-paper-box-style","10":"product_tag-luxury-jewelry-box","11":"product_tag-necklace-box-wholesale","12":"product_tag-velvet-jewelry-necklace-packaging-box","14":"first","15":"instock","16":"shipping-taxable","17":"product-type-grouped"},"_links":{"self":[{"href":"https:\/\/zojopackaging.com\/es\/wp-json\/wp\/v2\/product\/9488","targetHints":{"allow":["GET"]}}],"collection":[{"href":"https:\/\/zojopackaging.com\/es\/wp-json\/wp\/v2\/product"}],"about":[{"href":"https:\/\/zojopackaging.com\/es\/wp-json\/wp\/v2\/types\/product"}],"version-history":[{"count":1,"href":"https:\/\/zojopackaging.com\/es\/wp-json\/wp\/v2\/product\/9488\/revisions"}],"predecessor-version":[{"id":9496,"href":"https:\/\/zojopackaging.com\/es\/wp-json\/wp\/v2\/product\/9488\/revisions\/9496"}],"wp:featuredmedia":[{"embeddable":true,"href":"https:\/\/zojopackaging.com\/es\/wp-json\/wp\/v2\/media\/9489"}],"wp:attachment":[{"href":"https:\/\/zojopackaging.com\/es\/wp-json\/wp\/v2\/media?parent=9488"}],"wp:term":[{"taxonomy":"product_brand","embeddable":true,"href":"https:\/\/zojopackaging.com\/es\/wp-json\/wp\/v2\/product_brand?post=9488"},{"taxonomy":"product_cat","embeddable":true,"href":"https:\/\/zojopackaging.com\/es\/wp-json\/wp\/v2\/product_cat?post=9488"},{"taxonomy":"product_tag","embeddable":true,"href":"https:\/\/zojopackaging.com\/es\/wp-json\/wp\/v2\/product_tag?post=9488"}],"curies":[{"name":"wp","href":"https:\/\/api.w.org\/{rel}","templated":true}]}}