{"id":9495,"date":"2025-04-02T18:06:32","date_gmt":"2025-04-02T10:06:32","guid":{"rendered":"https:\/\/zojopackaging.com\/?post_type=product&#038;p=9495"},"modified":"2025-04-02T18:27:39","modified_gmt":"2025-04-02T10:27:39","slug":"minimalist-perfume-folding-box-custom-branding-cardboard-manufacturer","status":"publish","type":"product","link":"https:\/\/zojopackaging.com\/es\/product\/minimalist-perfume-folding-box-custom-branding-cardboard-manufacturer\/","title":{"rendered":"Caja plegable para perfume minimalista Marca personalizada Fabricante de cart\u00f3n"},"content":{"rendered":"<h3 id=\"-1-material-revolution-environmental-philosophy-of-fsc-certified-cardboard-\"><strong>1. La revoluci\u00f3n de los materiales: Filosof\u00eda medioambiental del cart\u00f3n certificado FSC<\/strong><\/h3>\n<p>Seleccionamos\u00a0<strong>Cartulina blanca de alta densidad de 350 g<\/strong>\u00a0y\u00a0<strong>papel kraft reciclado<\/strong>que han superado la certificaci\u00f3n forestal FSC y la doble certificaci\u00f3n del sistema de gesti\u00f3n de calidad ISO 9001. Usos del cart\u00f3n blanco\u00a0<strong>fibra de pulpa de madera original<\/strong>\u00a0de tejido, con una resistencia a la compresi\u00f3n de 5,2 kN\/m\u00b2 y una capacidad de carga de 5 kg sin deformaci\u00f3n; el papel kraft se trata con\u00a0<strong>nanorrevestimiento al agua<\/strong>Adem\u00e1s, su resistencia a la humedad aumenta en 40%, y es 100% compostable y degradable (consulte las caracter\u00edsticas de protecci\u00f3n medioambiental del cart\u00f3n kraft de gama alta).<\/p>\n<h3 id=\"-2-printing-aesthetics-micron-level-precision-and-color-management-\"><strong>2. Est\u00e9tica de impresi\u00f3n: precisi\u00f3n microm\u00e9trica y gesti\u00f3n del color<\/strong><\/h3>\n<p>Presentaci\u00f3n de\u00a0<strong>Imprenta de seis colores Heidelberg CD102<\/strong>\u00a0y\u00a0<strong>Sistema de gesti\u00f3n del color GMG<\/strong>, consiguiendo una reproducci\u00f3n del color ultraprecisa de \u0394E\u22641,2. Dirigido a las necesidades de dise\u00f1o minimalista: -\u00a0<strong>Control de l\u00ednea<\/strong>: Tecnolog\u00eda de impresi\u00f3n de l\u00edneas finas de 0,05 mm para garantizar bordes n\u00edtidos del LOGOTIPO sin rebabas.\u00a0<strong>Transici\u00f3n gradual<\/strong>: Tinta de degradado Pantone + proceso de sobreimpresi\u00f3n multicolor para conseguir un suave degradado de transparencia 0-100%.\u00a0<strong>Efectos especiales<\/strong>: Local\u00a0<strong>UV mate<\/strong>\u00a0y\u00a0<strong>tinta blanca nacarada<\/strong>\u00a0se superponen para crear una textura mate de alta calidad.<\/p>\n<h3 id=\"-3-matt-film-process-dual-dimensional-enhancement-of-touch-and-vision-\"><strong>3. Proceso de pel\u00edcula mate: mejora bidimensional del tacto y la visi\u00f3n<\/strong><\/h3>\n<p>Adoptar\u00a0<strong>L\u00e1mina mate alemana Henkel XL800<\/strong>, con un espesor de 18\u03bcm y una bruma de 85%, la reflectividad se reduce a menos de 12%. A trav\u00e9s de\u00a0<strong>tecnolog\u00eda de pretratamiento con plasma<\/strong>\u00a0para mejorar la adherencia de la capa de pel\u00edcula, combinado con\u00a0<strong>tecnolog\u00eda de estampaci\u00f3n en fr\u00edo y en caliente<\/strong>\u00a0(refi\u00e9rase a la tecnolog\u00eda de estampado en caliente), las l\u00edneas doradas presentan un efecto de relieve tridimensional de 0,3 mm sobre la base mate, y el tacto es tan delicado como la seda.<\/p>\n<h3 id=\"-4-hot-stamping-philosophy-luxurious-expression-in-restraint-\"><strong>4. Filosof\u00eda de la estampaci\u00f3n en caliente: expresi\u00f3n de lujo con moderaci\u00f3n<\/strong><\/h3>\n<p>Siguiendo el principio minimalista de \"menos es m\u00e1s\", aplicamos de forma innovadora\u00a0<strong>nano micro estampaci\u00f3n en caliente<\/strong>\u00a0tecnolog\u00eda: -\u00a0<strong>Control del espesor<\/strong>: El grosor de la l\u00e1mina de oro es de s\u00f3lo 3\u03bcm, consiguiendo una estampaci\u00f3n en caliente de l\u00ednea ultrafina de 0,08 mm.\u00a0<strong>Precisi\u00f3n de posicionamiento<\/strong>: El error de realizaci\u00f3n de la placa l\u00e1ser es \u22640,02mm, asegurando que el LOGO quede perfectamente alineado con el borde de la caja; -\u00a0<strong>Gesti\u00f3n del color<\/strong>: Adopte\u00a0<strong>oro rosa\/champ\u00e1n<\/strong>\u00a0Carta de colores personalizada, diferencia de color \u0394E\u22640,8 (consulte las normas del proceso de estampaci\u00f3n en caliente).<\/p>\n<h3 id=\"-5-smart-manufacturing-matrix-industrial-4-0-production-system-\"><strong>5. Matriz de fabricaci\u00f3n inteligente: Sistema de producci\u00f3n industrial 4.0<\/strong><\/h3>\n<p>-\u00a0<strong>Grupo de equipos<\/strong>: Equipada con 23 dispositivos inteligentes, como la troqueladora alemana BOBST y la gofradora italiana Sacmi, que admiten cortes especiales de precisi\u00f3n de 0,1 mm.\u00a0<strong>Centro Digital<\/strong>: El sistema MES controla la temperatura y la humedad (\u00b11,5%), la presi\u00f3n (\u00b10,02MPa) y otros par\u00e1metros en tiempo real, y la tasa de defectos se controla por debajo de 0,2%; -.\u00a0<strong>Respuesta r\u00e1pida<\/strong>: El modelado 3D y las pruebas se completan en 8 horas, y el ciclo de producci\u00f3n en serie se acorta a 7-9 d\u00edas.<\/p>\n<h3 id=\"-6-design-empowerment-infinite-possibilities-of-minimalist-aesthetics-\"><strong>6. Potenciaci\u00f3n del dise\u00f1o: infinitas posibilidades de la est\u00e9tica minimalista<\/strong><\/h3>\n<p>El equipo dirigido por tres ganadores de premios internacionales de dise\u00f1o de envases aporta tres grandes estrategias de dise\u00f1o: -\u00a0<strong>Simplicidad estructural<\/strong>: Desarrollar 12 estructuras plegables patentadas (como las cubiertas superior e inferior magn\u00e9ticas) para reducir las piezas redundantes.\u00a0<strong>Sustracci\u00f3n visual<\/strong>: Utilice el arte en blanco y el dise\u00f1o de espacio negativo para reducir la densidad de la informaci\u00f3n por 40%; -\u00a0<strong>Innovaci\u00f3n interactiva<\/strong>: Incorpore un chip NFC (opcional), escanee el c\u00f3digo para obtener la historia de la fragancia y la escena AR de la marca (consulte las tendencias de envasado inteligente).<\/p>\n<h3 id=\"-7-industrial-cornerstone-vertical-integration-of-the-5-320-super-factory-\"><strong>7. Piedra angular industrial: integraci\u00f3n vertical de la superf\u00e1brica de 5.320\u33a1.<\/strong><\/h3>\n<p>-\u00a0<strong>Disposici\u00f3n espacial<\/strong>dividido en tres talleres inteligentes de impresi\u00f3n, troquelado y envasado, equipados con un sistema de manipulaci\u00f3n no tripulado AGV.\u00a0<strong>Configuraci\u00f3n de la capacidad<\/strong>: capacidad de producci\u00f3n diaria de 200.000 piezas, que admite pedidos desde 500 piezas hasta la producci\u00f3n en serie a nivel de mill\u00f3n, y entrega en 24 horas de pedidos urgentes.\u00a0<strong>Sistema de control de calidad<\/strong>: Certificado ISO 9001\/BSCI, cada lote de productos se somete a 12 pruebas destructivas (resistencia a la presi\u00f3n\/ca\u00edda\/alta y baja temperatura).<\/p>","protected":false},"excerpt":{"rendered":"<p>En la actualidad, a medida que la tendencia minimalista se extiende por el mercado mundial de la belleza, los envases de perfumes han superado hace tiempo los envases funcionales y se han convertido en un soporte art\u00edstico para que las marcas se comuniquen con los consumidores. Como empresa de referencia en el campo de la personalizaci\u00f3n de papel de alta gama en China, ZOJO Print toma\u00a0<strong>dise\u00f1o minimalista, m\u00e1xima artesan\u00eda y m\u00e1xima calidad<\/strong>\u00a0para ofrecer a los clientes de todo el mundo soluciones de cajas plegables para perfumes que combinan una est\u00e9tica pionera con un valor pr\u00e1ctico.<\/p>","protected":false},"featured_media":9500,"template":"","meta":[],"product_brand":[],"product_cat":[30,417,430,31],"product_tag":[1196,1195,1194],"class_list":{"0":"post-9495","1":"product","2":"type-product","3":"status-publish","4":"has-post-thumbnail","6":"product_cat-by-industry","7":"product_cat-custom-perfume-boxes-by-industry","8":"product_cat-folding-cartons","9":"product_cat-paper-box-style","10":"product_tag-cardboard-manufacturer","11":"product_tag-folding-box-custom","12":"product_tag-minimalist-perfume-folding-box","14":"first","15":"instock","16":"shipping-taxable","17":"product-type-grouped"},"_links":{"self":[{"href":"https:\/\/zojopackaging.com\/es\/wp-json\/wp\/v2\/product\/9495","targetHints":{"allow":["GET"]}}],"collection":[{"href":"https:\/\/zojopackaging.com\/es\/wp-json\/wp\/v2\/product"}],"about":[{"href":"https:\/\/zojopackaging.com\/es\/wp-json\/wp\/v2\/types\/product"}],"version-history":[{"count":1,"href":"https:\/\/zojopackaging.com\/es\/wp-json\/wp\/v2\/product\/9495\/revisions"}],"predecessor-version":[{"id":9510,"href":"https:\/\/zojopackaging.com\/es\/wp-json\/wp\/v2\/product\/9495\/revisions\/9510"}],"wp:featuredmedia":[{"embeddable":true,"href":"https:\/\/zojopackaging.com\/es\/wp-json\/wp\/v2\/media\/9500"}],"wp:attachment":[{"href":"https:\/\/zojopackaging.com\/es\/wp-json\/wp\/v2\/media?parent=9495"}],"wp:term":[{"taxonomy":"product_brand","embeddable":true,"href":"https:\/\/zojopackaging.com\/es\/wp-json\/wp\/v2\/product_brand?post=9495"},{"taxonomy":"product_cat","embeddable":true,"href":"https:\/\/zojopackaging.com\/es\/wp-json\/wp\/v2\/product_cat?post=9495"},{"taxonomy":"product_tag","embeddable":true,"href":"https:\/\/zojopackaging.com\/es\/wp-json\/wp\/v2\/product_tag?post=9495"}],"curies":[{"name":"wp","href":"https:\/\/api.w.org\/{rel}","templated":true}]}}