{"id":9503,"date":"2025-04-02T18:21:04","date_gmt":"2025-04-02T10:21:04","guid":{"rendered":"https:\/\/zojopackaging.com\/?post_type=product&#038;p=9503"},"modified":"2025-04-02T18:44:27","modified_gmt":"2025-04-02T10:44:27","slug":"marble-texture-pattern-jewelry-necklace-bracelet-gift-boxes","status":"publish","type":"product","link":"https:\/\/zojopackaging.com\/es\/product\/marble-texture-pattern-jewelry-necklace-bracelet-gift-boxes\/","title":{"rendered":"M\u00e1rmol Textura Patr\u00f3n Joyas Collar Pulsera Cajas de regalo"},"content":{"rendered":"<h2 id=\"1-marble-texture-design-with-both-natural-art-and-practical-functions-\">1.\u00a0<strong>Dise\u00f1o de textura de m\u00e1rmol con arte natural y funciones pr\u00e1cticas a la vez<\/strong><\/h2>\n<p>Esta caja de regalo utiliza tecnolog\u00eda bi\u00f3nica avanzada para reproducir la textura del m\u00e1rmol natural, con una base blanca y l\u00edneas aerodin\u00e1micas rosas o doradas, que no s\u00f3lo presenta la belleza fluida de la piedra natural, sino que tambi\u00e9n consigue funciones de resistencia al desgaste y antiincrustantes gracias a materiales de revestimiento especiales. El dise\u00f1o de la textura se inspira en los elementos decorativos cl\u00e1sicos del Hotel Bulgari de Italia. Las l\u00edneas entrelazadas de claro y oscuro confieren al envase una tensi\u00f3n visual din\u00e1mica, rompiendo la monoton\u00eda de los joyeros tradicionales, de modo que los clientes se sienten atra\u00eddos por su textura \u00fanica nada m\u00e1s abrir la caja.<\/p>\n<h2 id=\"2-magnetic-box-structure-efficient-space-and-convenient-operation-\">2.\u00a0<strong>Estructura de caja de cierre magn\u00e9tico: espacio eficiente y funcionamiento c\u00f3modo<\/strong><\/h2>\n<p>La caja adopta un dise\u00f1o de apertura y cierre magn\u00e9ticos, que hace realidad la elegante experiencia de \"apertura con un solo toque\" gracias a la precisa disposici\u00f3n de los imanes, y optimiza la estratificaci\u00f3n del espacio interior:<\/p>\n<ul>\n<li><strong>Almacenamiento por capas<\/strong>: Particiones ajustables incorporadas, adecuadas para diferentes formas de joyas como collares, pulseras, pendientes, etc., y se pueden combinar libremente a trav\u00e9s de m\u00f3dulos magn\u00e9ticos para aumentar la utilizaci\u00f3n del espacio por 30%.<\/li>\n<li><strong>Port\u00e1til y a prueba de ca\u00eddas<\/strong>: Una vez cerrada la tapa, queda firmemente adherida por magnetismo para evitar que se abra accidentalmente durante el transporte. Est\u00e1 fabricada con materiales ligeros, teniendo en cuenta la durabilidad y la portabilidad.<\/li>\n<\/ul>\n<h2 id=\"3-hot-stamping-technology-creates-a-luxurious-visual-effect-\">3. Oro h<strong>a tecnolog\u00eda de estampado en l\u00e1mina crea un lujoso efecto visual<\/strong><\/h2>\n<p>La superficie de la caja de regalo adopta un proceso de doble compuesto:<\/p>\n<p id=\"1-embossed-hot-stamping-0-1mm-gold-foil-is-applied-to-the-logo-and-edge-lines-of-the-lid-which-presents-a-gradient-metallic-luster-under-light-and-has-a-three-dimensional-and-delicate-touch-strengthening-the-high-end-positioning-of-the-brand-\">1.\u00a0<strong>Estampaci\u00f3n en caliente en relieve<\/strong>: Se aplica una l\u00e1mina de oro de 0,1 mm al LOGO y a las l\u00edneas de los bordes de la tapa, que presenta un brillo met\u00e1lico degradado bajo la luz, y tiene un toque tridimensional y delicado, reforzando el posicionamiento de gama alta de la marca.<\/p>\n<p id=\"2-laser-light-effect-local-superposition-of-laser-hot-stamping-technology-dynamic-refraction-of-multi-angle-light-and-shadow-creating-a-jewelry-level-visual-impact-which-meets-the-needs-of-holiday-gifts-or-luxury-packaging-\">2.\u00a0<strong>Efecto de luz l\u00e1ser<\/strong>: Superposici\u00f3n local de tecnolog\u00eda de estampaci\u00f3n en caliente por l\u00e1ser, refracci\u00f3n din\u00e1mica de luz y sombra multi\u00e1ngulo, creando un impacto visual \"a nivel de joya\", que satisface las necesidades de los regalos navide\u00f1os o los envases de lujo.<\/p>\n<h2 id=\"4-eva-flocking-lining-all-round-protection-system-\">4.\u00a0<strong>Forro de flocado EVA: sistema de protecci\u00f3n integral<\/strong><\/h2>\n<p>El forro adopta la tecnolog\u00eda de flocado EVA personalizado:<\/p>\n<ul>\n<li><strong>Rendimiento del buffering<\/strong>: La espuma EVA de 5 mm de grosor puede absorber m\u00e1s de 80% de la fuerza del impacto. La prueba de simulaci\u00f3n demuestra que no se producen da\u00f1os en las joyas al caer desde 1,5 metros.<\/li>\n<li><strong>Resistencia a la compresi\u00f3n y al rayado<\/strong>: La densidad del flocado de la superficie alcanza los 1200 g\/m\u00b2, que se siente tan suave como la seda, evitando los ara\u00f1azos causados por la fricci\u00f3n entre las joyas de metal y el forro.<\/li>\n<li><strong>Ranuras personalizadas<\/strong>: Grabe con l\u00e1ser ranuras exclusivas seg\u00fan la forma de la joya para garantizar que las partes vulnerables, como las hebillas de los collares y las cadenas de las pulseras, queden firmemente incrustadas.<\/li>\n<\/ul>\n<h2 id=\"5-diversified-outer-packaging-customization-solutions-\">5.\u00a0<strong>Soluciones diversificadas de personalizaci\u00f3n de envases exteriores<\/strong><\/h2>\n<p>Para responder a las necesidades de distintos escenarios, se ofrecen tres dimensiones de personalizaci\u00f3n:<\/p>\n<p id=\"1-specification-adaptation-from-9-9-3cm-mini-box-to-25-5-21-9cm-gift-box-set-covering-the-packaging-needs-of-single-jewelry-to-multi-piece-sets-supporting-the-development-of-special-shaped-boxes-such-as-heart-shaped-hexagonal-\">1.\u00a0<strong>Adaptaci\u00f3n del pliego de condiciones<\/strong>: Desde la minicaja de 9\u00d79\u00d73 cm hasta el juego de cajas de regalo de 25,5\u00d721\u00d79 cm, cubriendo las necesidades de embalaje de joyas individuales hasta juegos de varias piezas, apoyando el desarrollo de cajas con formas especiales (como en forma de coraz\u00f3n, hexagonal).<\/p>\n<p id=\"2-style-expansion-you-can-choose-minimalist-solid-color-embossed-pattern-or-joint-illustration-design-support-personalized-elements-such-as-hot-stamping-hot-silver-logo-ribbon-decoration-etc-\">2.\u00a0<strong>Ampliaci\u00f3n de estilo<\/strong>: Usted puede elegir el color s\u00f3lido minimalista, patr\u00f3n en relieve o dise\u00f1o de la ilustraci\u00f3n conjunta, apoyar elementos personalizados tales como estampado en caliente \/ LOGO de plata caliente, decoraci\u00f3n de la cinta, etc.<\/p>\n<p id=\"3-environmental-upgrade-provide-fsc-certified-recycled-cardboard-and-degradable-eva-material-options-in-line-with-the-trend-of-green-consumption-\">3.\u00a0<strong>Mejora medioambiental<\/strong>: Ofrecer opciones de cart\u00f3n reciclado con certificaci\u00f3n FSC y material EVA degradable, en l\u00ednea con la tendencia del consumo ecol\u00f3gico.<\/p>\n<h2 id=\"vi-professional-design-team-and-factory-strength-guarantee-\">6. <strong>Equipo de dise\u00f1o profesional y garant\u00eda de solidez en f\u00e1brica<\/strong><\/h2>\n<ul>\n<li><strong>Dise\u00f1o creativo<\/strong>: El equipo est\u00e1 formado por dise\u00f1adores de envases y consultores de marcas de joyer\u00eda con m\u00e1s de 10 a\u00f1os de experiencia. Se les da bien transformar la cultura de marca en lenguaje visual y han creado soluciones online populares para muchas marcas de joyer\u00eda ligera de lujo.<\/li>\n<li><strong>Garant\u00eda de producci\u00f3n<\/strong>: La f\u00e1brica de 5.320\u33a1 est\u00e1 equipada con m\u00e1quinas de estampaci\u00f3n en caliente totalmente autom\u00e1ticas, m\u00e1quinas de corte CNC de EVA y otros equipos. Con 16 a\u00f1os de experiencia en la producci\u00f3n, puede lograr 72 horas de pruebas y 15 d\u00edas de entrega por lotes. Ha superado la certificaci\u00f3n del sistema de gesti\u00f3n de calidad ISO y la tasa de cualificaci\u00f3n del producto es del 99,6%.<\/li>\n<li><strong>Compromiso de protecci\u00f3n del medio ambiente<\/strong>: La impresi\u00f3n con tinta a base de agua y la tecnolog\u00eda de flocado sin polvo se utilizan para garantizar que el proceso de producci\u00f3n cumple las normas REACH de protecci\u00f3n del medio ambiente.<\/li>\n<\/ul>","protected":false},"excerpt":{"rendered":"<p>Esta caja de regalo adopta la textura de m\u00e1rmol como n\u00facleo est\u00e9tico, combina la estructura de succi\u00f3n magn\u00e9tica, la tecnolog\u00eda de estampaci\u00f3n en caliente y el forro protector de EVA para lograr la triple mejora de \"atractivo visual-pr\u00e1ctico funcional-valor de marca\". Bas\u00e1ndose en cadenas de suministro maduras y servicios personalizados, puede adaptarse eficazmente a las necesidades de envasado de gama alta de m\u00faltiples categor\u00edas, como joyer\u00eda, relojer\u00eda y art\u00edculos de lujo, convirti\u00e9ndose en una opci\u00f3n ideal para mejorar la calidad del producto y la experiencia del cliente.<\/p>","protected":false},"featured_media":9504,"template":"","meta":[],"product_brand":[],"product_cat":[30,415,424,31],"product_tag":[1193,663,1197],"class_list":{"0":"post-9503","1":"product","2":"type-product","3":"status-publish","4":"has-post-thumbnail","6":"product_cat-by-industry","7":"product_cat-custom-jewelry-boxes-by-industry","8":"product_cat-magnetic-closure-boxes","9":"product_cat-paper-box-style","10":"product_tag-bracelet-gift-boxes","11":"product_tag-jewelry-gift-boxes","12":"product_tag-necklace-gift-boxes","14":"first","15":"instock","16":"shipping-taxable","17":"product-type-grouped"},"_links":{"self":[{"href":"https:\/\/zojopackaging.com\/es\/wp-json\/wp\/v2\/product\/9503","targetHints":{"allow":["GET"]}}],"collection":[{"href":"https:\/\/zojopackaging.com\/es\/wp-json\/wp\/v2\/product"}],"about":[{"href":"https:\/\/zojopackaging.com\/es\/wp-json\/wp\/v2\/types\/product"}],"version-history":[{"count":1,"href":"https:\/\/zojopackaging.com\/es\/wp-json\/wp\/v2\/product\/9503\/revisions"}],"predecessor-version":[{"id":9511,"href":"https:\/\/zojopackaging.com\/es\/wp-json\/wp\/v2\/product\/9503\/revisions\/9511"}],"wp:featuredmedia":[{"embeddable":true,"href":"https:\/\/zojopackaging.com\/es\/wp-json\/wp\/v2\/media\/9504"}],"wp:attachment":[{"href":"https:\/\/zojopackaging.com\/es\/wp-json\/wp\/v2\/media?parent=9503"}],"wp:term":[{"taxonomy":"product_brand","embeddable":true,"href":"https:\/\/zojopackaging.com\/es\/wp-json\/wp\/v2\/product_brand?post=9503"},{"taxonomy":"product_cat","embeddable":true,"href":"https:\/\/zojopackaging.com\/es\/wp-json\/wp\/v2\/product_cat?post=9503"},{"taxonomy":"product_tag","embeddable":true,"href":"https:\/\/zojopackaging.com\/es\/wp-json\/wp\/v2\/product_tag?post=9503"}],"curies":[{"name":"wp","href":"https:\/\/api.w.org\/{rel}","templated":true}]}}