{"id":9512,"date":"2025-04-02T18:44:59","date_gmt":"2025-04-02T10:44:59","guid":{"rendered":"https:\/\/zojopackaging.com\/?post_type=product&#038;p=9512"},"modified":"2025-04-02T19:05:41","modified_gmt":"2025-04-02T11:05:41","slug":"custom-printed-luxury-christmas-valentines-day-set-gift-box","status":"publish","type":"product","link":"https:\/\/zojopackaging.com\/es\/product\/custom-printed-luxury-christmas-valentines-day-set-gift-box\/","title":{"rendered":"Estuche de regalo de lujo impreso personalizado para Navidad y San Valent\u00edn"},"content":{"rendered":"<h2 id=\"-1-box-design-with-top-and-bottom-lid-one-handed-opening-and-closing-with-both-a-sense-of-ceremony-and-convenience-\"><strong>1. Dise\u00f1o de caja con tapa superior e inferior: apertura y cierre con una sola mano, con un sentido tanto de ceremonia como de comodidad.<\/strong><\/h2>\n<p>Adoptando la estructura cl\u00e1sica de caja con tapa superior (tapa superior) y caja inferior (caja inferior) de dise\u00f1o dividido, las tapas superior e inferior est\u00e1n abrochadas con precisi\u00f3n, con una fuerte protecci\u00f3n y una apertura y cierre suaves. Optimizando el \u00e1ngulo de apertura y el tama\u00f1o de la caja, puede abrirse f\u00e1cilmente con una sola mano, mejorando la sensaci\u00f3n de ceremonia de unboxing y la experiencia del usuario. Dise\u00f1o opcional de cintura expuesta o tapa superior, que mejora a\u00fan m\u00e1s la comodidad de manejo al reservar huecos o estructuras oblicuas.<\/p>\n<h2 id=\"-2-pink-healing-visual-scheme-creating-a-romantic-holiday-atmosphere-\"><strong>2. Esquema visual rosa curativo: crear una atm\u00f3sfera rom\u00e1ntica de vacaciones<\/strong><\/h2>\n<p>Con el suave rosa flor de cerezo y el rosa Morandi como colores principales, combinados con degradado, estampaci\u00f3n en caliente o tecnolog\u00eda UV, transmite una sensaci\u00f3n de dulzura y curaci\u00f3n. La superficie puede recubrirse con pel\u00edcula mate o papel especial de tacto aterciopelado, combinado con motivos geom\u00e9tricos radiales o ilustraciones de elementos de flor de cerezo, para realzar el nivel visual y la fantas\u00eda navide\u00f1a. El forro es de esponja rosa claro o material EVA, que no s\u00f3lo protege los regalos, sino que contin\u00faa la unidad del tono general.<\/p>\n<h2 id=\"-3-ribbon-accessories-the-finishing-touch-to-enhance-display-value-\"><strong>3. Accesorios de cinta: el toque final para realzar el valor de la exposici\u00f3n<\/strong><\/h2>\n<p>Las cintas personalizadas son est\u00e1ndar, con terciopelo, sat\u00e9n, tejido y otros materiales para elegir, y admiten LOGO estampado en caliente o impresi\u00f3n de patrones en relieve. Puede combinarse con lazos, borlas o hebillas met\u00e1licas para satisfacer distintos requisitos de estilo (como terciopelo retro con perlas, cinta minimalista con plata caliente). El dise\u00f1o de cinta larga realza la elegancia de la caja de regalo, adecuada para escenas navide\u00f1as de entrega de regalos, y es f\u00e1cil de colgar para su exposici\u00f3n.<\/p>\n<h2 id=\"-4-innovative-design-team-personalized-solutions-empower-brand-value-\"><strong>4. Equipo de dise\u00f1o innovador: las soluciones personalizadas potencian el valor de la marca<\/strong><\/h2>\n<p>Contamos con un equipo de dise\u00f1o de alto nivel, integrado por ingenieros estructurales y dise\u00f1adores visuales, que ofrece un servicio completo, desde la creatividad hasta la ejecuci\u00f3n. Por ejemplo:<\/p>\n<ul>\n<li><strong>Dise\u00f1o interactivo<\/strong>: Combine estructuras giratorias, ilustraciones de varias capas o efectos de iluminaci\u00f3n para dar al proceso de apertura una sensaci\u00f3n de sorpresa (como mecanismos giratorios para mostrar palabras de amor ocultas).<\/li>\n<li><strong>Tecnolog\u00eda inteligente<\/strong>: Integre la tecnolog\u00eda AR para escanear c\u00f3digos y presentar bendiciones din\u00e1micas, o utilice etiquetas RFID para lograr una trazabilidad antifalsificaci\u00f3n.<\/li>\n<\/ul>\n<h2 id=\"-5-highly-customized-options-adapt-to-diverse-needs-\"><strong>5. Opciones altamente personalizadas: se adaptan a diversas necesidades<\/strong><\/h2>\n<ul>\n<li><strong>Tipo de caja<\/strong>: admite la personalizaci\u00f3n de formas redondas, poligonales, especiales, etc. para satisfacer las necesidades creativas de visualizaci\u00f3n.<\/li>\n<li><strong>Material<\/strong>: Papel de cart\u00f3n gris ecol\u00f3gico opcional, pasta de ca\u00f1a de az\u00facar degradable, papel de fibra de bamb\u00fa, etc., teniendo en cuenta la textura y la sostenibilidad.<\/li>\n<li><strong>Artesan\u00eda<\/strong>: Proporcionar tratamientos superficiales como estampaci\u00f3n en caliente\/plateado, gofrado, luz local UV, serigraf\u00eda, etc.<\/li>\n<li><strong>Talla<\/strong>: Ajuste de forma flexible la estructura de soporte interior para adaptarla a diferentes categor\u00edas como chocolate, joyer\u00eda, cosm\u00e9ticos, etc.<\/li>\n<\/ul>\n<h2 id=\"-6-strict-control-of-quality-and-environmental-protection-commitment-create-a-trusted-choice-\"><strong>6. Control estricto de la calidad y compromiso de protecci\u00f3n del medio ambiente: crear una opci\u00f3n de confianza<\/strong><\/h2>\n<ul>\n<li><strong>Gesti\u00f3n de la producci\u00f3n<\/strong>: Certificaci\u00f3n del sistema de gesti\u00f3n de calidad ISO, 16 procesos de inspecci\u00f3n de calidad cubren todo el proceso de materias primas, impresi\u00f3n, troquelado y montaje.<\/li>\n<li><strong>Normas de protecci\u00f3n del medio ambiente<\/strong>: Utiliza papel certificado FSC, tinta a base de agua y estructura de cierre sin cola para reducir el uso de pl\u00e1sticos y apoyar el reciclaje y la degradaci\u00f3n por compostaje.<\/li>\n<li><strong>Artesan\u00eda<\/strong>: Equipada con troqueladora totalmente autom\u00e1tica y equipo de laminado para garantizar que el borde de la caja sea plano y quede bien ajustado.<\/li>\n<\/ul>\n<h2 id=\"-7-strength-of-large-scale-factories-efficient-delivery-and-cost-advantages-\"><strong>7. La fuerza de las grandes f\u00e1bricas: entrega eficaz y ventajas de costes<\/strong><\/h2>\n<p>La f\u00e1brica de impresi\u00f3n, con 16 a\u00f1os de experiencia en el sector y una superficie de 5.320 metros cuadrados, est\u00e1 equipada con un almac\u00e9n inteligente y l\u00edneas de producci\u00f3n flexibles que permiten la personalizaci\u00f3n de lotes peque\u00f1os y la realizaci\u00f3n de pedidos a gran escala en paralelo. Confiando en el servicio integral de \"dise\u00f1o-prueba-producci\u00f3n\", realiza las entregas en 7-15 d\u00edas, y se gana la reputaci\u00f3n de mercados extranjeros como Europa, Am\u00e9rica y el Sudeste Asi\u00e1tico con un alto rendimiento de costes.<\/p>","protected":false},"excerpt":{"rendered":"<ol>\n<li><strong>Demanda de confirmaci\u00f3n<\/strong>: Comunique el tama\u00f1o, el estilo y los requisitos funcionales del producto, y proporcione una vista previa en 3D.<\/li>\n<li><strong>Verificaci\u00f3n de pruebas<\/strong>: Env\u00edo de muestras f\u00edsicas en un plazo de 3 d\u00edas laborables, ajustes de estructura, color y proceso.<\/li>\n<li><strong>Producci\u00f3n en serie<\/strong>: Utilizar el sistema ERP para realizar un seguimiento de los progresos a fin de garantizar la coherencia del ciclo de entrega y la calidad.<\/li>\n<li><strong>Garant\u00eda posventa<\/strong>: Proporcionamos orientaci\u00f3n sobre la sustituci\u00f3n de da\u00f1os y el tratamiento de protecci\u00f3n medioambiental, un servicio sin preocupaciones durante todo el proceso.<\/li>\n<\/ol>","protected":false},"featured_media":9514,"template":"","meta":[],"product_brand":[],"product_cat":[30,423,425,31],"product_tag":[1198,809,1199],"class_list":{"0":"post-9512","1":"product","2":"type-product","3":"status-publish","4":"has-post-thumbnail","6":"product_cat-by-industry","7":"product_cat-custom-presentation-boxes-by-industry","8":"product_cat-lid-and-base-gift-box","9":"product_cat-paper-box-style","10":"product_tag-christmas-gift-box","11":"product_tag-custom-valentines-day-gift-box","12":"product_tag-valentines-day-set-gift-box","14":"first","15":"instock","16":"shipping-taxable","17":"product-type-grouped"},"_links":{"self":[{"href":"https:\/\/zojopackaging.com\/es\/wp-json\/wp\/v2\/product\/9512","targetHints":{"allow":["GET"]}}],"collection":[{"href":"https:\/\/zojopackaging.com\/es\/wp-json\/wp\/v2\/product"}],"about":[{"href":"https:\/\/zojopackaging.com\/es\/wp-json\/wp\/v2\/types\/product"}],"version-history":[{"count":1,"href":"https:\/\/zojopackaging.com\/es\/wp-json\/wp\/v2\/product\/9512\/revisions"}],"predecessor-version":[{"id":9519,"href":"https:\/\/zojopackaging.com\/es\/wp-json\/wp\/v2\/product\/9512\/revisions\/9519"}],"wp:featuredmedia":[{"embeddable":true,"href":"https:\/\/zojopackaging.com\/es\/wp-json\/wp\/v2\/media\/9514"}],"wp:attachment":[{"href":"https:\/\/zojopackaging.com\/es\/wp-json\/wp\/v2\/media?parent=9512"}],"wp:term":[{"taxonomy":"product_brand","embeddable":true,"href":"https:\/\/zojopackaging.com\/es\/wp-json\/wp\/v2\/product_brand?post=9512"},{"taxonomy":"product_cat","embeddable":true,"href":"https:\/\/zojopackaging.com\/es\/wp-json\/wp\/v2\/product_cat?post=9512"},{"taxonomy":"product_tag","embeddable":true,"href":"https:\/\/zojopackaging.com\/es\/wp-json\/wp\/v2\/product_tag?post=9512"}],"curies":[{"name":"wp","href":"https:\/\/api.w.org\/{rel}","templated":true}]}}