{"id":9539,"date":"2025-04-02T19:40:09","date_gmt":"2025-04-02T11:40:09","guid":{"rendered":"https:\/\/zojopackaging.com\/?post_type=product&#038;p=9539"},"modified":"2025-04-02T20:05:05","modified_gmt":"2025-04-02T12:05:05","slug":"necklace-earrings-bracelet-ring-packaging-boxes-wholesale","status":"publish","type":"product","link":"https:\/\/zojopackaging.com\/es\/product\/necklace-earrings-bracelet-ring-packaging-boxes-wholesale\/","title":{"rendered":"Collar Pendientes Pulsera Anillo Cajas de embalaje al por mayor"},"content":{"rendered":"<h2 id=\"-1-luxurious-appearance-design-highlighting-the-high-end-sense-of-jewelry-\"><strong>1. Dise\u00f1o de aspecto lujoso, destacando el sentido de gama alta de la joyer\u00eda<\/strong><\/h2>\n<ul>\n<li><strong>Combinaci\u00f3n cl\u00e1sica de colores negro y dorado<\/strong>: El cuerpo de la caja es de cart\u00f3n duro negro mate, con l\u00edneas decorativas o logotipos de marca estampados en caliente de 24K, y el forro es de terciopelo dorado de alta densidad o de cart\u00f3n flocado para crear impacto visual y lujo t\u00e1ctil.<\/li>\n<li><strong>Estructura de caja especial<\/strong>: Cajas de exposici\u00f3n personalizables con tapa abatible, tipo caj\u00f3n, con forma de libro que se abre y se cierra o en capas, mediante un dise\u00f1o de espacio tridimensional para mejorar el efecto de exposici\u00f3n de las joyas, como soportes para colgar collares, ranuras para anillos, ranuras para pendientes, etc., para aumentar el atractivo del producto.<\/li>\n<\/ul>\n<h2 id=\"-2-highly-customized-service-precise-adaptation-needs-\"><strong>2. Servicio altamente personalizado, necesidades de adaptaci\u00f3n precisas<\/strong><\/h2>\n<ul>\n<li><strong>Distribuci\u00f3n interior flexible<\/strong>: En funci\u00f3n de los diferentes tama\u00f1os de joyas, como collares, pendientes, pulseras, anillos, etc., prevea tabiques ajustables, soportes interiores de esponja o estructuras de fijaci\u00f3n magn\u00e9tica para garantizar la estabilidad del producto y una exposici\u00f3n intuitiva.<\/li>\n<li><strong>Personalizaci\u00f3n integral<\/strong>:<\/li>\n<li><strong>Tama\u00f1o y tipo de caja<\/strong>: Admite una gran variedad de especificaciones, desde 5 cm\u00d75 cm hasta 30 cm\u00d730 cm, para satisfacer las necesidades de embalaje de un solo producto o de cajas de regalo.<\/li>\n<li><strong>Material y artesan\u00eda<\/strong>: EVA ecol\u00f3gico opcional, papel corrugado, papel art\u00edstico y otros sustratos, con m\u00e1scara mate\/brillante, gofrado, gofrado UV y otros procesos en la superficie.<\/li>\n<li><strong>Impresi\u00f3n y decoraci\u00f3n<\/strong>: Admite estampaci\u00f3n en caliente\/plata, serigraf\u00eda, grabado l\u00e1ser y otros procesos, y puede personalizar el LOGO de la marca, el patr\u00f3n y la combinaci\u00f3n de colores exclusiva.<\/li>\n<\/ul>\n<h2 id=\"-3-hot-stamping-technology-to-enhance-the-high-end-image-of-the-brand-\"><strong>3. Tecnolog\u00eda de l\u00e1mina de oro estampada en caliente para realzar la imagen de gama alta de la marca.<\/strong><\/h2>\n<ul>\n<li>Utilice l\u00e1minas de estampaci\u00f3n en caliente importadas y moldes de precisi\u00f3n para crear delicadas texturas de brillo met\u00e1lico en la tapa, el borde o el forro de la caja, realzar la textura del envase, atraer la atenci\u00f3n de los consumidores a primera vista y mejorar el reconocimiento de la marca.<\/li>\n<\/ul>\n<h2 id=\"-4-environmental-protection-and-sustainable-concept-\"><strong>4. Protecci\u00f3n del medio ambiente y concepto sostenible<\/strong><\/h2>\n<ul>\n<li>Todas las materias primas cuentan con la certificaci\u00f3n FSC, cumplen las normas de protecci\u00f3n medioambiental REACH de la UE, no son t\u00f3xicas ni nocivas, son reciclables y degradables, lo que ayuda a la marca a transmitir un valor ecol\u00f3gico de gama alta.<\/li>\n<\/ul>\n<h2 id=\"-production-and-delivery-guarantee-\"><strong>Garant\u00eda de producci\u00f3n y entrega<\/strong><\/h2>\n<ul>\n<li><strong>Producci\u00f3n inteligente<\/strong>: Los equipos de troquelado, montaje y estampaci\u00f3n en caliente totalmente autom\u00e1ticos garantizan la consistencia del proceso, con una tasa de error inferior a 0,1%, y los pedidos por lotes se entregan en 7-15 d\u00edas.<\/li>\n<li><strong>Estricto proceso de inspecci\u00f3n de calidad<\/strong>: Desde el almacenamiento de la materia prima hasta la entrega del producto acabado, se aplican 6 eslabones de inspecci\u00f3n de calidad para garantizar que la caja de embalaje no presente ara\u00f1azos, decoloraci\u00f3n, deformaci\u00f3n y otros problemas.<\/li>\n<\/ul>\n<h2 id=\"-cooperation-process-\"><strong>Proceso de cooperaci\u00f3n<\/strong><\/h2>\n<ol>\n<li><strong>Comunicaci\u00f3n de la demanda<\/strong>: Proporcione bocetos de dise\u00f1o o encargue a un equipo profesional la realizaci\u00f3n de muestras gratuitas;<\/li>\n<li><strong>Confirmaci\u00f3n del r\u00e9gimen<\/strong>: Proporcione renders en 3D y detalles del presupuesto en un plazo de 3 d\u00edas laborables;<\/li>\n<li><strong>Entrega de la producci\u00f3n<\/strong>: Organice la producci\u00f3n lo antes posible tras la firma del contrato y realice un seguimiento del progreso log\u00edstico a lo largo de todo el proceso.<\/li>\n<\/ol>","protected":false},"excerpt":{"rendered":"<p>\u2728 Experiencia Unboxing de lujo: impresiona a los clientes con una presentaci\u00f3n de primera calidad.<br \/>\n\ud83d\udee1\ufe0f Protecci\u00f3n de joyas - La estructura resistente a los golpes mantiene los objetos seguros.<br \/>\n\ud83c\udfa8 Impulso de la marca: los exteriores personalizables amplifican el reconocimiento de la marca.<br \/>\n\ud83d\udce6 Escalado rentable: los precios a granel reducen los costes por unidad en 40%.<br \/>\n\ud83c\udf31 Eco-Friendly - Los materiales reciclables se alinean con los valores sostenibles.<\/p>","protected":false},"featured_media":9541,"template":"","meta":[],"product_brand":[],"product_cat":[30,415,428,31],"product_tag":[1203,1202,1025],"class_list":{"0":"post-9539","1":"product","2":"type-product","3":"status-publish","4":"has-post-thumbnail","6":"product_cat-by-industry","7":"product_cat-custom-jewelry-boxes-by-industry","8":"product_cat-irregular-shaped-gift-boxes","9":"product_cat-paper-box-style","10":"product_tag-earrings-boxes-wholesale","11":"product_tag-necklace-bracelet-boxes-wholesale","12":"product_tag-ring-packaging-boxes","14":"first","15":"instock","16":"shipping-taxable","17":"product-type-grouped"},"_links":{"self":[{"href":"https:\/\/zojopackaging.com\/es\/wp-json\/wp\/v2\/product\/9539","targetHints":{"allow":["GET"]}}],"collection":[{"href":"https:\/\/zojopackaging.com\/es\/wp-json\/wp\/v2\/product"}],"about":[{"href":"https:\/\/zojopackaging.com\/es\/wp-json\/wp\/v2\/types\/product"}],"version-history":[{"count":1,"href":"https:\/\/zojopackaging.com\/es\/wp-json\/wp\/v2\/product\/9539\/revisions"}],"predecessor-version":[{"id":9547,"href":"https:\/\/zojopackaging.com\/es\/wp-json\/wp\/v2\/product\/9539\/revisions\/9547"}],"wp:featuredmedia":[{"embeddable":true,"href":"https:\/\/zojopackaging.com\/es\/wp-json\/wp\/v2\/media\/9541"}],"wp:attachment":[{"href":"https:\/\/zojopackaging.com\/es\/wp-json\/wp\/v2\/media?parent=9539"}],"wp:term":[{"taxonomy":"product_brand","embeddable":true,"href":"https:\/\/zojopackaging.com\/es\/wp-json\/wp\/v2\/product_brand?post=9539"},{"taxonomy":"product_cat","embeddable":true,"href":"https:\/\/zojopackaging.com\/es\/wp-json\/wp\/v2\/product_cat?post=9539"},{"taxonomy":"product_tag","embeddable":true,"href":"https:\/\/zojopackaging.com\/es\/wp-json\/wp\/v2\/product_tag?post=9539"}],"curies":[{"name":"wp","href":"https:\/\/api.w.org\/{rel}","templated":true}]}}