{"id":9548,"date":"2025-04-02T20:05:47","date_gmt":"2025-04-02T12:05:47","guid":{"rendered":"https:\/\/zojopackaging.com\/?post_type=product&#038;p=9548"},"modified":"2025-04-02T20:52:05","modified_gmt":"2025-04-02T12:52:05","slug":"jewelry-necklace-ring-bracelet-earring-packaging-box-supplier","status":"publish","type":"product","link":"https:\/\/zojopackaging.com\/es\/product\/jewelry-necklace-ring-bracelet-earring-packaging-box-supplier\/","title":{"rendered":"Joyer\u00eda Collar Anillo Pulsera Pendiente Caja de embalaje Proveedor"},"content":{"rendered":"<h2 id=\"-1-convenient-pull-out-box-design-\"><strong>1. C\u00f3modo dise\u00f1o de caja extra\u00edble<\/strong><\/h2>\n<ul>\n<li><strong>Estructura corredera de apertura y cierre<\/strong>: El cuerpo de la caja extra\u00edble est\u00e1 fabricado con moldes de precisi\u00f3n, que se abren y cierran suavemente y pueden ser manejados f\u00e1cilmente por los usuarios con una sola mano,\u00a0<strong>ahorro de m\u00e1s de 50% del tiempo de apertura<\/strong>y realzar el sentido de la ceremonia y la comodidad del desembalaje.<\/li>\n<li><strong>Durabilidad y estabilidad<\/strong>: El cuerpo de la caja combina cart\u00f3n de alto gramaje y tecnolog\u00eda de refuerzo para garantizar que no se deforme tras m\u00faltiples aperturas y cierres, y es adecuado para el uso a largo plazo de cajas de regalo para joyas.<\/li>\n<\/ul>\n<h2 id=\"-2-brand-customized-design-service-\"><strong>2. Servicio de dise\u00f1o personalizado de la marca<\/strong><\/h2>\n<ul>\n<li><strong>Tipo de caja y personalizaci\u00f3n visual<\/strong>: Proporcione una variedad de tipos de cajas, como cajas caj\u00f3n, cajas en forma de libro y tapas, soporte\u00a0<strong>tama\u00f1o exclusivo, curvatura, ventana<\/strong>\u00a0y otros dise\u00f1os personalizados, y se ajustan con precisi\u00f3n al tono de la marca.<\/li>\n<li><strong>Mejora del proceso de superficie<\/strong>: Estampaci\u00f3n en caliente\/plateado, gofrado, barnizado local UV, serigraf\u00eda y otros procesos opcionales, combinados con la impresi\u00f3n de colores planos Pantone, para realzar el logotipo de la marca y el impacto visual.<\/li>\n<\/ul>\n<h2 id=\"-3-eva-flocking-anti-seismic-lining-\"><strong>3. Forro antis\u00edsmico de flocado EVA<\/strong><\/h2>\n<ul>\n<li><strong>Protecci\u00f3n integral<\/strong>: El forro de EVA de alta densidad se adapta al contorno de las joyas, y el flocado de la superficie es delicado y suave,\u00a0<strong>absorbe eficazmente las vibraciones del transporte y los impactos de las ca\u00eddas<\/strong>y evitando ara\u00f1azos o desplazamientos del producto.<\/li>\n<li><strong>Mejora visual y t\u00e1ctil<\/strong>: El forro flocado proporciona efectos mate\/brillante, y hay disponibles lujosos colores como el negro, el blanco, el dorado y el burdeos, teniendo en cuenta tanto la protecci\u00f3n como la belleza de la pantalla.<\/li>\n<\/ul>\n<h2 id=\"-4-ribbon-accessories-and-detailed-design-\"><strong>4. Accesorios de cinta y dise\u00f1o detallado<\/strong><\/h2>\n<ul>\n<li><strong>Elementos decorativos de alta gama<\/strong>: Cintas personalizadas incorporadas (los materiales de gasa, sat\u00e9n y terciopelo son opcionales), combinadas con etiquetas con el logotipo de la marca o hebillas decorativas de metal, para realzar la sensaci\u00f3n de ceremonia de desembalaje.<\/li>\n<li><strong>Combinaci\u00f3n de funcionalidad y est\u00e9tica<\/strong>: El dise\u00f1o de la cinta tiene en cuenta la practicidad de la caja extra\u00edble, al tiempo que realza la exquisitez y los atributos de regalo del envase,\u00a0<strong>aumentar el valor a\u00f1adido del producto en 20%+.<\/strong>.<\/li>\n<\/ul>\n<h2 id=\"-5-flexible-customization-system-\"><strong>5. Sistema de personalizaci\u00f3n flexible<\/strong><\/h2>\n<ul>\n<li><strong>Personalizaci\u00f3n completa<\/strong>: Desde la estructura de la caja, la partici\u00f3n del forro hasta los detalles de los accesorios, admite el dise\u00f1o de adaptaci\u00f3n 1:1 seg\u00fan las categor\u00edas de joyer\u00eda (collares, pendientes, pulseras, etc.), satisfaciendo diferentes necesidades de posicionamiento, como art\u00edculos de lujo de gama alta, moda r\u00e1pida de lujo ligero, etc.<\/li>\n<li><strong>Opciones de materiales respetuosos con el medio ambiente<\/strong>: Proporcionar materiales respetuosos con el medio ambiente, como papel con certificaci\u00f3n FSC, EVA degradable y seda reciclada, para ayudar a las marcas a practicar el concepto de desarrollo sostenible.<\/li>\n<\/ul>\n<h2 id=\"-6-intelligent-lining-partition-system-\"><strong>6. Sistema inteligente de tabiques de revestimiento<\/strong><\/h2>\n<ul>\n<li><strong>Fijaci\u00f3n precisa del producto<\/strong>: Dise\u00f1e ranuras independientes para tarjetas, ranuras o correas el\u00e1sticas en funci\u00f3n del tama\u00f1o de las joyas para garantizar que no se sacudan durante el transporte, a la vez que se consigue una exposici\u00f3n ordenada en el expositor.<\/li>\n<li><strong>Estratificaci\u00f3n multifuncional<\/strong>: Soporta la estructura de capas desmontable, se adapta al embalaje combinado de joyas de varias piezas, mejora la practicidad del embalaje y la satisfacci\u00f3n del cliente.<\/li>\n<\/ul>\n<h2 id=\"-production-and-service-guarantee-\"><strong>Garant\u00eda de producci\u00f3n y servicio<\/strong><\/h2>\n<ul>\n<li><strong>Control de calidad de todo el proceso<\/strong>: Desde las pruebas de dise\u00f1o hasta la producci\u00f3n en serie, aplique el sistema de gesti\u00f3n de calidad ISO 9001 para garantizar 100% la coherencia en el color, el material, el proceso y los planos.<\/li>\n<li><strong>Respuesta r\u00e1pida<\/strong>: La creaci\u00f3n de prototipos se completa en 15 d\u00edas, lo que permite realizar pedidos de lotes peque\u00f1os (pedido m\u00ednimo de 500 piezas), y el ciclo de entrega de productos grandes se acorta a 7-14 d\u00edas.<\/li>\n<li><strong>Apoyo al transporte mundial<\/strong>: Proporcionamos soluciones log\u00edsticas a prueba de humedad y golpes, y podemos colocar etiquetas de transporte internacional en su nombre para garantizar que el embalaje est\u00e9 intacto y llegue directamente a la terminal.<\/li>\n<\/ul>","protected":false},"excerpt":{"rendered":"<p>\u2705\u00a0<strong>Mejora de la prima de marca<\/strong>: Reforzar la competitividad del mercado mediante el dise\u00f1o de envases diferenciados;<br \/>\n\u2705\u00a0<strong>Compromiso de \u00edndice de da\u00f1o cero<\/strong>: Reduzca los costes posventa con soluciones de protecci\u00f3n profesionales;<br \/>\n\u2705\u00a0<strong>Servicio de ventanilla \u00fanica<\/strong>: Sin preocupaciones desde el dise\u00f1o hasta la entrega, ayudando a las marcas a centrarse en su actividad principal.<\/p>","protected":false},"featured_media":9554,"template":"","meta":[],"product_brand":[],"product_cat":[30,415,31,426],"product_tag":[1205,1206,1204],"class_list":{"0":"post-9548","1":"product","2":"type-product","3":"status-publish","4":"has-post-thumbnail","6":"product_cat-by-industry","7":"product_cat-custom-jewelry-boxes-by-industry","8":"product_cat-paper-box-style","9":"product_cat-paper-drawer-boxes","10":"product_tag-custom-necklace-ring-boxes","11":"product_tag-earring-packaging-box-supplier","12":"product_tag-jewelry-packaging-box","14":"first","15":"instock","16":"shipping-taxable","17":"product-type-grouped"},"_links":{"self":[{"href":"https:\/\/zojopackaging.com\/es\/wp-json\/wp\/v2\/product\/9548","targetHints":{"allow":["GET"]}}],"collection":[{"href":"https:\/\/zojopackaging.com\/es\/wp-json\/wp\/v2\/product"}],"about":[{"href":"https:\/\/zojopackaging.com\/es\/wp-json\/wp\/v2\/types\/product"}],"version-history":[{"count":1,"href":"https:\/\/zojopackaging.com\/es\/wp-json\/wp\/v2\/product\/9548\/revisions"}],"predecessor-version":[{"id":9555,"href":"https:\/\/zojopackaging.com\/es\/wp-json\/wp\/v2\/product\/9548\/revisions\/9555"}],"wp:featuredmedia":[{"embeddable":true,"href":"https:\/\/zojopackaging.com\/es\/wp-json\/wp\/v2\/media\/9554"}],"wp:attachment":[{"href":"https:\/\/zojopackaging.com\/es\/wp-json\/wp\/v2\/media?parent=9548"}],"wp:term":[{"taxonomy":"product_brand","embeddable":true,"href":"https:\/\/zojopackaging.com\/es\/wp-json\/wp\/v2\/product_brand?post=9548"},{"taxonomy":"product_cat","embeddable":true,"href":"https:\/\/zojopackaging.com\/es\/wp-json\/wp\/v2\/product_cat?post=9548"},{"taxonomy":"product_tag","embeddable":true,"href":"https:\/\/zojopackaging.com\/es\/wp-json\/wp\/v2\/product_tag?post=9548"}],"curies":[{"name":"wp","href":"https:\/\/api.w.org\/{rel}","templated":true}]}}