{"id":9556,"date":"2025-04-02T20:52:14","date_gmt":"2025-04-02T12:52:14","guid":{"rendered":"https:\/\/zojopackaging.com\/?post_type=product&#038;p=9556"},"modified":"2025-04-02T21:12:26","modified_gmt":"2025-04-02T13:12:26","slug":"weave-extension-wig-virgin-hair-box-manufacturer-with-ribbon","status":"publish","type":"product","link":"https:\/\/zojopackaging.com\/es\/product\/weave-extension-wig-virgin-hair-box-manufacturer-with-ribbon\/","title":{"rendered":"Peluca de Extensi\u00f3n de Tejido de Pelo Virgen Caja Fabricante Con Cinta"},"content":{"rendered":"<h2 id=\"-1-convenient-flip-cover-design-optimized-unboxing-experience-\"><strong>1. C\u00f3modo dise\u00f1o de tapa abatible, experiencia unboxing optimizada.<\/strong><\/h2>\n<ul>\n<li><strong>Caja con tapa abatible magn\u00e9tica de un solo toque<\/strong>: Con dise\u00f1o de hebilla magn\u00e9tica de precisi\u00f3n, se puede abrir y cerrar con un solo empuje, sin procedimientos de operaci\u00f3n complicados, proporcionando a los clientes una experiencia de desembalaje sin problemas.<\/li>\n<li><strong>Estructura de bordes reforzada<\/strong>: El cart\u00f3n duro de 1200 g soporta el cuerpo de la caja, que es resistente a la presi\u00f3n y a la deformaci\u00f3n, lo que garantiza la seguridad del transporte y la reutilizaci\u00f3n.<\/li>\n<\/ul>\n<h2 id=\"-2-green-ribbon-decoration-to-create-a-gift-level-elegance-\"><strong>2. Decoraci\u00f3n con cinta verde para crear una elegancia de regalo<\/strong><\/h2>\n<ul>\n<li><strong>Cinta personalizada verde oscuro<\/strong>: La parte superior de la tapa de la caja est\u00e1 incrustada con una cinta verde mate, que puede combinarse con el logotipo de la marca estampado en caliente para mejorar el atractivo de la exposici\u00f3n al por menor y hacer que el producto destaque en el estante.<\/li>\n<li><strong>Dise\u00f1o de cinta multifuncional<\/strong>: No s\u00f3lo puede fijar la tapa de la caja, sino que tambi\u00e9n se puede utilizar como asa o elemento decorativo, adecuado para escenas de regalos navide\u00f1os.<\/li>\n<\/ul>\n<h2 id=\"-3-luxurious-silk-lining-gives-the-product-a-sense-of-refinement-\"><strong>3. El lujoso forro de seda confiere al producto una sensaci\u00f3n de refinamiento<\/strong><\/h2>\n<ul>\n<li><strong>Forro de seda respetuoso con el medio ambiente<\/strong>: La caja utiliza tejido de seda reciclada con certificaci\u00f3n FSC (verde oscuro), suave y delicado al tacto. No solo puede acolchar y proteger la peluca, sino tambi\u00e9n mejorar el nivel visual gracias al contraste de colores.<\/li>\n<li><strong>Concepto est\u00e9tico vibrante<\/strong>: El verde simboliza la naturaleza y la renovaci\u00f3n, haci\u00e9ndose eco del concepto de \"renovaci\u00f3n\" de los productos peluca y estimulando la resonancia emocional de los consumidores.<\/li>\n<\/ul>\n<h2 id=\"-4-double-sided-brand-printing-to-enhance-communication-effect-\"><strong>4. Impresi\u00f3n de marca a doble cara para mejorar el efecto de comunicaci\u00f3n<\/strong><\/h2>\n<ul>\n<li><strong>Dise\u00f1o exterior<\/strong>: La caja de fondo blanco mate con la visi\u00f3n principal de la marca (estampaci\u00f3n en caliente\/proceso UV) destaca el posicionamiento de gama alta;<\/li>\n<li><strong>Inteligencia interior<\/strong>: Tras abrir la cubierta, el c\u00f3digo QR de las redes sociales (Instagram\/YouTube\/TikTok) se imprime en el interior para guiar a los clientes a escanear el c\u00f3digo para interactuar y ampliar el v\u00ednculo de exposici\u00f3n de la marca.<\/li>\n<\/ul>\n<h2 id=\"-5-high-end-material-combination-taking-into-account-durability-and-beauty-\"><strong>5. Combinaci\u00f3n de materiales de alta gama, teniendo en cuenta la durabilidad y la belleza.<\/strong><\/h2>\n<ul>\n<li><strong>Tecnolog\u00eda de estructuras compuestas<\/strong>:<\/li>\n<li>Capa exterior: 157g C2S papel recubierto (pel\u00edcula mate de doble cara), anti-ara\u00f1azos, anti-huellas dactilares, mostrando delicado brillo;<\/li>\n<li>Capa interior: 1200g cart\u00f3n duro, fuerte resistencia al impacto, adecuado para las necesidades de transporte de larga distancia.<\/li>\n<\/ul>\n<h2 id=\"-6-flexible-customization-service-to-meet-diverse-needs-\"><strong>6. Servicio de personalizaci\u00f3n flexible para satisfacer diversas necesidades<\/strong><\/h2>\n<ul>\n<li><strong>Personalizaci\u00f3n completa<\/strong>:<\/li>\n<li><strong>Tipo de caja<\/strong>Caja abatible, caja caj\u00f3n, caja en forma de libro, etc;<\/li>\n<li><strong>Talla<\/strong>Soporte de personalizaci\u00f3n de longitud de peluca de 12\" a 24\", para adaptarse con precisi\u00f3n al volumen del producto;<\/li>\n<li><strong>Proceso de impresi\u00f3n<\/strong>: estampaci\u00f3n en caliente, gofrado, UV local, efectos de relieve, etc., para satisfacer las necesidades de diferenciaci\u00f3n de la marca.<\/li>\n<\/ul>\n<h2 id=\"-7-environmental-commitment-practice-sustainable-development-\"><strong>7. Compromiso medioambiental, practicar el desarrollo sostenible<\/strong><\/h2>\n<ul>\n<li><strong>Normas de producci\u00f3n ecol\u00f3gicas<\/strong>:<\/li>\n<li>Materias primas: Cart\u00f3n 100% certificado FSC respetuoso con el medio ambiente, degradable y reciclable;<\/li>\n<li>Proceso de impresi\u00f3n: tinta vegetal de soja, no t\u00f3xica y de bajas emisiones, conforme a las normas medioambientales REACH de la UE;<\/li>\n<li>Proceso de producci\u00f3n: certificaci\u00f3n del sistema de gesti\u00f3n medioambiental ISO 14001 para reducir la huella de carbono.<\/li>\n<\/ul>","protected":false},"excerpt":{"rendered":"<ul>\n<li><strong>Soluci\u00f3n integral de envasado<\/strong>: Desde el dise\u00f1o hasta la producci\u00f3n en serie, un equipo profesional le acompa\u00f1a durante todo el proceso;<\/li>\n<li><strong>Respuesta r\u00e1pida a las pruebas<\/strong>: Proporcione muestras f\u00edsicas en un plazo de 3 a 5 d\u00edas laborables para garantizar una aplicaci\u00f3n precisa del dise\u00f1o;<\/li>\n<li><strong>Garant\u00eda mundial de la cadena de suministro<\/strong>: Apoyar la producci\u00f3n flexible de lotes peque\u00f1os y medianos, teniendo en cuenta la eficiencia de costes y entregas.<\/li>\n<\/ul>","protected":false},"featured_media":9557,"template":"","meta":[],"product_brand":[],"product_cat":[30,421,424,31],"product_tag":[1209,1207,1208],"class_list":{"0":"post-9556","1":"product","2":"type-product","3":"status-publish","4":"has-post-thumbnail","6":"product_cat-by-industry","7":"product_cat-custom-hair-extension-boxes","8":"product_cat-magnetic-closure-boxes","9":"product_cat-paper-box-style","10":"product_tag-custom-wig-hair-box-manufacturer","11":"product_tag-weave-extension-box","12":"product_tag-wig-virgin-hair-box","14":"first","15":"instock","16":"shipping-taxable","17":"product-type-grouped"},"_links":{"self":[{"href":"https:\/\/zojopackaging.com\/es\/wp-json\/wp\/v2\/product\/9556","targetHints":{"allow":["GET"]}}],"collection":[{"href":"https:\/\/zojopackaging.com\/es\/wp-json\/wp\/v2\/product"}],"about":[{"href":"https:\/\/zojopackaging.com\/es\/wp-json\/wp\/v2\/types\/product"}],"version-history":[{"count":1,"href":"https:\/\/zojopackaging.com\/es\/wp-json\/wp\/v2\/product\/9556\/revisions"}],"predecessor-version":[{"id":9563,"href":"https:\/\/zojopackaging.com\/es\/wp-json\/wp\/v2\/product\/9556\/revisions\/9563"}],"wp:featuredmedia":[{"embeddable":true,"href":"https:\/\/zojopackaging.com\/es\/wp-json\/wp\/v2\/media\/9557"}],"wp:attachment":[{"href":"https:\/\/zojopackaging.com\/es\/wp-json\/wp\/v2\/media?parent=9556"}],"wp:term":[{"taxonomy":"product_brand","embeddable":true,"href":"https:\/\/zojopackaging.com\/es\/wp-json\/wp\/v2\/product_brand?post=9556"},{"taxonomy":"product_cat","embeddable":true,"href":"https:\/\/zojopackaging.com\/es\/wp-json\/wp\/v2\/product_cat?post=9556"},{"taxonomy":"product_tag","embeddable":true,"href":"https:\/\/zojopackaging.com\/es\/wp-json\/wp\/v2\/product_tag?post=9556"}],"curies":[{"name":"wp","href":"https:\/\/api.w.org\/{rel}","templated":true}]}}