{"id":9564,"date":"2025-04-02T21:12:46","date_gmt":"2025-04-02T13:12:46","guid":{"rendered":"https:\/\/zojopackaging.com\/?post_type=product&#038;p=9564"},"modified":"2025-04-02T21:30:59","modified_gmt":"2025-04-02T13:30:59","slug":"eco-friendly-cosmetic-set-face-cream-paper-tube-packaging","status":"publish","type":"product","link":"https:\/\/zojopackaging.com\/es\/product\/eco-friendly-cosmetic-set-face-cream-paper-tube-packaging\/","title":{"rendered":"Eco Friendly Cosmetic Set Crema Facial Tubo de Papel de Embalaje"},"content":{"rendered":"<h2 id=\"-1-aesthetic-design-highlighting-the-brand-s-elegant-style-\"><strong>1. Dise\u00f1o est\u00e9tico: resaltar el estilo elegante de la marca.<\/strong><\/h2>\n<h3 id=\"-soft-visual-presentation-\">-\u00a0<strong>Presentaci\u00f3n visual suave<\/strong><\/h3>\n<p>La caja redonda de cosm\u00e9ticos utiliza un suave tono rosa como base, con un dibujo geom\u00e9trico en relieve dise\u00f1ado con precisi\u00f3n, que combina el arte moderno con el lujo cl\u00e1sico, realzando a la perfecci\u00f3n el reconocimiento de la marca. La combinaci\u00f3n de textura mate y tecnolog\u00eda parcial de estampaci\u00f3n en caliente\/UV confiere al envase una experiencia de gama alta discreta y exquisita.<\/p>\n<h3 id=\"-customized-artistic-expression-\">-\u00a0<strong>Expresi\u00f3n art\u00edstica personalizada<\/strong><\/h3>\n<p>Admite la personalizaci\u00f3n completa del tipo de caja, el tama\u00f1o y el patr\u00f3n, y puede ajustar el color (coincidencia precisa del n\u00famero de color Pantone), la textura y los efectos de superficie (como pel\u00edcula t\u00e1ctil, relieve, barniz parcial) de acuerdo con el sistema VI de la marca para garantizar que el envase y la tonalidad del producto est\u00e9n muy unificados.<\/p>\n<h2 id=\"-2-both-environmental-protection-and-protective-performance-\"><strong>2. Protecci\u00f3n del medio ambiente y protecci\u00f3n<\/strong><\/h2>\n<h3 id=\"-sustainable-material-selection-\">-\u00a0<strong>Selecci\u00f3n de materiales sostenibles<\/strong><\/h3>\n<ul>\n<li><strong>Material del n\u00facleo<\/strong>: Se utiliza cart\u00f3n de alta calidad con certificaci\u00f3n FSC, con un grosor opcional (1,5-3 mm), y al forro se le puede a\u00f1adir lana de algod\u00f3n reciclado o bandeja interior moldeada con pulpa de bagazo de ca\u00f1a de az\u00facar para conseguir un envase con reducci\u00f3n de pl\u00e1stico.<\/li>\n<li><strong>Opciones de actualizaci\u00f3n respetuosas con el medio ambiente<\/strong>: cart\u00f3n de fibra de bamb\u00fa, pel\u00edcula mate degradable e impresi\u00f3n con tinta ecol\u00f3gica a base de agua para cumplir las normas medioambientales internacionales, como REACH de la UE y la FDA.<\/li>\n<\/ul>\n<h3 id=\"-all-round-protection-design-\">-\u00a0<strong>Dise\u00f1o de protecci\u00f3n integral<\/strong><\/h3>\n<ul>\n<li><strong>Estructura resistente a la compresi\u00f3n y al rayado<\/strong>: El cuerpo de la caja adopta un proceso de laminaci\u00f3n de cart\u00f3n ondulado reforzado, con un tratamiento superficial de pel\u00edcula mate resistente a los ara\u00f1azos para resistir la fricci\u00f3n del transporte y los cambios de humedad, lo que garantiza que el producto llegue intacto a la terminal.<\/li>\n<li><strong>Adaptaci\u00f3n precisa del revestimiento<\/strong>: Las bandejas interiores de EVA\/papel pueden personalizarse seg\u00fan las formas del producto, como frascos de crema y polvos, para fijar el producto y reducir las sacudidas.<\/li>\n<\/ul>\n<h2 id=\"-3-flexible-and-efficient-production-services-\"><strong>3. Servicios de producci\u00f3n flexibles y eficaces<\/strong><\/h2>\n<h3 id=\"-quick-response-and-delivery-\">-\u00a0<strong>Respuesta y entrega r\u00e1pidas<\/strong><\/h3>\n<ul>\n<li>Soportamos pedidos de prueba de lotes peque\u00f1os (MOQ 500 piezas o m\u00e1s), los pedidos de producci\u00f3n en masa completar\u00e1n la producci\u00f3n y organizar\u00e1n la log\u00edstica internacional en 7-14 d\u00edas, y los pedidos urgentes se pueden acelerar a 5 d\u00edas.<\/li>\n<li>Proporcionar un servicio integral: dise\u00f1o-prueba-producci\u00f3n-inspecci\u00f3n de calidad-declaraci\u00f3n de exportaci\u00f3n, y seguimiento digital del progreso durante todo el proceso.<\/li>\n<\/ul>\n<h3 id=\"-global-export-guarantee-\">-\u00a0<strong>Garant\u00eda Global de Exportaci\u00f3n<\/strong><\/h3>\n<ul>\n<li>Profundamente comprometida en el campo de la exportaci\u00f3n de envases cosm\u00e9ticos, familiarizada con los requisitos de despacho de aduanas de mercados como Europa, Am\u00e9rica y el Sudeste Asi\u00e1tico, proporciona soluciones de envasado que cumplen las normas de prueba de transporte ISTA 3A para reducir los riesgos del transporte transfronterizo.<\/li>\n<li>Admite la inserci\u00f3n de manuales de instrucciones en varios idiomas, etiquetas antifalsificaci\u00f3n y embalaje personalizado para comercio electr\u00f3nico transfronterizo (como el dise\u00f1o integrado de cajas expr\u00e9s).<\/li>\n<\/ul>\n<h2 id=\"-4-value-added-services-empowering-brand-value-enhancement-\"><strong>4. Servicios de valor a\u00f1adido: potenciar el valor de la marca<\/strong><\/h2>\n<h3 id=\"-scenario-based-packaging-extension-\">-\u00a0<strong>Ampliaci\u00f3n de envases basada en escenarios<\/strong><\/h3>\n<ul>\n<li>Puede desarrollar la misma serie de bolsas de regalo, cintas y tarjetas de felicitaci\u00f3n plantables (incrustadas con semillas de plantas) para reforzar el concepto de protecci\u00f3n medioambiental de la marca y su sentido del ritual.<\/li>\n<li>Admite la implantaci\u00f3n de chips RFID, c\u00f3digo QR interactivo AR y otras tecnolog\u00edas de envasado inteligente para mejorar la experiencia del consumidor.<\/li>\n<\/ul>\n<h3 id=\"-cost-optimization-strategy-\">-\u00a0<strong>Estrategia de optimizaci\u00f3n de costes<\/strong><\/h3>\n<ul>\n<li>Reduzca los costes de apertura de moldes mediante el dise\u00f1o de cajas modulares, ofrezca un plan de precios escalonado y disfrute de un descuento por gradiente de 8-15% para pedidos al por mayor.<\/li>\n<\/ul>","protected":false},"excerpt":{"rendered":"<p>\u2705\u00a0<strong>Equilibrio entre protecci\u00f3n del medio ambiente y lujo<\/strong>--Utilizar materiales sostenibles para lograr una expresi\u00f3n visual de alta gama<br \/>\n\u2705\u00a0<strong>Garant\u00eda de entrega en todo el mundo<\/strong>--10 a\u00f1os de experiencia en exportaci\u00f3n, red de cooperaci\u00f3n log\u00edstica con tasa de retraso 0<br \/>\n\u2705\u00a0<strong>Gran libertad de personalizaci\u00f3n<\/strong>--Desde el concepto hasta el producto acabado, apoyo exclusivo del equipo durante todo el proceso.<\/p>","protected":false},"featured_media":9565,"template":"","meta":[],"product_brand":[],"product_cat":[30,390,31,429],"product_tag":[1210,1212,1211],"class_list":{"0":"post-9564","1":"product","2":"type-product","3":"status-publish","4":"has-post-thumbnail","6":"product_cat-by-industry","7":"product_cat-custom-cosmetics-boxes","8":"product_cat-paper-box-style","9":"product_cat-paper-tube-boxes","10":"product_tag-cosmetic-paper-tube-packaging","11":"product_tag-eco-friendly-paper-tube-packaging","12":"product_tag-face-cream-paper-tube","14":"first","15":"instock","16":"shipping-taxable","17":"product-type-grouped"},"_links":{"self":[{"href":"https:\/\/zojopackaging.com\/es\/wp-json\/wp\/v2\/product\/9564","targetHints":{"allow":["GET"]}}],"collection":[{"href":"https:\/\/zojopackaging.com\/es\/wp-json\/wp\/v2\/product"}],"about":[{"href":"https:\/\/zojopackaging.com\/es\/wp-json\/wp\/v2\/types\/product"}],"version-history":[{"count":2,"href":"https:\/\/zojopackaging.com\/es\/wp-json\/wp\/v2\/product\/9564\/revisions"}],"predecessor-version":[{"id":9572,"href":"https:\/\/zojopackaging.com\/es\/wp-json\/wp\/v2\/product\/9564\/revisions\/9572"}],"wp:featuredmedia":[{"embeddable":true,"href":"https:\/\/zojopackaging.com\/es\/wp-json\/wp\/v2\/media\/9565"}],"wp:attachment":[{"href":"https:\/\/zojopackaging.com\/es\/wp-json\/wp\/v2\/media?parent=9564"}],"wp:term":[{"taxonomy":"product_brand","embeddable":true,"href":"https:\/\/zojopackaging.com\/es\/wp-json\/wp\/v2\/product_brand?post=9564"},{"taxonomy":"product_cat","embeddable":true,"href":"https:\/\/zojopackaging.com\/es\/wp-json\/wp\/v2\/product_cat?post=9564"},{"taxonomy":"product_tag","embeddable":true,"href":"https:\/\/zojopackaging.com\/es\/wp-json\/wp\/v2\/product_tag?post=9564"}],"curies":[{"name":"wp","href":"https:\/\/api.w.org\/{rel}","templated":true}]}}