{"id":9573,"date":"2025-04-02T21:32:07","date_gmt":"2025-04-02T13:32:07","guid":{"rendered":"https:\/\/zojopackaging.com\/?post_type=product&#038;p=9573"},"modified":"2025-04-03T01:41:07","modified_gmt":"2025-04-02T17:41:07","slug":"custom-decorate-chocolate-cookie-tea-candy-gift-box-factory","status":"publish","type":"product","link":"https:\/\/zojopackaging.com\/es\/product\/custom-decorate-chocolate-cookie-tea-candy-gift-box-factory\/","title":{"rendered":"Decoraci\u00f3n personalizada de galletas de chocolate t\u00e9 dulces caja de regalo de f\u00e1brica"},"content":{"rendered":"<h2 id=\"-i-magnetic-intelligent-structure-design-\"><strong>1. Dise\u00f1o de estructura magn\u00e9tica inteligente<\/strong><\/h2>\n<p>La caja de regalo adopta\u00a0<strong>sistema magn\u00e9tico de apertura y cierre integrado<\/strong>y consigue un ajuste perfecto entre la tapa y el cuerpo de la caja gracias a los imanes de neodimio y hierro-boro dispuestos con precisi\u00f3n.<\/p>\n<ul>\n<li><strong>Ocultaci\u00f3n<\/strong>: Los imanes est\u00e1n incrustados en la tapa y el cuerpo de la caja, sin estructura expuesta, manteniendo el aspecto sencillo y elegante.<\/li>\n<li><strong>Conveniencia<\/strong>: Puede abrirse y cerrarse con una sola pulsaci\u00f3n manual, y el recorrido magn\u00e9tico se controla a 0,3-0,5 mm, con una clara respuesta t\u00e1ctil.<\/li>\n<li><strong>Durabilidad<\/strong>: La estructura magn\u00e9tica ha sido probada durante 5000 veces de apertura y cierre, y la estabilidad es superior a 98%.<\/li>\n<\/ul>\n<h2 id=\"-ii-fresh-and-elegant-visual-style-\"><strong>2. Estilo visual fresco y elegante<\/strong><\/h2>\n<p><strong>Combinaci\u00f3n de colores<\/strong>:<\/p>\n<ul>\n<li><strong>Dise\u00f1o exterior<\/strong>: El fondo verde claro hace juego con el dibujo en relieve del cisne, y el material ecol\u00f3gico de textura mate se utiliza para presentar un tono visual tranquilo y natural.<\/li>\n<li><strong>Dise\u00f1o interno<\/strong>: El forro de color azul marino intenso contrasta con el exterior de la caja, reforzando la sensaci\u00f3n de jerarqu\u00eda; el compartimento divisorio blanco realza la funcionalidad y la sofisticaci\u00f3n.\u00a0<strong>Tecnolog\u00eda de patrones<\/strong>:<\/li>\n<li><strong>Estampaci\u00f3n en caliente Swan<\/strong>: El dise\u00f1o del cisne en el cuerpo de la caja adopta la tecnolog\u00eda de estampaci\u00f3n en caliente de l\u00e1minas de oro de 24 quilates, con una precisi\u00f3n de 0,1 mm en los bordes, mostrando un din\u00e1mico efecto iridiscente bajo la luz.<\/li>\n<li><strong>Logotipo de la marca<\/strong>: Admite la tecnolog\u00eda de estampaci\u00f3n en caliente\/l\u00e1ser de LOGO personalizado para mejorar el reconocimiento de la marca y el valor a\u00f1adido.<\/li>\n<\/ul>\n<h2 id=\"-three-environmentally-friendly-materials-and-sustainable-design-\"><strong>3. Materiales respetuosos con el medio ambiente y dise\u00f1o sostenible<\/strong><\/h2>\n<ul>\n<li><strong>Material principal<\/strong>: Se selecciona cart\u00f3n blanco con certificaci\u00f3n FSC o cart\u00f3n ecol\u00f3gico de pulpa de bamb\u00fa, con una pel\u00edcula mate degradable en la superficie, y certificado medioambiental ISO14001.<\/li>\n<li><strong>Optimizaci\u00f3n estructural<\/strong>: La tapa de la caja y el cuerpo de la caja adoptan la tecnolog\u00eda de moldeo de una sola pieza, el error de costura es \u22640,2 mm, y la resistencia a la compresi\u00f3n es superior a 50 kg, lo que es adecuado para el transporte de larga distancia.<\/li>\n<li><strong>Tratamiento de superficies<\/strong>: Impresi\u00f3n con tinta ecol\u00f3gica a base de agua, combinada con tecnolog\u00eda de curado UV, para garantizar que el color dure y no se desti\u00f1a (la prueba de resistencia a la fricci\u00f3n alcanza el nivel 4 o superior).<\/li>\n<\/ul>\n<h2 id=\"-fourth-value-added-services-and-customization-advantages-\"><strong>4. Servicios de valor a\u00f1adido y ventajas de personalizaci\u00f3n<\/strong><\/h2>\n<p>Como f\u00e1brica de origen en China, proporcionamos asistencia integral:<\/p>\n<h3 id=\"1-free-samples-\">1.\u00a0<strong>Muestras gratuitas<\/strong>:<\/h3>\n<p>Las muestras f\u00edsicas se enviar\u00e1n en un plazo de 3 d\u00edas laborables, incluidas las piezas de prueba de la estructura magn\u00e9tica y las pel\u00edculas de demostraci\u00f3n del proceso de estampaci\u00f3n en caliente.<\/p>\n<h3 id=\"2-personalized-design-\">2.\u00a0<strong>Dise\u00f1o personalizado<\/strong>:<\/h3>\n<p>El equipo profesional admite la personalizaci\u00f3n del patr\u00f3n, el tama\u00f1o y la estructura del forro, con un ciclo de respuesta de \u226448 horas y un n\u00famero ilimitado de modificaciones del borrador del dise\u00f1o.<\/p>\n<h3 id=\"3-cost-advantage-\">3.\u00a0<strong>Ventaja de costes<\/strong>:<\/h3>\n<p>Producci\u00f3n a gran escala combinada con su propia cadena de suministro de materias primas, la cotizaci\u00f3n es 20%-30% inferior al precio medio del mercado.<\/p>\n<h3 id=\"4-certification-guarantee-\">4.\u00a0<strong>Garant\u00eda de certificaci\u00f3n<\/strong>:<\/h3>\n<p>La f\u00e1brica ha superado las certificaciones ISO9001 y FSC, y proporciona informes de inspecci\u00f3n de calidad y documentos de calificaci\u00f3n medioambiental.<\/p>","protected":false},"excerpt":{"rendered":"<ul>\n<li><strong>Comida de gama alta<\/strong>chocolate, galletas, t\u00e9 y otros envases de recuerdo, para aumentar el espacio premium del producto (la tecnolog\u00eda de estampaci\u00f3n en caliente aumenta el precio del terminal en 15%-20%).<\/li>\n<li><strong>Marketing de marca<\/strong>: ediciones limitadas para las fiestas, personalizaci\u00f3n con marcas compartidas y experiencia de apertura y cierre magn\u00e9ticos para mejorar la interacci\u00f3n con el usuario y los puntos de recuerdo.<\/li>\n<li><strong>Imagen sostenible<\/strong>materiales respetuosos con el medio ambiente y dise\u00f1o reutilizable (como cajas de almacenamiento para uso secundario)<\/li>\n<\/ul>","protected":false},"featured_media":9574,"template":"","meta":[],"product_brand":[],"product_cat":[30,422,424,31],"product_tag":[],"class_list":{"0":"post-9573","1":"product","2":"type-product","3":"status-publish","4":"has-post-thumbnail","6":"product_cat-by-industry","7":"product_cat-custom-gourmet-boxes-by-industry","8":"product_cat-magnetic-closure-boxes","9":"product_cat-paper-box-style","11":"first","12":"instock","13":"shipping-taxable","14":"product-type-grouped"},"_links":{"self":[{"href":"https:\/\/zojopackaging.com\/es\/wp-json\/wp\/v2\/product\/9573","targetHints":{"allow":["GET"]}}],"collection":[{"href":"https:\/\/zojopackaging.com\/es\/wp-json\/wp\/v2\/product"}],"about":[{"href":"https:\/\/zojopackaging.com\/es\/wp-json\/wp\/v2\/types\/product"}],"version-history":[{"count":2,"href":"https:\/\/zojopackaging.com\/es\/wp-json\/wp\/v2\/product\/9573\/revisions"}],"predecessor-version":[{"id":9632,"href":"https:\/\/zojopackaging.com\/es\/wp-json\/wp\/v2\/product\/9573\/revisions\/9632"}],"wp:featuredmedia":[{"embeddable":true,"href":"https:\/\/zojopackaging.com\/es\/wp-json\/wp\/v2\/media\/9574"}],"wp:attachment":[{"href":"https:\/\/zojopackaging.com\/es\/wp-json\/wp\/v2\/media?parent=9573"}],"wp:term":[{"taxonomy":"product_brand","embeddable":true,"href":"https:\/\/zojopackaging.com\/es\/wp-json\/wp\/v2\/product_brand?post=9573"},{"taxonomy":"product_cat","embeddable":true,"href":"https:\/\/zojopackaging.com\/es\/wp-json\/wp\/v2\/product_cat?post=9573"},{"taxonomy":"product_tag","embeddable":true,"href":"https:\/\/zojopackaging.com\/es\/wp-json\/wp\/v2\/product_tag?post=9573"}],"curies":[{"name":"wp","href":"https:\/\/api.w.org\/{rel}","templated":true}]}}