{"id":9581,"date":"2025-04-02T23:41:30","date_gmt":"2025-04-02T15:41:30","guid":{"rendered":"https:\/\/zojopackaging.com\/?post_type=product&#038;p=9581"},"modified":"2025-04-02T23:58:02","modified_gmt":"2025-04-02T15:58:02","slug":"custom-pre-roll-boxes-eco-friendly-packaging-small-slide-out-box-wholesale","status":"publish","type":"product","link":"https:\/\/zojopackaging.com\/es\/product\/custom-pre-roll-boxes-eco-friendly-packaging-small-slide-out-box-wholesale\/","title":{"rendered":"Cajas preenrollables personalizadas Embalaje ecol\u00f3gico Caja deslizante peque\u00f1a al por mayor"},"content":{"rendered":"<h3 id=\"1-environmentally-friendly-materials-adaptable-to-multiple-scenarios-\">1.\u00a0<strong>Materiales respetuosos con el medio ambiente, adaptables a m\u00faltiples escenarios<\/strong><\/h3>\n<p>Adopte\u00a0<strong>Papel estucado de 157 g + cart\u00f3n gris de 1200 g<\/strong>\u00a0estructura compuesta, con propiedades de alta resistencia y protecci\u00f3n medioambiental. La superficie del papel estucado es delicada y puede presentar exquisitos efectos de impresi\u00f3n; la capa de cart\u00f3n gris proporciona un soporte estable para garantizar la resistencia a la presi\u00f3n y a los golpes durante el transporte. El material cumple las normas medioambientales internacionales, es reciclable y degradable, y se ajusta al concepto de desarrollo sostenible de la marca.<\/p>\n<h3 id=\"2-pull-out-design-to-enhance-user-experience-\">2. Diapositiva<strong>-Dise\u00f1o de salida para mejorar la experiencia del usuario<\/strong><\/h3>\n<p>El original\u00a0<strong>un-tirar-y-tomar<\/strong>\u00a0La estructura deslizante permite extraer f\u00e1cilmente los rollos precortados sin operaciones complicadas. El proceso de extracci\u00f3n es suave y silencioso, con una sensaci\u00f3n de ritual y diversi\u00f3n, que mejora la percepci\u00f3n de la calidad del producto por parte de los consumidores. El dise\u00f1o patentado evita la apertura accidental, garantizando la privacidad y la estabilidad.<\/p>\n<h3 id=\"3-exclusive-for-adults-accurately-positioned-in-the-high-end-market-\">3.\u00a0<strong>Exclusivo para adultos, posicionado con precisi\u00f3n en el mercado de gama alta<\/strong><\/h3>\n<p>No est\u00e1 equipada con funci\u00f3n de protecci\u00f3n infantil y est\u00e1 dise\u00f1ada para escenas de adultos. Es adecuado para\u00a0<strong>tabaco de alta gama, t\u00e9 fino, puros de colecci\u00f3n<\/strong>\u00a0y otros productos que necesitan mostrar estilo. Transmite el tono de la marca a trav\u00e9s de un aspecto sencillo y lujoso para satisfacer las expectativas de los usuarios de gama alta de envases exquisitos.<\/p>\n<h3 id=\"4-internal-cardboard-orderly-storage-\">4.\u00a0<strong>Cart\u00f3n interno, almacenamiento ordenado<\/strong><\/h3>\n<p>La caja est\u00e1 equipada con\u00a0<strong>tabiques de cart\u00f3n personalizados<\/strong>\u00a0para separar y fijar los 5 pre-rolls y evitar sacudidas y colisiones durante el transporte. Los separadores pueden imprimirse con logotipos de la marca o motivos decorativos, y pueden mostrarse perfectamente cuando se abre la caja, lo que aumenta la sensaci\u00f3n de alta gama del producto y la satisfacci\u00f3n del usuario al abrir la caja.<\/p>\n<h3 id=\"5-full-dimensional-customization-empowering-brand-creativity-\">5.\u00a0<strong>Personalizaci\u00f3n completa que potencia la creatividad de la marca<\/strong><\/h3>\n<p>Ayuda\u00a0<strong>servicio completo de personalizaci\u00f3n interior y exterior<\/strong>: -\u00a0<strong>Apariencia<\/strong>: La superficie del papel estucado puede imprimirse con patrones de alta precisi\u00f3n, colores degradados, tecnolog\u00eda de estampaci\u00f3n en caliente\/plata caliente, y es adecuada para el sistema de marca VI.\u00a0<strong>Estructura<\/strong>: El tama\u00f1o y la disposici\u00f3n de la pista de extracci\u00f3n y la partici\u00f3n se pueden ajustar para satisfacer los requisitos de las diferentes especificaciones de pre-roll.\u00a0<strong>Funci\u00f3n<\/strong>: A\u00f1ada elementos de valor a\u00f1adido como el c\u00f3digo QR de la historia de la marca y etiquetas antifalsificaci\u00f3n para mejorar la interactividad y la seguridad.<\/p>\n<h3 id=\"6-flexible-production-efficient-delivery-\">6.\u00a0<strong>Producci\u00f3n flexible, entrega eficaz<\/strong><\/h3>\n<p>-\u00a0<strong>Personalizaci\u00f3n de lotes peque\u00f1os<\/strong>: Soporta 500 piezas de pedido m\u00ednimo, pruebas r\u00e1pidas y entrega en 10 d\u00edas laborables, adecuado para pruebas de nuevos productos o ventas limitadas.\u00a0<strong>Producci\u00f3n masiva a gran escala<\/strong>: Gracias a las l\u00edneas de producci\u00f3n automatizadas, la capacidad de producci\u00f3n de un solo lote alcanza las 100.000 piezas, lo que garantiza ventajas de precio y estabilidad de suministro.<\/p>\n<h3 id=\"7-owned-factory-quality-assurance-\">7.\u00a0<strong>F\u00e1brica propia, garant\u00eda de calidad<\/strong><\/h3>\n<p>Tenemos un\u00a0<strong>5320\u33a1 moderna base de producci\u00f3n<\/strong>, dotada de equipos avanzados, como m\u00e1quinas de impresi\u00f3n Heidelberg y troqueladoras totalmente autom\u00e1ticas, y control de calidad desde el dise\u00f1o hasta la producci\u00f3n. Seguimos estrictamente el sistema de gesti\u00f3n de calidad ISO para garantizar que cada eslab\u00f3n cumpla las normas internacionales de envasado.<\/p>","protected":false},"excerpt":{"rendered":"<p><strong>\u00a0 \u00a0\u00bfPor qu\u00e9 elegir ZOJO Print?<\/strong><\/p>\n<ul>\n<li><strong>La protecci\u00f3n del medio ambiente es lo primero<\/strong>: los materiales son trazables y se facilitan informes sobre la huella de carbono;<\/li>\n<li><strong>Impulsado por el dise\u00f1o<\/strong>: M\u00e1s de 30 equipos de dise\u00f1adores s\u00e9nior que aportan soluciones originales;<\/li>\n<li><strong>Servicio sin preocupaciones<\/strong>: seguimiento personalizado del servicio al cliente, apoyo a la log\u00edstica y distribuci\u00f3n mundiales.<\/li>\n<\/ul>\n<p><strong>Escenarios de aplicaci\u00f3n<\/strong>: cajas de regalo para tabaco de gama alta, juegos de degustaci\u00f3n de t\u00e9, cajas para puros de edici\u00f3n limitada y envases para accesorios de tabaco de colecci\u00f3n.<\/p>","protected":false},"featured_media":9586,"template":"","meta":[],"product_brand":[],"product_cat":[30,420,31,426],"product_tag":[1213,1215,1214],"class_list":{"0":"post-9581","1":"product","2":"type-product","3":"status-publish","4":"has-post-thumbnail","6":"product_cat-by-industry","7":"product_cat-custom-cannabis-boxes","8":"product_cat-paper-box-style","9":"product_cat-paper-drawer-boxes","10":"product_tag-custom-pre-roll-boxes","11":"product_tag-eco-friendly-packaging","12":"product_tag-slide-out-box-wholesale","14":"first","15":"instock","16":"shipping-taxable","17":"product-type-simple"},"_links":{"self":[{"href":"https:\/\/zojopackaging.com\/es\/wp-json\/wp\/v2\/product\/9581","targetHints":{"allow":["GET"]}}],"collection":[{"href":"https:\/\/zojopackaging.com\/es\/wp-json\/wp\/v2\/product"}],"about":[{"href":"https:\/\/zojopackaging.com\/es\/wp-json\/wp\/v2\/types\/product"}],"version-history":[{"count":2,"href":"https:\/\/zojopackaging.com\/es\/wp-json\/wp\/v2\/product\/9581\/revisions"}],"predecessor-version":[{"id":9589,"href":"https:\/\/zojopackaging.com\/es\/wp-json\/wp\/v2\/product\/9581\/revisions\/9589"}],"wp:featuredmedia":[{"embeddable":true,"href":"https:\/\/zojopackaging.com\/es\/wp-json\/wp\/v2\/media\/9586"}],"wp:attachment":[{"href":"https:\/\/zojopackaging.com\/es\/wp-json\/wp\/v2\/media?parent=9581"}],"wp:term":[{"taxonomy":"product_brand","embeddable":true,"href":"https:\/\/zojopackaging.com\/es\/wp-json\/wp\/v2\/product_brand?post=9581"},{"taxonomy":"product_cat","embeddable":true,"href":"https:\/\/zojopackaging.com\/es\/wp-json\/wp\/v2\/product_cat?post=9581"},{"taxonomy":"product_tag","embeddable":true,"href":"https:\/\/zojopackaging.com\/es\/wp-json\/wp\/v2\/product_tag?post=9581"}],"curies":[{"name":"wp","href":"https:\/\/api.w.org\/{rel}","templated":true}]}}