{"id":9590,"date":"2025-04-02T23:58:37","date_gmt":"2025-04-02T15:58:37","guid":{"rendered":"https:\/\/zojopackaging.com\/?post_type=product&#038;p=9590"},"modified":"2025-04-03T00:06:35","modified_gmt":"2025-04-02T16:06:35","slug":"customized-pre-roll-drawer-box-vaping-packaging-manufacturer","status":"publish","type":"product","link":"https:\/\/zojopackaging.com\/es\/product\/customized-pre-roll-drawer-box-vaping-packaging-manufacturer\/","title":{"rendered":"Caja Caj\u00f3n Pre-enrollada Personalizada - Fabricante de Envases Vaping"},"content":{"rendered":"<h3 id=\"1-intelligent-child-proof-lock-design-guarding-the-bottom-line-of-safety-\">1.\u00a0<strong>Dise\u00f1o inteligente de cerradura a prueba de ni\u00f1os, que protege la l\u00ednea inferior de seguridad<\/strong><\/h3>\n<p>La caja extra\u00edble tiene un\u00a0<strong>seguro para ni\u00f1os conforme a la norma internacional ISO 8317<\/strong>. A trav\u00e9s de la estructura de doble seguro de hebillas internas y externas (como la combinaci\u00f3n de hebillas externas y bloques de cu\u00f1a), garantiza que los ni\u00f1os menores de 5 a\u00f1os no puedan abrirlo, mientras que los adultos pueden manejarlo f\u00e1cilmente. El desbloqueo requiere tres tirones consecutivos y r\u00e1pidos en 2 segundos, lo que reduce eficazmente el riesgo de contacto accidental y cumple plenamente con los requisitos de la \"Norma Nacional Obligatoria de E-cigarrillos\".<\/p>\n<h3 id=\"2-environmentally-friendly-materials-sturdy-and-durable-\">2.\u00a0<strong>Materiales respetuosos con el medio ambiente, resistentes y duraderos<\/strong><\/h3>\n<p>Adoptar\u00a0<strong>Papel estucado de 157 g + cart\u00f3n gris de 1200 g<\/strong>\u00a0estructura compuesta, la superficie del papel estucado es delicada y admite impresiones de alta definici\u00f3n, y la capa de cart\u00f3n gris proporciona protecci\u00f3n contra la compresi\u00f3n y los golpes para garantizar que el prerollado se mantenga estable e intacto durante el transporte. El material ha superado la certificaci\u00f3n medioambiental RoHS, es reciclable y degradable, y est\u00e1 en consonancia con los objetivos de desarrollo sostenible de la marca.<\/p>\n<h3 id=\"3-four-color-printing-laminating-process-visual-and-texture-coexist-\">3.\u00a0<strong>Impresi\u00f3n en cuatricrom\u00eda + proceso de laminado, coexisten lo visual y la textura<\/strong><\/h3>\n<p>-\u00a0<strong>Impresi\u00f3n en cuatricrom\u00eda<\/strong>: Gracias a la tecnolog\u00eda de sobreimpresi\u00f3n de alta precisi\u00f3n en cian, magenta, amarillo y negro (CMYK), la tasa de reproducci\u00f3n del color es superior a 95% y admite efectos complejos como degradados y colores directos.\u00a0<strong>Proceso de laminado<\/strong>: Laminado mate\/brillante opcional para mejorar la resistencia a la humedad y al desgaste, al tiempo que mejora el tacto y el nivel visual, haciendo que el envase sea m\u00e1s de gama alta y exquisito.<\/p>\n<h3 id=\"4-modular-cardboard-design-orderly-storage-\">4.\u00a0<strong>Dise\u00f1o modular de cart\u00f3n, almacenamiento ordenado<\/strong><\/h3>\n<p>La caja est\u00e1 equipada con\u00a0<strong>tabiques de cart\u00f3n personalizados<\/strong>que puede separar 5 pre-rolls de forma flexible para evitar sacudidas y colisiones durante el transporte. La partici\u00f3n admite la impresi\u00f3n del logotipo de la marca, la informaci\u00f3n del producto o patrones decorativos, y la pantalla ordenada se puede ver cuando se abre la caja, lo que mejora la experiencia del usuario y la prima del producto.<\/p>\n<h3 id=\"5-full-dimensional-customization-service-unleashing-brand-creativity-\">5.\u00a0<strong>Servicio de personalizaci\u00f3n integral que da rienda suelta a la creatividad de la marca<\/strong><\/h3>\n<p>-\u00a0<strong>Personalizaci\u00f3n del aspecto<\/strong>: La superficie del papel estucado puede imprimirse con patrones de alta precisi\u00f3n, estampaci\u00f3n en caliente\/plateado en caliente, gofrado UV y otros procesos, adaptados al sistema VI de la marca.\u00a0<strong>Personalizaci\u00f3n de funciones<\/strong>: Admite la adici\u00f3n de etiquetas antifalsificaci\u00f3n, trazabilidad mediante c\u00f3digo QR, forro extra\u00edble y otros dise\u00f1os de valor a\u00f1adido.\u00a0<strong>Personalizaci\u00f3n de la estructura<\/strong>: La longitud de la pista de extracci\u00f3n, el tama\u00f1o de la partici\u00f3n y la disposici\u00f3n pueden ajustarse para adaptarse a diferentes especificaciones de pre-roll.<\/p>\n<h3 id=\"6-fully-automated-production-line-efficient-and-worry-free-delivery-\">6.\u00a0<strong>L\u00ednea de producci\u00f3n totalmente automatizada, entrega eficaz y sin preocupaciones<\/strong><\/h3>\n<p>Confiar en\u00a0<strong>troqueladoras totalmente autom\u00e1ticas, l\u00edneas de impresi\u00f3n de alta velocidad<\/strong>\u00a0y otros equipos avanzados, se consigue una conexi\u00f3n sin fisuras desde el dise\u00f1o hasta la producci\u00f3n en serie: -\u00a0<strong>Personalizaci\u00f3n de lotes peque\u00f1os<\/strong>: Pedido m\u00ednimo de 500 piezas, entrega en 10 d\u00edas laborables, admite pruebas r\u00e1pidas y revisi\u00f3n flexible; -\u00a0<strong>Producci\u00f3n masiva a gran escala<\/strong>capacidad de producci\u00f3n de un solo lote superior a 100.000 piezas, plazo de entrega estable y coste controlable.<\/p>\n<h3 id=\"7-16-years-of-industry-experience-one-stop-service-guarantee-\">7.\u00a0<strong>16 a\u00f1os de experiencia en el sector, garant\u00eda de servicio integral<\/strong><\/h3>\n<p>Como fabricante senior con\u00a0<strong>16 a\u00f1os de experiencia en la fabricaci\u00f3n de cajas extra\u00edbles<\/strong>ZOJO Print proporciona: -\u00a0<strong>Apoyo al dise\u00f1o<\/strong>: Un equipo profesional de 30 personas se encarga del dise\u00f1o de casos completos, como el modelado en 3D y la optimizaci\u00f3n estructural.\u00a0<strong>Sistema de control de calidad<\/strong>: Certificaci\u00f3n ISO 9001 aprobada, inspecci\u00f3n de calidad de todo el proceso para garantizar un env\u00edo sin defectos.\u00a0<strong>Log\u00edstica mundial<\/strong>: Almac\u00e9n propio + red log\u00edstica cooperativa, con cobertura en m\u00e1s de 50 pa\u00edses, que admite condiciones DDP\/DDU.<\/p>","protected":false},"excerpt":{"rendered":"<p><strong> \u00bfPor qu\u00e9 elegir ZOJO Print?\u00a0<\/strong><\/p>\n<p>-\u00a0<strong>Seguridad y conformidad<\/strong>: Ha superado certificaciones internacionales como CE y FCC, y ha facilitado informes de pruebas de bloqueo para ni\u00f1os;<\/p>\n<p>-<strong>\u00a0Compromiso medioambiental:<\/strong> Los materiales son trazables y apoyan soluciones de envasado neutras en carbono;<\/p>\n<p><strong>- Respuesta \u00e1gil:<\/strong> Servicio de atenci\u00f3n al cliente 24 horas en l\u00ednea, producci\u00f3n acelerada en 48 horas para pedidos urgentes.<\/p>","protected":false},"featured_media":9596,"template":"","meta":[],"product_brand":[],"product_cat":[30,420,31,426],"product_tag":[1216,1217,1218],"class_list":{"0":"post-9590","1":"product","2":"type-product","3":"status-publish","4":"has-post-thumbnail","6":"product_cat-by-industry","7":"product_cat-custom-cannabis-boxes","8":"product_cat-paper-box-style","9":"product_cat-paper-drawer-boxes","10":"product_tag-customized-pre-roll-drawer-box","11":"product_tag-pre-roll-drawer-box","12":"product_tag-vaping-packaging","14":"first","15":"instock","16":"shipping-taxable","17":"product-type-simple"},"_links":{"self":[{"href":"https:\/\/zojopackaging.com\/es\/wp-json\/wp\/v2\/product\/9590","targetHints":{"allow":["GET"]}}],"collection":[{"href":"https:\/\/zojopackaging.com\/es\/wp-json\/wp\/v2\/product"}],"about":[{"href":"https:\/\/zojopackaging.com\/es\/wp-json\/wp\/v2\/types\/product"}],"version-history":[{"count":1,"href":"https:\/\/zojopackaging.com\/es\/wp-json\/wp\/v2\/product\/9590\/revisions"}],"predecessor-version":[{"id":9597,"href":"https:\/\/zojopackaging.com\/es\/wp-json\/wp\/v2\/product\/9590\/revisions\/9597"}],"wp:featuredmedia":[{"embeddable":true,"href":"https:\/\/zojopackaging.com\/es\/wp-json\/wp\/v2\/media\/9596"}],"wp:attachment":[{"href":"https:\/\/zojopackaging.com\/es\/wp-json\/wp\/v2\/media?parent=9590"}],"wp:term":[{"taxonomy":"product_brand","embeddable":true,"href":"https:\/\/zojopackaging.com\/es\/wp-json\/wp\/v2\/product_brand?post=9590"},{"taxonomy":"product_cat","embeddable":true,"href":"https:\/\/zojopackaging.com\/es\/wp-json\/wp\/v2\/product_cat?post=9590"},{"taxonomy":"product_tag","embeddable":true,"href":"https:\/\/zojopackaging.com\/es\/wp-json\/wp\/v2\/product_tag?post=9590"}],"curies":[{"name":"wp","href":"https:\/\/api.w.org\/{rel}","templated":true}]}}