{"id":9598,"date":"2025-04-03T00:07:05","date_gmt":"2025-04-02T16:07:05","guid":{"rendered":"https:\/\/zojopackaging.com\/?post_type=product&#038;p=9598"},"modified":"2025-04-03T00:17:29","modified_gmt":"2025-04-02T16:17:29","slug":"custom-paper-pre-roll-slider-box-packaging-manufacturer-in-china","status":"publish","type":"product","link":"https:\/\/zojopackaging.com\/es\/product\/custom-paper-pre-roll-slider-box-packaging-manufacturer-in-china\/","title":{"rendered":"Fabricante de cajas deslizables de papel preenrolladas a medida en China"},"content":{"rendered":"<h3 id=\"1-environmentally-friendly-materials-texture-and-sustainability-are-equally-important-\">1.\u00a0<strong>Los materiales respetuosos con el medio ambiente, la textura y la sostenibilidad son igual de importantes<\/strong><\/h3>\n<p>La caja extra\u00edble adopta un\u00a0<strong>Papel estucado de 157 g + cart\u00f3n gris de 1200 g<\/strong>\u00a0estructura compuesta. La fina superficie del papel estucado admite la impresi\u00f3n de alta definici\u00f3n, y la capa de cart\u00f3n gris proporciona protecci\u00f3n contra la compresi\u00f3n y los golpes para garantizar que el rollo previo se mantenga estable e intacto durante el transporte. El material ha superado\u00a0<strong>Certificaci\u00f3n forestal FSC<\/strong>\u00a0y\u00a0<strong>Normas RoHS de protecci\u00f3n del medio ambiente<\/strong>y puede reciclarse y degradarse por completo, lo que est\u00e1 en consonancia con la \"prohibici\u00f3n de pl\u00e1sticos\" de China y la tendencia mundial de reducci\u00f3n de pl\u00e1sticos.<\/p>\n<h3 id=\"2-ergonomic-design-balance-of-portability-and-aesthetics-\">2.\u00a0<strong>Dise\u00f1o ergon\u00f3mico, equilibrio entre portabilidad y est\u00e9tica<\/strong><\/h3>\n<p>La caja extra\u00edble adopta un\u00a0<strong>estructura rectangular de proporci\u00f3n \u00e1urea<\/strong>, con un grosor inferior a 2,5 cm y un peso de s\u00f3lo 150 g, que puede guardarse f\u00e1cilmente en un bolsillo o en una bolsa de mano. La superficie utiliza\u00a0<strong>impresi\u00f3n en cuatricrom\u00eda + gofrado UV parcial<\/strong>\u00a0admite efectos complejos como el degradado y la estampaci\u00f3n en caliente, y muestra instant\u00e1neamente la tensi\u00f3n visual de la marca al abrirla y cerrarla, mejorando la primera impresi\u00f3n de los consumidores.<\/p>\n<h3 id=\"3-convenient-access-system-optimize-user-experience-\">3.\u00a0<strong>Sistema de acceso c\u00f3modo, optimiza la experiencia del usuario<\/strong><\/h3>\n<p>-\u00a0<strong>Cinta de tracci\u00f3n y extracci\u00f3n<\/strong>: Construido en la pista de cinta de nylon de alta densidad, la resistencia al deslizamiento se reduce por 60%, y mini pre-rolls se puede sacar r\u00e1pidamente con una mano; -\u00a0<strong>Bandeja interior personalizada<\/strong>: Las particiones de material PP de calidad alimentaria pueden separar 5-10 pre-rolls para evitar sacudidas y colisiones durante el transporte, y se muestran ordenadamente cuando se abre la caja.<\/p>\n<h3 id=\"4-full-dimensional-customization-empowering-brand-differentiation-\">4.\u00a0<strong>Personalizaci\u00f3n completa que potencia la diferenciaci\u00f3n de la marca<\/strong><\/h3>\n<p>-\u00a0<strong>Personalizaci\u00f3n del tama\u00f1o<\/strong>: Admite especificaciones desde un m\u00ednimo de 5 cm\u00d73 cm hasta un m\u00e1ximo de 12 cm\u00d78 cm, adapt\u00e1ndose a diferentes di\u00e1metros y cantidades de prerollado.\u00a0<strong>Personalizaci\u00f3n de funciones<\/strong>: A\u00f1adir dise\u00f1os de valor a\u00f1adido, como etiquetas antifalsificaci\u00f3n, chips NFC y revestimientos extra\u00edbles.\u00a0<strong>Potenciaci\u00f3n cultural<\/strong>: Incorporar a la impresi\u00f3n elementos como la tinta china y patrones del patrimonio cultural inmaterial para crear modelos conjuntos de propiedad intelectual cultural.<\/p>\n<h3 id=\"5-16-years-of-manufacturing-experience-quality-control-system-\">5.\u00a0<strong>16 a\u00f1os de experiencia en fabricaci\u00f3n, sistema de control de calidad<\/strong><\/h3>\n<p>Desde su creaci\u00f3n en 2009, ZOJO Print ha producido m\u00e1s de 20 millones de cajas extra\u00edbles y ha establecido\u00a0<strong>Sistema de gesti\u00f3n de la calidad ISO 9001<\/strong>. Desde las pruebas de materias primas hasta el muestreo del producto acabado, 23 procesos son totalmente trazables. La tasa de recompra de los clientes es de 82%, y la tasa de devoluci\u00f3n es inferior a 0,3%.<\/p>\n<h3 id=\"6-smart-equipment-cluster-efficiency-and-precision-guarantee-\">6.\u00a0<strong>Agrupaci\u00f3n de equipos inteligentes, garant\u00eda de eficacia y precisi\u00f3n<\/strong><\/h3>\n<p>La f\u00e1brica est\u00e1 equipada con\u00a0<strong>M\u00e1quina de impresi\u00f3n alemana Heidelberg CD102-8<\/strong>\u00a0(precisi\u00f3n \u00b10,02 mm),\u00a0<strong>troqueladora totalmente autom\u00e1tica<\/strong>\u00a0(velocidad 12.000 hojas\/hora) y\u00a0<strong>m\u00e1quina de grabado l\u00e1ser<\/strong>, que admite el corte de formas especiales de alta densidad y el procesamiento de microagujeros, con una apertura m\u00ednima de 0,5 mm, lo que satisface las necesidades de los envases de lujo.<\/p>\n<h3 id=\"7-one-stop-service-full-link-solution-\">7.\u00a0<strong>Servicio integral, soluci\u00f3n de enlace completa<\/strong><\/h3>\n<p>En\u00a0<strong>dise\u00f1o conceptual<\/strong>\u00a0(proporcionando modelado y pruebas en 3D) a\u00a0<strong>entrega en serie<\/strong>\u00a0(que admite un pedido m\u00ednimo de 500 unidades y pruebas r\u00e1pidas de 15 d\u00edas), que admite\u00a0<strong>log\u00edstica y almacenamiento<\/strong>\u00a0(5.000 metros cuadrados de almacenes propios) y\u00a0<strong>despacho aduanero transfronterizo<\/strong>\u00a0que cubren los mercados de China continental, Hong Kong, Macao, Taiw\u00e1n y el Sudeste Asi\u00e1tico.<\/p>","protected":false},"excerpt":{"rendered":"<p><strong>\u00bfPor qu\u00e9 elegir ZOJO Print?\u00a0<\/strong><\/p>\n<p>-\u00a0<strong>Certificaci\u00f3n de conformidad<\/strong>: Superadas las pruebas de materiales en contacto con alimentos de la FDA y la certificaci\u00f3n CE de seguridad de los envases;<\/p>\n<p>-\u00a0<strong>Ventaja de costes<\/strong>: La producci\u00f3n centralizada reduce los costes log\u00edsticos en 30% y permite la personalizaci\u00f3n de lotes peque\u00f1os.<\/p>","protected":false},"featured_media":9600,"template":"","meta":[],"product_brand":[],"product_cat":[30,420,31,426],"product_tag":[1220,1219,1221],"class_list":{"0":"post-9598","1":"product","2":"type-product","3":"status-publish","4":"has-post-thumbnail","6":"product_cat-by-industry","7":"product_cat-custom-cannabis-boxes","8":"product_cat-paper-box-style","9":"product_cat-paper-drawer-boxes","10":"product_tag-custom-paper-pre-roll-slider-box","11":"product_tag-packaging-manufacturer","12":"product_tag-pre-roll-slider-box","14":"first","15":"instock","16":"shipping-taxable","17":"product-type-simple"},"_links":{"self":[{"href":"https:\/\/zojopackaging.com\/es\/wp-json\/wp\/v2\/product\/9598","targetHints":{"allow":["GET"]}}],"collection":[{"href":"https:\/\/zojopackaging.com\/es\/wp-json\/wp\/v2\/product"}],"about":[{"href":"https:\/\/zojopackaging.com\/es\/wp-json\/wp\/v2\/types\/product"}],"version-history":[{"count":1,"href":"https:\/\/zojopackaging.com\/es\/wp-json\/wp\/v2\/product\/9598\/revisions"}],"predecessor-version":[{"id":9605,"href":"https:\/\/zojopackaging.com\/es\/wp-json\/wp\/v2\/product\/9598\/revisions\/9605"}],"wp:featuredmedia":[{"embeddable":true,"href":"https:\/\/zojopackaging.com\/es\/wp-json\/wp\/v2\/media\/9600"}],"wp:attachment":[{"href":"https:\/\/zojopackaging.com\/es\/wp-json\/wp\/v2\/media?parent=9598"}],"wp:term":[{"taxonomy":"product_brand","embeddable":true,"href":"https:\/\/zojopackaging.com\/es\/wp-json\/wp\/v2\/product_brand?post=9598"},{"taxonomy":"product_cat","embeddable":true,"href":"https:\/\/zojopackaging.com\/es\/wp-json\/wp\/v2\/product_cat?post=9598"},{"taxonomy":"product_tag","embeddable":true,"href":"https:\/\/zojopackaging.com\/es\/wp-json\/wp\/v2\/product_tag?post=9598"}],"curies":[{"name":"wp","href":"https:\/\/api.w.org\/{rel}","templated":true}]}}