{"id":9606,"date":"2025-04-03T00:17:40","date_gmt":"2025-04-02T16:17:40","guid":{"rendered":"https:\/\/zojopackaging.com\/?post_type=product&#038;p=9606"},"modified":"2025-04-03T00:26:11","modified_gmt":"2025-04-02T16:26:11","slug":"custom-pre-roll-joints-paper-packaging-drawer-box-supplier","status":"publish","type":"product","link":"https:\/\/zojopackaging.com\/es\/product\/custom-pre-roll-joints-paper-packaging-drawer-box-supplier\/","title":{"rendered":"Proveedor de cajas caj\u00f3n de embalaje de papel con juntas pre-enrolladas a medida"},"content":{"rendered":"<h3 id=\"1-highly-recognizable-brand-visual-system-\">1.\u00a0<strong>Sistema visual de marca altamente reconocible<\/strong><\/h3>\n<p>La caja extra\u00edble adopta un dise\u00f1o de colores contrastados de\u00a0<strong>fondo amarillo brillante + logotipo verde<\/strong>que no s\u00f3lo responde a la b\u00fasqueda de vitalidad de los grupos de consumidores j\u00f3venes, sino que tambi\u00e9n transmite el tono natural y saludable de la marca a trav\u00e9s de la psicolog\u00eda del color.\u00a0<strong>Ilustraciones de historias de marca de alta precisi\u00f3n<\/strong>\u00a0(como el proceso de crecimiento de las plantas o los elementos artesanales del patrimonio cultural inmaterial) pueden imprimirse en la superficie de la caja, en combinaci\u00f3n con la impresi\u00f3n en cuatricrom\u00eda (CMYK) y la tecnolog\u00eda local de gofrado UV, lo que aumenta la estratificaci\u00f3n visual por 60%, y refuerza al instante el anclaje de la marca en la memoria de los consumidores al abrir la caja.<\/p>\n<h3 id=\"2-intelligent-childproof-lock-safety-design-\">2.\u00a0<strong>Dise\u00f1o inteligente de seguridad con cerradura a prueba de ni\u00f1os<\/strong><\/h3>\n<p>Incorporado\u00a0<strong>cerradura a prueba de ni\u00f1os<\/strong>\u00a0que cumple las normas internacionales ISO 8317, gracias a una estructura de hebilla de doble seguro (hebilla externa + bloque de cu\u00f1a interno): -\u00a0<strong>Los menores de 5 a\u00f1os no pueden abrir<\/strong>: Es necesario tirar de \u00e9l r\u00e1pidamente m\u00e1s de 3 veces para desbloquearlo, y la tasa de falsos toques es inferior a 0,1%.\u00a0<strong>Los adultos pueden abrirlo en segundos con una sola mano<\/strong>: Se optimiza el coeficiente de amortiguaci\u00f3n de la v\u00eda de extracci\u00f3n y se mejora la fluidez de funcionamiento mediante 40%, teniendo en cuenta tanto la seguridad como la comodidad.<\/p>\n<h3 id=\"3-environmentally-friendly-materials-process-upgrade-\">3.\u00a0<strong>Materiales respetuosos con el medio ambiente + mejora del proceso<\/strong><\/h3>\n<p>-\u00a0<strong>Selecci\u00f3n del sustrato<\/strong>: Adopta\u00a0<strong>Papel estucado de 157 g + cart\u00f3n gris de 1200 g<\/strong>\u00a0estructura compuesta, y la suavidad de la superficie del papel estucado alcanza los 90s (prueba del m\u00e9todo Cobb), lo que admite la impresi\u00f3n de alta definici\u00f3n; la capa de cart\u00f3n gris ha superado la certificaci\u00f3n forestal FSC para garantizar la sostenibilidad de las materias primas.\u00a0<strong>Tratamiento de superficies<\/strong>: El proceso de revestimiento con pel\u00edcula mate aumenta 3 veces la resistencia al desgaste de la caja (resistencia a la fricci\u00f3n &gt; 5000 veces), al tiempo que reduce la reflectividad, lo que satisface los requisitos de lujo discreto de los envases de lujo.<\/p>\n<h3 id=\"4-brand-gene-implanted-lining-\">4.\u00a0<strong>Marca gen implante forro<\/strong><\/h3>\n<p>-\u00a0<strong>Tabique de cart\u00f3n a medida<\/strong>: Hecho de material PP de calidad alimentaria del mismo color que el logotipo, el logotipo de la marca se reproduce con precisi\u00f3n a trav\u00e9s de la tecnolog\u00eda de troquelado (como las iniciales de la marca ahuecando y la transici\u00f3n de color degradado); -\u00a0<strong>Guiado visual de l\u00edneas<\/strong>: El borde del tabique est\u00e1 dise\u00f1ado con microtallados de s\u00edmbolos de marca, para que los consumidores puedan centrarse de forma natural en los productos preenrollados al abrir la caja, reforzando el conocimiento de la marca.<\/p>\n<h3 id=\"5-application-of-spatial-aesthetics-and-consumer-psychology-\">5.\u00a0<strong>Aplicaci\u00f3n de la est\u00e9tica espacial y la psicolog\u00eda del consumidor<\/strong><\/h3>\n<p>-\u00a0<strong>Almacenamiento de la proporci\u00f3n \u00e1urea<\/strong>: La partici\u00f3n interna fija 5 pre-rolls en un \u00e1ngulo de inclinaci\u00f3n de 30\u00b0, que se ajusta a la proporci\u00f3n \u00e1urea de la visi\u00f3n humana (1:1,618). Al abrir la caja se aprecia la belleza ordenada de la exposici\u00f3n de los productos.\u00a0<strong>Optimizaci\u00f3n de la respuesta t\u00e1ctil<\/strong>: La superficie del tabique est\u00e1 esmerilada, y el coeficiente de fricci\u00f3n se controla entre 0,3-0,5. Se genera una ligera sensaci\u00f3n de amortiguaci\u00f3n cuando se extrae el pre-roll, proporcionando una experiencia de usuario \"delicada y f\u00e1cil de controlar\".<\/p>\n<h3 id=\"6-full-link-customized-service-system-\">6.\u00a0<strong>Sistema de servicio personalizado de enlace completo<\/strong><\/h3>\n<p>-\u00a0<strong>Personalizaci\u00f3n del color<\/strong>: Proporcionar tarjetas de color Pantone + impresi\u00f3n de colores planos, el apoyo 100% coincidencia de color LOGO y el forro, -.\u00a0<strong>Ampliaci\u00f3n de funciones<\/strong>: Puede a\u00f1adir chips NFC (admiten el escaneado de historias de marcas), etiquetas l\u00e1ser antifalsificaci\u00f3n y otros m\u00f3dulos de valor a\u00f1adido para lograr la trazabilidad \"un objeto, un c\u00f3digo\".<\/p>\n<h3 id=\"7-16-years-of-manufacturing-heritage-and-quality-control-guarantee-\">7.\u00a0<strong>16 a\u00f1os de herencia de fabricaci\u00f3n y garant\u00eda de control de calidad<\/strong><\/h3>\n<p>-\u00a0<strong>Escala de capacidad<\/strong>: 5320\u33a1 base de producci\u00f3n inteligente equipada con m\u00e1quina de impresi\u00f3n alemana Heidelberg CD102-8 (capacidad de producci\u00f3n diaria de 200.000 hojas), l\u00ednea de troquelado totalmente autom\u00e1tica (velocidad de 12.000 hojas\/hora), soporte de 500 piezas de pedido m\u00ednimo, entrega r\u00e1pida en 12 d\u00edas; -\u00a0<strong>Sistema de calidad<\/strong>: Certificaci\u00f3n ISO 9001 superada, sistema de inspecci\u00f3n visual AI establecido para los procesos clave, tasa de clasificaci\u00f3n autom\u00e1tica de productos defectuosos&gt; 99,5%, tasa de recompra de clientes alcanzada 85%.<\/p>","protected":false},"excerpt":{"rendered":"<p><strong>\u00bfPor qu\u00e9 elegir ZOJO Print?\u00a0<\/strong><\/p>\n<ul>\n<li><strong>Certificaci\u00f3n de conformidad<\/strong>: El producto ha superado la certificaci\u00f3n CR de seguridad de envases a prueba de ni\u00f1os;<\/li>\n<li><strong>Ventaja de costes<\/strong>: La producci\u00f3n centralizada reduce los costes log\u00edsticos en 30% y permite la personalizaci\u00f3n de lotes peque\u00f1os;<\/li>\n<li><strong>Escenarios de aplicaci\u00f3n<\/strong>productos: cajas de regalo para cigarrillos electr\u00f3nicos de gama alta, paquetes de degustaci\u00f3n de alimentos saludables, productos a base de hierbas de edici\u00f3n limitada y productos culturales y creativos de marca compartida.<\/li>\n<\/ul>\n<p><strong>P\u00f3ngase en contacto ahora con el equipo de personalizaci\u00f3n para iniciar el proceso de actualizaci\u00f3n del envase de su marca.<\/strong><\/p>","protected":false},"featured_media":9610,"template":"","meta":[],"product_brand":[],"product_cat":[30,420,31,426],"product_tag":[1222,1224,1223],"class_list":{"0":"post-9606","1":"product","2":"type-product","3":"status-publish","4":"has-post-thumbnail","6":"product_cat-by-industry","7":"product_cat-custom-cannabis-boxes","8":"product_cat-paper-box-style","9":"product_cat-paper-drawer-boxes","10":"product_tag-custom-pre-roll-joints-packaging","11":"product_tag-drawer-box-supplier","12":"product_tag-joints-paper-packaging","14":"first","15":"instock","16":"shipping-taxable","17":"product-type-simple"},"_links":{"self":[{"href":"https:\/\/zojopackaging.com\/es\/wp-json\/wp\/v2\/product\/9606","targetHints":{"allow":["GET"]}}],"collection":[{"href":"https:\/\/zojopackaging.com\/es\/wp-json\/wp\/v2\/product"}],"about":[{"href":"https:\/\/zojopackaging.com\/es\/wp-json\/wp\/v2\/types\/product"}],"version-history":[{"count":1,"href":"https:\/\/zojopackaging.com\/es\/wp-json\/wp\/v2\/product\/9606\/revisions"}],"predecessor-version":[{"id":9613,"href":"https:\/\/zojopackaging.com\/es\/wp-json\/wp\/v2\/product\/9606\/revisions\/9613"}],"wp:featuredmedia":[{"embeddable":true,"href":"https:\/\/zojopackaging.com\/es\/wp-json\/wp\/v2\/media\/9610"}],"wp:attachment":[{"href":"https:\/\/zojopackaging.com\/es\/wp-json\/wp\/v2\/media?parent=9606"}],"wp:term":[{"taxonomy":"product_brand","embeddable":true,"href":"https:\/\/zojopackaging.com\/es\/wp-json\/wp\/v2\/product_brand?post=9606"},{"taxonomy":"product_cat","embeddable":true,"href":"https:\/\/zojopackaging.com\/es\/wp-json\/wp\/v2\/product_cat?post=9606"},{"taxonomy":"product_tag","embeddable":true,"href":"https:\/\/zojopackaging.com\/es\/wp-json\/wp\/v2\/product_tag?post=9606"}],"curies":[{"name":"wp","href":"https:\/\/api.w.org\/{rel}","templated":true}]}}