{"id":9614,"date":"2025-04-03T00:40:47","date_gmt":"2025-04-02T16:40:47","guid":{"rendered":"https:\/\/zojopackaging.com\/?post_type=product&#038;p=9614"},"modified":"2025-04-03T00:52:44","modified_gmt":"2025-04-02T16:52:44","slug":"customized-rigid-slide-drawer-box-packaging-for-coffee","status":"publish","type":"product","link":"https:\/\/zojopackaging.com\/es\/product\/customized-rigid-slide-drawer-box-packaging-for-coffee\/","title":{"rendered":"Embalaje r\u00edgido modificado para requisitos particulares del caj\u00f3n de la diapositiva para el caf\u00e9"},"content":{"rendered":"<h3 id=\"1-natural-color-matching-aesthetics-stimulating-consumer-desire-\">1.\u00a0<strong>Est\u00e9tica natural del color a juego, que estimula el deseo del consumidor<\/strong><\/h3>\n<p>La caja de regalo adopta\u00a0<strong>impresi\u00f3n en papel estucado tono principal verde oscuro + caja interior negra<\/strong>\u00a0dise\u00f1o de colores contrastados. El verde oscuro simboliza la naturaleza y la vitalidad, haci\u00e9ndose eco del sabor original de los granos de caf\u00e9; la caja interior negra realza la textura gracias a la tecnolog\u00eda de laminaci\u00f3n mate, y se forma un fuerte contraste visual cuando se abre la caja. La superficie utiliza\u00a0<strong>cuatricrom\u00eda + serigraf\u00eda parcial<\/strong>\u00a0para reproducir elementos naturales como escenas del crecimiento de los granos de caf\u00e9 y texturas vegetales pintadas a mano, combinadas con el logotipo de la marca de tecnolog\u00eda de estampaci\u00f3n en caliente, para transmitir la experiencia de la historia \"de la granja a la taza\".<\/p>\n<h3 id=\"2-environmentally-friendly-materials-conveying-sustainable-concepts-\">2.\u00a0<strong>Materiales respetuosos con el medio ambiente, que transmiten conceptos sostenibles<\/strong><\/h3>\n<p>-\u00a0<strong>Selecci\u00f3n del sustrato<\/strong>:\u00a0<strong>Papel estucado de 157 g con certificaci\u00f3n FSC + cart\u00f3n gris de 1200 g<\/strong>\u00a0se adopta una estructura compuesta, y la capa de cart\u00f3n gris sustituye al revestimiento de pl\u00e1stico tradicional con material EPE degradable (consulte el caso de la caja de regalo de caf\u00e9 boutique) para garantizar la resistencia a los golpes y la frescura de los granos de caf\u00e9 durante el transporte.\u00a0<strong>Tratamiento de superficies<\/strong>: El proceso de laminado mate aumenta 3 veces la resistencia al desgaste de la caja (resistencia a la fricci\u00f3n &gt; 5000 veces), al tiempo que reduce la reflectividad, lo que est\u00e1 en consonancia con la b\u00fasqueda del lujo discreto por parte de las marcas de caf\u00e9 de gama alta.<\/p>\n<h3 id=\"3-customized-expression-of-brand-genes-\">3.\u00a0<strong>Expresi\u00f3n personalizada de genes de marca<\/strong><\/h3>\n<p>-\u00a0<strong>Personalizaci\u00f3n del color<\/strong>: Proporcionar la tarjeta de color Pantone + impresi\u00f3n de colores planos, el apoyo 100% coincidencia de color LOGO y el forro, como la incorporaci\u00f3n del color principal de la marca en el dise\u00f1o de la cinta o partici\u00f3n; -.\u00a0<strong>Potenciaci\u00f3n cultural<\/strong>: Incorporar elementos como el mapa de origen del caf\u00e9 y las notas del agr\u00f3nomo en la impresi\u00f3n para crear una experiencia envolvente de \"una caja, una historia\", como en referencia al dise\u00f1o de fusi\u00f3n cultural tradicional de la caja de regalo del Festival del Medio Oto\u00f1o de AVEDA.<\/p>\n<h3 id=\"4-flexible-size-and-content-adaptation-\">4.\u00a0<strong>Adaptaci\u00f3n flexible del tama\u00f1o y el contenido<\/strong><\/h3>\n<p>-\u00a0<strong>Personalizaci\u00f3n de la capacidad<\/strong>: Admite necesidades de almacenamiento diferenciadas de granos de caf\u00e9 enteros (de 6 a 8 mm de di\u00e1metro) o de caf\u00e9 molido en polvo (de 2 a 4 mm de finura), con un tama\u00f1o m\u00ednimo de 12 cm\u00d78 cm\u00d75 cm y un tama\u00f1o m\u00e1ximo de 25 cm\u00d715 cm\u00d710 cm.\u00a0<strong>Optimizaci\u00f3n estructural<\/strong>: La profundidad de la pista de extracci\u00f3n puede ajustarse a 3 cm, adapt\u00e1ndose a diferentes formas de envasado (como bolsas de oreja colgante, caf\u00e9 en c\u00e1psula, etc.), en referencia a las especificaciones principales del mercado de cajas de regalo de caf\u00e9.<\/p>\n<h3 id=\"5-ribbon-pull-out-system-upgraded-opening-ritual-\">5.\u00a0<strong>Sistema de extracci\u00f3n de cinta, ritual de apertura mejorado<\/strong><\/h3>\n<p>-\u00a0<strong>Dise\u00f1o de gu\u00eda de deslizamiento silencioso<\/strong>: Construido en la pista de cinta de nylon de alta densidad, la resistencia al deslizamiento se reduce por 60%, y se puede tirar suavemente con una mano; -\u00a0<strong>Protecci\u00f3n antitoques<\/strong>: Optimizar la estructura de amortiguaci\u00f3n al final de la carrera de extracci\u00f3n para evitar que los granos de caf\u00e9 se derramen debido a la inercia, y la tasa de \u00e9xito de la apertura de la caja se incrementa a 99%.<\/p>\n<h3 id=\"6-full-link-creative-service-empowering-brand-differentiation-\">6.\u00a0<strong>Servicio creativo integral que potencia la diferenciaci\u00f3n de la marca<\/strong><\/h3>\n<p>-\u00a0<strong>Soporte de modelado 3D<\/strong>: Proporciona 20 plantillas de estructuras b\u00e1sicas, admite dise\u00f1os complejos como tabiques extra\u00edbles curvos y de doble capa.\u00a0<strong>M\u00f3dulo de valor a\u00f1adido<\/strong>: Puede integrar elementos interactivos como chip NFC (c\u00f3digo de escaneado para rastrear el origen del caf\u00e9), forro extra\u00edble (para colocar tarjetas de siembra de posos de caf\u00e9), y hacer referencia al dise\u00f1o de papel de semillas de las cajas de regalo de caf\u00e9 solidarias.<\/p>\n<h3 id=\"7-16-years-of-manufacturing-heritage-full-quality-control-\">7.\u00a0<strong>16 a\u00f1os de experiencia en fabricaci\u00f3n, control de calidad total<\/strong><\/h3>\n<p>-\u00a0<strong>Garant\u00eda de capacidad<\/strong>: 5320\u33a1 base de producci\u00f3n inteligente equipada con m\u00e1quina de impresi\u00f3n alemana Heidelberg CD102-8 (capacidad de producci\u00f3n diaria de 200.000 hojas), l\u00ednea de troquelado totalmente autom\u00e1tica (velocidad de 12.000 hojas\/hora), admite 500 piezas de pedido m\u00ednimo y entrega r\u00e1pida en 12 d\u00edas; -\u00a0<strong>Sistema de control de calidad<\/strong>: Certificaci\u00f3n ISO 9001 superada, sistema de inspecci\u00f3n visual AI implantado en los procesos clave, tasa de clasificaci\u00f3n autom\u00e1tica de productos defectuosos&gt; 99,5%, tasa de recompra de clientes alcanzada 85%.<\/p>","protected":false},"excerpt":{"rendered":"<p><strong>ZOJO Print Caja dura personalizada con caj\u00f3n deslizante para envasar caf\u00e9 - Una fusi\u00f3n de est\u00e9tica natural y dise\u00f1o funcional<\/strong><\/p>\n<p>Como proveedor l\u00edder en China de soluciones de embalaje para cajas de regalo de caf\u00e9, ZOJO Print se centra en ofrecer a las marcas de caf\u00e9 boutique servicios personalizados que combinan conceptos de protecci\u00f3n medioambiental, tensi\u00f3n visual y experiencia de usuario.<\/p>","protected":false},"featured_media":9618,"template":"","meta":[],"product_brand":[],"product_cat":[30,422,31,426],"product_tag":[1227,1226,1225],"class_list":{"0":"post-9614","1":"product","2":"type-product","3":"status-publish","4":"has-post-thumbnail","6":"product_cat-by-industry","7":"product_cat-custom-gourmet-boxes-by-industry","8":"product_cat-paper-box-style","9":"product_cat-paper-drawer-boxes","10":"product_tag-packaging-for-coffee","11":"product_tag-rawer-box-packaging","12":"product_tag-slide-drawer-box","14":"first","15":"instock","16":"shipping-taxable","17":"product-type-simple"},"_links":{"self":[{"href":"https:\/\/zojopackaging.com\/es\/wp-json\/wp\/v2\/product\/9614","targetHints":{"allow":["GET"]}}],"collection":[{"href":"https:\/\/zojopackaging.com\/es\/wp-json\/wp\/v2\/product"}],"about":[{"href":"https:\/\/zojopackaging.com\/es\/wp-json\/wp\/v2\/types\/product"}],"version-history":[{"count":1,"href":"https:\/\/zojopackaging.com\/es\/wp-json\/wp\/v2\/product\/9614\/revisions"}],"predecessor-version":[{"id":9621,"href":"https:\/\/zojopackaging.com\/es\/wp-json\/wp\/v2\/product\/9614\/revisions\/9621"}],"wp:featuredmedia":[{"embeddable":true,"href":"https:\/\/zojopackaging.com\/es\/wp-json\/wp\/v2\/media\/9618"}],"wp:attachment":[{"href":"https:\/\/zojopackaging.com\/es\/wp-json\/wp\/v2\/media?parent=9614"}],"wp:term":[{"taxonomy":"product_brand","embeddable":true,"href":"https:\/\/zojopackaging.com\/es\/wp-json\/wp\/v2\/product_brand?post=9614"},{"taxonomy":"product_cat","embeddable":true,"href":"https:\/\/zojopackaging.com\/es\/wp-json\/wp\/v2\/product_cat?post=9614"},{"taxonomy":"product_tag","embeddable":true,"href":"https:\/\/zojopackaging.com\/es\/wp-json\/wp\/v2\/product_tag?post=9614"}],"curies":[{"name":"wp","href":"https:\/\/api.w.org\/{rel}","templated":true}]}}