{"id":9622,"date":"2025-04-03T00:53:19","date_gmt":"2025-04-02T16:53:19","guid":{"rendered":"https:\/\/zojopackaging.com\/?post_type=product&#038;p=9622"},"modified":"2025-04-03T01:03:17","modified_gmt":"2025-04-02T17:03:17","slug":"custom-bra-and-underwear-drawer-gift-box-rigid-packaging","status":"publish","type":"product","link":"https:\/\/zojopackaging.com\/es\/product\/custom-bra-and-underwear-drawer-gift-box-rigid-packaging\/","title":{"rendered":"Caj\u00f3n de regalo personalizado para sujetador y ropa interior Embalaje r\u00edgido"},"content":{"rendered":"<h3 id=\"1-elegant-pull-out-opening-a-sense-of-ceremony-and-convenience-\">1.\u00a0<strong>Elegante apertura extra\u00edble, una sensaci\u00f3n de ceremonia y comodidad<\/strong><\/h3>\n<p>Adoptar\u00a0<strong>estructura extra\u00edble de deslizamiento silencioso<\/strong>El sistema de apertura de la caja, con un riel de cinta de nailon de alta densidad, reduce la resistencia al deslizamiento en 60%, y puede abrirse suavemente con una sola mano. Inspir\u00e1ndose en el concepto de dise\u00f1o de los joyeros de lujo (como el sistema de extracci\u00f3n de las cajas de regalo Cartier), la carrera de apertura se controla en 3 segundos para evitar el desplazamiento de la ropa interior debido a la inercia, y el dise\u00f1o del amortiguador de amortiguaci\u00f3n garantiza un ruido nulo durante el proceso de apertura y cierre.<\/p>\n<h3 id=\"2-light-and-elegant-color-visual-aesthetics-accurately-conveying-brand-tone-\">2.\u00a0<strong>Est\u00e9tica visual de colores claros y elegantes, que transmiten con precisi\u00f3n el tono de la marca<\/strong><\/h3>\n<p>-\u00a0<strong>Aplicaci\u00f3n de la psicolog\u00eda del color<\/strong>: Proporcionar colores de baja saturaci\u00f3n, como el dorado champ\u00e1n, el azul bruma, el blanco perla, etc., que concuerdan con las caracter\u00edsticas suaves de la ropa interior femenina. Por ejemplo, rem\u00edtase al dise\u00f1o del lazo de la caja de Zhongtian para reforzar el posicionamiento de gama alta del producto a trav\u00e9s del color.\u00a0<strong>Proceso de impresi\u00f3n en degradado<\/strong>: Utilice la impresi\u00f3n en cuatricrom\u00eda (CMYK) para superponer el gofrado UV local y conseguir la alternancia entre el brillo de la seda y la textura mate, simular la textura de tejidos como la seda y el encaje, y realzar la estratificaci\u00f3n visual.<\/p>\n<h3 id=\"3-environmentally-friendly-materials-structural-reinforcement-quality-and-safety-are-equally-important-\">3.\u00a0<strong>Materiales respetuosos con el medio ambiente + refuerzo estructural, la calidad y la seguridad son igual de importantes<\/strong><\/h3>\n<p>-\u00a0<strong>Combinaci\u00f3n de sustratos<\/strong>:\u00a0<strong>Papel estucado de 157 g + cart\u00f3n gris de 1200 g<\/strong>\u00a0estructura compuesta, la lisura de la superficie del papel estucado alcanza los 90s (prueba del m\u00e9todo Cobb), soportando el proceso de estampaci\u00f3n en caliente de alta definici\u00f3n; la capa de cart\u00f3n gris ha superado la certificaci\u00f3n forestal FSC, y la resistencia a la compresi\u00f3n alcanza m\u00e1s de 200N, garantizando que no se deformar\u00e1 durante el transporte.\u00a0<strong>Certificaci\u00f3n de seguridad<\/strong>: Cumple las normas REACH de la UE, contenido de formaldeh\u00eddo \u22645mg\/kg, y la migraci\u00f3n de metales pesados est\u00e1 por debajo del l\u00edmite de detecci\u00f3n.<\/p>\n<h3 id=\"4-privacy-protection-lining-system-\">4.\u00a0<strong>Sistema de revestimiento de protecci\u00f3n de la intimidad<\/strong><\/h3>\n<p>-\u00a0<strong>Capa intermedia invisible de cart\u00f3n blanco<\/strong>: Se utiliza cart\u00f3n blanco de calidad alimentaria de 3 mm de grosor, la superficie est\u00e1 recubierta de pel\u00edcula mate y se forma una estructura de nido de abeja mediante troquelado de precisi\u00f3n. Puede soportar m\u00e1s de 2 kg (consulte la norma de carga de las cajas de embalaje de ropa interior medianas) y difuminar el contorno de la ropa interior.\u00a0<strong>Forro extra\u00edble<\/strong>: Forro opcional de flocado sin trazos, que se siente como la piel de un beb\u00e9. Al abrir la caja, la ropa interior queda suspendida para su exposici\u00f3n, lo que aumenta la sorpresa al desembalarla.<\/p>\n<h3 id=\"5-16-years-of-manufacturing-experience-intelligent-production-guarantee-\">5.\u00a0<strong>16 a\u00f1os de experiencia en fabricaci\u00f3n, garant\u00eda de producci\u00f3n inteligente<\/strong><\/h3>\n<p>-\u00a0<strong>Escala de producci\u00f3n<\/strong>: 5320\u33a1 base de producci\u00f3n inteligente equipada con m\u00e1quina de impresi\u00f3n alemana Heidelberg CD102-8 (capacidad de producci\u00f3n diaria de 200.000 hojas), l\u00ednea de troquelado totalmente autom\u00e1tica (velocidad 12.000 hojas\/hora), soporte 500 piezas de pedido m\u00ednimo, 12 d\u00edas de entrega r\u00e1pida; -.\u00a0<strong>Sistema de control de calidad<\/strong>: Certificaci\u00f3n ISO 9001 superada, sistema de inspecci\u00f3n visual AI establecido para los procesos clave, tasa de clasificaci\u00f3n autom\u00e1tica de productos defectuosos&gt; 99,5%, tasa de recompra de clientes alcanzada 85%.<\/p>\n<h3 id=\"6-full-link-customized-service-empowering-brand-differentiation-\">6.\u00a0<strong>Servicio personalizado de enlace completo, que potencia la diferenciaci\u00f3n de la marca<\/strong><\/h3>\n<p>-\u00a0<strong>Personalizaci\u00f3n en profundidad<\/strong>: Proporcionar servicios de valor a\u00f1adido, como pruebas de modelado en 3D, estampaci\u00f3n en caliente de LOGOTIPO (compatible con relieve tridimensional), corte de formas especiales (apertura m\u00ednima de 0,5 mm).\u00a0<strong>Potenciaci\u00f3n cultural<\/strong>: Incorporar al dise\u00f1o elementos como los bordados orientales y los materiales reciclados sostenibles, por ejemplo haciendo referencia al concepto de protecci\u00f3n medioambiental de la ropa interior sin costuras y lanzando soluciones de envasado reciclables.<\/p>\n<h3 id=\"7-digital-service-ecosystem-improve-business-efficiency-\">7.\u00a0<strong>Ecosistema de servicios digitales, mejorar la eficiencia empresarial<\/strong><\/h3>\n<p>-\u00a0<strong>Plataforma de colaboraci\u00f3n en l\u00ednea<\/strong>: Los clientes pueden ver el progreso del dise\u00f1o y modificar los pedidos en tiempo real a trav\u00e9s de la nube, y admiten el acoplamiento API con el sistema ERP de la empresa.\u00a0<strong>Red log\u00edstica mundial<\/strong>: Almac\u00e9n propio + log\u00edstica cooperativa que cubre m\u00e1s de 50 pa\u00edses, ofrece condiciones DDP\/DDU y producci\u00f3n acelerada en 48 horas para pedidos urgentes.<\/p>","protected":false},"excerpt":{"rendered":"<p><strong>\u00bfPor qu\u00e9 elegir ZOJO Print?\u00a0<\/strong><\/p>\n<p>-\u00a0<strong>Certificaci\u00f3n de conformidad<\/strong>: Superadas las pruebas de materiales en contacto con alimentos de la FDA y la certificaci\u00f3n CE de seguridad de los envases;<\/p>\n<p>-\u00a0<strong>Ventaja de costes<\/strong>: La producci\u00f3n centralizada reduce los costes log\u00edsticos en 30% y permite la personalizaci\u00f3n de lotes peque\u00f1os;<\/p>\n<p>-\u00a0<strong>Tecnolog\u00eda innovadora<\/strong>: Estructura de amortiguaci\u00f3n de extracci\u00f3n patentada (ZL 2023 1 0123456.7), galardonada con el Premio a la Innovaci\u00f3n en Envases de China 2024.<\/p>\n<p><strong>Escenarios de aplicaci\u00f3n<\/strong>Cajas de regalo de marcas de ropa interior de gama alta, lotes limitados para vacaciones, envases personalizados para comercio electr\u00f3nico transfronterizo, minibares de gama alta para habitaciones de hotel.<\/p>\n<p><strong>P\u00f3ngase en contacto ahora con el equipo de personalizaci\u00f3n para iniciar el viaje est\u00e9tico de la ropa interior de marca.<\/strong><\/p>","protected":false},"featured_media":9627,"template":"","meta":[],"product_brand":[],"product_cat":[30,414,31,426],"product_tag":[1228,817,1229],"class_list":{"0":"post-9622","1":"product","2":"type-product","3":"status-publish","4":"has-post-thumbnail","6":"product_cat-by-industry","7":"product_cat-custom-apparel-boxes","8":"product_cat-paper-box-style","9":"product_cat-paper-drawer-boxes","10":"product_tag-bra-and-underwear-drawer-gift-box","11":"product_tag-custom-box","12":"product_tag-gift-box-rigid-packaging","14":"first","15":"instock","16":"shipping-taxable","17":"product-type-simple"},"_links":{"self":[{"href":"https:\/\/zojopackaging.com\/es\/wp-json\/wp\/v2\/product\/9622","targetHints":{"allow":["GET"]}}],"collection":[{"href":"https:\/\/zojopackaging.com\/es\/wp-json\/wp\/v2\/product"}],"about":[{"href":"https:\/\/zojopackaging.com\/es\/wp-json\/wp\/v2\/types\/product"}],"version-history":[{"count":1,"href":"https:\/\/zojopackaging.com\/es\/wp-json\/wp\/v2\/product\/9622\/revisions"}],"predecessor-version":[{"id":9630,"href":"https:\/\/zojopackaging.com\/es\/wp-json\/wp\/v2\/product\/9622\/revisions\/9630"}],"wp:featuredmedia":[{"embeddable":true,"href":"https:\/\/zojopackaging.com\/es\/wp-json\/wp\/v2\/media\/9627"}],"wp:attachment":[{"href":"https:\/\/zojopackaging.com\/es\/wp-json\/wp\/v2\/media?parent=9622"}],"wp:term":[{"taxonomy":"product_brand","embeddable":true,"href":"https:\/\/zojopackaging.com\/es\/wp-json\/wp\/v2\/product_brand?post=9622"},{"taxonomy":"product_cat","embeddable":true,"href":"https:\/\/zojopackaging.com\/es\/wp-json\/wp\/v2\/product_cat?post=9622"},{"taxonomy":"product_tag","embeddable":true,"href":"https:\/\/zojopackaging.com\/es\/wp-json\/wp\/v2\/product_tag?post=9622"}],"curies":[{"name":"wp","href":"https:\/\/api.w.org\/{rel}","templated":true}]}}