{"id":9634,"date":"2025-04-03T09:23:19","date_gmt":"2025-04-03T01:23:19","guid":{"rendered":"https:\/\/zojopackaging.com\/?post_type=product&#038;p=9634"},"modified":"2025-04-03T10:03:07","modified_gmt":"2025-04-03T02:03:07","slug":"personalized-custom-small-jewelry-packaging-boxes-wholesale","status":"publish","type":"product","link":"https:\/\/zojopackaging.com\/es\/product\/personalized-custom-small-jewelry-packaging-boxes-wholesale\/","title":{"rendered":"Personalizado Peque\u00f1as cajas de embalaje de joyer\u00eda al por mayor"},"content":{"rendered":"<h2 id=\"-i-product-core-highlights-\"><strong>1. Puntos principales del producto<\/strong><\/h2>\n<ol>\n<li><strong>Sistema de cierre magn\u00e9tico inteligente<\/strong><\/li>\n<li>Adoptando el dise\u00f1o de succi\u00f3n magn\u00e9tica oculta, puede adsorberse y cerrarse autom\u00e1ticamente con un ligero empuj\u00f3n, diciendo adi\u00f3s a la inconveniencia del prensado o abrochado tradicional, realzando la sensaci\u00f3n de ceremonia de apertura y cierre, adecuado para escenas de venta al por menor y regalos de alta frecuencia.<\/li>\n<li><strong>Proceso de estampaci\u00f3n en caliente de alta precisi\u00f3n<\/strong><\/li>\n<li>Utilizando materiales de estampaci\u00f3n en caliente importados y equipos de precisi\u00f3n, incluso las l\u00edneas finas de 0,5 mm o los LOGOTIPOS diminutos pueden presentarse con claridad, y el brillo met\u00e1lico forma un fuerte contraste visual con el cuerpo blanco de la caja, mejorando instant\u00e1neamente el reconocimiento de la marca y el lujo.<\/li>\n<li><strong>Dise\u00f1o est\u00e9tico minimalista<\/strong><\/li>\n<li>El cuerpo de la caja se basa en\u00a0<strong>blanco puro<\/strong>, con estampaci\u00f3n en caliente\/plateado, gofrado y otros procesos para crear una textura sencilla pero de alta gama, que satisface perfectamente las necesidades est\u00e9ticas de la joyer\u00eda y los art\u00edculos de lujo para envasado.<\/li>\n<li><strong>Forro exclusivo personalizado<\/strong><\/li>\n<li>Proporcionan esponja EVA, franela, cart\u00f3n y otros materiales de revestimiento, admiten la personalizaci\u00f3n del molde 1:1 seg\u00fan la forma y el tama\u00f1o del producto, garantizan el almacenamiento estable de las joyas y ofrecen una experiencia de desembalaje distinguida.<\/li>\n<\/ol>\n<h2 id=\"-ii-material-and-durability-\"><strong>2. Material y durabilidad<\/strong><\/h2>\n<ul>\n<li><strong>Material compuesto respetuoso con el medio ambiente<\/strong>: El cuerpo de la caja es de\u00a0<strong>Papel estucado C2S de 157 g<\/strong>\u00a0(superficie fina y lisa, alta reproducci\u00f3n del color) +\u00a0<strong>Cart\u00f3n duro de 1200 g<\/strong>\u00a0(resistente a la presi\u00f3n y la humedad), que ha sido probado para soportar diferencias de temperatura de -20\u2103 a 50\u2103 y golpes de transporte a larga distancia para garantizar la seguridad del producto.<\/li>\n<li><strong>Tratamiento de superficies<\/strong>: Pel\u00edcula mate\/brillante opcional, barniz local UV, mejoran a\u00fan m\u00e1s la impermeabilidad y la resistencia al desgaste.<\/li>\n<\/ul>\n<h2 id=\"-iii-flexible-customization-service-\"><strong>3. Servicio de personalizaci\u00f3n flexible<\/strong><\/h2>\n<ul>\n<li><strong>Cantidad m\u00ednima de pedido flexible<\/strong>: Admite la personalizaci\u00f3n de lotes peque\u00f1os con un pedido m\u00ednimo de 50 piezas, y tambi\u00e9n puede realizar pedidos de lotes grandes de 10.000 piezas, con entrega r\u00e1pida en 7-15 d\u00edas.<\/li>\n<li><strong>Asistencia completa para el dise\u00f1o de procesos<\/strong>: Se ofrecen servicios gratuitos de renderizado en 3D y pruebas estructurales, y se puede personalizar el LOGO, el patr\u00f3n y el tipo de caja (caja cuadrada\/caja de cajones\/caja de libros).<\/li>\n<li><strong>Adaptaci\u00f3n de la escena<\/strong>: Dise\u00f1ado para peque\u00f1os art\u00edculos de lujo como cajas para regalos de boda, colgantes de joyas, anillos, relojes, etc., que admiten accesorios adicionales como cintas a juego y tarjetas de felicitaci\u00f3n.<\/li>\n<\/ul>\n<h2 id=\"-fourth-service-commitment-\"><strong>4. Compromiso de servicio<\/strong><\/h2>\n<ul>\n<li><strong>Garant\u00eda de calidad<\/strong>: Toda la l\u00ednea ha superado la certificaci\u00f3n medioambiental SGS y cumple las normas ROHS de la UE.<\/li>\n<li><strong>Posventa sin preocupaciones<\/strong>: Proporcionar servicios de valor a\u00f1adido, como la sustituci\u00f3n de da\u00f1os y el almacenamiento y env\u00edo, y realizar un seguimiento del progreso de la entrega durante todo el proceso.<\/li>\n<\/ul>\n<p><strong>Proceso de cooperaci\u00f3n<\/strong>: Comunicaci\u00f3n de la demanda \u2192 Pruebas de dise\u00f1o \u2192 Confirmaci\u00f3n de la producci\u00f3n \u2192 Inspecci\u00f3n de calidad y env\u00edo\u00a0<strong>Acci\u00f3n inmediata<\/strong>: Proporcione el tama\u00f1o del producto o el proyecto de dise\u00f1o y obtenga un plan de presupuesto exclusivo en 24 horas.<\/p>","protected":false},"excerpt":{"rendered":"<ul>\n<li>\u200b<strong>Est\u00e9tica Premium:<\/strong>\u00a0El dise\u00f1o en blanco y oro irradia un lujo atemporal para la presentaci\u00f3n de joyas de gran valor.<\/li>\n<li>\u200b<strong>Almacenamiento de protecci\u00f3n:<\/strong>\u00a0El interior forrado de felpa protege los objetos delicados de ara\u00f1azos o da\u00f1os.<\/li>\n<li>\u200b<strong>Marca personalizada:<\/strong>\u00a0A\u00f1ada logotipos, frases o motivos en relieve para reforzar la identidad de la marca.<\/li>\n<li>\u200b<strong>A granel:<\/strong>\u00a0Su construcci\u00f3n duradera permite realizar pedidos al por mayor y env\u00edos rentables.<\/li>\n<li>\u200b<strong>Tallas vers\u00e1tiles:<\/strong>\u00a0Tiene capacidad para anillos, pendientes, pulseras y peque\u00f1as colecciones de piedras preciosas.<\/li>\n<\/ul>","protected":false},"featured_media":9635,"template":"","meta":[],"product_brand":[],"product_cat":[30,415,424,31],"product_tag":[890,1231,1230],"class_list":{"0":"post-9634","1":"product","2":"type-product","3":"status-publish","4":"has-post-thumbnail","6":"product_cat-by-industry","7":"product_cat-custom-jewelry-boxes-by-industry","8":"product_cat-magnetic-closure-boxes","9":"product_cat-paper-box-style","10":"product_tag-custom-jewelry-packaging","11":"product_tag-personalized-custom-jewelry-packaging","12":"product_tag-small-jewelry-boxes","14":"first","15":"instock","16":"shipping-taxable","17":"product-type-grouped"},"_links":{"self":[{"href":"https:\/\/zojopackaging.com\/es\/wp-json\/wp\/v2\/product\/9634","targetHints":{"allow":["GET"]}}],"collection":[{"href":"https:\/\/zojopackaging.com\/es\/wp-json\/wp\/v2\/product"}],"about":[{"href":"https:\/\/zojopackaging.com\/es\/wp-json\/wp\/v2\/types\/product"}],"version-history":[{"count":1,"href":"https:\/\/zojopackaging.com\/es\/wp-json\/wp\/v2\/product\/9634\/revisions"}],"predecessor-version":[{"id":9641,"href":"https:\/\/zojopackaging.com\/es\/wp-json\/wp\/v2\/product\/9634\/revisions\/9641"}],"wp:featuredmedia":[{"embeddable":true,"href":"https:\/\/zojopackaging.com\/es\/wp-json\/wp\/v2\/media\/9635"}],"wp:attachment":[{"href":"https:\/\/zojopackaging.com\/es\/wp-json\/wp\/v2\/media?parent=9634"}],"wp:term":[{"taxonomy":"product_brand","embeddable":true,"href":"https:\/\/zojopackaging.com\/es\/wp-json\/wp\/v2\/product_brand?post=9634"},{"taxonomy":"product_cat","embeddable":true,"href":"https:\/\/zojopackaging.com\/es\/wp-json\/wp\/v2\/product_cat?post=9634"},{"taxonomy":"product_tag","embeddable":true,"href":"https:\/\/zojopackaging.com\/es\/wp-json\/wp\/v2\/product_tag?post=9634"}],"curies":[{"name":"wp","href":"https:\/\/api.w.org\/{rel}","templated":true}]}}