{"id":9642,"date":"2025-04-03T10:03:17","date_gmt":"2025-04-03T02:03:17","guid":{"rendered":"https:\/\/zojopackaging.com\/?post_type=product&#038;p=9642"},"modified":"2025-04-03T10:27:40","modified_gmt":"2025-04-03T02:27:40","slug":"custom-jewelry-earring-bracelet-necklace-boxes-wholesale","status":"publish","type":"product","link":"https:\/\/zojopackaging.com\/es\/product\/custom-jewelry-earring-bracelet-necklace-boxes-wholesale\/","title":{"rendered":"Joyer\u00eda personalizada Pendiente Pulsera Collar Cajas al por mayor"},"content":{"rendered":"<h2 id=\"-1-innovative-pull-out-design-reshaping-the-sense-of-box-opening-ceremony-\"><strong>1. Innovador dise\u00f1o del papel del caj\u00f3n, remodelando el sentido de la ceremonia de apertura de la caja.<\/strong><\/h2>\n<p>-\u00a0<strong>C\u00f3moda experiencia interactiva<\/strong>: Con la estructura extra\u00edble patentada, los usuarios s\u00f3lo tienen que tirar suavemente de la cinta para sacar sin problemas las joyas (pendientes, pulseras, collares, etc.), evitando la engorrosa operaci\u00f3n de las cajas abatibles tradicionales y aumentando la sensaci\u00f3n de ceremonia y diversi\u00f3n al abrir la caja. -\u00a0<strong>Bandeja interior de dise\u00f1o humanizado<\/strong>: Con bandeja interior deslizante personalizada + almohadilla de franela antiara\u00f1azos, las joyas son m\u00e1s seguras y c\u00f3modas de coger y poner, al tiempo que se garantiza la belleza de la exposici\u00f3n y se mejora la satisfacci\u00f3n del cliente.<\/p>\n<h2 id=\"-2-high-end-craftsmanship-and-environmentally-friendly-materials-interpreting-brand-texture-\"><strong>2. Artesan\u00eda de alta gama y materiales respetuosos con el medio ambiente, interpretando la textura de la marca.<\/strong><\/h2>\n<p>-\u00a0<strong>Tecnolog\u00eda de estampaci\u00f3n en caliente e impresi\u00f3n fina<\/strong>: Soporte de estampaci\u00f3n en caliente \/ plata caliente, UV en relieve y otros procesos, presentar con precisi\u00f3n los logotipos de marca, micro texto y patrones complejos, y cumplir con la \u00faltima b\u00fasqueda de los detalles por las marcas de gama alta. -\u00a0<strong>Impresi\u00f3n en cuatricrom\u00eda + proceso de laminaci\u00f3n<\/strong>: Utilizando la tecnolog\u00eda de impresi\u00f3n en cuatricrom\u00eda Pantone, la tasa de reproducci\u00f3n del color es superior a 98%, con laminado mate\/brillo, resistente a los ara\u00f1azos y al desgaste con tacto de alta gama. -\u00a0<strong>Materiales sostenibles y respetuosos con el medio ambiente<\/strong>:<\/p>\n<ul>\n<li><strong>Caja exterior<\/strong>: Cart\u00f3n duro de 1200 g, resistente a la presi\u00f3n y duradero;<\/li>\n<li><strong>Forro interior<\/strong>: Papel estucado C2S de 157 g, tacto delicado, material reciclable 100%, conforme a las normas medioambientales internacionales.<\/li>\n<\/ul>\n<h2 id=\"-three-deep-brand-customization-unleash-unlimited-creativity-\"><strong>3. Personalizaci\u00f3n profunda de la marca, creatividad sin l\u00edmites<\/strong><\/h2>\n<p>-\u00a0<strong>Personalizaci\u00f3n completa del interior y el exterior<\/strong>: Desde el aspecto visual principal de la caja exterior hasta la disposici\u00f3n de la bandeja interior, admite un dise\u00f1o integral de 360\u00b0 y se adapta con flexibilidad al sistema VI de la marca (color, patr\u00f3n, texto, textura, etc.). -\u00a0<strong>Aplicaci\u00f3n multiescenario<\/strong>: Almacenamiento en capas personalizable para joyas, combinaci\u00f3n de m\u00faltiples especificaciones (caja de regalo individual\/set), para satisfacer las necesidades de m\u00faltiples categor\u00edas como joyas, relojes y art\u00edculos de lujo.<\/p>\n<h2 id=\"-fourth-large-scale-intelligent-manufacturing-to-ensure-efficient-delivery-\"><strong>4. fabricaci\u00f3n inteligente a gran escala para garantizar una entrega eficaz<\/strong><\/h2>\n<p>-\u00a0<strong>Producci\u00f3n totalmente automatizada<\/strong>: Apoy\u00e1ndose en el taller inteligente 5320\u33a1 y en los equipos de impresi\u00f3n alemanes Heidelberg, alcanza una capacidad de producci\u00f3n diaria de m\u00e1s de 100.000 piezas, soportando desde peque\u00f1os pedidos de prueba hasta millones de grandes pedidos. -\u00a0<strong>Control estricto del plazo de entrega y control de calidad<\/strong>: Ciclo de entrega est\u00e1ndar de 15 d\u00edas (7 d\u00edas para pedidos urgentes), inspecci\u00f3n completa de control de calidad, para garantizar el rendimiento del producto \u2265 99,8%, para evitar riesgos en la cadena de suministro.<\/p>\n<h2 id=\"-cooperation-process-\"><strong>Proceso de cooperaci\u00f3n<\/strong><\/h2>\n<ol>\n<li><strong>Comunicaci\u00f3n de la demanda<\/strong>: Proporcione el borrador del dise\u00f1o o pida a nuestro equipo que dise\u00f1e y pruebe gratuitamente;<\/li>\n<li><strong>Confirmaci\u00f3n de material<\/strong>: Seleccione el papel, el proceso y la estructura de la caja;<\/li>\n<li><strong>Revisi\u00f3n de pruebas<\/strong>: Proporcione muestras f\u00edsicas en un plazo de 3 a 5 d\u00edas laborables;<\/li>\n<li><strong>Producci\u00f3n en serie<\/strong>: Producci\u00f3n r\u00e1pida tras la confirmaci\u00f3n, seguimiento log\u00edstico completo.<\/li>\n<\/ol>","protected":false},"excerpt":{"rendered":"<p>Nos centramos en ofrecer soluciones de envasado personalizadas de gama alta para marcas de joyer\u00eda, con un dise\u00f1o innovador, una artesan\u00eda exquisita y una producci\u00f3n eficiente como n\u00facleo, ayud\u00e1ndole a mejorar el valor a\u00f1adido de su producto y la imagen de su marca.<\/p>","protected":false},"featured_media":9643,"template":"","meta":[],"product_brand":[],"product_cat":[30,415,31,426],"product_tag":[275,735,1232],"class_list":{"0":"post-9642","1":"product","2":"type-product","3":"status-publish","4":"has-post-thumbnail","6":"product_cat-by-industry","7":"product_cat-custom-jewelry-boxes-by-industry","8":"product_cat-paper-box-style","9":"product_cat-paper-drawer-boxes","10":"product_tag-custom-gift-boxes","11":"product_tag-custom-jewelry-boxes","12":"product_tag-earring-bracelet-boxes-wholesale","14":"first","15":"instock","16":"shipping-taxable","17":"product-type-grouped"},"_links":{"self":[{"href":"https:\/\/zojopackaging.com\/es\/wp-json\/wp\/v2\/product\/9642","targetHints":{"allow":["GET"]}}],"collection":[{"href":"https:\/\/zojopackaging.com\/es\/wp-json\/wp\/v2\/product"}],"about":[{"href":"https:\/\/zojopackaging.com\/es\/wp-json\/wp\/v2\/types\/product"}],"version-history":[{"count":2,"href":"https:\/\/zojopackaging.com\/es\/wp-json\/wp\/v2\/product\/9642\/revisions"}],"predecessor-version":[{"id":9657,"href":"https:\/\/zojopackaging.com\/es\/wp-json\/wp\/v2\/product\/9642\/revisions\/9657"}],"wp:featuredmedia":[{"embeddable":true,"href":"https:\/\/zojopackaging.com\/es\/wp-json\/wp\/v2\/media\/9643"}],"wp:attachment":[{"href":"https:\/\/zojopackaging.com\/es\/wp-json\/wp\/v2\/media?parent=9642"}],"wp:term":[{"taxonomy":"product_brand","embeddable":true,"href":"https:\/\/zojopackaging.com\/es\/wp-json\/wp\/v2\/product_brand?post=9642"},{"taxonomy":"product_cat","embeddable":true,"href":"https:\/\/zojopackaging.com\/es\/wp-json\/wp\/v2\/product_cat?post=9642"},{"taxonomy":"product_tag","embeddable":true,"href":"https:\/\/zojopackaging.com\/es\/wp-json\/wp\/v2\/product_tag?post=9642"}],"curies":[{"name":"wp","href":"https:\/\/api.w.org\/{rel}","templated":true}]}}