{"id":9650,"date":"2025-04-03T10:13:03","date_gmt":"2025-04-03T02:13:03","guid":{"rendered":"https:\/\/zojopackaging.com\/?post_type=product&#038;p=9650"},"modified":"2025-04-03T10:28:51","modified_gmt":"2025-04-03T02:28:51","slug":"collapsible-rigid-gift-boxes-wholesale-with-magnetic-closure","status":"publish","type":"product","link":"https:\/\/zojopackaging.com\/es\/product\/collapsible-rigid-gift-boxes-wholesale-with-magnetic-closure\/","title":{"rendered":"Cajas de regalo r\u00edgidas plegables al por mayor con cierre magn\u00e9tico"},"content":{"rendered":"<h2 id=\"-i-structural-innovation-magnetic-folding-dual-effect-in-one-\"><strong>1. Innovaci\u00f3n estructural: doble efecto de cierre magn\u00e9tico en una<\/strong><\/h2>\n<ol>\n<li><strong>Sistema inteligente de cierre magn\u00e9tico<\/strong>\u00a0Adopta un dise\u00f1o de circuito magn\u00e9tico cerrado, con una fuerza de adsorci\u00f3n de 3-5N. Se acompa\u00f1a de un n\u00edtido toque de \"clic\" al abrirse y cerrarse, y es f\u00e1cil de accionar con una sola mano, evitando el problema del f\u00e1cil desgaste de las hebillas tradicionales.<\/li>\n<li><strong>Dise\u00f1o plegable<\/strong>\u00a0La estructura plegable de una sola pieza se realiza mediante un preciso proceso de indentaci\u00f3n. Una vez desplegada, forma un hexaedro estable. Puede aplanarse durante el transporte para ahorrar 80% de espacio. El usuario final puede formarlo r\u00e1pidamente en 3 segundos, teniendo en cuenta la protecci\u00f3n del medio ambiente y la eficiencia log\u00edstica.<\/li>\n<\/ol>\n<h2 id=\"-ii-visual-aesthetics-marble-texture-interprets-light-luxury-texture-\"><strong>2. Est\u00e9tica visual: la textura del m\u00e1rmol interpreta la luz textura de lujo<\/strong><\/h2>\n<ol>\n<li><strong>Tecnolog\u00eda de superficie<\/strong><\/li>\n<li>Utilizando la tecnolog\u00eda de transferencia UV de imitaci\u00f3n de m\u00e1rmol importado de Italia, las l\u00edneas de textura son tan naturales como la piedra natural, oro negro \/ blanco gris \/ azul niebla tres colores son opcionales, y el apoyo 1: 1 cliente exclusiva personalizaci\u00f3n textura.<\/li>\n<li>La superficie est\u00e1 cubierta con un revestimiento mate\/brillante de doble efecto, que es delicado y antihuellas, y la dureza Mohs alcanza la resistencia a los ara\u00f1azos 3H.<\/li>\n<li><strong>Adaptaci\u00f3n de escenas<\/strong>\u00a0Aplicable a cosm\u00e9ticos de gama alta (como cajas de regalo de esencias), art\u00edculos de lujo (relojes\/joyas), regalos de empresa (utensilios de vino personalizados) y otras escenas. El dise\u00f1o de la textura se calibra mediante cartas de colores Pantone para garantizar una gran coherencia con el sistema VI de la marca.<\/li>\n<\/ol>\n<h2 id=\"-iii-materials-and-processes-military-grade-quality-control-standards-\"><strong>3. Materiales y procesos: Normas de control de calidad de grado militar<\/strong><\/h2>\n<ol>\n<li><strong>Sustrato compuesto<\/strong><\/li>\n<li>El cuerpo de la caja adopta una estructura compuesta de cart\u00f3n gris de calidad alimentaria de 1,5 mm de grosor + cart\u00f3n holand\u00e9s importado, que puede soportar 5 kg sin deformarse y ha superado la certificaci\u00f3n de prueba de transporte ISTA 3A.<\/li>\n<li>El borde adopta un proceso de pulido biselado a 45\u00b0, y la parte inferior lleva incrustada una almohadilla de silicona antideslizante para garantizar la estabilidad de la pantalla.<\/li>\n<li><strong>Precisi\u00f3n de procesamiento<\/strong>\u00a0Error de corte l\u00e1ser \u22640,2mm, tolerancia de posici\u00f3n de incrustaci\u00f3n del im\u00e1n \u00b10,1mm, con 16 procesos de inspecci\u00f3n de calidad (incluyendo ca\u00edda\/temperatura y ciclo de humedad\/prueba de vida de succi\u00f3n magn\u00e9tica).<\/li>\n<\/ol>\n<h2 id=\"-fourth-enhance-the-sense-of-ceremony-customizable-decoration-system-\"><strong>4. Realce el sentido de la ceremonia: sistema de decoraci\u00f3n personalizable<\/strong><\/h2>\n<ol>\n<li><strong>M\u00f3dulo de decoraci\u00f3n de cintas<\/strong><\/li>\n<li>Cinta de seda est\u00e1ndar de 1,5 cm de ancho, disponible en tres colores: dorado champ\u00e1n cl\u00e1sico\/rojo burdeos\/azul noche, admite la estampaci\u00f3n en caliente del logotipo de la marca o de palabras de bendici\u00f3n.<\/li>\n<li>Hebilla de cinta magn\u00e9tica opcional, realiza la experiencia interactiva de \"un tir\u00f3n para abrir\", y el sentido de la ceremonia de la apertura de la caja se incrementa en 300%.<\/li>\n<li><strong>Forro a medida<\/strong><\/li>\n<li>Adopta un soporte interior compuesto de EVA+terciopelo, admite m\u00faltiples estructuras como pantalla en capas\/acanalada\/suspendida, el \u00edndice de cobertura de la gama de colores RGB alcanza los 98% y admite la correspondencia de colores planos Pantone.<\/li>\n<li>El dise\u00f1o de rejilla oscura se puede incrustar con chip NFC o etiqueta interactiva AR para mejorar la experiencia digital de la marca.<\/li>\n<\/ol>","protected":false},"excerpt":{"rendered":"<p>Atractivo de lujo: La textura del m\u00e1rmol eleva la percepci\u00f3n de la marca al instante<br \/>\nRentabilidad: Los precios a granel reducen los costes por unidad en 30%<br \/>\nDurabilidad: Los bordes reforzados protegen los productos durante el transporte<br \/>\nF\u00e1cil montaje: Pliegues precortados para montar la caja en 60 segundos<\/p>","protected":false},"featured_media":9651,"template":"","meta":[],"product_brand":[],"product_cat":[30,415,428,31],"product_tag":[1233,1235,1234],"class_list":{"0":"post-9650","1":"product","2":"type-product","3":"status-publish","4":"has-post-thumbnail","6":"product_cat-by-industry","7":"product_cat-custom-jewelry-boxes-by-industry","8":"product_cat-irregular-shaped-gift-boxes","9":"product_cat-paper-box-style","10":"product_tag-collapsible-gift-boxes","11":"product_tag-magnetic-closure-gift-boxes","12":"product_tag-rigid-gift-boxes-wholesale","14":"first","15":"instock","16":"shipping-taxable","17":"product-type-grouped"},"_links":{"self":[{"href":"https:\/\/zojopackaging.com\/es\/wp-json\/wp\/v2\/product\/9650","targetHints":{"allow":["GET"]}}],"collection":[{"href":"https:\/\/zojopackaging.com\/es\/wp-json\/wp\/v2\/product"}],"about":[{"href":"https:\/\/zojopackaging.com\/es\/wp-json\/wp\/v2\/types\/product"}],"version-history":[{"count":1,"href":"https:\/\/zojopackaging.com\/es\/wp-json\/wp\/v2\/product\/9650\/revisions"}],"predecessor-version":[{"id":9658,"href":"https:\/\/zojopackaging.com\/es\/wp-json\/wp\/v2\/product\/9650\/revisions\/9658"}],"wp:featuredmedia":[{"embeddable":true,"href":"https:\/\/zojopackaging.com\/es\/wp-json\/wp\/v2\/media\/9651"}],"wp:attachment":[{"href":"https:\/\/zojopackaging.com\/es\/wp-json\/wp\/v2\/media?parent=9650"}],"wp:term":[{"taxonomy":"product_brand","embeddable":true,"href":"https:\/\/zojopackaging.com\/es\/wp-json\/wp\/v2\/product_brand?post=9650"},{"taxonomy":"product_cat","embeddable":true,"href":"https:\/\/zojopackaging.com\/es\/wp-json\/wp\/v2\/product_cat?post=9650"},{"taxonomy":"product_tag","embeddable":true,"href":"https:\/\/zojopackaging.com\/es\/wp-json\/wp\/v2\/product_tag?post=9650"}],"curies":[{"name":"wp","href":"https:\/\/api.w.org\/{rel}","templated":true}]}}