{"id":9659,"date":"2025-04-03T10:29:14","date_gmt":"2025-04-03T02:29:14","guid":{"rendered":"https:\/\/zojopackaging.com\/?post_type=product&#038;p=9659"},"modified":"2025-04-03T10:53:41","modified_gmt":"2025-04-03T02:53:41","slug":"custom-candle-mailing-shipping-packaging-boxes-wholesale","status":"publish","type":"product","link":"https:\/\/zojopackaging.com\/es\/product\/custom-candle-mailing-shipping-packaging-boxes-wholesale\/","title":{"rendered":"Cajas de embalaje para env\u00edos por correo de velas personalizadas al por mayor"},"content":{"rendered":"<h2 id=\"1-corrugated-paper-material-anti-pressure-and-anti-collision-\">1.\u00a0<strong>Material de papel ondulado, antipresi\u00f3n y anticolisi\u00f3n<\/strong><\/h2>\n<p>El material de papel ondulado de alta densidad (como la flauta A, la flauta B o la combinaci\u00f3n de flautas EB) se utiliza para dispersar el impacto de la fuerza externa a trav\u00e9s de la estructura de papel de n\u00facleo ondulado.<\/p>\n<h2 id=\"2-innovative-tearable-design-to-enhance-the-unpacking-experience-\">2.\u00a0<strong>Innovador dise\u00f1o desgarrable para mejorar la experiencia de desembalaje<\/strong><\/h2>\n<p>La caja de embalaje adopta un dise\u00f1o de l\u00ednea de rasgado de papel no adhesivo. Los usuarios s\u00f3lo tienen que tirar suavemente de ella para abrirla sin da\u00f1arla, lo que es a la vez respetuoso con el medio ambiente y ceremonial. Este dise\u00f1o es especialmente adecuado para escenarios de comercio electr\u00f3nico, ya que reduce las molestias de que los clientes utilicen herramientas, al tiempo que mejora los puntos de recuerdo de la interacci\u00f3n con la marca. Combinado con el concepto de \"desembalaje 2S\", el proceso se simplifica para hacer del desembalaje una experiencia agradable.<\/p>\n<h2 id=\"3-double-sided-macaron-color-printing-visual-appeal-max-\">3.\u00a0<strong>Impresi\u00f3n en color macaron a doble cara, atractivo visual MAX<\/strong><\/h2>\n<p>El uso de colores macaron de baja saturaci\u00f3n (como verde menta, morado almendra, polvo de niebla de arce), combinado con la tecnolog\u00eda de impresi\u00f3n a doble cara de alta precisi\u00f3n, presenta un efecto visual suave y en capas. La impresi\u00f3n en colores planos y la tecnolog\u00eda de recubrimiento UV garantizan que el dise\u00f1o sea brillante y duradero, adecuado para su exhibici\u00f3n en redes sociales y fuera de l\u00ednea, y mejoran el reconocimiento de la marca.<\/p>\n<h2 id=\"4-in-depth-brand-customization-conveying-a-unique-story-\">4.\u00a0<strong>Personalizaci\u00f3n en profundidad de la marca, transmitiendo una historia \u00fanica<\/strong><\/h2>\n<p>Admite un dise\u00f1o personalizado de proceso completo, desde el tipo de caja (tapa inferior e inferior, caja abatible, caja caj\u00f3n) hasta el patr\u00f3n y el logotipo, que pueden personalizarse. En combinaci\u00f3n con el tono de marca del cliente, el logotipo corporativo y la historia cultural se integran en el envase, por ejemplo mediante estampaci\u00f3n en caliente, textura en relieve o serigraf\u00eda para mostrar una textura de alta gama. Cada caja no es s\u00f3lo un contenedor, sino tambi\u00e9n un portador de la narrativa de la marca.<\/p>\n<h2 id=\"5-flexible-size-and-structure-adaptation-\">5.\u00a0<strong>Adaptaci\u00f3n flexible del tama\u00f1o y la estructura<\/strong><\/h2>\n<p>Seg\u00fan el tama\u00f1o de la vela, la cantidad y los requisitos de exposici\u00f3n, ofrecemos soluciones personalizadas, desde productos individuales hasta combinaciones m\u00faltiples. El revestimiento puede dise\u00f1arse como rejilla enchufable de EVA, tabique ondulado o bandeja de flocado para garantizar la estabilidad del transporte. Admite estructuras creativas, como cajas con formas especiales y cajas con forma de libro, para satisfacer las necesidades de cajas de regalo navide\u00f1as, ediciones limitadas y otros escenarios.<\/p>\n<h2 id=\"6-experienced-design-team-3d-modeling-full-process-support-\">6.\u00a0<strong>Equipo de dise\u00f1o experimentado, modelado en 3D y asistencia en todo el proceso<\/strong><\/h2>\n<p>Equipados con dise\u00f1adores profesionales y equipos de modelado en 3D, desde los bocetos conceptuales hasta la prueba del producto acabado, colaboraci\u00f3n total. Gracias a la tecnolog\u00eda de modelado virtual, los clientes pueden previsualizar el efecto del envase y ajustar los detalles en tiempo real (como la posici\u00f3n de apertura de la ventana o la curvatura de la l\u00ednea de rasgado). Los estuches abarcan aromaterapia de gama alta, regalos navide\u00f1os y otras categor\u00edas para garantizar que el dise\u00f1o sea muy coherente con el producto real.<\/p>\n<h2 id=\"7-scaled-production-and-quality-control-\">7.\u00a0<strong>Producci\u00f3n a escala y control de calidad<\/strong><\/h2>\n<p>La f\u00e1brica cuenta con 16 a\u00f1os de experiencia en la industria de la impresi\u00f3n, y el taller estandarizado de 5.320 metros cuadrados est\u00e1 equipado con troqueladoras totalmente autom\u00e1ticas, l\u00edneas de impresi\u00f3n digital y sistemas de inspecci\u00f3n de calidad. Admite la personalizaci\u00f3n de lotes peque\u00f1os (500 piezas o m\u00e1s) y pedidos de lotes grandes, con ciclos de entrega cortos y un estricto control de calidad (error \u2264 0,2 cm). Gracias a la certificaci\u00f3n ISO y a la selecci\u00f3n de materiales respetuosos con el medio ambiente, garantizamos que el producto cumple las normas de transporte nacionales e internacionales.<\/p>\n<h2 id=\"-applicable-scenarios-and-customer-value-\"><strong>Escenarios aplicables y valor para el cliente<\/strong><\/h2>\n<ul>\n<li><strong>Log\u00edstica de comercio electr\u00f3nico<\/strong>: Estructura resistente a la compresi\u00f3n + dise\u00f1o rasgable, reducen las p\u00e9rdidas por transporte y aumentan la tasa de recompra de los clientes.<\/li>\n<li><strong>Marketing de marca<\/strong>: La combinaci\u00f3n de colores de los macarons y los elementos personalizados atraen a los consumidores j\u00f3venes y contribuyen a su difusi\u00f3n en las redes sociales.<\/li>\n<li><strong>Regalos de gama alta<\/strong>: Tecnolog\u00eda de modelado 3D combinada con estampaci\u00f3n en caliente\/serigraf\u00eda de seda para crear una experiencia unboxing de lujo ligero.<\/li>\n<\/ul>","protected":false},"excerpt":{"rendered":"<p>Eleve la percepci\u00f3n de la marca con envases de calidad de galer\u00eda.<br \/>\nReduce los da\u00f1os durante el transporte gracias a su construcci\u00f3n resistente a los golpes.<br \/>\n\u2728 Agilice los pedidos al por mayor con un dise\u00f1o modular que ahorra espacio.<br \/>\n\u2728 Alinearse con los valores ecol\u00f3gicos utilizando materiales biodegradables.<\/p>","protected":false},"featured_media":9660,"template":"","meta":[],"product_brand":[],"product_cat":[30,416,31,433],"product_tag":[1236,1237,549],"class_list":{"0":"post-9659","1":"product","2":"type-product","3":"status-publish","4":"has-post-thumbnail","6":"product_cat-by-industry","7":"product_cat-custom-candle-boxes","8":"product_cat-paper-box-style","9":"product_cat-shipping-mailer-boxes","10":"product_tag-candle-mailing-boxes","11":"product_tag-candle-shipping-boxes-wholesale","12":"product_tag-custom-candle-boxes","14":"first","15":"instock","16":"shipping-taxable","17":"product-type-grouped"},"_links":{"self":[{"href":"https:\/\/zojopackaging.com\/es\/wp-json\/wp\/v2\/product\/9659","targetHints":{"allow":["GET"]}}],"collection":[{"href":"https:\/\/zojopackaging.com\/es\/wp-json\/wp\/v2\/product"}],"about":[{"href":"https:\/\/zojopackaging.com\/es\/wp-json\/wp\/v2\/types\/product"}],"version-history":[{"count":1,"href":"https:\/\/zojopackaging.com\/es\/wp-json\/wp\/v2\/product\/9659\/revisions"}],"predecessor-version":[{"id":9666,"href":"https:\/\/zojopackaging.com\/es\/wp-json\/wp\/v2\/product\/9659\/revisions\/9666"}],"wp:featuredmedia":[{"embeddable":true,"href":"https:\/\/zojopackaging.com\/es\/wp-json\/wp\/v2\/media\/9660"}],"wp:attachment":[{"href":"https:\/\/zojopackaging.com\/es\/wp-json\/wp\/v2\/media?parent=9659"}],"wp:term":[{"taxonomy":"product_brand","embeddable":true,"href":"https:\/\/zojopackaging.com\/es\/wp-json\/wp\/v2\/product_brand?post=9659"},{"taxonomy":"product_cat","embeddable":true,"href":"https:\/\/zojopackaging.com\/es\/wp-json\/wp\/v2\/product_cat?post=9659"},{"taxonomy":"product_tag","embeddable":true,"href":"https:\/\/zojopackaging.com\/es\/wp-json\/wp\/v2\/product_tag?post=9659"}],"curies":[{"name":"wp","href":"https:\/\/api.w.org\/{rel}","templated":true}]}}