{"id":9667,"date":"2025-04-03T10:53:49","date_gmt":"2025-04-03T02:53:49","guid":{"rendered":"https:\/\/zojopackaging.com\/?post_type=product&#038;p=9667"},"modified":"2025-04-03T11:24:27","modified_gmt":"2025-04-03T03:24:27","slug":"custom-vip-card-credit-shipping-mailer-boxes-wholesale","status":"publish","type":"product","link":"https:\/\/zojopackaging.com\/es\/product\/custom-vip-card-credit-shipping-mailer-boxes-wholesale\/","title":{"rendered":"Personalizado Vip Card Cr\u00e9dito Env\u00edo Mailer Cajas al por mayor"},"content":{"rendered":"<h2 id=\"1-high-strength-corrugated-paper-protection-\">1.\u00a0<strong>Protecci\u00f3n de papel ondulado de alta resistencia<\/strong><\/h2>\n<p>Se adopta la estructura de cart\u00f3n ondulado multicapa. El dise\u00f1o ondulado del n\u00facleo de papel absorbe eficazmente la energ\u00eda del impacto durante el transporte y dispersa la presi\u00f3n externa. Es especialmente adecuado para el transporte de art\u00edculos de gran valor y alta protecci\u00f3n, como tarjetas VIP y productos electr\u00f3nicos fr\u00e1giles. Su resistencia a la compresi\u00f3n puede llegar a ser m\u00e1s de 3 veces superior a la de los cartones ordinarios similares, lo que garantiza que la mercanc\u00eda permanezca intacta durante el apilamiento o los golpes.<\/p>\n<h2 id=\"2-patented-airplane-box-structure-\">2.\u00a0<strong>Estructura de buz\u00f3n patentada<\/strong><\/h2>\n<p>El uso innovador de la tecnolog\u00eda de cierre de leng\u00fceta y el dise\u00f1o de preprensado de pliegues consigue un moldeado r\u00e1pido en 1 segundo, sin necesidad de sellado inferior con cinta, lo que mejora enormemente la eficacia del envasado. Una vez cerrado el cuerpo de la caja, se fija mediante una estructura de autobloqueo, y el lateral no es f\u00e1cil de abrir, lo que evita el inconveniente de la facilidad de aflojamiento del sellado con cinta tradicional, y se ajusta al concepto de protecci\u00f3n medioambiental.<\/p>\n<h2 id=\"3-aesthetic-and-functional-integration-design-\">3.\u00a0<strong>Dise\u00f1o de integraci\u00f3n est\u00e9tica y funcional<\/strong><\/h2>\n<ul>\n<li><strong>Est\u00e9tica visual<\/strong>: El cuerpo de la caja adopta colores claros como color principal (como amarillo crema, azul neblina, blanco avena, etc.), combinados con artesan\u00eda mate y estampaci\u00f3n parcial en caliente\/embellecimiento UV, para crear una imagen de marca de gama alta y elegante, que encaja con el posicionamiento distinguido de los productos de tarjetas VIP.<\/li>\n<li><strong>Adaptabilidad de impresi\u00f3n<\/strong>: Admite la impresi\u00f3n offset a 4 colores, la personalizaci\u00f3n de colores directos, el estampado en relieve y otros procesos, compatible con las necesidades de impresi\u00f3n de elementos m\u00faltiples como LOGO, esl\u00f3ganes de marca, logotipos contra la falsificaci\u00f3n, etc., para satisfacer las necesidades personalizadas de m\u00faltiples campos como las finanzas, los art\u00edculos de lujo y los servicios de afiliaci\u00f3n.<\/li>\n<\/ul>\n<h2 id=\"4-16-years-of-professional-printing-manufacturing-experience-\">4.\u00a0<strong>16 a\u00f1os de experiencia profesional en fabricaci\u00f3n de impresi\u00f3n<\/strong><\/h2>\n<p>La f\u00e1brica est\u00e1 equipada con un moderno centro industrial de 5.000 \u33a1, que incluye equipos de preimpresi\u00f3n y postimpresi\u00f3n, como troqueladoras totalmente autom\u00e1ticas, m\u00e1quinas de impresi\u00f3n offset de alta velocidad y m\u00e1quinas de estampaci\u00f3n en caliente, para garantizar el control de calidad de todo el proceso, desde el dise\u00f1o hasta los productos acabados. Con una capacidad de producci\u00f3n anual de 30 millones de piezas y una producci\u00f3n por lotes flexible con un pedido m\u00ednimo de 500 unidades, ha obtenido la certificaci\u00f3n de gesti\u00f3n de calidad ISO.<\/p>\n<h2 id=\"5-one-stop-packaging-solution-\">5.\u00a0<strong>Soluci\u00f3n integral de envasado<\/strong><\/h2>\n<ul>\n<li><strong>Servicio personalizado<\/strong>: Proporcionamos personalizaci\u00f3n en todas las dimensiones, como el dise\u00f1o de la caja, la selecci\u00f3n de materiales (como papel art\u00edstico de alto gramaje, papel reciclado respetuoso con el medio ambiente), mejoras funcionales (ventana visible, apertura y cierre magn\u00e9ticos), etc., para adaptarnos a los distintos escenarios de la industria.<\/li>\n<li><strong>Apoyo inteligente a la cadena de suministro<\/strong>: Previsualizaci\u00f3n en tiempo real de renderizados en 3D a trav\u00e9s de la plataforma de dise\u00f1o en l\u00ednea, compatibilidad con la carga de archivos y la edici\u00f3n de plantillas, combinada con un servicio de atenci\u00f3n al cliente que responde 24 horas al d\u00eda, 7 d\u00edas a la semana, para lograr una gesti\u00f3n digital completa desde la consulta hasta la entrega.<\/li>\n<\/ul>","protected":false},"excerpt":{"rendered":"<p>\ud83d\udcbc Tama\u00f1o universal apto para tarjetas de cr\u00e9dito, tarjetas regalo y chips RFID.<br \/>\n\ud83c\udfa8 Integraci\u00f3n de logotipos personalizados (&lt;2h de configuraci\u00f3n para clientes habituales)<br \/>\n\u2728 El acabado brillante aumenta el valor percibido en 68% (encuestas a clientes)<br \/>\n\ud83d\udce6 35% montaje m\u00e1s r\u00e1pido frente al embalaje est\u00e1ndar (dise\u00f1o de enclavamiento)<br \/>\n\ud83c\udf0d La construcci\u00f3n sin pl\u00e1sticos del 100% cumple las directivas de sostenibilidad de la UE<\/p>","protected":false},"featured_media":9673,"template":"","meta":[],"product_brand":[],"product_cat":[30,413,31,433],"product_tag":[1239,1240,1238],"class_list":{"0":"post-9667","1":"product","2":"type-product","3":"status-publish","4":"has-post-thumbnail","6":"product_cat-by-industry","7":"product_cat-consumer-electronics-boxes","8":"product_cat-paper-box-style","9":"product_cat-shipping-mailer-boxes","10":"product_tag-custom-vip-credit-boxes","11":"product_tag-vip-card-credit-mailer-boxes","12":"product_tag-vip-card-mailer-boxes","14":"first","15":"instock","16":"shipping-taxable","17":"product-type-grouped"},"_links":{"self":[{"href":"https:\/\/zojopackaging.com\/es\/wp-json\/wp\/v2\/product\/9667","targetHints":{"allow":["GET"]}}],"collection":[{"href":"https:\/\/zojopackaging.com\/es\/wp-json\/wp\/v2\/product"}],"about":[{"href":"https:\/\/zojopackaging.com\/es\/wp-json\/wp\/v2\/types\/product"}],"version-history":[{"count":1,"href":"https:\/\/zojopackaging.com\/es\/wp-json\/wp\/v2\/product\/9667\/revisions"}],"predecessor-version":[{"id":9674,"href":"https:\/\/zojopackaging.com\/es\/wp-json\/wp\/v2\/product\/9667\/revisions\/9674"}],"wp:featuredmedia":[{"embeddable":true,"href":"https:\/\/zojopackaging.com\/es\/wp-json\/wp\/v2\/media\/9673"}],"wp:attachment":[{"href":"https:\/\/zojopackaging.com\/es\/wp-json\/wp\/v2\/media?parent=9667"}],"wp:term":[{"taxonomy":"product_brand","embeddable":true,"href":"https:\/\/zojopackaging.com\/es\/wp-json\/wp\/v2\/product_brand?post=9667"},{"taxonomy":"product_cat","embeddable":true,"href":"https:\/\/zojopackaging.com\/es\/wp-json\/wp\/v2\/product_cat?post=9667"},{"taxonomy":"product_tag","embeddable":true,"href":"https:\/\/zojopackaging.com\/es\/wp-json\/wp\/v2\/product_tag?post=9667"}],"curies":[{"name":"wp","href":"https:\/\/api.w.org\/{rel}","templated":true}]}}