{"id":9675,"date":"2025-04-03T11:25:30","date_gmt":"2025-04-03T03:25:30","guid":{"rendered":"https:\/\/zojopackaging.com\/?post_type=product&#038;p=9675"},"modified":"2025-04-03T12:04:40","modified_gmt":"2025-04-03T04:04:40","slug":"custom-perfume-atomizer-magnetic-closure-gift-boxes-factory","status":"publish","type":"product","link":"https:\/\/zojopackaging.com\/es\/product\/custom-perfume-atomizer-magnetic-closure-gift-boxes-factory\/","title":{"rendered":"Custom Perfume Atomizador Cierre Magn\u00e9tico Cajas de Regalo F\u00e1brica"},"content":{"rendered":"<h2 id=\"1-magnetic-box-design-embedded-magnets-high-end-and-durable\">1. Dise\u00f1o de caja magn\u00e9tica: imanes incrustados, de alta gama y duraderos.<\/h2>\n<p>Se adopta el dise\u00f1o de estructura de im\u00e1n incrustado, y los cierres magn\u00e9ticos est\u00e1n completamente incrustados dentro del cuerpo de la caja para evitar el problema del f\u00e1cil desgaste y los ara\u00f1azos de los imanes expuestos tradicionales. La apertura y el cierre magn\u00e9ticos son suaves y homog\u00e9neos, y queda bien ajustada cuando est\u00e1 cerrada. Con accesorios de metal oscuro, confiere a la caja de embalaje una experiencia visual discreta y lujosa, que encaja con la tonalidad de las marcas de perfumes de gama alta.<\/p>\n<h2 id=\"2-combination-of-dark-green-main-tone-and-natural-aesthetics\">2. Combinaci\u00f3n de tono principal verde oscuro y est\u00e9tica natural<\/h2>\n<ol>\n<li><strong>Color y dise\u00f1o<\/strong>: Con el verde oscuro como color principal, se combina con ilustraciones de flores y frutas tropicales pintadas a mano (como granadas, hibiscos, magnolias, etc.) para aumentar la atracci\u00f3n de los clientes hacia sus productos.<\/li>\n<\/ol>\n<h2 id=\"3-eva-lining-customization-precise-adaptation-zero-space-display\">3. Personalizaci\u00f3n del forro EVA: adaptaci\u00f3n precisa, visualizaci\u00f3n de espacio cero.<\/h2>\n<ol>\n<li><strong>Forro totalmente ajustado<\/strong>: El revestimiento de espuma EVA se moldea con precisi\u00f3n y se personaliza seg\u00fan el tama\u00f1o de los frascos y atomizadores de perfume, con dureza opcional, proporcionando una protecci\u00f3n amortiguadora resistente a los golpes, al tiempo que se consigue un efecto de visualizaci\u00f3n estable de \"espacio cero\".<\/li>\n<li><strong>Disposici\u00f3n multifunci\u00f3n<\/strong>admite el dise\u00f1o en capas y en cuadr\u00edcula, puede incrustar ranuras para tarjetas magn\u00e9ticas, forro de terciopelo y otros accesorios, y es adecuado para necesidades de envasado combinado de varias categor\u00edas, como frascos de perfume, atomizadores e instrucciones.<\/li>\n<\/ol>\n<h2 id=\"iv-material-and-printing-process-double-guarantee-of-quality-and-beauty\">4. Material y proceso de impresi\u00f3n: doble garant\u00eda de calidad y belleza.<\/h2>\n<ol>\n<li><strong>Material del n\u00facleo<\/strong>: La caja exterior est\u00e1 hecha de papel art\u00edstico estucado C2S de 157 g con pel\u00edcula mate, y est\u00e1 formada con cart\u00f3n encolado de 1200 g para garantizar que el cuerpo de la caja sea n\u00edtido, resistente al desgaste y delicado al tacto.<\/li>\n<li><strong>Impresi\u00f3n en cuatricrom\u00eda<\/strong>: La restauraci\u00f3n del color de alta precisi\u00f3n se consigue mediante la cuatricrom\u00eda Heidelberg Speedmaster CS92, a la que se superponen procesos locales de UV, estampaci\u00f3n en caliente y otros para realzar el sentido tridimensional del motivo y el lujo del envase.<\/li>\n<\/ol>\n<h2 id=\"v-all-round-customization-service-one-stop-solution-from-design-to-production\">5. Servicio integral de personalizaci\u00f3n: soluci\u00f3n integral desde el dise\u00f1o hasta la producci\u00f3n.<\/h2>\n<ol>\n<li><strong>Personalizaci\u00f3n flexible<\/strong>permite la personalizaci\u00f3n completa del tama\u00f1o de la caja de regalo, la estructura (tapa\/caja en forma de libro\/caja de cajones), el dise\u00f1o del forro, los accesorios (cinta\/tarjeta de felicitaci\u00f3n), etc., para satisfacer necesidades especiales como la marca compartida y las ediciones limitadas de vacaciones.<\/li>\n<li><strong>Apoyo profesional al dise\u00f1o<\/strong>: El equipo ofrece servicios de comunicaci\u00f3n personalizados y realiza un seguimiento desde el modelado en 3D y las pruebas hasta la producci\u00f3n en serie para garantizar que el proyecto de dise\u00f1o 100% restablezca la creatividad del cliente.<\/li>\n<\/ol>\n<h2 id=\"vi-production-strength-16-years-of-experience-and-cutting-edge-equipment\">6. Fuerza de producci\u00f3n: 16 a\u00f1os de experiencia y equipos de vanguardia<\/h2>\n<p>La f\u00e1brica est\u00e1 equipada con equipos importados como la m\u00e1quina de impresi\u00f3n de cinco colores Manroland R700 y la m\u00e1quina de impresi\u00f3n offset UV de 7 colores Heidelberg, que soportan un proceso complejo y una producci\u00f3n eficiente, con una capacidad de producci\u00f3n media diaria de m\u00e1s de 100.000 cajas y una reducci\u00f3n de 30% en el ciclo de entrega. Obtenci\u00f3n de la certificaci\u00f3n del sistema de gesti\u00f3n de calidad ISO para garantizar que la calidad es controlable desde la adquisici\u00f3n de la materia prima hasta la entrega del producto acabado.<\/p>","protected":false},"excerpt":{"rendered":"<ul>\n<li>\u200b<strong>Atractivo de lujo:<\/strong>\u00a0El acabado verde esmeralda con detalles dorados realza el prestigio de la marca.<\/li>\n<li>\u200b<strong>A medida:<\/strong>\u00a0Admite marcas multit\u00e9cnicas (l\u00e1mina, relieve, impresi\u00f3n).<\/li>\n<li>\u200b<strong>Dise\u00f1o protector:<\/strong>\u00a0El revestimiento resistente a los ara\u00f1azos protege el contenido durante el transporte.<\/li>\n<li>\u200b<strong>Escalable:<\/strong>\u00a0Cantidad m\u00ednima m\u00ednima y descuentos por volumen para nuevas empresas.<\/li>\n<li>\u200b<strong>Conciencia ecol\u00f3gica:<\/strong>\u00a0Los materiales reciclables se ajustan a las tendencias de sostenibilidad.<\/li>\n<\/ul>","protected":false},"featured_media":9676,"template":"","meta":[],"product_brand":[],"product_cat":[30,417,424,31],"product_tag":[225,1241,1242],"class_list":{"0":"post-9675","1":"product","2":"type-product","3":"status-publish","4":"has-post-thumbnail","6":"product_cat-by-industry","7":"product_cat-custom-perfume-boxes-by-industry","8":"product_cat-magnetic-closure-boxes","9":"product_cat-paper-box-style","10":"product_tag-custom-perfume-boxes","11":"product_tag-perfume-atomizer-gift-boxes","12":"product_tag-perfume-boxes-factory","14":"first","15":"instock","16":"shipping-taxable","17":"product-type-grouped"},"_links":{"self":[{"href":"https:\/\/zojopackaging.com\/es\/wp-json\/wp\/v2\/product\/9675","targetHints":{"allow":["GET"]}}],"collection":[{"href":"https:\/\/zojopackaging.com\/es\/wp-json\/wp\/v2\/product"}],"about":[{"href":"https:\/\/zojopackaging.com\/es\/wp-json\/wp\/v2\/types\/product"}],"version-history":[{"count":1,"href":"https:\/\/zojopackaging.com\/es\/wp-json\/wp\/v2\/product\/9675\/revisions"}],"predecessor-version":[{"id":9682,"href":"https:\/\/zojopackaging.com\/es\/wp-json\/wp\/v2\/product\/9675\/revisions\/9682"}],"wp:featuredmedia":[{"embeddable":true,"href":"https:\/\/zojopackaging.com\/es\/wp-json\/wp\/v2\/media\/9676"}],"wp:attachment":[{"href":"https:\/\/zojopackaging.com\/es\/wp-json\/wp\/v2\/media?parent=9675"}],"wp:term":[{"taxonomy":"product_brand","embeddable":true,"href":"https:\/\/zojopackaging.com\/es\/wp-json\/wp\/v2\/product_brand?post=9675"},{"taxonomy":"product_cat","embeddable":true,"href":"https:\/\/zojopackaging.com\/es\/wp-json\/wp\/v2\/product_cat?post=9675"},{"taxonomy":"product_tag","embeddable":true,"href":"https:\/\/zojopackaging.com\/es\/wp-json\/wp\/v2\/product_tag?post=9675"}],"curies":[{"name":"wp","href":"https:\/\/api.w.org\/{rel}","templated":true}]}}