{"id":9683,"date":"2025-04-03T11:44:37","date_gmt":"2025-04-03T03:44:37","guid":{"rendered":"https:\/\/zojopackaging.com\/?post_type=product&#038;p=9683"},"modified":"2025-04-03T12:10:36","modified_gmt":"2025-04-03T04:10:36","slug":"custom-printed-fake-false-eyelashes-packaging-mailer-boxes","status":"publish","type":"product","link":"https:\/\/zojopackaging.com\/es\/product\/custom-printed-fake-false-eyelashes-packaging-mailer-boxes\/","title":{"rendered":"Cajas de embalaje para pesta\u00f1as postizas con impresi\u00f3n personalizada"},"content":{"rendered":"<h2 id=\"1-buffering-protection-performance-\">1.\u00a0<strong>Rendimiento de la protecci\u00f3n del b\u00fafer<\/strong><\/h2>\n<p>El material de papel ondulado de alta resistencia se utiliza para absorber la energ\u00eda de impacto del transporte y dispersar el pico de presi\u00f3n a trav\u00e9s de la estructura ondulada multicapa. Los datos de laboratorio muestran que este material puede reducir el \u00edndice de rotura del producto a menos de 0,3% en la prueba de vibraci\u00f3n de transporte simulada, lo que resulta especialmente adecuado para la protecci\u00f3n de las pesta\u00f1as postizas en la log\u00edstica transfronteriza.<\/p>\n<h2 id=\"2-folding-high-efficiency-packaging-system-\">2.\u00a0<strong>Sistema de envasado plegable de alta eficacia<\/strong><\/h2>\n<ul>\n<li>La estructura de hebilla patentada consigue un envasado r\u00e1pido en 3 segundos sin ayuda de cinta ni herramientas, lo que reduce el coste de mano de obra de envasado en 30%<\/li>\n<li>El dise\u00f1o de pre-indentaci\u00f3n del cuerpo de la caja soporta el desmontaje con una sola mano, los consumidores pueden abrirla f\u00e1cilmente y el cuerpo de la caja est\u00e1 95% completo, lo que es conveniente para uso secundario (como almacenar peque\u00f1os cosm\u00e9ticos)<\/li>\n<\/ul>\n<h2 id=\"1-minimalist-aesthetic-style-\">3. <strong>Estilo est\u00e9tico minimalista<\/strong><\/h2>\n<p>Con una base de papel mate blanco puro y un logotipo de la marca grabado con l\u00e1ser en negro, presenta una textura pura \"estilo MUJI\". Se puede utilizar un barnizado UV parcial brillante opcional para formar un foco visual en los lugares de informaci\u00f3n clave, aumentando el reconocimiento del expositor 20%.<\/p>\n<h2 id=\"2-full-link-customization-service-\">4. <strong>Servicio de personalizaci\u00f3n de enlaces completos<\/strong><\/h2>\n<table>\n<thead>\n<tr>\n<th>Dimensi\u00f3n de personalizaci\u00f3n<\/th>\n<th>Ejemplo de soluci\u00f3n opcional<\/th>\n<th>Coincidencia de escenarios de aplicaci\u00f3n<\/th>\n<\/tr>\n<\/thead>\n<tbody>\n<tr>\n<td><strong>Tipo de caja<\/strong><\/td>\n<td>Tipo caj\u00f3n\/caja en forma de libro\/tapa inferior y tapa inferior<\/td>\n<td>Racimo de pesta\u00f1as envase independiente\/estuche de regalo<\/td>\n<\/tr>\n<tr>\n<td><strong>Talla<\/strong><\/td>\n<td>Gradiente de longitud de 5-30 cm Precisi\u00f3n de \u00b10,1 mm<\/td>\n<td>Adecuado para 98% de las l\u00edneas de productos de pesta\u00f1as postizas del mercado<\/td>\n<\/tr>\n<tr>\n<td><strong>Tecnolog\u00eda de superficie<\/strong><\/td>\n<td>Estampaci\u00f3n en caliente\/gofrado\/tinta que cambia de temperatura\/capa interactiva AR<\/td>\n<td>Comercializaci\u00f3n de ediciones limitadas\/trazabilidad contra la falsificaci\u00f3n<\/td>\n<\/tr>\n<tr>\n<td><strong>Materiales respetuosos con el medio ambiente<\/strong><\/td>\n<td>Pulpa certificada FSC\/recubrimiento de PLA degradable<\/td>\n<td>Cumplir la normativa europea sobre envases ecol\u00f3gicos<\/td>\n<\/tr>\n<\/tbody>\n<\/table>\n<h2 id=\"1-flexible-production-system-\">5. <strong>Sistema de producci\u00f3n flexible<\/strong><\/h2>\n<p>Apoy\u00e1ndonos en las ventajas de agrupaci\u00f3n del cintur\u00f3n de la industria de la belleza de Qingdao (Pingdu representa 70% de la producci\u00f3n mundial de pesta\u00f1as), podemos lograr una respuesta r\u00e1pida de \"72 horas de pruebas-15 d\u00edas de producci\u00f3n en masa\". La f\u00e1brica est\u00e1 equipada con troqueladoras totalmente autom\u00e1ticas y m\u00e1quinas de impresi\u00f3n digital, y admite pedidos personalizados con un pedido m\u00ednimo de 500 piezas.<\/p>\n<h2 id=\"2-full-process-quality-control-standards-\">6. <strong>Normas de control de calidad de todo el proceso<\/strong><\/h2>\n<ul>\n<li>Materia prima: se aplican las normas de la industria de envasado de pesta\u00f1as postizas QB\/T 5774-2022 y se supera la prueba de migraci\u00f3n de metales pesados de SGS.<\/li>\n<li>Lado de producci\u00f3n: cada lote se somete a una inspecci\u00f3n aleatoria de la resistencia a la compresi\u00f3n de los bordes (\u22658kN\/m) y de la resistencia al estallido (\u22651.500kPa).<\/li>\n<li>Lado de entrega: adoptar el aislamiento en capas de algod\u00f3n perla + envoltura de pl\u00e1stico a prueba de humedad de embalaje para garantizar la contaminaci\u00f3n cero durante el transporte<\/li>\n<\/ul>\n<h2 id=\"3-value-added-service-module-\">7. <strong>M\u00f3dulo de servicios de valor a\u00f1adido<\/strong><\/h2>\n<ul>\n<li><strong>Consultor\u00eda de dise\u00f1o<\/strong>: Prestaci\u00f3n de 6 grandes servicios de diagn\u00f3stico de marca, como la correspondencia de la carta de colores Pantone y el dise\u00f1o visual del punto de venta.<\/li>\n<li><strong>Almacenamiento y alojamiento<\/strong>: El dep\u00f3sito aduanero de Qingdao apoya las soluciones de comercio electr\u00f3nico transfronterizo \"entrega en una sola pieza<\/li>\n<li><strong>An\u00e1lisis de datos<\/strong>: Bas\u00e1ndose en los datos de iteraci\u00f3n del tipo de caja de los m\u00e1s de 3.000 clientes de belleza atendidos en el pasado, optimice la estructura de costes de envasado.<\/li>\n<\/ul>\n<h2 id=\"-fourth-industry-application-cases-\"><strong>Casos de aplicaci\u00f3n industrial<\/strong><\/h2>\n<ul>\n<li><strong>Una marca japonesa de cosm\u00e9ticos<\/strong>: Usando 5cm\u00d75cm caja de caj\u00f3n + tecnolog\u00eda de alivio de flor de cerezo, combinado con la log\u00edstica de Amazon FBA, la tasa de retorno se redujo a 1.2%<\/li>\n<li><strong>Representante de los productos chinos en el extranjero<\/strong>: Usando la capa AR para realizar \"escanear el c\u00f3digo para ver el tutorial de uso\", la tasa de recompra aument\u00f3 en 18%<\/li>\n<li><strong>Proyecto de iniciativa para la protecci\u00f3n del medio ambiente<\/strong>: Utilizaci\u00f3n de pulpa de bagazo + impresi\u00f3n con tinta de soja, nominado para el Premio Pentawards 2025 al Dise\u00f1o Sostenible<\/li>\n<\/ul>","protected":false},"excerpt":{"rendered":"<p>Soluciones rentables a granel: Optimizadas para grandes pedidos con descuentos escalonados.<br \/>\nElecci\u00f3n ecol\u00f3gica: Los materiales con certificaci\u00f3n FSC est\u00e1n en l\u00ednea con las tendencias de belleza sostenible.<br \/>\nSeguridad a prueba de da\u00f1os: Los bordes ondulados y el dise\u00f1o resistente al aplastamiento garantizan una entrega intacta.<br \/>\nEntrega r\u00e1pida: La producci\u00f3n racionalizada responde a las necesidades empresariales urgentes<\/p>","protected":false},"featured_media":9408,"template":"","meta":[],"product_brand":[],"product_cat":[30,390,31,433],"product_tag":[1245,1244,1243],"class_list":{"0":"post-9683","1":"product","2":"type-product","3":"status-publish","4":"has-post-thumbnail","6":"product_cat-by-industry","7":"product_cat-custom-cosmetics-boxes","8":"product_cat-paper-box-style","9":"product_cat-shipping-mailer-boxes","10":"product_tag-custom-eyelashes-boxes","11":"product_tag-eyelashes-packaging-mailer-boxes","12":"product_tag-fake-false-mailer-boxes","14":"first","15":"instock","16":"shipping-taxable","17":"product-type-grouped"},"_links":{"self":[{"href":"https:\/\/zojopackaging.com\/es\/wp-json\/wp\/v2\/product\/9683","targetHints":{"allow":["GET"]}}],"collection":[{"href":"https:\/\/zojopackaging.com\/es\/wp-json\/wp\/v2\/product"}],"about":[{"href":"https:\/\/zojopackaging.com\/es\/wp-json\/wp\/v2\/types\/product"}],"version-history":[{"count":1,"href":"https:\/\/zojopackaging.com\/es\/wp-json\/wp\/v2\/product\/9683\/revisions"}],"predecessor-version":[{"id":9685,"href":"https:\/\/zojopackaging.com\/es\/wp-json\/wp\/v2\/product\/9683\/revisions\/9685"}],"wp:featuredmedia":[{"embeddable":true,"href":"https:\/\/zojopackaging.com\/es\/wp-json\/wp\/v2\/media\/9408"}],"wp:attachment":[{"href":"https:\/\/zojopackaging.com\/es\/wp-json\/wp\/v2\/media?parent=9683"}],"wp:term":[{"taxonomy":"product_brand","embeddable":true,"href":"https:\/\/zojopackaging.com\/es\/wp-json\/wp\/v2\/product_brand?post=9683"},{"taxonomy":"product_cat","embeddable":true,"href":"https:\/\/zojopackaging.com\/es\/wp-json\/wp\/v2\/product_cat?post=9683"},{"taxonomy":"product_tag","embeddable":true,"href":"https:\/\/zojopackaging.com\/es\/wp-json\/wp\/v2\/product_tag?post=9683"}],"curies":[{"name":"wp","href":"https:\/\/api.w.org\/{rel}","templated":true}]}}