{"id":9686,"date":"2025-04-03T12:47:34","date_gmt":"2025-04-03T04:47:34","guid":{"rendered":"https:\/\/zojopackaging.com\/?post_type=product&#038;p=9686"},"modified":"2025-04-03T14:37:27","modified_gmt":"2025-04-03T06:37:27","slug":"high-quality-custom-candle-gift-packaging-boxes-wholesale","status":"publish","type":"product","link":"https:\/\/zojopackaging.com\/es\/product\/high-quality-custom-candle-gift-packaging-boxes-wholesale\/","title":{"rendered":"Cajas de empaquetado de regalo de la vela de la alta calidad de encargo al por mayor"},"content":{"rendered":"<h2 id=\"1-ergonomic-one-handed-opening-and-closing-design-\">1.\u00a0<strong>Dise\u00f1o ergon\u00f3mico de apertura y cierre con una sola mano<\/strong><\/h2>\n<p>Se adopta la estructura de tapa de cierre magn\u00e9tico, y la tapa de la caja y el cuerpo de la caja se acoplan con un molde de precisi\u00f3n para lograr un f\u00e1cil manejo con una sola mano. La succi\u00f3n magn\u00e9tica incorporada se ha probado durante 2.000 veces de apertura y cierre para garantizar una apertura y cierre suaves y sin atascos en escenas de ritmo r\u00e1pido (como promociones en centros comerciales y regalos navide\u00f1os), al tiempo que se mantiene una elegante sensaci\u00f3n de ritual. La forma de la caja hace referencia al principio de bisagra de los joyeros de lujo, y la vida \u00fatil de apertura y cierre es de m\u00e1s de 5 a\u00f1os.<\/p>\n<h2 id=\"2-healing-pink-emotional-management-solution-\">2.\u00a0<strong>Curaci\u00f3n rosa soluci\u00f3n de gesti\u00f3n emocional<\/strong><\/h2>\n<p>El color principal es el rosa, que tiene un efecto significativo en el alivio de la ansiedad. La superficie est\u00e1 recubierta de una pel\u00edcula t\u00e1ctil mate, que simula la delicada textura de la piel y puede activar la secreci\u00f3n de dopamina al tocarla con las yemas de los dedos. El lateral de la caja est\u00e1 decorado con microestampados de nubes auspiciosas, que crean un ritmo visual positivo a trav\u00e9s de los cambios de luz y sombra.<\/p>\n<h2 id=\"3-military-grade-composite-material-structure-\">3.\u00a0<strong>Estructura de material compuesto de calidad militar<\/strong><\/h2>\n<ul>\n<li><strong>Capa exterior<\/strong>: Papel art\u00edstico estucado C2S de 157 g, certificado por la norma ISO 536, \u00edndice de resistencia al rayado de hasta 4H;<\/li>\n<li><strong>Forro interior<\/strong>: Cart\u00f3n r\u00edgido de 1200 g, ca\u00edda desde 1,5 metros sin da\u00f1os tras prueba de impacto de pelota;<\/li>\n<li><strong>Sistema tamp\u00f3n<\/strong>: Se pueden personalizar 3-6 ranuras el\u00e1sticas de TPE para adaptarse a velas columnares\/de forma especial con un di\u00e1metro de 3-15cm<\/li>\n<\/ul>\n<h2 id=\"4-modular-lining-solution-\">4.\u00a0<strong>Soluci\u00f3n de revestimiento modular<\/strong><\/h2>\n<p>Hay tres unidades funcionales disponibles:<\/p>\n<ul>\n<li><strong>Rejilla antivuelco<\/strong>: Revestimiento de EPE con estructura de nido de abeja, cuerpo de la vela fijo a 360\u00b0;<\/li>\n<li><strong>Capa de bloqueo de fragancia<\/strong>: Capa de fibra de carb\u00f3n activado implantada para evitar que se escape la fragancia;<\/li>\n<li><strong>Compartimento para herramientas de emergencia<\/strong>: Caj\u00f3n oculto para guardar los ganchos\/parejas del extintor de velas para mejorar la experiencia de desembalaje.<\/li>\n<\/ul>\n<h2 id=\"5-full-link-customized-printing-service-\">5.\u00a0<strong>Servicio completo de impresi\u00f3n personalizada<\/strong><\/h2>\n<ul>\n<li><strong>Matriz de procesos<\/strong>:<\/li>\n<li>Estampaci\u00f3n en caliente: L\u00e1mina de oro mate\/espejo de precisi\u00f3n de 0,1 mm, 12 colores especiales opcionales, como Forbidden City Cinnabar Gold Tiffany Blue;<\/li>\n<li>Relieve: M\u00e1s de 300 bibliotecas de texturas con derechos de autor (incluidos patrones art\u00edsticos como vides de Mucha\/espirales de Fibonacci);<\/li>\n<li>Relieve UV: Tecnolog\u00eda de relieve tridimensional 3D, diferencia de altura local de 0,5 mm, reconocimiento t\u00e1ctil aumentado en 80%.<\/li>\n<\/ul>\n<h2 id=\"6-carbon-neutral-packaging-system-\">6.\u00a0<strong>Sistema de envasado neutro en carbono<\/strong><\/h2>\n<ul>\n<li>Materiales: Papel certificado FSC + tinta de soja al agua, huella de carbono reducida en 62%;<\/li>\n<li>Estructura: ensamblaje de mortaja y espiga sin cola, desplegar y utilizar sin doblar, tasa de reciclaje de desmontaje 100%;<\/li>\n<li>Log\u00edstica: El algoritmo de IA optimiza el plan de embalaje, la utilizaci\u00f3n del espacio aumenta en 35% y las emisiones de carbono del transporte se reducen en 28%.<\/li>\n<\/ul>\n<h2 id=\"7-smart-manufacturing-4-0-production-standard-\">7.\u00a0<strong>Norma de producci\u00f3n Smart Manufacturing 4.0<\/strong><\/h2>\n<p>Equipamiento:<\/p>\n<ul>\n<li>Impresora UV de ocho colores Heidelberg CX104-8+L (precisi\u00f3n de sobreimpresi\u00f3n de \u00b10,15 mm);<\/li>\n<li>Sistema autom\u00e1tico de inspecci\u00f3n de calidad con brazo robotizado Kuka (120 exploraciones de cajas defectuosas por minuto);<\/li>\n<li>Plataforma de trazabilidad de la producci\u00f3n MES, cada caja de embalaje tiene un ID de blockchain \u00fanico, y los problemas de calidad se rastrean las 24 horas del d\u00eda.<\/li>\n<\/ul>\n<h2 id=\"-business-philosophy-practice-\"><strong>Pr\u00e1ctica de la filosof\u00eda empresarial<\/strong><\/h2>\n<p>Tomamos \"ingenier\u00eda sensorial + dise\u00f1o sostenible\" como doble n\u00facleo, a trav\u00e9s de:<\/p>\n<ul>\n<li><strong>Pensar el liderazgo<\/strong>: Envase evolutivo desarrollado conjuntamente con la Semana del Dise\u00f1o de Mil\u00e1n, la caja puede reorganizarse para convertirse en un candelabro\/joyero;<\/li>\n<li><strong>Acumulaci\u00f3n de tecnolog\u00eda<\/strong>: 27 patentes de envases, incluidas cintas de hilo antibacteriano, papel soporte interactivo AR y otras aplicaciones innovadoras;<\/li>\n<li><strong>Garant\u00eda de servicio<\/strong>: ciclo de pruebas de 72 horas + reserva de capacidad de producci\u00f3n de un mill\u00f3n de niveles, que permite una producci\u00f3n flexible con un pedido m\u00ednimo de 1 pieza.<\/li>\n<\/ul>","protected":false},"excerpt":{"rendered":"<p>\u2728 Dise\u00f1o de contraste premium: el exterior rosa suave y el interior negro intenso amplifican el impacto visual.<br \/>\n\ud83d\udee1\ufe0f Transit-Ready Protection - Su estructura duradera protege las velas de la humedad y los impactos.<br \/>\n\ud83c\udfa8 Flexibilidad de marca: personalice logotipos, colores y tama\u00f1os sin penalizaciones por cantidades m\u00ednimas.<br \/>\n\ud83d\udce6 Eficiencia a granel: el dise\u00f1o en paquete plano reduce dr\u00e1sticamente los costes de almacenamiento y env\u00edo para los mayoristas.<\/p>","protected":false},"featured_media":9688,"template":"","meta":[],"product_brand":[],"product_cat":[30,416,425,31],"product_tag":[898,468,1246],"class_list":{"0":"post-9686","1":"product","2":"type-product","3":"status-publish","4":"has-post-thumbnail","6":"product_cat-by-industry","7":"product_cat-custom-candle-boxes","8":"product_cat-lid-and-base-gift-box","9":"product_cat-paper-box-style","10":"product_tag-candle-packaging-boxes","11":"product_tag-custom-candle-packaging","12":"product_tag-high-quality-candle-gift-boxes","14":"first","15":"instock","16":"shipping-taxable","17":"product-type-grouped"},"_links":{"self":[{"href":"https:\/\/zojopackaging.com\/es\/wp-json\/wp\/v2\/product\/9686","targetHints":{"allow":["GET"]}}],"collection":[{"href":"https:\/\/zojopackaging.com\/es\/wp-json\/wp\/v2\/product"}],"about":[{"href":"https:\/\/zojopackaging.com\/es\/wp-json\/wp\/v2\/types\/product"}],"version-history":[{"count":1,"href":"https:\/\/zojopackaging.com\/es\/wp-json\/wp\/v2\/product\/9686\/revisions"}],"predecessor-version":[{"id":9694,"href":"https:\/\/zojopackaging.com\/es\/wp-json\/wp\/v2\/product\/9686\/revisions\/9694"}],"wp:featuredmedia":[{"embeddable":true,"href":"https:\/\/zojopackaging.com\/es\/wp-json\/wp\/v2\/media\/9688"}],"wp:attachment":[{"href":"https:\/\/zojopackaging.com\/es\/wp-json\/wp\/v2\/media?parent=9686"}],"wp:term":[{"taxonomy":"product_brand","embeddable":true,"href":"https:\/\/zojopackaging.com\/es\/wp-json\/wp\/v2\/product_brand?post=9686"},{"taxonomy":"product_cat","embeddable":true,"href":"https:\/\/zojopackaging.com\/es\/wp-json\/wp\/v2\/product_cat?post=9686"},{"taxonomy":"product_tag","embeddable":true,"href":"https:\/\/zojopackaging.com\/es\/wp-json\/wp\/v2\/product_tag?post=9686"}],"curies":[{"name":"wp","href":"https:\/\/api.w.org\/{rel}","templated":true}]}}