{"id":9695,"date":"2025-04-03T14:37:50","date_gmt":"2025-04-03T06:37:50","guid":{"rendered":"https:\/\/zojopackaging.com\/?post_type=product&#038;p=9695"},"modified":"2025-04-03T15:04:56","modified_gmt":"2025-04-03T07:04:56","slug":"luxury-custom-printing-round-perfume-paper-tubes-wholesale","status":"publish","type":"product","link":"https:\/\/zojopackaging.com\/es\/product\/luxury-custom-printing-round-perfume-paper-tubes-wholesale\/","title":{"rendered":"Tubos de papel de perfume redondos con impresi\u00f3n personalizada de lujo al por mayor"},"content":{"rendered":"<h2 id=\"product-description-of-luxury-custom-printed-round-perfume-paper-tube\">Tubo de papel redondo para perfume con impresi\u00f3n personalizada de lujo<\/h2>\n<h3 id=\"-1-anti-compression-protection-and-transportation-safety-\"><strong>1. Protecci\u00f3n anticompresi\u00f3n y seguridad en el transporte<\/strong><\/h3>\n<p>Nuestros tubos redondos de papel para perfumes est\u00e1n unidos con adhesivos de calidad industrial para formar una estructura densa. El dise\u00f1o cil\u00edndrico puede dispersar uniformemente las fuerzas externas para evitar deformaciones o da\u00f1os causados por fuerzas locales durante el transporte. Es especialmente adecuado para el transporte a larga distancia de mercanc\u00edas fr\u00e1giles o de gran valor, como aromaterapia, velas y perfumes. Al optimizar el grosor de la pared (personalizable de 0,5 a 3 mm) y el dise\u00f1o del soporte interno, la resistencia a la compresi\u00f3n se incrementa en m\u00e1s de 30%, lo que cumple las normas internacionales de transporte.<\/p>\n<h3 id=\"-2-visual-appeal-and-brand-display-\"><strong>2. Atractivo visual y presentaci\u00f3n de la marca<\/strong><\/h3>\n<p>La forma cil\u00edndrica tridimensional rompe con la monoton\u00eda de los envases cuadrados tradicionales y forma un efecto de exposici\u00f3n de 360\u00b0 sin \u00e1ngulo muerto en el estante, especialmente adecuado para escenas que requieren impacto visual, como art\u00edculos de lujo y regalos navide\u00f1os. Puede combinarse con estampaci\u00f3n en caliente hologr\u00e1fica, UV degradado y otros procesos para presentar un brillo din\u00e1mico bajo luces y sombras que atraiga la atenci\u00f3n de los consumidores. Por ejemplo, el tubo de papel con estampaci\u00f3n en caliente y tem\u00e1tica de cielo estrellado que dise\u00f1amos para una marca de fragancias de gama alta aument\u00f3 el \u00edndice de conversi\u00f3n en estanter\u00eda en 25% durante el periodo de exposici\u00f3n.<\/p>\n<h3 id=\"-3-high-end-craftsmanship-details-\"><strong>3. Detalles artesanales de alta gama<\/strong><\/h3>\n<ul>\n<li><strong>Proceso de estampaci\u00f3n en caliente<\/strong>: Utilizando l\u00e1mina met\u00e1lica resistente a altas temperaturas de la serie Red Sun PT-30, el texto puede presentar una anchura de l\u00ednea m\u00ednima de 0,2 mm, el brillo del metal es superior a 95%, y la adherencia ha superado 100.000 pruebas de fricci\u00f3n.<\/li>\n<li><strong>En relieve y con relieve UV<\/strong>: Admite el estampado en relieve tridimensional (profundidad 0,1-0,5 mm) y el recubrimiento UV parcial, con distintos niveles t\u00e1ctiles. Por ejemplo, el patr\u00f3n de m\u00e1rmol UV + estampado en caliente proceso de combinaci\u00f3n personalizada por una determinada marca, la retroalimentaci\u00f3n t\u00e1ctil mejora la experiencia del usuario punto de memoria.<\/li>\n<li><strong>Precisi\u00f3n de impresi\u00f3n de c\u00edrculo completo<\/strong>: Utilizando la m\u00e1quina de impresi\u00f3n offset Komori de seis colores, el error de sobreimpresi\u00f3n es \u22640,1 mm, lo que garantiza una conexi\u00f3n perfecta de los patrones.<\/li>\n<\/ul>\n<h3 id=\"-4-full-link-customization-service-\"><strong>4. Servicio de personalizaci\u00f3n de enlaces completos<\/strong><\/h3>\n<p>Desde el dise\u00f1o estructural hasta la implantaci\u00f3n de procesos, ofrecemos una soluci\u00f3n integral:<\/p>\n<ul>\n<li><strong>Selecci\u00f3n de materiales<\/strong>Estilo b\u00e1sico (papel kraft\/ cart\u00f3n blanco), estilo ecol\u00f3gico (pasta certificada FSC + tinta al agua), estilo de lujo ligero (flocado\/material compuesto met\u00e1lico)<\/li>\n<li><strong>Ampliaci\u00f3n de funciones<\/strong>: forro de EVA antigolpes incorporado, estructura de n\u00facleo reemplazable, dise\u00f1o de apertura y cierre magn\u00e9ticos<\/li>\n<li><strong>Trazabilidad inteligente<\/strong>implantaci\u00f3n opcional de un chip NFC, escanee el c\u00f3digo para ver la historia del producto y verificar su autenticidad<\/li>\n<\/ul>\n<h3 id=\"-5-professional-team-and-process-guarantee-\"><strong>5. Equipo profesional y garant\u00eda de proceso<\/strong><\/h3>\n<p>Nuestro equipo de dise\u00f1o conoce bien la tendencia de la era 3.0 de los materiales para envases de belleza, y se le da bien combinar s\u00edmbolos culturales (como patrones de tendencias nacionales y geometr\u00eda minimalista) con funcionalidad. Hemos prestado nuestros servicios a marcas l\u00edderes como L'Oreal y Proya:<\/p>\n<ul>\n<li>Cajas de regalo reutilizables (papel reciclado + accesorios de cuero, ciclo de vida 3 veces m\u00e1s largo)<\/li>\n<li>Tubos de papel biodegradables (materiales compuestos de fibra de t\u00e9, que se descomponen de forma natural en 6 meses)<\/li>\n<li>Envase emocional multisensorial (textura mate t\u00e1ctil + microc\u00e1psulas de fragancia)<\/li>\n<\/ul>\n<h3 id=\"-6-production-capacity-and-quality-control-capabilities-\"><strong>6. Capacidad de producci\u00f3n y control de calidad<\/strong><\/h3>\n<p>La f\u00e1brica cuenta con un taller estandarizado de 5.320\u33a1 equipado con:<\/p>\n<ul>\n<li><strong>Equipos de producci\u00f3n<\/strong>L\u00ednea de producci\u00f3n de cart\u00f3n ondulado de siete capas totalmente autom\u00e1tica, m\u00e1quina de impresi\u00f3n offset de cinco colores Roland, unidad inteligente de estampaci\u00f3n en caliente<\/li>\n<li><strong>Sistema de control de calidad<\/strong>Sistema de monitorizaci\u00f3n en l\u00ednea para el seguimiento del contenido de humedad en tiempo real (controlado por debajo de 8%), m\u00e1quina de ensayos de compresi\u00f3n para el muestreo regular (de acuerdo con la norma GB\/T 2284-2015).<\/li>\n<li><strong>Capacidad de entrega<\/strong>: Pedido m\u00ednimo de 500 unidades, entrega en 7-14 d\u00edas, apoyo a la log\u00edstica mundial<\/li>\n<\/ul>","protected":false},"excerpt":{"rendered":"<p>Primera impresi\u00f3n de lujo: El elegante dise\u00f1o en blanco y oro cautiva a los compradores de gama alta.<br \/>\nFlexibilidad de marca: Personalice tama\u00f1os, logotipos y patrones de l\u00e1minas sin esfuerzo.<br \/>\nLa durabilidad se une al estilo: El resistente cart\u00f3n garantiza la protecci\u00f3n sin comprometer la est\u00e9tica.<br \/>\nA granel: Optimizado para la venta rentable al por mayor o en peque\u00f1os lotes exclusivos.<\/p>","protected":false},"featured_media":9699,"template":"","meta":[],"product_brand":[],"product_cat":[30,417,31,429],"product_tag":[498,521,1247],"class_list":{"0":"post-9695","1":"product","2":"type-product","3":"status-publish","4":"has-post-thumbnail","6":"product_cat-by-industry","7":"product_cat-custom-perfume-boxes-by-industry","8":"product_cat-paper-box-style","9":"product_cat-paper-tube-boxes","10":"product_tag-custom-perfume-packaging","11":"product_tag-perfume-paper-tubes","12":"product_tag-perfume-paper-tubes-wholesale","14":"first","15":"instock","16":"shipping-taxable","17":"product-type-grouped"},"_links":{"self":[{"href":"https:\/\/zojopackaging.com\/es\/wp-json\/wp\/v2\/product\/9695","targetHints":{"allow":["GET"]}}],"collection":[{"href":"https:\/\/zojopackaging.com\/es\/wp-json\/wp\/v2\/product"}],"about":[{"href":"https:\/\/zojopackaging.com\/es\/wp-json\/wp\/v2\/types\/product"}],"version-history":[{"count":1,"href":"https:\/\/zojopackaging.com\/es\/wp-json\/wp\/v2\/product\/9695\/revisions"}],"predecessor-version":[{"id":9702,"href":"https:\/\/zojopackaging.com\/es\/wp-json\/wp\/v2\/product\/9695\/revisions\/9702"}],"wp:featuredmedia":[{"embeddable":true,"href":"https:\/\/zojopackaging.com\/es\/wp-json\/wp\/v2\/media\/9699"}],"wp:attachment":[{"href":"https:\/\/zojopackaging.com\/es\/wp-json\/wp\/v2\/media?parent=9695"}],"wp:term":[{"taxonomy":"product_brand","embeddable":true,"href":"https:\/\/zojopackaging.com\/es\/wp-json\/wp\/v2\/product_brand?post=9695"},{"taxonomy":"product_cat","embeddable":true,"href":"https:\/\/zojopackaging.com\/es\/wp-json\/wp\/v2\/product_cat?post=9695"},{"taxonomy":"product_tag","embeddable":true,"href":"https:\/\/zojopackaging.com\/es\/wp-json\/wp\/v2\/product_tag?post=9695"}],"curies":[{"name":"wp","href":"https:\/\/api.w.org\/{rel}","templated":true}]}}