{"id":9703,"date":"2025-04-03T15:05:10","date_gmt":"2025-04-03T07:05:10","guid":{"rendered":"https:\/\/zojopackaging.com\/?post_type=product&#038;p=9703"},"modified":"2025-04-03T16:07:57","modified_gmt":"2025-04-03T08:07:57","slug":"biodegradable-tea-coffee-paper-packaging-tube-box-wholesale","status":"publish","type":"product","link":"https:\/\/zojopackaging.com\/es\/product\/biodegradable-tea-coffee-paper-packaging-tube-box-wholesale\/","title":{"rendered":"Caja de papel biodegradable para envasar t\u00e9 y caf\u00e9 al por mayor"},"content":{"rendered":"<h2 id=\"-i-innovative-structural-design-upper-and-lower-cover-separated-pressure-resistant-system-\"><strong>1. Dise\u00f1o estructural innovador: cubierta superior e inferior separadas sistema resistente a la presi\u00f3n<\/strong><\/h2>\n<p>Adopte\u00a0<strong>tapa superior e inferior separadas estructura de caja cil\u00edndrica<\/strong>, a trav\u00e9s del dise\u00f1o de optimizaci\u00f3n mec\u00e1nica, dispersar uniformemente el impacto de la fuerza externa durante el transporte, y reducir el riesgo de da\u00f1os por colisi\u00f3n.<\/p>\n<ul>\n<li><strong>Protecci\u00f3n cient\u00edfica<\/strong>: La tapa de la caja y el fondo adoptan un dise\u00f1o encajado a presi\u00f3n, que es adecuado para las necesidades de amortiguaci\u00f3n de productos fr\u00e1giles como el t\u00e9 y el caf\u00e9 en polvo, y la resistencia a la compresi\u00f3n medida se incrementa en m\u00e1s de 40%.<\/li>\n<li><strong>Adaptaci\u00f3n espacial<\/strong>: El tama\u00f1o del di\u00e1metro interior se puede ajustar con precisi\u00f3n en funci\u00f3n de la altura del producto (como la longitud de la bolsa de t\u00e9, el di\u00e1metro de la c\u00e1psula de caf\u00e9), logrando\u00a0<strong>cero relleno de espacio redundante<\/strong>y la capacidad de transporte de una sola caja aumenta en 25%.<\/li>\n<\/ul>\n<h2 id=\"-ii-brand-visual-empowerment-purple-aesthetics-and-international-positioning-\"><strong>2. Potenciaci\u00f3n visual de la marca: est\u00e9tica p\u00farpura y posicionamiento internacional<\/strong><\/h2>\n<p>Promover principalmente\u00a0<strong>Morandi caja violeta cuerpo<\/strong>Integrando la psicolog\u00eda del color y la estrategia de marca:<\/p>\n<ul>\n<li><strong>Valor emocional<\/strong>: Seg\u00fan los estudios de mercado, la p\u00farpura de baja saturaci\u00f3n puede reducir la ansiedad de los consumidores a la hora de tomar decisiones y mejorar la percepci\u00f3n de gama alta de los productos.<\/li>\n<li><strong>Gen internacional<\/strong>: Soporte\u00a0<strong>Impresi\u00f3n de colores planos Pantone<\/strong>\u00a0(como el p\u00farpura lavanda PANTONE 19-3530 TCX), se adaptan a las tendencias est\u00e9ticas de los mercados europeo, americano y asi\u00e1tico, y contribuyen a construir la imagen global de la marca.<\/li>\n<\/ul>\n<h2 id=\"-three-full-dimensional-customization-service-flexible-adaptation-from-materials-to-processes-\"><strong>3. Servicio de personalizaci\u00f3n en todas las dimensiones: adaptaci\u00f3n flexible desde los materiales hasta los procesos.<\/strong><\/h2>\n<p>Como f\u00e1brica de origen en China, proporciona\u00a0<strong>seis m\u00f3dulos b\u00e1sicos de personalizaci\u00f3n<\/strong>:<\/p>\n<ol>\n<li><strong>Personalizaci\u00f3n del tipo de caja<\/strong>: Admite cilindros redondos\/el\u00edpticos\/poligonales de formas especiales, adapt\u00e1ndose a formas de producto diversificadas, como latas de t\u00e9 y caf\u00e9 de goteo.<\/li>\n<li><strong>Mejora del material<\/strong>: Materiales ecol\u00f3gicos opcionales.<\/li>\n<li><strong>Proceso de superficie<\/strong>: Proporcionar 12 soluciones de procesamiento, como relieve en relieve, UV mate y estampaci\u00f3n met\u00e1lica en caliente, para lograr la doble diferenciaci\u00f3n del tacto y la visi\u00f3n.<\/li>\n<li><strong>Ampliaci\u00f3n de funciones<\/strong>: Capa antihumedad de papel de aluminio degradable incorporada, tapa magn\u00e9tica de apertura y cierre y otras configuraciones de valor a\u00f1adido.<\/li>\n<li><strong>Sistema de identificaci\u00f3n de marcas<\/strong>: Admite soluciones de identificaci\u00f3n integradas, como etiquetas de trazabilidad con c\u00f3digo QR, LOGO en relieve y etiquetas de marca desmontables.<\/li>\n<li><strong>Adaptaci\u00f3n inteligente de los almacenes<\/strong>: Personalice las cajas plegables o las estructuras precargadas seg\u00fan los requisitos del canal de comercio electr\u00f3nico\/supermercado para reducir los costes log\u00edsticos en 20%.<\/li>\n<\/ol>\n<h2 id=\"-iv-environmental-commitment-and-quality-assurance-\"><strong>4. Compromiso medioambiental y garant\u00eda de calidad<\/strong><\/h2>\n<ul>\n<li><strong>Certificaci\u00f3n de degradaci\u00f3n<\/strong>: El material ha superado la prueba de degradaci\u00f3n de compost EN13432 y la certificaci\u00f3n de seguridad en contacto con alimentos de la FDA, con una tasa de degradaci\u00f3n de \u226590% (en 180 d\u00edas).<\/li>\n<li><strong>Trazabilidad de la producci\u00f3n<\/strong>: Al utilizar materias primas de desecho agr\u00edcola, como la pulpa\/paja de bamb\u00fa, la huella de carbono es 67% inferior a la de los envases de pl\u00e1stico tradicionales.<\/li>\n<li><strong>Sistema de control de calidad<\/strong>: Equipada con una l\u00ednea de detecci\u00f3n por infrarrojos totalmente autom\u00e1tica, la tasa de defectos se controla por debajo de 0,3%, superando con creces la norma del sector.<\/li>\n<\/ul>\n<h2 id=\"-v-efficient-service-system-rapid-response-from-samples-to-mass-production-\"><strong>5. Sistema de servicio eficiente: Respuesta r\u00e1pida desde las muestras hasta la producci\u00f3n en serie.<\/strong><\/h2>\n<ul>\n<li><strong>Pruebas r\u00e1pidas en 3 d\u00edas<\/strong>: Muestras f\u00edsicas gratuitas 1:1 (incluyendo 3 opciones de material), soporte DHL global entrega en 48 horas.<\/li>\n<li><strong>Sistema inteligente de pedidos<\/strong>: Las herramientas de dise\u00f1o de IA en l\u00ednea previsualizan renderizados 3D en tiempo real y visualizan el seguimiento del progreso de los pedidos (incluida la programaci\u00f3n de la producci\u00f3n y los nodos log\u00edsticos).<\/li>\n<li><strong>Asistencia multiling\u00fce 24 horas al d\u00eda, 7 d\u00edas a la semana<\/strong>: Los equipos de atenci\u00f3n al cliente en chino, ingl\u00e9s, franc\u00e9s y espa\u00f1ol ofrecen sugerencias para optimizar la estructura del embalaje y orientaci\u00f3n para los tr\u00e1mites aduaneros transfronterizos.<\/li>\n<\/ul>\n<h2 id=\"-vi-industry-solution-cases-\"><strong>6. Casos de soluciones industriales<\/strong><\/h2>\n<ul>\n<li><strong>Marca de caf\u00e9s especiales<\/strong>: Caja cil\u00edndrica de fibra de bamb\u00fa de 8 cm de di\u00e1metro personalizada para caf\u00e9 et\u00edope de origen \u00fanico, con impresi\u00f3n UV de ilustraciones pintadas a mano del origen del caf\u00e9, y aumento del precio de venta terminal en 30%.<\/li>\n<li><strong>Empresa de la cadena del t\u00e9<\/strong>: Desarroll\u00f3 una caja exterior apilable de PLA degradable para bolsas de t\u00e9, que reduce el espacio de almacenamiento en 50%, y gan\u00f3 el Premio a la Innovaci\u00f3n en Envases Ecol\u00f3gicos de Asia-Pac\u00edfico 2024.<\/li>\n<\/ul>","protected":false},"excerpt":{"rendered":"<ul>\n<li>\u200b<strong>Marca elegante<\/strong>: Mejore su presencia en las estanter\u00edas con dise\u00f1os minimalistas y personalizables.<\/li>\n<li>\u200b<strong>Protecci\u00f3n Premium<\/strong>: El material de calidad alimentaria garantiza la frescura y seguridad del producto.<\/li>\n<li>\u200b<strong>Rentable<\/strong>: MOQ bajo y descuentos por volumen para nuevas empresas.<\/li>\n<li>\u200b<strong>Colores de tendencia<\/strong>: El rosa suave y la lavanda atraen al p\u00fablico preocupado por la salud.<\/li>\n<li>\u200b<strong>Uso vers\u00e1til<\/strong>: Ideal para t\u00e9s, caf\u00e9s y productos secos artesanales.<\/li>\n<\/ul>","protected":false},"featured_media":9709,"template":"","meta":[],"product_brand":[],"product_cat":[30,422,31,429],"product_tag":[1249,1250,1248],"class_list":{"0":"post-9703","1":"product","2":"type-product","3":"status-publish","4":"has-post-thumbnail","6":"product_cat-by-industry","7":"product_cat-custom-gourmet-boxes-by-industry","8":"product_cat-paper-box-style","9":"product_cat-paper-tube-boxes","10":"product_tag-coffee-packaging-box","11":"product_tag-custom-tea-coffee-box-wholesale","12":"product_tag-tea-paper-tube-packaging","14":"first","15":"instock","16":"shipping-taxable","17":"product-type-grouped"},"_links":{"self":[{"href":"https:\/\/zojopackaging.com\/es\/wp-json\/wp\/v2\/product\/9703","targetHints":{"allow":["GET"]}}],"collection":[{"href":"https:\/\/zojopackaging.com\/es\/wp-json\/wp\/v2\/product"}],"about":[{"href":"https:\/\/zojopackaging.com\/es\/wp-json\/wp\/v2\/types\/product"}],"version-history":[{"count":1,"href":"https:\/\/zojopackaging.com\/es\/wp-json\/wp\/v2\/product\/9703\/revisions"}],"predecessor-version":[{"id":9710,"href":"https:\/\/zojopackaging.com\/es\/wp-json\/wp\/v2\/product\/9703\/revisions\/9710"}],"wp:featuredmedia":[{"embeddable":true,"href":"https:\/\/zojopackaging.com\/es\/wp-json\/wp\/v2\/media\/9709"}],"wp:attachment":[{"href":"https:\/\/zojopackaging.com\/es\/wp-json\/wp\/v2\/media?parent=9703"}],"wp:term":[{"taxonomy":"product_brand","embeddable":true,"href":"https:\/\/zojopackaging.com\/es\/wp-json\/wp\/v2\/product_brand?post=9703"},{"taxonomy":"product_cat","embeddable":true,"href":"https:\/\/zojopackaging.com\/es\/wp-json\/wp\/v2\/product_cat?post=9703"},{"taxonomy":"product_tag","embeddable":true,"href":"https:\/\/zojopackaging.com\/es\/wp-json\/wp\/v2\/product_tag?post=9703"}],"curies":[{"name":"wp","href":"https:\/\/api.w.org\/{rel}","templated":true}]}}